{"id":29,"date":"2012-06-19T13:03:39","date_gmt":"2012-06-19T11:03:39","guid":{"rendered":"http:\/\/www.gender.gov.sk\/en\/?page_id=29"},"modified":"2012-06-19T13:06:09","modified_gmt":"2012-06-19T11:06:09","slug":"contacts","status":"publish","type":"page","link":"https:\/\/www.gender.gov.sk\/en\/contacts\/","title":{"rendered":"Contacts"},"content":{"rendered":"<h4>Ministry of Labour, Social Affairs and the Family of the Slovak Republic<\/h4>\n<p>Spitalska 4 &#8211; 8, 816 43 Bratislava, Slovakia<\/p>\n<p>Phone: +421 2 2046 1812<br \/>\nFax:\u00a0\u00a0\u00a0\u00a0\u00a0\u00a0 +421 2 5292 1271<\/p>\n<p><a href=\"http:\/\/wwww.employment.gov.sk\">http:\/\/wwww.employment.gov.sk<\/a><\/p>\n<p><strong><\/strong>\u00a0<\/p>\n<p><strong>O\u013ega Pietruchov\u00e1,<\/strong> director<br \/>\n<a href=\"mailto:olga.pietruchova@employment.gov.sk\">olga.pietruchova@employment.gov.sk<\/a>,<br \/>\n+ 421 2 2046 1812<\/p>\n<p><strong>Anina Boto\u0161ov\u00e1,<br \/>\n<\/strong><a href=\"mailto:anina.botosova@employment.gov.sk\">anina.botosova@employment.gov.sk<\/a>\u00a0<br \/>\n+421 2 2046 1819<\/p>\n<p><strong>M\u00e1ria Jackov\u00e1<\/strong><br \/>\n<a href=\"mailto:jackova@employment.gov.sk\">jackova@employment.gov.sk<\/a>\u00a0<br \/>\n+ 421 2 1046 1820<\/p>\n<p><strong>Miloslava Jezn\u00e1<\/strong><br \/>\n<a href=\"mailto:miloslava.jezna@employment.gov.sk\">jezna@employment.gov.sk<\/a>\u00a0<br \/>\n+ 421 2 2046 1821<\/p>\n<p><strong>Katar\u00edna Glosov\u00e1<br \/>\n<\/strong><a href=\"mailto:katarina.glosova@employment.gov.sk\">katarina.glosova@employment.gov.sk<\/a>\u00a0<br \/>\n+421 2 2046 1813<\/p>\n<p>\u00a0<strong>Dagmar Litterov\u00e1<br \/>\n<\/strong><a href=\"mailto:dagmar.litterova@employment.gov.sk\">dagmar.litterova@employment.gov.sk<\/a><br \/>\n+421 2 2046\u00a02718<\/p>\n<div>\u00a0<\/div>\n","protected":false},"excerpt":{"rendered":"<p>Ministry of Labour, Social Affairs and the Family of the Slovak Republic Spitalska 4 &#8211; 8, 816 43 Bratislava, Slovakia Phone: +421 2 2046 1812 Fax:\u00a0\u00a0\u00a0\u00a0\u00a0\u00a0 +421 2 5292 1271 http:\/\/wwww.employment.gov.sk \u00a0 O\u013ega Pietruchov\u00e1, director olga.pietruchova@employment.gov.sk, + 421 2 2046 1812 Anina Boto\u0161ov\u00e1, anina.botosova@employment.gov.sk\u00a0 +421 2 2046 1819 M\u00e1ria Jackov\u00e1 jackova@employment.gov.sk\u00a0 + 421 2 1046 &hellip; <\/p>\n<p><a class=\"more-link block-button\" href=\"https:\/\/www.gender.gov.sk\/en\/contacts\/\">Continue reading &raquo;<\/a><\/p>\n","protected":false},"author":2,"featured_media":0,"parent":0,"menu_order":6,"comment_status":"open","ping_status":"open","template":"","meta":[],"_links":{"self":[{"href":"https:\/\/www.gender.gov.sk\/en\/wp-json\/wp\/v2\/pages\/29"}],"collection":[{"href":"https:\/\/www.gender.gov.sk\/en\/wp-json\/wp\/v2\/pages"}],"about":[{"href":"https:\/\/www.gender.gov.sk\/en\/wp-json\/wp\/v2\/types\/page"}],"author":[{"embeddable":true,"href":"https:\/\/www.gender.gov.sk\/en\/wp-json\/wp\/v2\/users\/2"}],"replies":[{"embeddable":true,"href":"https:\/\/www.gender.gov.sk\/en\/wp-json\/wp\/v2\/comments?post=29"}],"version-history":[{"count":3,"href":"https:\/\/www.gender.gov.sk\/en\/wp-json\/wp\/v2\/pages\/29\/revisions"}],"predecessor-version":[{"id":31,"href":"https:\/\/www.gender.gov.sk\/en\/wp-json\/wp\/v2\/pages\/29\/revisions\/31"}],"wp:attachment":[{"href":"https:\/\/www.gender.gov.sk\/en\/wp-json\/wp\/v2\/media?parent=29"}],"curies":[{"name":"wp","href":"https:\/\/api.w.org\/{rel}","templated":true}]}}