{"id":10,"date":"2012-06-27T06:45:54","date_gmt":"2012-06-27T06:45:54","guid":{"rendered":"http:\/\/www.gender.gov.sk\/zastavmenasilie\/?page_id=10"},"modified":"2016-10-20T19:26:24","modified_gmt":"2016-10-20T19:26:24","slug":"dokumenty","status":"publish","type":"page","link":"https:\/\/www.gender.gov.sk\/zastavmenasilie\/informacie\/dokumenty\/","title":{"rendered":"Strat\u00e9gie a spr\u00e1vy"},"content":{"rendered":"<p><a href=\"http:\/\/www.gender.gov.sk\/wp-content\/uploads\/2012\/06\/N%C3%A1rodn%C3%A1_strat%C3%A9gia_n%C3%A1silie.pdf\">N\u00e1rodn\u00e1 strat\u00e9gia na prevenciu a elimin\u00e1ciu n\u00e1silia p\u00e1chan\u00e9ho na \u017een\u00e1ch a v rodin\u00e1ch (2004)<\/a>\u00a0(uznesenie vl\u00e1dy \u010d. 1092\/2004 zo d\u0148a16.11.2004).<\/p>\n<p><strong><a href=\"http:\/\/www.gender.gov.sk\/wp-content\/uploads\/2012\/06\/NAP_n%C3%A1silie_05-08_SK_.pdf\">N\u00e1rodn\u00fd ak\u010dn\u00fd pl\u00e1n na prevenciu a elimin\u00e1ciu n\u00e1silia p\u00e1chan\u00e9ho na \u017een\u00e1ch na roky 2005 \u2013 2008<\/a>\u00a0\/\u00a0\u00a0<a href=\"http:\/\/www.gender.gov.sk\/wp-content\/uploads\/2012\/06\/NAP_n%C3%A1silie_05-08_EN.pdf\">ENG<\/a><\/strong><\/p>\n<p><a href=\"http:\/\/www.gender.gov.sk\/wp-content\/uploads\/2012\/06\/Spr%C3%A1va_o_plnen%C3%AD_NAP_VAW_05-08.pdf\">Spr\u00e1va o plnen\u00ed N\u00e1rodn\u00e9ho ak\u010dn\u00e9ho pl\u00e1nu na prevenciu a elimin\u00e1ciu n\u00e1silia p\u00e1chan\u00e9ho na \u017een\u00e1ch na roky 2005 \u2013 2008\u00a0<\/a>\u00a0\/\u00a0\u00a0<a href=\"http:\/\/www.gender.gov.sk\/wp-content\/uploads\/2012\/06\/Spr%C3%A1va_o_plnen%C3%AD_NAP_VAW_05-08_pr%C3%ADloha_1.pdf\">Pr\u00edloha \u010d.1\u00a0<\/a>\u00a0\/\u00a0<a href=\"http:\/\/www.gender.gov.sk\/wp-content\/uploads\/2012\/06\/Spr%C3%A1va_o_plnen%C3%AD_NAP_VAW_05-08_pr%C3%ADloha_2.pdf\">\u00a0Pr\u00edloha \u010d.2<\/a><\/p>\n<p><strong>2009 \u2013 2012:<\/strong><\/p>\n<p><strong><a href=\"http:\/\/www.gender.gov.sk\/wp-content\/uploads\/2012\/06\/NAP_n%C3%A1silie_09-12_SK_.pdf\">N\u00e1rodn\u00fd ak\u010dn\u00fd pl\u00e1n na prevenciu a elimin\u00e1ciu n\u00e1silia p\u00e1chan\u00e9ho na \u017een\u00e1ch na roky 2009 \u2013 2012<\/a>\u00a0\/\u00a0<a href=\"http:\/\/www.gender.gov.sk\/wp-content\/uploads\/2012\/06\/NAP_n%C3%A1silie_09-12_EN.pdf\">ENG<\/a><\/strong><\/p>\n<p><a href=\"http:\/\/www.gender.gov.sk\/wp-content\/uploads\/2012\/06\/Priebe%C4%BEn%C3%A1_spr%C3%A1va_o_plnen%C3%AD_NAP_n%C3%A1silie_a_aktualiz%C3%A1cia_%C3%BAloh.pdf\">Priebe\u017en\u00e1 spr\u00e1va o plnen\u00ed N\u00e1rodn\u00e9ho ak\u010dn\u00e9ho pl\u00e1nu na prevenciu a elimin\u00e1ciu n\u00e1silia p\u00e1chan\u00e9ho na \u017een\u00e1ch na roky 2009 \u2013 2012 a aktualiz\u00e1cia \u00faloh\u00a0<\/a>&#8211;<a href=\"http:\/\/www.rokovania.sk\/Rokovanie.aspx\/BodRokovaniaDetail?idMaterial=19968\" target=\"_blank\">\u00a0str\u00e1nka materi\u00e1lu z rokovania vl\u00e1dy 6.7.2011<\/a><\/p>\n<p><strong>2014-2020:<\/strong><\/p>\n<p><span style=\"color: #993300\"><strong>N\u00e1rodn\u00fd ak\u010dn\u00fd pl\u00e1n na elimin\u00e1ciu a prevenciu n\u00e1silia na \u017een\u00e1ch na roky 2014-2019<\/strong>\u00a0(<a href=\"http:\/\/www.gender.gov.sk\/wp-content\/uploads\/2012\/06\/NAP_nasilie_print.pdf\" target=\"_blank\"><span style=\"color: #993300\">verzia pre\u00a0tla\u010d)<\/span><\/a><\/span><br \/>\n<span style=\"color: #993300\"> <a href=\"http:\/\/www.rokovania.sk\/Rokovanie.aspx\/BodRokovaniaDetail?idMaterial=23121\" target=\"_blank\"><span style=\"color: #993300\">Kompletn\u00fd materi\u00e1l schv\u00e1len\u00fd vl\u00e1dou SR<\/span><\/a>,<br \/>\n<\/span><span style=\"color: #993300\"><a href=\"http:\/\/www.gender.gov.sk\/wp-content\/uploads\/2012\/06\/NAP_VaW_2014-2019_EN.pdf\"><span style=\"color: #993300\">Anglick\u00e1 verzia NAPu<\/span><\/a><\/span><\/p>\n<p><span style=\"color: #993300\"><a href=\"http:\/\/www.gender.gov.sk\/wp-content\/uploads\/2012\/06\/ODPOCET-NAP-2014_2015-do-vlady.pdf\"><span style=\"color: #993300\"><strong>Vyhodnotenie plnenia NAPu za roky 2014-2015\u00a0<\/strong><\/span><\/a><\/span><\/p>\n<p>&nbsp;<\/p>\n<h4><span style=\"color: #993300\">SPR\u00c1VY<\/span><\/h4>\n<p><strong><a title=\"In\u0161tit\u00fat pre v\u00fdskum pr\u00e1ce a rodiny\" href=\"http:\/\/www.ivpr.gov.sk\/\" target=\"_blank\">In\u0161tit\u00fat pre v\u00fdskum pr\u00e1ce a rodiny<\/a>\u00a0<\/strong>spracoval v r\u00e1mci v\u00fdskumnej \u00falohy tri spr\u00e1vy k problematike n\u00e1silia na \u017een\u00e1ch v SR.<\/p>\n<div>\n<ul>\n<li><strong><a href=\"http:\/\/www.gender.gov.sk\/www.ivpr.gov.sk\/IVPR\/images\/IVPR\/vyskum\/2012\/Holubova\/2261_holubova_sprava.pdf\" target=\"_blank\">Spr\u00e1va o\u00a0n\u00e1sil\u00ed p\u00e1chanom na \u017een\u00e1ch za rok 2011<\/a><\/strong><\/li>\n<\/ul>\n<p>Spr\u00e1va poskytuje \u00fadaje o\u00a0rozsahu n\u00e1silia p\u00e1chan\u00e9ho na \u017een\u00e1ch a\u00a0 zisten\u00fdch vra\u017ed\u00e1ch \u017eien v\u00a0roku 2011. Evidovan\u00e9 pr\u00edpady a\u00a0rie\u0161en\u00e9 pr\u00edpady n\u00e1silia p\u00e1chan\u00e9ho na \u017een\u00e1ch v\u00a0rezortoch pol\u00edcie, prokurat\u00fary,\u00a0s\u00fadnictva,\u00a0zdravotn\u00edctva a\u00a0soci\u00e1lneho syst\u00e9mu indikuj\u00fa efekt\u00edvnos\u0165 nastaven\u00fdch procesov v\u00a0t\u00fdchto rezortoch. Spr\u00e1va mapuje aj \u0161trukt\u00farne ukazovatele \u2013 d\u00f4le\u017eit\u00e9 strategick\u00e9 dokumenty a\u00a0legislat\u00edvne zmeny v\u00a0oblasti n\u00e1silia p\u00e1chan\u00e9ho na \u017een\u00e1ch. Kontextov\u00e9 ukazovatele rodovej rovnosti a soci\u00e1lnej inkl\u00fazie, ako aj spolo\u010denskej an\u00f3mie dop\u013a\u0148aj\u00fa obraz o\u00a0rizikov\u00fdch faktoroch \u00a0v\u00fdskytu n\u00e1silia p\u00e1chan\u00e9ho na \u017een\u00e1ch.<\/p>\n<p><a href=\"http:\/\/www.ivpr.gov.sk\/IVPR\/images\/IVPR\/vyskum\/2012\/Holubova\/2261_holubova_sprava.pdf\">www.ivpr.gov.sk\/IVPR\/images\/IVPR\/vyskum\/2012\/Holubova\/2261_holubova_sprava.pdf<\/a><\/p>\n<p>&nbsp;<\/p>\n<ul>\n<li><strong><a href=\"http:\/\/www.gender.gov.sk\/www.ivpr.gov.sk\/IVPR\/images\/IVPR\/vyskum\/2012\/Holubova\/2261_holubova_monitoring_medii.pdf\" target=\"_blank\">Monitoring m\u00e9di\u00ed a reklamy z h\u013eadiska n\u00e1silia p\u00e1chan\u00e9ho na \u017een\u00e1ch a podpory rodovej rovnosti za rok 2011<\/a><\/strong><\/li>\n<\/ul>\n<p>Spr\u00e1va prin\u00e1\u0161a v\u00fdsledky monitoringu spravodajstva vybran\u00fdch m\u00e9di\u00ed vyu\u017eit\u00edm medzin\u00e1rodnej metodiky Global Media Monitoring Project. \u0160tandardizovan\u00e1 metodika umo\u017e\u0148uje porovnanie medi\u00e1lneho pokrytia a relevancie spr\u00e1v o n\u00e1sil\u00ed p\u00e1chanom na \u017een\u00e1ch, ako aj rodovej prezent\u00e1cie spr\u00e1v spravodajstva v rokoch 2009 \u2013 2011. Spr\u00e1va pon\u00faka aj obsahov\u00fa anal\u00fdzy vypran\u00fdch spr\u00e1v o n\u00e1sil\u00ed p\u00e1chanom na \u017een\u00e1ch a odkr\u00fdva m\u00fdtizuj\u00face a zav\u00e1dzaj\u00face znaky prezent\u00e1cie tejto problematiky. Pr\u00edpadov\u00fd monitoring analyzuje vybran\u00e9 pr\u00edpady medi\u00e1lnych a marketingov\u00fdch komunik\u00e1tov z h\u013eadiska sexualiz\u00e1cie a objektifik\u00e1cie \u017eien \u2013 mechanizmu devalu\u00e1cie \u017eien a udr\u017eiavania rodov\u00fdch stereotypov.<\/p>\n<p><a href=\"http:\/\/www.ivpr.gov.sk\/IVPR\/images\/IVPR\/vyskum\/2012\/Holubova\/2261_holubova_monitoring_medii.pdf\">www.ivpr.gov.sk\/IVPR\/images\/IVPR\/vyskum\/2012\/Holubova\/2261_holubova_monitoring_medii.pdf<\/a><\/p>\n<p>&nbsp;<\/p>\n<ul>\n<li><strong>Monitoring soci\u00e1lnych slu\u017eieb pre \u017eeny za\u017e\u00edvaj\u00face n\u00e1silie a\u00a0ich deti z\u00a0h\u013eadiska eur\u00f3pskych \u0161tandardov<\/strong><\/li>\n<\/ul>\n<p>Spr\u00e1va prin\u00e1\u0161a v\u00fdsledky monitoringu spravodajstva vybran\u00fdch m\u00e9di\u00ed vyu\u017eit\u00edm medzin\u00e1rodnej metodiky Global Media Monitoring Project. \u0160tandardizovan\u00e1 metodika umo\u017e\u0148uje porovnanie medi\u00e1lneho pokrytia a relevancie spr\u00e1v o n\u00e1sil\u00ed p\u00e1chanom na \u017een\u00e1ch, ako aj rodovej prezent\u00e1cie spr\u00e1v spravodajstva v rokoch 2009 \u2013 2011. Spr\u00e1va pon\u00faka aj obsahov\u00fa anal\u00fdzy vypran\u00fdch spr\u00e1v o n\u00e1sil\u00ed p\u00e1chanom na \u017een\u00e1ch a odkr\u00fdva m\u00fdtizuj\u00face a zav\u00e1dzaj\u00face znaky prezent\u00e1cie tejto problematiky. Pr\u00edpadov\u00fd monitoring analyzuje vybran\u00e9 pr\u00edpady medi\u00e1lnych a marketingov\u00fdch komunik\u00e1tov z h\u013eadiska sexualiz\u00e1cie a objektifik\u00e1cie \u017eien \u2013 mechanizmu devalu\u00e1cie \u017eien a udr\u017eiavania rodov\u00fdch stereotypov.<\/p>\n<p>Kv\u00f4li ve\u013ekosti v\u00fdskumnej spr\u00e1vy je rozdelen\u00e1 na\u00a04 s\u00fabory:<\/p>\n<ul>\n<li><a href=\"http:\/\/genderdatabaza.files.wordpress.com\/2013\/01\/monitoring_socialnych_sluzieb_1.pdf\">Monitoring soci\u00e1lnych slu\u017eieb 1: \u00favod, hlavn\u00e9 zistenia a metodika<\/a><\/li>\n<li><a href=\"http:\/\/genderdatabaza.files.wordpress.com\/2013\/01\/monitoring_socialnych_sluzieb_2.pdf\">Monitoring soci\u00e1lnych slu\u017eieb 2: zistenia pod\u013ea V\u00daC<\/a><\/li>\n<li><a href=\"http:\/\/genderdatabaza.files.wordpress.com\/2013\/01\/monitoring_socialnych_sluzieb_3_sk.pdf\">Monitoring soci\u00e1lnych slu\u017eieb 3: s\u00fahrn SK<\/a><\/li>\n<li><a href=\"http:\/\/genderdatabaza.files.wordpress.com\/2013\/01\/monitoring_socialnych_sluzieb_4_prilohy.pdf\">Monitoring soci\u00e1lnych slu\u017eieb 4: pr\u00edlohy<\/a><\/li>\n<\/ul>\n<p>Cel\u00e1 spr\u00e1va:<\/p>\n<p><a href=\"http:\/\/www.ivpr.gov.sk\/IVPR\/images\/IVPR\/vyskum\/2012\/Holubova\/2161_holubova_monitoring_sluzieb.pdf\">www.ivpr.gov.sk\/IVPR\/images\/IVPR\/vyskum\/2012\/Holubova\/2261_holubova_monitoring_sluzieb.pdf<\/a><\/p>\n<p><a href=\"http:\/\/www.ivpr.gov.sk\/IVPR\/images\/IVPR\/vyskum\/2012\/Holubova\/2161_holubova_monitoring_sluzieb.pdf\"><br \/>\n<\/a><\/p>\n<ul>\n<li><strong><a href=\"http:\/\/www.sspr.gov.sk\/IVPR\/images\/IVPR\/vyskum\/2009\/Holubova\/Narodne-ukazovatele.pdf\" target=\"_blank\">N\u00e1rodn\u00e9 indik\u00e1tory n\u00e1silia p\u00e1chan\u00e9ho na \u017een\u00e1ch: N\u00e1vrh s\u00fastavy indik\u00e1torov a premenn\u00fdch z oblasti n\u00e1silia p\u00e1chan\u00e9ho na \u017een\u00e1ch<\/a>\u00a0&#8211;\u00a0<\/strong><a href=\"http:\/\/www.sspr.gov.sk\/IVPR\/images\/IVPR\/vyskum\/2009\/Holubova\/Narodne-ukazovatele.pdf\" target=\"_blank\">Stiahnu\u0165 vo form\u00e1te .pdf<\/a><\/li>\n<li><strong><a href=\"http:\/\/www.sspr.gov.sk\/IVPR\/images\/IVPR\/vyskum\/2008\/Holubova\/Reprezentativny_vyskum_vyskytu_a_skusenosti_zien_s_nasilim_pachanom_na_zenach_%282008%29.pdf\" target=\"_blank\">Reprezentat\u00edvny v\u00fdskum v\u00fdskytu a sk\u00fasenost\u00ed \u017eien s n\u00e1sil\u00edm p\u00e1chanom na \u017een\u00e1ch na Slovensku :<\/a>Representative Research on Prevalence and Experience of Women with Violence against Women (VAW) in Slovakia<\/strong>. Bodn\u00e1rov\u00e1, Bernard\u00edna; Filadelfiov\u00e1, Jarmila; Holubov\u00e1, Barbora,\u00a0In\u0161tit\u00fat pre v\u00fdskum pr\u00e1ce a rodiny, Bratislava, 2008<\/li>\n<li><strong><a title=\"dokument v pdf - otvor\u00ed sa v novom okne\" href=\"http:\/\/www.gender.gov.sk\/wp-content\/uploads\/2012\/08\/Programy_pre_pr%C3%A1cu__s_mu%C4%BEmi_-__p%C3%A1chate%C2%B5mi_n%C3%A1silia_na_%C4%BEen%C3%A1ch_v_partnersk%C3%BDch_vz%C2%BBahoch.pdf\" target=\"_blank\">Programy pre pr\u00e1cu s mu\u017emi \u2013 p\u00e1chate\u013emi n\u00e1silia na \u017een\u00e1ch v partnersk\u00fdch vz\u0165ahoch<\/a><\/strong><strong>\u00a0(2010) .pdf<\/strong><\/li>\n<li><a title=\"spr\u00e1va, \u010das\u0165 1\" href=\"http:\/\/www.gender.gov.sk\/wp-content\/uploads\/2012\/08\/Spr%C3%A1va_o_n%C3%A1sil%C3%AD_p%C3%A1chanom_na_%C4%BEen%C3%A1ch_1_3.pdf\" target=\"_blank\"><strong>Spr\u00e1va o n\u00e1sil\u00ed p\u00e1chanom na \u017een\u00e1ch za rok 2009_1. \u010das\u0165<\/strong><\/a><strong>\u00a0(s.1 \u2013 53) .pdf<\/strong><\/li>\n<li><a title=\"spr\u00e1va, \u010das\u0165 2\" href=\"http:\/\/www.gender.gov.sk\/wp-content\/uploads\/2012\/08\/Spr%C3%A1va_o_n%C3%A1sil%C3%AD_p%C3%A1chanom_na_%C4%BEen%C3%A1ch_2_3.pdf\" target=\"_blank\"><strong>Spr\u00e1va o n\u00e1sil\u00ed p\u00e1chanom na \u017een\u00e1ch za rok 2009_2. \u010das\u0165<\/strong><\/a><strong>\u00a0(s. 54 \u2013 89) .pdf<\/strong><\/li>\n<li><a title=\"spr\u00e1va, \u010das\u0165 3\" href=\"http:\/\/www.gender.gov.sk\/wp-content\/uploads\/2012\/08\/Spr%C3%A1va_o_n%C3%A1sil%C3%AD_p%C3%A1chanom_na_%C4%BEen%C3%A1ch_3_3.pdf\" target=\"_blank\"><strong>Spr\u00e1va o n\u00e1sil\u00ed p\u00e1chanom na \u017een\u00e1ch za rok 2009_3. \u010das\u0165<\/strong><\/a><strong>\u00a0(s. 90 \u2013 92) (2010) .pdf<\/strong><\/li>\n<\/ul>\n<div><\/div>\n<div>\u010eal\u0161ie materi\u00e1ly a spr\u00e1vy:<\/div>\n<ul>\n<li><strong><a title=\"Trval\u00fd odkaz na N\u00e1silie p\u00e1chan\u00e9 na \u017een\u00e1ch ako probl\u00e9m verejnej\u00a0politiky\" href=\"http:\/\/genderdatabaza.wordpress.com\/2005\/06\/30\/nasilie-pachane-na-zenach-ako-problem-verejnej-politiky\/\" rel=\"bookmark\">N\u00e1silie p\u00e1chan\u00e9 na \u017een\u00e1ch ako probl\u00e9m verejnej\u00a0politiky<\/a>.\u00a0<\/strong>Andruchov\u00e1 Jana, Barto\u0148ov\u00e1 Katar\u00edna, Bos\u00e1 Monika, Filadelfiov\u00e1 Jarmila, Magurov\u00e1 Zuzana, Mesochortisov\u00e1 Adriana, In\u0161tit\u00fat pre verejn\u00e9 ot\u00e1zky, Bratislava, 2005. Stiahnu\u0165<strong>\u00a0<\/strong><a href=\"http:\/\/www.ivo.sk\/buxus\/docs\/\/publikacie\/subory\/nasilie_pachane_na_zenach.pdf\">N\u00e1silie p\u00e1chan\u00e9 na \u017een\u00e1ch ako probl\u00e9m verejnej politiky<\/a>\u00a0(PDF form\u00e1t, 1519 KB)<\/li>\n<\/ul>\n<div>\n<p>&nbsp;<\/p>\n<\/div>\n<\/div>\n<p>Na z\u00e1klade \u00falohy z N\u00e1rodn\u00e9ho ak\u010dn\u00e9ho pl\u00e1nu na prevenciu a elimin\u00e1ciu n\u00e1silia p\u00e1chan\u00e9ho na \u017een\u00e1ch na roky 2009 \u2013 2012\u00a0\u00a0<a href=\"http:\/\/www.minv.sk\/?sluzba-kriminalnej-policie-urad-kriminalnej-policie-prezidia-policajneho-zbrou-kopia\">\u00darad krimin\u00e1lnej pol\u00edcie prez\u00eddia Policajn\u00e9ho zboru<\/a>\u00a0vypracoval\u00a0<a title=\"monitorovacia spr\u00e1va v pdf\" href=\"http:\/\/www.gender.gov.sk\/wp-content\/uploads\/2012\/08\/Monitorovacia_spr%C3%A1va_o_stave_vyk%C3%A1zan%C3%AD_zo_spolo%C4%8Dn%C3%A9ho_obydlia_15._12._2008_-_31._3._2010.pdf\" target=\"_blank\">Monitorovaciu spr\u00e1vu o stave vyk\u00e1zan\u00ed zo spolo\u010dn\u00e9ho obydlia 15. 12. 2008 \u2013 31. 3. 2010.<\/a>\u00a0Spr\u00e1va sa via\u017ee k noveliz\u00e1cii Z\u00e1kona o policajnom zbore, ktorou boli roz\u0161\u00edren\u00e9 kompetencie pol\u00edcie o mo\u017enos\u0165 vyk\u00e1zania n\u00e1siln\u00edka zo spolo\u010dn\u00e9ho obydlia na 48 hod\u00edn. Prax uk\u00e1zala, \u017ee v ist\u00fdch pr\u00edpadoch 48 hodinov\u00e1 lehota vyk\u00e1zania n\u00e1siln\u00edka pripadla na v\u00edkendy, sviatky, \u010di dni pracovn\u00e9ho pokoja, v d\u00f4sledku \u010doho obete nemali dostato\u010dn\u00e9 mo\u017enosti in\u0161titucion\u00e1lne rie\u0161i\u0165 svoju situ\u00e1ciu. N\u00e1slednou \u00fapravou z\u00e1kona bolo preto ustanoven\u00e9 preru\u0161enie tejto lehoty po\u010das soboty, nedele a sviatku. V s\u00fa\u010dasnosti sa teda do 48 hodinovej lehoty po\u010d\u00edtaj\u00fa iba pracovn\u00e9 dni a obete a zodpovedn\u00e9 org\u00e1ny maj\u00fa \u0161ir\u0161\u00ed priestor na rie\u0161enie situ\u00e1cie. Z monitorovacej spr\u00e1vy, ktor\u00fa vypracovalo MV SR, vypl\u00fdva pozit\u00edvna sp\u00e4tn\u00e1 v\u00e4zba na spomenut\u00e9 legislat\u00edvne \u00fapravy.<\/p>\n<p>&nbsp;<\/p>\n","protected":false},"excerpt":{"rendered":"<p>N\u00e1rodn\u00e1 strat\u00e9gia na prevenciu a elimin\u00e1ciu n\u00e1silia p\u00e1chan\u00e9ho na \u017een\u00e1ch a v rodin\u00e1ch (2004)\u00a0(uznesenie vl\u00e1dy \u010d. 1092\/2004 zo d\u0148a16.11.2004). N\u00e1rodn\u00fd ak\u010dn\u00fd pl\u00e1n na prevenciu a elimin\u00e1ciu n\u00e1silia p\u00e1chan\u00e9ho na \u017een\u00e1ch na roky 2005 \u2013 2008\u00a0\/\u00a0\u00a0ENG Spr\u00e1va o plnen\u00ed N\u00e1rodn\u00e9ho ak\u010dn\u00e9ho pl\u00e1nu na prevenciu a elimin\u00e1ciu n\u00e1silia p\u00e1chan\u00e9ho na \u017een\u00e1ch na roky 2005 \u2013 2008\u00a0\u00a0\/\u00a0\u00a0Pr\u00edloha \u010d.1\u00a0\u00a0\/\u00a0\u00a0Pr\u00edloha &hellip; <\/p>\n<p><a class=\"more-link block-button\" href=\"https:\/\/www.gender.gov.sk\/zastavmenasilie\/informacie\/dokumenty\/\">\u010c\u00edta\u0165 viac &raquo;<\/a><\/p>\n","protected":false},"author":2,"featured_media":0,"parent":6,"menu_order":2,"comment_status":"closed","ping_status":"closed","template":"","meta":[],"_links":{"self":[{"href":"https:\/\/www.gender.gov.sk\/zastavmenasilie\/wp-json\/wp\/v2\/pages\/10"}],"collection":[{"href":"https:\/\/www.gender.gov.sk\/zastavmenasilie\/wp-json\/wp\/v2\/pages"}],"about":[{"href":"https:\/\/www.gender.gov.sk\/zastavmenasilie\/wp-json\/wp\/v2\/types\/page"}],"author":[{"embeddable":true,"href":"https:\/\/www.gender.gov.sk\/zastavmenasilie\/wp-json\/wp\/v2\/users\/2"}],"replies":[{"embeddable":true,"href":"https:\/\/www.gender.gov.sk\/zastavmenasilie\/wp-json\/wp\/v2\/comments?post=10"}],"version-history":[{"count":11,"href":"https:\/\/www.gender.gov.sk\/zastavmenasilie\/wp-json\/wp\/v2\/pages\/10\/revisions"}],"predecessor-version":[{"id":52,"href":"https:\/\/www.gender.gov.sk\/zastavmenasilie\/wp-json\/wp\/v2\/pages\/10\/revisions\/52"}],"up":[{"embeddable":true,"href":"https:\/\/www.gender.gov.sk\/zastavmenasilie\/wp-json\/wp\/v2\/pages\/6"}],"wp:attachment":[{"href":"https:\/\/www.gender.gov.sk\/zastavmenasilie\/wp-json\/wp\/v2\/media?parent=10"}],"curies":[{"name":"wp","href":"https:\/\/api.w.org\/{rel}","templated":true}]}}