{"id":1092,"date":"2015-04-21T20:34:29","date_gmt":"2015-04-21T20:34:29","guid":{"rendered":"http:\/\/www.gender.gov.sk\/zastavmenasilie\/?page_id=1092"},"modified":"2017-02-23T12:59:45","modified_gmt":"2017-02-23T12:59:45","slug":"monitoring-medii-z-konferencie","status":"publish","type":"page","link":"https:\/\/www.gender.gov.sk\/zastavmenasilie\/kmc\/podujatia-kmc\/otvaracia-konferencia-pre-projekt-koordinacno-metodicke-centrum-pre-rodovo-podmienene-a-domace-nasilie\/monitoring-medii-z-konferencie\/","title":{"rendered":"Monitoring m\u00e9di\u00ed z konferencie"},"content":{"rendered":"<p>BRATISLAVA 14. apr\u00edla (SITA) &#8211; V Bratislave na Kuzm\u00e1nyho ulici vznikne Koordina\u010dno-metodick\u00e9 centrum (KMC) na pomoc t\u00fdran\u00fdm \u017een\u00e1m, fungova\u0165 by mohlo za\u010da\u0165 na prelome apr\u00edla a m\u00e1ja. Pr\u00e1ve dnes sa v Historickej budove NR SR v hlavnom meste kon\u00e1 otv\u00e1racia konferencia k projektu centra pre rodovo podmienen\u00e9 a dom\u00e1ce n\u00e1silie. &#8220;Dne\u0161n\u00e1 konferencia je \u0161tartom syst\u00e9mov\u00fdch rie\u0161en\u00ed, preto\u017ee ot\u00e1zka dom\u00e1ceho n\u00e1silia, pr\u00edpadne t\u00fdrania \u017eien je z h\u013eadiska verejn\u00fdch polit\u00edk aktu\u00e1lna u\u017e od vzniku Slovenska v roku 1993,&#8221; povedal na tla\u010dovej besede v r\u00e1mci konferencie minister pr\u00e1ce J\u00e1n Richter.<br \/>\n<a href=\"http:\/\/agentury.sme.sk\/c\/7750420\/v-bratislave-vznikne-koordinacne-centrum-na-pomoc-tyranym-zenam.html\" target=\"_blank\">http:\/\/agentury.sme.sk\/c\/7750420\/v-bratislave-vznikne-koordinacne-centrum-na-pomoc-tyranym-zenam.html<\/a><\/p>\n<p>Spr\u00e1vy RTVS:\u00a0<a href=\"http:\/\/www.rtvs.sk\/televizia\/archiv\/7600\/63628\" target=\"_blank\">http:\/\/www.rtvs.sk\/televizia\/archiv\/7600\/63628\u00a0<\/a>\/ od 25 min.<\/p>\n<p>&nbsp;<\/p>\n<p>&nbsp;<\/p>\n","protected":false},"excerpt":{"rendered":"<p>BRATISLAVA 14. apr\u00edla (SITA) &#8211; V Bratislave na Kuzm\u00e1nyho ulici vznikne Koordina\u010dno-metodick\u00e9 centrum (KMC) na pomoc t\u00fdran\u00fdm \u017een\u00e1m, fungova\u0165 by mohlo za\u010da\u0165 na prelome apr\u00edla a m\u00e1ja. Pr\u00e1ve dnes sa v Historickej budove NR SR v hlavnom meste kon\u00e1 otv\u00e1racia konferencia k projektu centra pre rodovo podmienen\u00e9 a dom\u00e1ce n\u00e1silie. &#8220;Dne\u0161n\u00e1 konferencia je \u0161tartom syst\u00e9mov\u00fdch &hellip; <\/p>\n<p><a class=\"more-link block-button\" href=\"https:\/\/www.gender.gov.sk\/zastavmenasilie\/kmc\/podujatia-kmc\/otvaracia-konferencia-pre-projekt-koordinacno-metodicke-centrum-pre-rodovo-podmienene-a-domace-nasilie\/monitoring-medii-z-konferencie\/\">\u010c\u00edta\u0165 viac &raquo;<\/a><\/p>\n","protected":false},"author":2,"featured_media":0,"parent":773,"menu_order":2,"comment_status":"closed","ping_status":"open","template":"","meta":[],"_links":{"self":[{"href":"https:\/\/www.gender.gov.sk\/zastavmenasilie\/wp-json\/wp\/v2\/pages\/1092"}],"collection":[{"href":"https:\/\/www.gender.gov.sk\/zastavmenasilie\/wp-json\/wp\/v2\/pages"}],"about":[{"href":"https:\/\/www.gender.gov.sk\/zastavmenasilie\/wp-json\/wp\/v2\/types\/page"}],"author":[{"embeddable":true,"href":"https:\/\/www.gender.gov.sk\/zastavmenasilie\/wp-json\/wp\/v2\/users\/2"}],"replies":[{"embeddable":true,"href":"https:\/\/www.gender.gov.sk\/zastavmenasilie\/wp-json\/wp\/v2\/comments?post=1092"}],"version-history":[{"count":2,"href":"https:\/\/www.gender.gov.sk\/zastavmenasilie\/wp-json\/wp\/v2\/pages\/1092\/revisions"}],"predecessor-version":[{"id":1639,"href":"https:\/\/www.gender.gov.sk\/zastavmenasilie\/wp-json\/wp\/v2\/pages\/1092\/revisions\/1639"}],"up":[{"embeddable":true,"href":"https:\/\/www.gender.gov.sk\/zastavmenasilie\/wp-json\/wp\/v2\/pages\/773"}],"wp:attachment":[{"href":"https:\/\/www.gender.gov.sk\/zastavmenasilie\/wp-json\/wp\/v2\/media?parent=1092"}],"curies":[{"name":"wp","href":"https:\/\/api.w.org\/{rel}","templated":true}]}}