{"id":1120,"date":"2015-10-27T13:50:47","date_gmt":"2015-10-27T13:50:47","guid":{"rendered":"http:\/\/www.gender.gov.sk\/zastavmenasilie\/?page_id=1120"},"modified":"2017-02-23T12:33:24","modified_gmt":"2017-02-23T12:33:24","slug":"vzdelavanie","status":"publish","type":"page","link":"https:\/\/www.gender.gov.sk\/zastavmenasilie\/kmc\/vzdelavanie\/","title":{"rendered":"Odborn\u00e9 vzdel\u00e1vanie"},"content":{"rendered":"<p>Jedn\u00fdm zo \u0161tyroch z\u00e1kladn\u00fdch pilierov ako Istanbulsk\u00e9ho dohovoru, tak aj agendy Koordina\u010dno-metodick\u00e9ho centra pre rodovo podmienen\u00e9 a dom\u00e1ce n\u00e1silie, je vzdel\u00e1vanie relevantn\u00fdch profesi\u00ed zapojen\u00fdch do rie\u0161enia konkr\u00e9tnych pr\u00edpadov n\u00e1silia p\u00e1chan\u00e9ho na \u017een\u00e1ch a dom\u00e1ceho n\u00e1silia, ako aj os\u00f4b pracuj\u00facich v oblasti prevencie alebo zn\u00ed\u017eenia miery v\u00fdskytu n\u00e1silia. S\u00fa to pr\u00e1vo vym\u00e1haj\u00face profesie (pol\u00edcia, prokurat\u00fara a s\u00fady SR) a pom\u00e1haj\u00face profesie (psychol\u00f3gia, soci\u00e1lna pr\u00e1ca a zdravotn\u00edctvo).<\/p>\n<p>V r\u00e1mci aktiv\u00edt zameran\u00fdch na odborn\u00e9 vzdel\u00e1vanie profesi\u00ed m\u00e1 Koordina\u010dno-metodick\u00e9 centrum pre rodovo podmienen\u00e9 a dom\u00e1ce n\u00e1silie dve partnersk\u00e9 organiz\u00e1cie: Radu Eur\u00f3py, ktorej expertky spolupracuj\u00fa na tvorbe tr\u00e9ningov\u00e9 modulu pre pr\u00e1vo vym\u00e1haj\u00face profesie a N\u00f3rske centrum \u0161t\u00fadi\u00ed n\u00e1silia a traumatick\u00e9ho stresu (NKVTS) na prenos sk\u00fasenost\u00ed v oblasti vzdel\u00e1vania pom\u00e1haj\u00facich profesi\u00ed a di\u0161tan\u010dn\u00fdch foriem vzdel\u00e1vania.<\/p>\n<p>Konkr\u00e9tne vzdel\u00e1vacie aktivity KMC n\u00e1jdete na na\u0161ej <a href=\"https:\/\/www.facebook.com\/kmcrpn\/?fref=ts\" target=\"_blank\"> Facebookovej str\u00e1nke<\/a>.<\/p>\n","protected":false},"excerpt":{"rendered":"<p>Jedn\u00fdm zo \u0161tyroch z\u00e1kladn\u00fdch pilierov ako Istanbulsk\u00e9ho dohovoru, tak aj agendy Koordina\u010dno-metodick\u00e9ho centra pre rodovo podmienen\u00e9 a dom\u00e1ce n\u00e1silie, je vzdel\u00e1vanie relevantn\u00fdch profesi\u00ed zapojen\u00fdch do rie\u0161enia konkr\u00e9tnych pr\u00edpadov n\u00e1silia p\u00e1chan\u00e9ho na \u017een\u00e1ch a dom\u00e1ceho n\u00e1silia, ako aj os\u00f4b pracuj\u00facich v oblasti prevencie alebo zn\u00ed\u017eenia miery v\u00fdskytu n\u00e1silia. S\u00fa to pr\u00e1vo vym\u00e1haj\u00face profesie (pol\u00edcia, prokurat\u00fara a &hellip; <\/p>\n<p><a class=\"more-link block-button\" href=\"https:\/\/www.gender.gov.sk\/zastavmenasilie\/kmc\/vzdelavanie\/\">\u010c\u00edta\u0165 viac &raquo;<\/a><\/p>\n","protected":false},"author":2,"featured_media":0,"parent":765,"menu_order":2,"comment_status":"closed","ping_status":"open","template":"","meta":[],"_links":{"self":[{"href":"https:\/\/www.gender.gov.sk\/zastavmenasilie\/wp-json\/wp\/v2\/pages\/1120"}],"collection":[{"href":"https:\/\/www.gender.gov.sk\/zastavmenasilie\/wp-json\/wp\/v2\/pages"}],"about":[{"href":"https:\/\/www.gender.gov.sk\/zastavmenasilie\/wp-json\/wp\/v2\/types\/page"}],"author":[{"embeddable":true,"href":"https:\/\/www.gender.gov.sk\/zastavmenasilie\/wp-json\/wp\/v2\/users\/2"}],"replies":[{"embeddable":true,"href":"https:\/\/www.gender.gov.sk\/zastavmenasilie\/wp-json\/wp\/v2\/comments?post=1120"}],"version-history":[{"count":10,"href":"https:\/\/www.gender.gov.sk\/zastavmenasilie\/wp-json\/wp\/v2\/pages\/1120\/revisions"}],"predecessor-version":[{"id":1387,"href":"https:\/\/www.gender.gov.sk\/zastavmenasilie\/wp-json\/wp\/v2\/pages\/1120\/revisions\/1387"}],"up":[{"embeddable":true,"href":"https:\/\/www.gender.gov.sk\/zastavmenasilie\/wp-json\/wp\/v2\/pages\/765"}],"wp:attachment":[{"href":"https:\/\/www.gender.gov.sk\/zastavmenasilie\/wp-json\/wp\/v2\/media?parent=1120"}],"curies":[{"name":"wp","href":"https:\/\/api.w.org\/{rel}","templated":true}]}}