{"id":1183,"date":"2016-02-10T11:41:57","date_gmt":"2016-02-10T11:41:57","guid":{"rendered":"http:\/\/www.gender.gov.sk\/zastavmenasilie\/?page_id=1183"},"modified":"2017-02-23T12:34:54","modified_gmt":"2017-02-23T12:34:54","slug":"policia","status":"publish","type":"page","link":"https:\/\/www.gender.gov.sk\/zastavmenasilie\/kmc\/vzdelavanie\/policia\/","title":{"rendered":"Poskytovatelia slu\u017eieb"},"content":{"rendered":"<p><strong>Odborn\u00e9 vzdel\u00e1vanie os\u00f4b pracuj\u00facich v poradensk\u00fdch centr\u00e1ch, bezpe\u010dn\u00fdch \u017eensk\u00fdch domoch a kr\u00edzov\u00fdch centr\u00e1ch<\/strong><\/p>\n<p>V oblasti vzdel\u00e1vania os\u00f4b pracuj\u00facich v poradensk\u00fdch centr\u00e1ch, bezpe\u010dn\u00fdch \u017eensk\u00fdch domoch a kr\u00edzov\u00fdch centr\u00e1ch navrhlo Koordina\u010dno metodick\u00e9 centrum pre rodovo podmienen\u00e9 a dom\u00e1ce n\u00e1silie model \u010fal\u0161ieho vzdel\u00e1vania pom\u00e1haj\u00facich profesi\u00ed prostredn\u00edctvom vz\u00e1jomn\u00e9ho u\u010denia sa formou facilitovan\u00fdch workshopov. Cie\u013eom toho vzdel\u00e1vania je \u0161tandardizova\u0165 podporu a ochranu \u017eien za\u017e\u00edvaj\u00facich n\u00e1silie a os\u00f4b za\u017e\u00edvaj\u00facich dom\u00e1ce n\u00e1silie. S ponukou na spolupr\u00e1cu pri zabezpe\u010den\u00ed t\u00fdchto workshopov sme oslovili \u017eensk\u00e9 mimovl\u00e1dne organiz\u00e1cie poskytuj\u00face \u0161pecializovan\u00e9 podporn\u00e9 slu\u017eby pre \u017eeny za\u017e\u00edvaj\u00face n\u00e1silie a ich deti. Tento model vzdel\u00e1vania umo\u017en\u00ed odovzd\u00e1vanie dobrej praxe, overovanie si vlastn\u00fdch postupov, pochopi\u0165 postupy in\u00fdch a prija\u0165 tak\u00e9 rie\u0161enia, ktor\u00e9 najlep\u0161ie zaistia, \u017ee \u017een\u00e1m za\u017e\u00edvaj\u00facim n\u00e1silie bude poskytnut\u00e1 ochrana a podpora zais\u0165uj\u00faca pre ne a ich deti bezpe\u010die, a \u017eeny za\u017e\u00edvaj\u00face n\u00e1silie bude posil\u0148ova\u0165, re\u0161pektova\u0165 a podporova\u0165 ich cestu z n\u00e1silia.<\/p>\n","protected":false},"excerpt":{"rendered":"<p>Odborn\u00e9 vzdel\u00e1vanie os\u00f4b pracuj\u00facich v poradensk\u00fdch centr\u00e1ch, bezpe\u010dn\u00fdch \u017eensk\u00fdch domoch a kr\u00edzov\u00fdch centr\u00e1ch V oblasti vzdel\u00e1vania os\u00f4b pracuj\u00facich v poradensk\u00fdch centr\u00e1ch, bezpe\u010dn\u00fdch \u017eensk\u00fdch domoch a kr\u00edzov\u00fdch centr\u00e1ch navrhlo Koordina\u010dno metodick\u00e9 centrum pre rodovo podmienen\u00e9 a dom\u00e1ce n\u00e1silie model \u010fal\u0161ieho vzdel\u00e1vania pom\u00e1haj\u00facich profesi\u00ed prostredn\u00edctvom vz\u00e1jomn\u00e9ho u\u010denia sa formou facilitovan\u00fdch workshopov. Cie\u013eom toho vzdel\u00e1vania je \u0161tandardizova\u0165 podporu &hellip; <\/p>\n<p><a class=\"more-link block-button\" href=\"https:\/\/www.gender.gov.sk\/zastavmenasilie\/kmc\/vzdelavanie\/policia\/\">\u010c\u00edta\u0165 viac &raquo;<\/a><\/p>\n","protected":false},"author":2,"featured_media":0,"parent":1120,"menu_order":4,"comment_status":"closed","ping_status":"open","template":"","meta":[],"_links":{"self":[{"href":"https:\/\/www.gender.gov.sk\/zastavmenasilie\/wp-json\/wp\/v2\/pages\/1183"}],"collection":[{"href":"https:\/\/www.gender.gov.sk\/zastavmenasilie\/wp-json\/wp\/v2\/pages"}],"about":[{"href":"https:\/\/www.gender.gov.sk\/zastavmenasilie\/wp-json\/wp\/v2\/types\/page"}],"author":[{"embeddable":true,"href":"https:\/\/www.gender.gov.sk\/zastavmenasilie\/wp-json\/wp\/v2\/users\/2"}],"replies":[{"embeddable":true,"href":"https:\/\/www.gender.gov.sk\/zastavmenasilie\/wp-json\/wp\/v2\/comments?post=1183"}],"version-history":[{"count":7,"href":"https:\/\/www.gender.gov.sk\/zastavmenasilie\/wp-json\/wp\/v2\/pages\/1183\/revisions"}],"predecessor-version":[{"id":1581,"href":"https:\/\/www.gender.gov.sk\/zastavmenasilie\/wp-json\/wp\/v2\/pages\/1183\/revisions\/1581"}],"up":[{"embeddable":true,"href":"https:\/\/www.gender.gov.sk\/zastavmenasilie\/wp-json\/wp\/v2\/pages\/1120"}],"wp:attachment":[{"href":"https:\/\/www.gender.gov.sk\/zastavmenasilie\/wp-json\/wp\/v2\/media?parent=1183"}],"curies":[{"name":"wp","href":"https:\/\/api.w.org\/{rel}","templated":true}]}}