{"id":1190,"date":"2016-02-10T11:43:33","date_gmt":"2016-02-10T11:43:33","guid":{"rendered":"http:\/\/www.gender.gov.sk\/zastavmenasilie\/?page_id=1190"},"modified":"2017-02-23T12:31:28","modified_gmt":"2017-02-23T12:31:28","slug":"policia-2","status":"publish","type":"page","link":"https:\/\/www.gender.gov.sk\/zastavmenasilie\/kmc\/vzdelavanie\/policia-2\/","title":{"rendered":"Pol\u00edcia, prokurat\u00fara a s\u00fady SR"},"content":{"rendered":"<p><strong>\u201eFact-findingmission\u201c s expertkami z Rady Eur\u00f3py<\/strong><\/p>\n<p>V r\u00e1mci aktiv\u00edt zameran\u00fdch na odborn\u00e9 vzdel\u00e1vanie pol\u00edcie, prokurat\u00fary a s\u00fadov SR spolupracuje Koordina\u010dno metodick\u00e9 centrum pre rodovo podmienen\u00e9 a dom\u00e1ce n\u00e1silie s partnerskou organiz\u00e1ciou Radou Eur\u00f3py. S cie\u013eom zaisti\u0165 \u010do najpresnej\u0161ie nastavenie obsahu aj foriem vzdel\u00e1vania t\u00fdchto org\u00e1nov sme zorganizovali a zrealizovali stretnutie \u201eFact-findingmission\u201c s expertkami z Rady Eur\u00f3py s tromi cie\u013eov\u00fdmi skupinami: pol\u00edcia, MVO, prokurat\u00fara a s\u00fadnictvo (29.6., 30.6. a 1.7.2015).<\/p>\n<p>Na z\u00e1klade inform\u00e1ci\u00ed zozbieran\u00fdch na stretnutiach vypracovali expertky z RE Manu\u00e1l tr\u00e9ningu pre tr\u00e9nerov\/-ky uveden\u00fdch profesi\u00ed, ktor\u00fd bude vyu\u017eit\u00fd na vytr\u00e9novanie multiplik\u00e1torov a multiplik\u00e1toriek t\u00e9my v danej oblasti.<\/p>\n<p>V d\u0148och 23.-24.6.2016 sa v spolupr\u00e1ci n\u00e1\u0161ho centra a Rady Eur\u00f3py uskuto\u010dnil odborn\u00fd tr\u00e9ning Zvy\u0161ovanie efektivity z\u00e1stupcov just\u00edcie a org\u00e1nov \u010dinn\u00fdch v trestnom konan\u00ed v boji proti n\u00e1siliu p\u00e1chan\u00e9mu na \u017een\u00e1ch a dom\u00e1cemu n\u00e1siliu:\u00a0https:\/\/www.facebook.com\/kmcrpn\/posts\/1206388149395876<\/p>\n","protected":false},"excerpt":{"rendered":"<p>\u201eFact-findingmission\u201c s expertkami z Rady Eur\u00f3py V r\u00e1mci aktiv\u00edt zameran\u00fdch na odborn\u00e9 vzdel\u00e1vanie pol\u00edcie, prokurat\u00fary a s\u00fadov SR spolupracuje Koordina\u010dno metodick\u00e9 centrum pre rodovo podmienen\u00e9 a dom\u00e1ce n\u00e1silie s partnerskou organiz\u00e1ciou Radou Eur\u00f3py. S cie\u013eom zaisti\u0165 \u010do najpresnej\u0161ie nastavenie obsahu aj foriem vzdel\u00e1vania t\u00fdchto org\u00e1nov sme zorganizovali a zrealizovali stretnutie \u201eFact-findingmission\u201c s expertkami z Rady &hellip; <\/p>\n<p><a class=\"more-link block-button\" href=\"https:\/\/www.gender.gov.sk\/zastavmenasilie\/kmc\/vzdelavanie\/policia-2\/\">\u010c\u00edta\u0165 viac &raquo;<\/a><\/p>\n","protected":false},"author":2,"featured_media":0,"parent":1120,"menu_order":1,"comment_status":"closed","ping_status":"open","template":"","meta":[],"_links":{"self":[{"href":"https:\/\/www.gender.gov.sk\/zastavmenasilie\/wp-json\/wp\/v2\/pages\/1190"}],"collection":[{"href":"https:\/\/www.gender.gov.sk\/zastavmenasilie\/wp-json\/wp\/v2\/pages"}],"about":[{"href":"https:\/\/www.gender.gov.sk\/zastavmenasilie\/wp-json\/wp\/v2\/types\/page"}],"author":[{"embeddable":true,"href":"https:\/\/www.gender.gov.sk\/zastavmenasilie\/wp-json\/wp\/v2\/users\/2"}],"replies":[{"embeddable":true,"href":"https:\/\/www.gender.gov.sk\/zastavmenasilie\/wp-json\/wp\/v2\/comments?post=1190"}],"version-history":[{"count":5,"href":"https:\/\/www.gender.gov.sk\/zastavmenasilie\/wp-json\/wp\/v2\/pages\/1190\/revisions"}],"predecessor-version":[{"id":1627,"href":"https:\/\/www.gender.gov.sk\/zastavmenasilie\/wp-json\/wp\/v2\/pages\/1190\/revisions\/1627"}],"up":[{"embeddable":true,"href":"https:\/\/www.gender.gov.sk\/zastavmenasilie\/wp-json\/wp\/v2\/pages\/1120"}],"wp:attachment":[{"href":"https:\/\/www.gender.gov.sk\/zastavmenasilie\/wp-json\/wp\/v2\/media?parent=1190"}],"curies":[{"name":"wp","href":"https:\/\/api.w.org\/{rel}","templated":true}]}}