{"id":1200,"date":"2016-02-10T11:45:58","date_gmt":"2016-02-10T11:45:58","guid":{"rendered":"http:\/\/www.gender.gov.sk\/zastavmenasilie\/?page_id=1200"},"modified":"2017-04-27T12:05:24","modified_gmt":"2017-04-27T12:05:24","slug":"monitoring-a-vyskum","status":"publish","type":"page","link":"https:\/\/www.gender.gov.sk\/zastavmenasilie\/kmc\/monitoring-a-vyskum\/","title":{"rendered":"Monitoring a v\u00fdskum"},"content":{"rendered":"<p>V ostatn\u00fdch rokoch sa v medzin\u00e1rodnej, ale aj n\u00e1rodnej komunite \u010doraz viac pozornosti venuje tvorbe verejnej politiky zalo\u017eenej na faktoch. Tento pr\u00edstup umo\u017e\u0148uje tvorcom verejn\u00fdch polit\u00edk robi\u0165 informovan\u00e9 rozhodnutia o politik\u00e1ch, programoch a projektoch tak, \u017ee dostupn\u00e9 d\u00e1ta a v\u00fdskumy sa dost\u00e1vaj\u00fa do centra tvorby polit\u00edk. Na faktoch zalo\u017een\u00e1 verejn\u00e1 politika by mala vych\u00e1dza\u0165 z poznania re\u00e1lnej situ\u00e1cie, \u010do je mo\u017en\u00e9 dosiahnu\u0165 r\u00f4znymi kvantitat\u00edvnymi a kvalitat\u00edvnymi v\u00fdskumami.<\/p>\n<p>Politiky, ktor\u00e9 vych\u00e1dzaj\u00fa zo zisten\u00fdch faktov, maj\u00fa v\u00e4\u010d\u0161iu \u0161ancu na \u00faspech a adekv\u00e1tnej\u0161ie reaguj\u00fa na probl\u00e9my cie\u013eov\u00fdch skup\u00edn. Podobne je to aj pri sk\u00faman\u00ed u\u017e existuj\u00facich intervenci\u00ed. Zis\u0165ovan\u00edm ich efektivity, adresnosti a met\u00f3d, ktor\u00e9 funguj\u00fa a nefunguj\u00fa, m\u00f4\u017ee prispie\u0165 k skvalitneniu poskytovan\u00fdch slu\u017eieb a ich adresnosti.<\/p>\n<p>V\u00fdskum a tvorba verejn\u00fdch polit\u00edk m\u00f4\u017eu spolupracova\u0165 na r\u00f4znych \u00farovniach a v r\u00f4znych f\u00e1zach cyklu tvorby polit\u00edk. Naj\u010dastej\u0161ie vyu\u017e\u00edvan\u00fdmi s\u00fa:<\/p>\n<ul>\n<li>Vyu\u017e\u00edvanie \u0161tatistick\u00fdch zis\u0165ovan\u00ed na mapovanie v\u00fdskytu r\u00f4znych spolo\u010densk\u00fdch probl\u00e9mov a ich ch\u00e1pania verejnos\u0165ou<\/li>\n<li>Mapovanie existuj\u00facej situ\u00e1cie v poskytovan\u00ed slu\u017eieb, \u010di adresovania konkr\u00e9tneho probl\u00e9mu<\/li>\n<li>\u0160t\u00fadie vplyvov navrhovan\u00fdch a realizovan\u00fdch polit\u00edk<\/li>\n<li>\u0160t\u00fadie efektivity a efekt\u00edvnosti polit\u00edk a intervenci\u00ed<\/li>\n<li>Monitoring a evalu\u00e1cia existuj\u00facich polit\u00edk a programov<\/li>\n<\/ul>\n<p>Na Slovensku ch\u00fdbaj\u00fa d\u00e1ta o viacer\u00fdch oblastiach n\u00e1silia p\u00e1chan\u00e9ho na \u017een\u00e1ch alebo dom\u00e1ceho n\u00e1silia medzi r\u00f4znymi \u010dlenmi dom\u00e1cnosti. M\u00e1lo pozornosti sa tie\u017e venuje vyhodnocovaniu a monitorovaniu existuj\u00facich intervenci\u00ed a fungovania jednotliv\u00fdch profesi\u00ed, ktor\u00e9 by sa mali podie\u013ea\u0165 na rie\u0161en\u00ed probl\u00e9mu rodovo podmienen\u00e9ho n\u00e1silia alebo dom\u00e1ceho n\u00e1silia.<\/p>\n<p>KMC si preto kladie za cie\u013e realizova\u0165 tak\u00e9 v\u00fdskumy, ktor\u00e9 m\u00f4\u017eu napom\u00f4c\u0165 tvorbe kvalitn\u00fdch verejn\u00fdch polit\u00edk v oblasti n\u00e1silia, tlmo\u010di\u0165 ich do pod\u00f4b metod\u00edk a \u0161tandardov, ale aj monitorova\u0165 a hodnoti\u0165 existuj\u00face politiky, slu\u017eby a intervencie a poukazova\u0165 na ich slab\u00e9 a siln\u00e9 str\u00e1nky.<\/p>\n","protected":false},"excerpt":{"rendered":"<p>V ostatn\u00fdch rokoch sa v medzin\u00e1rodnej, ale aj n\u00e1rodnej komunite \u010doraz viac pozornosti venuje tvorbe verejnej politiky zalo\u017eenej na faktoch. Tento pr\u00edstup umo\u017e\u0148uje tvorcom verejn\u00fdch polit\u00edk robi\u0165 informovan\u00e9 rozhodnutia o politik\u00e1ch, programoch a projektoch tak, \u017ee dostupn\u00e9 d\u00e1ta a v\u00fdskumy sa dost\u00e1vaj\u00fa do centra tvorby polit\u00edk. Na faktoch zalo\u017een\u00e1 verejn\u00e1 politika by mala vych\u00e1dza\u0165 z &hellip; <\/p>\n<p><a class=\"more-link block-button\" href=\"https:\/\/www.gender.gov.sk\/zastavmenasilie\/kmc\/monitoring-a-vyskum\/\">\u010c\u00edta\u0165 viac &raquo;<\/a><\/p>\n","protected":false},"author":2,"featured_media":0,"parent":765,"menu_order":3,"comment_status":"closed","ping_status":"open","template":"","meta":[],"_links":{"self":[{"href":"https:\/\/www.gender.gov.sk\/zastavmenasilie\/wp-json\/wp\/v2\/pages\/1200"}],"collection":[{"href":"https:\/\/www.gender.gov.sk\/zastavmenasilie\/wp-json\/wp\/v2\/pages"}],"about":[{"href":"https:\/\/www.gender.gov.sk\/zastavmenasilie\/wp-json\/wp\/v2\/types\/page"}],"author":[{"embeddable":true,"href":"https:\/\/www.gender.gov.sk\/zastavmenasilie\/wp-json\/wp\/v2\/users\/2"}],"replies":[{"embeddable":true,"href":"https:\/\/www.gender.gov.sk\/zastavmenasilie\/wp-json\/wp\/v2\/comments?post=1200"}],"version-history":[{"count":9,"href":"https:\/\/www.gender.gov.sk\/zastavmenasilie\/wp-json\/wp\/v2\/pages\/1200\/revisions"}],"predecessor-version":[{"id":1714,"href":"https:\/\/www.gender.gov.sk\/zastavmenasilie\/wp-json\/wp\/v2\/pages\/1200\/revisions\/1714"}],"up":[{"embeddable":true,"href":"https:\/\/www.gender.gov.sk\/zastavmenasilie\/wp-json\/wp\/v2\/pages\/765"}],"wp:attachment":[{"href":"https:\/\/www.gender.gov.sk\/zastavmenasilie\/wp-json\/wp\/v2\/media?parent=1200"}],"curies":[{"name":"wp","href":"https:\/\/api.w.org\/{rel}","templated":true}]}}