{"id":1202,"date":"2016-02-10T11:47:19","date_gmt":"2016-02-10T11:47:19","guid":{"rendered":"http:\/\/www.gender.gov.sk\/zastavmenasilie\/?page_id=1202"},"modified":"2017-04-27T12:02:25","modified_gmt":"2017-04-27T12:02:25","slug":"vyskumy","status":"publish","type":"page","link":"https:\/\/www.gender.gov.sk\/zastavmenasilie\/kmc\/monitoring-a-vyskum\/vyskumy\/","title":{"rendered":"V\u00fdskumy"},"content":{"rendered":"<h4>Prevalencia a charakter dom\u00e1ceho n\u00e1silia na Slovensku<\/h4>\n<p>Cie\u013eom reprezentat\u00edvneho popula\u010dn\u00e9ho v\u00fdskumu o dom\u00e1com n\u00e1sil\u00ed je zisti\u0165 formy, d\u00f4sledky, typy vz\u0165ahov a s\u00favislost\u00ed, v ktor\u00fdch doch\u00e1dza k dom\u00e1cemu n\u00e1siliu. Na Slovensku sa doteraz venovala pozornos\u0165 najm\u00e4 probl\u00e9mu n\u00e1silia v partnersk\u00fdch vz\u0165ahoch na \u017een\u00e1ch, u\u017e menej n\u00e1siliu medzi in\u00fdmi \u010dlenmi dom\u00e1cnosti ako napr\u00edklad vo vz\u0165ahoch rodi\u010d \u2013 die\u0165a, die\u0165a \u2013 rodi\u010d senior, alebo medzi s\u00farodencami. V\u00fdskum sa preto bude popri sk\u00famaniu partnersk\u00e9ho n\u00e1silia venova\u0165 aj v\u00fdskytu r\u00f4znych foriem n\u00e1silia v t\u00fdchto vz\u0165ahoch, ktor\u00e9 \u013eudia mohli za\u017ei\u0165 v detstve a dospelosti. Je realizovan\u00fd ako reprezentat\u00edvny popula\u010dn\u00fd kvantitat\u00edvny v\u00fdskum na vzorke obyvateliek a obyvate\u013eov Slovenska vo veku 18 \u2013 70 rokov.<\/p>\n<h4>Prevalencia a charakter sexu\u00e1lneho n\u00e1silia p\u00e1chan\u00e9ho na \u017een\u00e1ch<\/h4>\n<p>Hlavnou \u00falohou \u0161pecifick\u00e9ho reprezentat\u00edvneho v\u00fdskumu o sexu\u00e1lnom n\u00e1sil\u00ed na \u017een\u00e1ch je vyplni\u0165 medzery v doteraj\u0161\u00edch poznatkoch o sk\u00fasenostiach slovensk\u00fdch \u017eien so sexu\u00e1lnym n\u00e1sil\u00edm. V\u00fdskum retrospekt\u00edvne sk\u00fama sexu\u00e1lne zneu\u017e\u00edvanie diev\u010dat v detstve a sk\u00fasenosti \u017eien v dospelosti s r\u00f4znymi, miernymi, \u010di z\u00e1va\u017en\u00fdmi prejavmi sexu\u00e1lneho n\u00e1silia v dospelosti. Zameriava sa tie\u017e na d\u00f4sledky jednotliv\u00fdch foriem n\u00e1silia, vz\u0165ah medzi \u017eenou a p\u00e1chate\u013eom a vyh\u013eadanie pomoci. Prieskum je roben\u00fd na reprezentat\u00edvnej vzorke \u017eien vo veku 18 \u2013 70 rokov.<\/p>\n<h4>Mapovanie postupov a postojov vy\u0161etrovate\u013eov PZ v pr\u00edpadoch n\u00e1silia p\u00e1chan\u00e9ho na \u017een\u00e1ch<\/h4>\n<p>V\u00fdskum je realizovan\u00fd formou kvantitat\u00edvneho dotazn\u00edkov\u00e9ho prieskumu medzi vy\u0161etrovate\u013emi Policajn\u00e9ho zboru o ich sk\u00fasenostiach s pr\u00edpadmi partnersk\u00e9ho n\u00e1silia na \u017een\u00e1ch, sexu\u00e1lneho n\u00e1silia a zn\u00e1silnenia. Jeho cie\u013eom je zmapova\u0165 postupy pri vy\u0161etrovan\u00ed tak\u00fdchto trestn\u00fdch \u010dinov a pouk\u00e1za\u0165 na probl\u00e9my aplika\u010dnej praxe, ku ktor\u00fdm pri \u0148om doch\u00e1dza. V\u00fdskum je realizovan\u00fd v spolupr\u00e1ci KMC a Policajnej akad\u00e9mie.<\/p>\n<p>\u0160t\u00fadiu si m\u00f4\u017eete stiahnu\u0165 tu: <a href=\"http:\/\/www.gender.gov.sk\/zastavmenasilie\/files\/2016\/02\/Mapovanie-postupov-a-postojov-vysetrovatelov-policajneho-zboru-v-pripadoch-nasilia-pachaneho-na-zenach.pdf\">Mapovanie postupov a postojov vysetrovatelov policajneho zboru v pripadoch nasilia pachaneho na zenach<\/a><\/p>\n<h4>Vz\u0165ah matka &#8211; die\u0165a v kontexte partnersk\u00e9ho n\u00e1silia na \u017een\u00e1ch<\/h4>\n<p>Kvalitat\u00edvny v\u00fdskum bol zameran\u00fd na dve hlavn\u00e9 ot\u00e1zky \u2013 ako deti pre\u017e\u00edvaj\u00fa a reaguj\u00fa na partnersk\u00e9 n\u00e1silie vo\u010di matke a ak\u00fd vplyv m\u00e1 n\u00e1silie na vz\u00e1jomn\u00fd vz\u0165ah matka \u2013 die\u0165a. V\u00fdskum bol realizovan\u00fd formou polo\u0161trukt\u00farovan\u00fdch rozhovorov so 6 \u017eenami a 8 de\u0165mi vo veku 5 \u2013 17 rokov. Z v\u00fdsledkov v\u00fdskumu vypl\u00fdva, \u017ee deti ve\u013emi citlivo reaguj\u00fa na partnersk\u00e9 n\u00e1silie p\u00e1chan\u00e9 na matke a podobne ako matka dlhodobo poci\u0165uj\u00fa jeho negat\u00edvne n\u00e1sledky. Deti v situ\u00e1ci\u00e1ch n\u00e1silia nikdy nevystupuj\u00fa ako pozorovatelia, ale ako akt\u00edvni \u010dinitelia vytv\u00e1raj\u00faci si r\u00f4zne strat\u00e9gie ochrany seba, matky alebo mlad\u0161\u00edch s\u00farodencov a aj po odchode sa akt\u00edvne podie\u013eaj\u00fa na vytv\u00e1ran\u00ed si vz\u00e1jomn\u00fdch vz\u0165ahov. Pozit\u00edvnym zisten\u00edm je, \u017ee pr\u00e1ve vz\u00e1jomn\u00e1 podpora vo vz\u0165ahu matka \u2013 die\u0165a m\u00f4\u017ee ma\u0165 kladn\u00fd vplyv na minimaliz\u00e1ciu negat\u00edvnych dopadov n\u00e1silia a na proces uzdravovania sa. Anal\u00fdza tie\u017e nazna\u010duje d\u00f4le\u017eitos\u0165 psychologickej podpory pri budovan\u00ed tohto vz\u0165ahu zo strany pom\u00e1haj\u00facich profesi\u00ed.<\/p>\n<p>\u0160t\u00fadiu si m\u00f4\u017eete stiahnu\u0165 tu: <a href=\"http:\/\/www.gender.gov.sk\/zastavmenasilie\/files\/2016\/02\/Vztah-matka-dieta-v-kontexte-partnerskeho-nasilia-na-zenach.pdf\">Vztah matka &#8211; dieta v kontexte partnerskeho nasilia na zenach<\/a><\/p>\n","protected":false},"excerpt":{"rendered":"<p>Prevalencia a charakter dom\u00e1ceho n\u00e1silia na Slovensku Cie\u013eom reprezentat\u00edvneho popula\u010dn\u00e9ho v\u00fdskumu o dom\u00e1com n\u00e1sil\u00ed je zisti\u0165 formy, d\u00f4sledky, typy vz\u0165ahov a s\u00favislost\u00ed, v ktor\u00fdch doch\u00e1dza k dom\u00e1cemu n\u00e1siliu. Na Slovensku sa doteraz venovala pozornos\u0165 najm\u00e4 probl\u00e9mu n\u00e1silia v partnersk\u00fdch vz\u0165ahoch na \u017een\u00e1ch, u\u017e menej n\u00e1siliu medzi in\u00fdmi \u010dlenmi dom\u00e1cnosti ako napr\u00edklad vo vz\u0165ahoch rodi\u010d \u2013 &hellip; <\/p>\n<p><a class=\"more-link block-button\" href=\"https:\/\/www.gender.gov.sk\/zastavmenasilie\/kmc\/monitoring-a-vyskum\/vyskumy\/\">\u010c\u00edta\u0165 viac &raquo;<\/a><\/p>\n","protected":false},"author":2,"featured_media":0,"parent":1200,"menu_order":1,"comment_status":"closed","ping_status":"open","template":"","meta":[],"_links":{"self":[{"href":"https:\/\/www.gender.gov.sk\/zastavmenasilie\/wp-json\/wp\/v2\/pages\/1202"}],"collection":[{"href":"https:\/\/www.gender.gov.sk\/zastavmenasilie\/wp-json\/wp\/v2\/pages"}],"about":[{"href":"https:\/\/www.gender.gov.sk\/zastavmenasilie\/wp-json\/wp\/v2\/types\/page"}],"author":[{"embeddable":true,"href":"https:\/\/www.gender.gov.sk\/zastavmenasilie\/wp-json\/wp\/v2\/users\/2"}],"replies":[{"embeddable":true,"href":"https:\/\/www.gender.gov.sk\/zastavmenasilie\/wp-json\/wp\/v2\/comments?post=1202"}],"version-history":[{"count":17,"href":"https:\/\/www.gender.gov.sk\/zastavmenasilie\/wp-json\/wp\/v2\/pages\/1202\/revisions"}],"predecessor-version":[{"id":1699,"href":"https:\/\/www.gender.gov.sk\/zastavmenasilie\/wp-json\/wp\/v2\/pages\/1202\/revisions\/1699"}],"up":[{"embeddable":true,"href":"https:\/\/www.gender.gov.sk\/zastavmenasilie\/wp-json\/wp\/v2\/pages\/1200"}],"wp:attachment":[{"href":"https:\/\/www.gender.gov.sk\/zastavmenasilie\/wp-json\/wp\/v2\/media?parent=1202"}],"curies":[{"name":"wp","href":"https:\/\/api.w.org\/{rel}","templated":true}]}}