{"id":1204,"date":"2016-02-10T11:48:00","date_gmt":"2016-02-10T11:48:00","guid":{"rendered":"http:\/\/www.gender.gov.sk\/zastavmenasilie\/?page_id=1204"},"modified":"2017-04-27T13:15:53","modified_gmt":"2017-04-27T13:15:53","slug":"koordinovane-postupy","status":"publish","type":"page","link":"https:\/\/www.gender.gov.sk\/zastavmenasilie\/kmc\/koordinovane-postupy\/","title":{"rendered":"Koordinovan\u00e9 postupy"},"content":{"rendered":"<p>Medzi hlavn\u00e9 aktivity KMC patr\u00ed aj zabezpe\u010denie koordinovan\u00fdch postupov pri poskytovan\u00ed ochrany a pomoci \u017een\u00e1m za\u017e\u00edvaj\u00facim, alebo ohrozen\u00fdm n\u00e1sil\u00edm a ich de\u0165om, pri rie\u0161en\u00ed pr\u00edpadov dom\u00e1ceho n\u00e1silia a to prostredn\u00edctvom metod\u00edk a \u0161tandardov a multiin\u0161titucion\u00e1lnej spolupr\u00e1ce.<\/p>\n","protected":false},"excerpt":{"rendered":"<p>Medzi hlavn\u00e9 aktivity KMC patr\u00ed aj zabezpe\u010denie koordinovan\u00fdch postupov pri poskytovan\u00ed ochrany a pomoci \u017een\u00e1m za\u017e\u00edvaj\u00facim, alebo ohrozen\u00fdm n\u00e1sil\u00edm a ich de\u0165om, pri rie\u0161en\u00ed pr\u00edpadov dom\u00e1ceho n\u00e1silia a to prostredn\u00edctvom metod\u00edk a \u0161tandardov a multiin\u0161titucion\u00e1lnej spolupr\u00e1ce.<\/p>\n","protected":false},"author":2,"featured_media":0,"parent":765,"menu_order":5,"comment_status":"closed","ping_status":"open","template":"","meta":[],"_links":{"self":[{"href":"https:\/\/www.gender.gov.sk\/zastavmenasilie\/wp-json\/wp\/v2\/pages\/1204"}],"collection":[{"href":"https:\/\/www.gender.gov.sk\/zastavmenasilie\/wp-json\/wp\/v2\/pages"}],"about":[{"href":"https:\/\/www.gender.gov.sk\/zastavmenasilie\/wp-json\/wp\/v2\/types\/page"}],"author":[{"embeddable":true,"href":"https:\/\/www.gender.gov.sk\/zastavmenasilie\/wp-json\/wp\/v2\/users\/2"}],"replies":[{"embeddable":true,"href":"https:\/\/www.gender.gov.sk\/zastavmenasilie\/wp-json\/wp\/v2\/comments?post=1204"}],"version-history":[{"count":2,"href":"https:\/\/www.gender.gov.sk\/zastavmenasilie\/wp-json\/wp\/v2\/pages\/1204\/revisions"}],"predecessor-version":[{"id":1268,"href":"https:\/\/www.gender.gov.sk\/zastavmenasilie\/wp-json\/wp\/v2\/pages\/1204\/revisions\/1268"}],"up":[{"embeddable":true,"href":"https:\/\/www.gender.gov.sk\/zastavmenasilie\/wp-json\/wp\/v2\/pages\/765"}],"wp:attachment":[{"href":"https:\/\/www.gender.gov.sk\/zastavmenasilie\/wp-json\/wp\/v2\/media?parent=1204"}],"curies":[{"name":"wp","href":"https:\/\/api.w.org\/{rel}","templated":true}]}}