{"id":1236,"date":"2016-02-10T12:11:17","date_gmt":"2016-02-10T12:11:17","guid":{"rendered":"http:\/\/www.gender.gov.sk\/zastavmenasilie\/?page_id=1236"},"modified":"2017-06-19T09:39:58","modified_gmt":"2017-06-19T09:39:58","slug":"newsletter","status":"publish","type":"page","link":"https:\/\/www.gender.gov.sk\/zastavmenasilie\/kmc\/newsletter\/","title":{"rendered":"Newsletter"},"content":{"rendered":"<h5><a href=\"http:\/\/www.gender.gov.sk\/zastavmenasilie\/files\/2016\/02\/Newsletter-12016.pdf\">Newsletter 1\/2016<\/a><\/h5>\n<h5><a href=\"http:\/\/www.gender.gov.sk\/zastavmenasilie\/files\/2016\/02\/Novinky-z-KMC2.pdf\">Newsletter 2\/2016<\/a><\/h5>\n<h5><a href=\"http:\/\/www.gender.gov.sk\/zastavmenasilie\/files\/2016\/02\/Novinky-z-KMC3.pdf\">Newsletter 3\/2016<\/a><\/h5>\n<h5><a href=\"http:\/\/www.gender.gov.sk\/zastavmenasilie\/files\/2016\/02\/Novinky-z-KMC4.pdf\">Newsletter 4\/2016<\/a><\/h5>\n<h5><a href=\"http:\/\/www.gender.gov.sk\/zastavmenasilie\/files\/2016\/02\/Novinky_KMC5.pdf\">Newsletter 5\/2016 &#8211; \u0161peci\u00e1lne novinky z Eur\u00f3pskeho in\u0161tit\u00fatu pre rodov\u00fa rovnos\u0165 od Zuzany Ma\u010farovej <\/a><\/h5>\n<h5><a href=\"http:\/\/www.gender.gov.sk\/zastavmenasilie\/files\/2016\/02\/Novinky-z-KMC6.pdf\">Newsletter 6\/2017<\/a><\/h5>\n<h5><a href=\"http:\/\/www.gender.gov.sk\/zastavmenasilie\/files\/2016\/02\/Novinky-z-KMC7.pdf\">Newsletter 7\/2017<\/a><\/h5>\n<h5><a href=\"http:\/\/www.gender.gov.sk\/zastavmenasilie\/files\/2016\/02\/Novinky-z-KMC8.pdf\">Newsletter 8\/2017<\/a><\/h5>\n<h5><a href=\"http:\/\/www.gender.gov.sk\/zastavmenasilie\/files\/2016\/02\/Novinky-z-KMC9.pdf\">Newsletter 9\/2017<\/a><\/h5>\n<h5>Newsletter 10\/2017<\/h5>\n<h5><a href=\"http:\/\/www.gender.gov.sk\/zastavmenasilie\/files\/2015\/04\/Inform\u00e1cia-o-v\u00fdsledkoch-projektu.pdf\">Inform\u00e1cia o v\u00fdsledkoch projektu<\/a><\/h5>\n<p>&nbsp;<\/p>\n<p>** Sta\u010d\u00ed klikn\u00fa\u0165 na ktor\u00fdkoko\u013evek z newsletterov a zobraz\u00ed sa v\u00e1m v samostatnom .pdf s\u00fabore.<\/p>\n","protected":false},"excerpt":{"rendered":"<p>Newsletter 1\/2016 Newsletter 2\/2016 Newsletter 3\/2016 Newsletter 4\/2016 Newsletter 5\/2016 &#8211; \u0161peci\u00e1lne novinky z Eur\u00f3pskeho in\u0161tit\u00fatu pre rodov\u00fa rovnos\u0165 od Zuzany Ma\u010farovej Newsletter 6\/2017 Newsletter 7\/2017 Newsletter 8\/2017 Newsletter 9\/2017 Newsletter 10\/2017 Inform\u00e1cia o v\u00fdsledkoch projektu &nbsp; ** Sta\u010d\u00ed klikn\u00fa\u0165 na ktor\u00fdkoko\u013evek z newsletterov a zobraz\u00ed sa v\u00e1m v samostatnom .pdf s\u00fabore.<\/p>\n","protected":false},"author":2,"featured_media":0,"parent":765,"menu_order":1,"comment_status":"closed","ping_status":"closed","template":"","meta":[],"_links":{"self":[{"href":"https:\/\/www.gender.gov.sk\/zastavmenasilie\/wp-json\/wp\/v2\/pages\/1236"}],"collection":[{"href":"https:\/\/www.gender.gov.sk\/zastavmenasilie\/wp-json\/wp\/v2\/pages"}],"about":[{"href":"https:\/\/www.gender.gov.sk\/zastavmenasilie\/wp-json\/wp\/v2\/types\/page"}],"author":[{"embeddable":true,"href":"https:\/\/www.gender.gov.sk\/zastavmenasilie\/wp-json\/wp\/v2\/users\/2"}],"replies":[{"embeddable":true,"href":"https:\/\/www.gender.gov.sk\/zastavmenasilie\/wp-json\/wp\/v2\/comments?post=1236"}],"version-history":[{"count":14,"href":"https:\/\/www.gender.gov.sk\/zastavmenasilie\/wp-json\/wp\/v2\/pages\/1236\/revisions"}],"predecessor-version":[{"id":1779,"href":"https:\/\/www.gender.gov.sk\/zastavmenasilie\/wp-json\/wp\/v2\/pages\/1236\/revisions\/1779"}],"up":[{"embeddable":true,"href":"https:\/\/www.gender.gov.sk\/zastavmenasilie\/wp-json\/wp\/v2\/pages\/765"}],"wp:attachment":[{"href":"https:\/\/www.gender.gov.sk\/zastavmenasilie\/wp-json\/wp\/v2\/media?parent=1236"}],"curies":[{"name":"wp","href":"https:\/\/api.w.org\/{rel}","templated":true}]}}