{"id":14,"date":"2012-06-27T06:46:37","date_gmt":"2012-06-27T06:46:37","guid":{"rendered":"http:\/\/www.gender.gov.sk\/zastavmenasilie\/?page_id=14"},"modified":"2016-06-01T08:56:08","modified_gmt":"2016-06-01T08:56:08","slug":"publikacie","status":"publish","type":"page","link":"https:\/\/www.gender.gov.sk\/zastavmenasilie\/o-nasili-2\/kniznica\/publikacie\/","title":{"rendered":"Publik\u00e1cie MPSVR"},"content":{"rendered":"<p class=\"MsoNormal\"><strong>V\u00fdstupy z n\u00e1rodn\u00e9ho projektu Podpora prevencie a elimin\u00e1cie na \u017een\u00e1ch<\/strong><\/p>\n<p><strong><a href=\"http:\/\/www.ivpr.gov.sk\/IVPR\/images\/IVPR\/NP\/podpora_prevencie\/dokument_databaza_postupov_a_nastrojov.pdf\">Datab\u00e1za postupov a n\u00e1strojov \u0161pecializovan\u00fdch slu\u017eieb pomoci a ochrany \u017eien za\u017e\u00edvaj\u00facich n\u00e1silie<\/a><\/strong><br \/>\n<strong><a href=\"http:\/\/www.ivpr.gov.sk\/IVPR\/images\/IVPR\/NP\/podpora_prevencie\/dokument_metodika_k_poskytovaniu_komplexnej_podpory.pdf\">Metodika poskytovania \u0161pecializovan\u00fdch slu\u017eieb pomoci pre \u017eeny za\u017e\u00edvaj\u00face n\u00e1silie a ich deti (pre soci\u00e1lnu oblas\u0165)<\/a><\/strong><br \/>\n<strong><a href=\"http:\/\/www.ivpr.gov.sk\/IVPR\/images\/IVPR\/NP\/podpora_prevencie\/dokument_standardy_komplexnej_podpory_a_ochrany_zien_zazivajucich_nasilie.pdf\">\u0160tandardy poskytovania \u0161pecializovan\u00fdch podporn\u00fdch slu\u017eieb pre \u017eeny za\u017e\u00edvaj\u00face n\u00e1silie a ich deti<\/a><\/strong><br \/>\n<strong><a href=\"http:\/\/www.ivpr.gov.sk\/IVPR\/images\/IVPR\/NP\/podpora_prevencie\/dokument_studia_osobitne_skupiny_starsie_zeny.pdf\">Osobitn\u00e9 skupiny ohrozen\u00fdch \u017eien n\u00e1sil\u00edm \u2013 star\u0161ie \u017eeny (\u0161t\u00fadia)<\/a><\/strong><br \/>\n<strong><a href=\"http:\/\/www.ivpr.gov.sk\/IVPR\/images\/IVPR\/NP\/podpora_prevencie\/dokument_studia_osobitne_skupiny_vidiecke_zeny.pdf\">Osobitn\u00e9 skupiny ohrozen\u00fdch \u017eien n\u00e1sil\u00edm \u2013 \u017eeny z vidieckeho prostredia (\u0161t\u00fadia)<\/a><\/strong><br \/>\n<strong><a href=\"http:\/\/www.ivpr.gov.sk\/IVPR\/images\/IVPR\/NP\/podpora_prevencie\/dokument_studia_osobitne_skupiny_zien_so_skusenostou_so_sexualnym_nasilim.pdf\">Osobitn\u00e9 skupiny ohrozen\u00fdch \u017eien n\u00e1sil\u00edm\u00a0 \u2013 \u017eeny so sk\u00fasenos\u0165ou zn\u00e1silnenia a sexu\u00e1lneho n\u00e1silia (\u0161t\u00fadia)<\/a><\/strong><br \/>\n<strong><a href=\"http:\/\/www.ivpr.gov.sk\/IVPR\/images\/IVPR\/NP\/podpora_prevencie\/dokument_studia_osobitne_skupiny_zeny_so_zp.pdf\">Osobitn\u00e9 skupiny ohrozen\u00fdch \u017eien n\u00e1sil\u00edm \u2013 \u017eeny so zdravotn\u00fdm postihnut\u00edm (\u0161t\u00fadia)<\/a><\/strong><\/p>\n<p>Viac na\u00a0<a href=\"http:\/\/www.ceit.sk\/IVPR\/index.php?option=com_content&amp;view=article&amp;id=296&amp;Itemid=49&amp;lang=sk\" target=\"_blank\">str\u00e1nke IVPR tu<\/a><\/p>\n<p class=\"MsoNormal\">Nasleduj\u00face publik\u00e1cie boli vydan\u00e9 MPSVR SR v r\u00e1mci kampane Rad Eur\u00f3py <strong>Zastavme n\u00e1silie. <\/strong>Viac publik\u00e1ci\u00ed na t\u00e9mu n\u00e1jdete v<strong> <a href=\"http:\/\/genderdatabaza.wordpress.com\/tag\/rodovo-podmienene-nasilie\/\" target=\"_blank\">datab\u00e1ze rodovej kompetencie<\/a><\/strong><\/p>\n<p class=\"MsoNormal\"><span style=\"font-size: 10.0pt;font-family: 'Tahoma','sans-serif';color: black\">Let\u00e1k<\/span><span class=\"apple-converted-space\"><strong><span style=\"font-size: 10.0pt;font-family: 'Tahoma','sans-serif';color: red\">\u00a0<\/span><\/strong><\/span><span style=\"font-size: 10.0pt;font-family: 'Tahoma','sans-serif';color: red\"><a href=\"http:\/\/www.zastavmenasilie.sk\/?letak\"><strong><span style=\"font-size: 12pt;color: red\">Kona\u0165 proti n\u00e1siliu na \u017een\u00e1ch<\/span><\/strong><\/a><span class=\"apple-converted-space\">\u00a0<\/span><\/span><\/p>\n<p><span style=\"font-size: 10.0pt;font-family: 'Tahoma','sans-serif';color: black\"><a href=\"http:\/\/www.gender.gov.sk\/zastavmenasilie\/files\/2012\/06\/konat1.jpg\"><img loading=\"lazy\" class=\"alignleft size-full wp-image-134\" style=\"margin: 10px\" src=\"http:\/\/www.gender.gov.sk\/zastavmenasilie\/files\/2012\/06\/konat1.jpg\" alt=\"\" width=\"153\" height=\"304\" \/><\/a>Pod\u013ea \u00fadajov pol\u00edcie a\u017e 70 % n\u00e1siln\u00fdch trestn\u00fdch \u010dinov, v ktor\u00fdch bola obe\u0165ou \u017eena, bolo sp\u00e1chan\u00fdch v dom\u00e1cnosti. Dom\u00e1ce n\u00e1silie sa vyskytuje omnoho \u010dastej\u0161ie ne\u017e n\u00e1silie p\u00e1chan\u00e9 na verejnosti. Dom\u00e1ce n\u00e1silie nie je jednorazov\u00fd \u010din, opakuje sa, dlhodobo pretrv\u00e1va a jeho intenzita sa \u010dasom stup\u0148uje.<\/span><\/p>\n<p>&nbsp;<\/p>\n<p><span style=\"font-size: 10.0pt;font-family: 'Tahoma','sans-serif';color: black\">Pod\u013ea v\u00fdskumov a \u0161tatist\u00edk za\u017e\u00edva ka\u017ed\u00e1 piata a\u017e \u0161tvrt\u00e1 \u017eena n\u00e1silie v p\u00e1rovom vz\u0165ahu zo strany mu\u017ea. V s\u00favislosti s n\u00e1sil\u00edm panuje ve\u013ea nespr\u00e1vnych, ale pevne zakorenen\u00fdch predst\u00e1v, napr\u00edklad, \u017ee n\u00e1silie je d\u00f4sledkom chudoby, nezamestnanosti, zneu\u017e\u00edvania alkoholu \u010di du\u0161evnej choroby.<\/span><\/p>\n<p><a href=\"http:\/\/www.moznostvolby.sk\/konat_proti_nasiliu_do_tlace.pdf\" target=\"_blank\"><span style=\"font-size: 10pt;color: black\">Let\u00e1k<\/span><span class=\"apple-converted-space\"><span style=\"font-size: 10pt;color: red\">\u00a0<\/span><\/span><span style=\"font-size: 10pt;color: red\">Kona\u0165 proti n\u00e1siliu na \u017een\u00e1ch<\/span><span class=\"apple-converted-space\"><span style=\"font-size: 10pt;color: red\">\u00a0<\/span><\/span><span style=\"font-size: 10pt;color: black\">vo form\u00e1te .pdf<\/span><span class=\"apple-converted-space\"><span style=\"font-size: 10pt;color: black\">\u00a0<\/span><\/span><strong><span style=\"font-size: 10pt;color: black\">na stiahnutie<\/span><\/strong><\/a><\/p>\n<p><a title=\"Let\u00e1k\" href=\"http:\/\/www.gender.gov.sk\/zastavmenasilie\/informacie-2\/publikacie\/letak\/\">Text let\u00e1ka<\/a><\/p>\n<p>&nbsp;<\/p>\n<p>&nbsp;<\/p>\n<p>&nbsp;<\/p>\n<p class=\"MsoNormal\">________________________________________________________<\/p>\n<h2 class=\"MsoNormal\"><span style=\"font-size: 12.0pt;font-family: 'Tahoma','sans-serif'\"><strong>Bro\u017e\u00farka<\/strong> <span style=\"color: #ff0000\">Kona\u0165 proti n\u00e1siliu na \u017een\u00e1ch a de\u0165och<\/span><\/span><\/h2>\n<p class=\"MsoNormal\"><a href=\"http:\/\/www.gender.gov.sk\/zastavmenasilie\/files\/2012\/06\/konat21.jpg\"><img class=\"alignleft  wp-image-136\" style=\"margin: 10px\" src=\"http:\/\/www.gender.gov.sk\/zastavmenasilie\/files\/2012\/06\/konat21.jpg\" alt=\"\" width=\"150\" srcset=\"https:\/\/www.gender.gov.sk\/zastavmenasilie\/files\/2012\/06\/konat21.jpg 208w, https:\/\/www.gender.gov.sk\/zastavmenasilie\/files\/2012\/06\/konat21-197x300.jpg 197w\" sizes=\"(max-width: 208px) 100vw, 208px\" \/><\/a>T\u00e1to bro\u017e\u00farka sa sklad\u00e1 z troch \u010dast\u00ed, ktor\u00e9 sa zaoberaj\u00fa \u0161pecifick\u00fdmi oblas\u0165ami n\u00e1silia p\u00e1chan\u00e9ho na \u017een\u00e1ch a de\u0165och: Kona\u0165 proti n\u00e1siliu na \u017een\u00e1ch, Kona\u0165 proti sexu\u00e1lnemu n\u00e1siliu na diev\u010dat\u00e1ch a chlapcoch a Kona\u0165 proti n\u00e1siliu na de\u0165och. V\u0161etky ist\u00fdm sp\u00f4sobom s\u00favisia s nerovn\u00fdm rozdelen\u00edm moci v spolo\u010dnosti \u2013 medzi \u017eenami a mu\u017emi, medzi dospel\u00fdmi a de\u0165mi.<\/p>\n<p>Obsahuje najd\u00f4le\u017eitej\u0161ie inform\u00e1cie a je ur\u010den\u00e1 najm\u00e4 \u017een\u00e1m a de\u0165om postihnut\u00fdm n\u00e1sil\u00edm, ale aj \u013eu\u010fom z ich okolia, ktor\u00ed im chc\u00fa pom\u00f4c\u0165.<\/p>\n<p>&nbsp;<\/p>\n<p>&nbsp;<\/p>\n<p>&nbsp;<\/p>\n<p>&nbsp;<\/p>\n<p>_________________________________________________________<\/p>\n<h3>Publik\u00e1cia\u00a0<span style=\"color: #ff0000\"><strong>Kona\u0165 proti n\u00e1siliu na \u017een\u00e1ch<\/strong><\/span><\/h3>\n<p><a href=\"http:\/\/www.gender.gov.sk\/zastavmenasilie\/files\/2012\/06\/konat3.jpg\"><img class=\"alignleft  wp-image-137\" style=\"margin: 10px\" src=\"http:\/\/www.gender.gov.sk\/zastavmenasilie\/files\/2012\/06\/konat3.jpg\" alt=\"\" width=\"150\" srcset=\"https:\/\/www.gender.gov.sk\/zastavmenasilie\/files\/2012\/06\/konat3.jpg 280w, https:\/\/www.gender.gov.sk\/zastavmenasilie\/files\/2012\/06\/konat3-207x300.jpg 207w\" sizes=\"(max-width: 280px) 100vw, 280px\" \/><\/a>N\u00e1silie v int\u00edmnom vz\u0165ahu je z\u00e1va\u017en\u00fd probl\u00e9m, ktor\u00e9ho korene siahaj\u00fa k nerovn\u00e9mu rozdeleniu moci medzi mu\u017emi a \u017eenami v spolo\u010dnosti. S\u00fakromn\u00e1 sf\u00e9ra sa tradi\u010dne ch\u00e1pe ako nedotknute\u013en\u00e1 a pre \u201evonkaj\u0161\u00ed\u201c svet nepr\u00edstupn\u00e1 oblas\u0165. Ch\u00e1pe sa ako priestor, kde \u010dlovek za\u017e\u00edva pozit\u00edvne osobn\u00e9 vz\u0165ahy a em\u00f3cie, pri\u010dom za jeho fungovanie s\u00fa u n\u00e1s tradi\u010dne zodpovedn\u00e9 \u017eeny. V d\u00f4sledku t\u00fdchto predst\u00e1v a o\u010dak\u00e1van\u00ed je tak\u00e9 \u0165a\u017ek\u00e9 o n\u00e1sil\u00ed v p\u00e1rov\u00fdch vz\u0165ahoch hovori\u0165 verejne.<br \/>\nPublik\u00e1cia Kona\u0165 proti n\u00e1siliu na \u017een\u00e1ch poskytuje zrozumite\u013en\u00fd a preh\u013eadn\u00fd s\u00fahrn z\u00e1kladn\u00fdch inform\u00e1ci\u00ed o probl\u00e9me fyzick\u00e9ho, psychick\u00e9ho a sexualizovan\u00e9ho n\u00e1silia p\u00e1chan\u00e9ho na \u017een\u00e1ch v p\u00e1rov\u00fdch vz\u0165ahoch. Vyvracia m\u00fdty spojen\u00e9 s \u201edom\u00e1cim\u201c n\u00e1sil\u00edm, prin\u00e1\u0161a konkr\u00e9tne rady a odpor\u00fa\u010dania, ako n\u00e1silie rozpozna\u0165, kde h\u013eada\u0165 pomoc, ak\u00e9 s\u00fa ob\u010dianskopr\u00e1vne a trestnopr\u00e1vne aspekty n\u00e1silia v p\u00e1rov\u00fdch vz\u0165ahoch, ak\u00e9 s\u00fa jeho d\u00f4sledky pre deti. Poskytuje inform\u00e1cie o tom, \u010do m\u00f4\u017eu v tejto s\u00favislosti robi\u0165 pol\u00edcia, zdravotn\u00edctvo, pr\u00e1vnick\u00e9, psychosoci\u00e1lne a pedagogick\u00e9 profesie.<\/p>\n<p>Praktick\u00e1 forma publik\u00e1cie umo\u017e\u0148uje vo\u013ene pracova\u0165 s jednotliv\u00fdmi t\u00e9mami. Adres\u00e1r pom\u00e1haj\u00facich zariaden\u00ed a in\u0161tit\u00faci\u00ed pon\u00faka \u010fal\u0161ie inform\u00e1cie, rady aj pomoc.<\/p>\n<p>&nbsp;<\/p>\n<p class=\"MsoNormal\"><span style=\"font-size: 8.5pt;font-family: 'Tahoma','sans-serif';color: black\">\u00a0<\/span><\/p>\n","protected":false},"excerpt":{"rendered":"<p>V\u00fdstupy z n\u00e1rodn\u00e9ho projektu Podpora prevencie a elimin\u00e1cie na \u017een\u00e1ch Datab\u00e1za postupov a n\u00e1strojov \u0161pecializovan\u00fdch slu\u017eieb pomoci a ochrany \u017eien za\u017e\u00edvaj\u00facich n\u00e1silie Metodika poskytovania \u0161pecializovan\u00fdch slu\u017eieb pomoci pre \u017eeny za\u017e\u00edvaj\u00face n\u00e1silie a ich deti (pre soci\u00e1lnu oblas\u0165) \u0160tandardy poskytovania \u0161pecializovan\u00fdch podporn\u00fdch slu\u017eieb pre \u017eeny za\u017e\u00edvaj\u00face n\u00e1silie a ich deti Osobitn\u00e9 skupiny ohrozen\u00fdch \u017eien n\u00e1sil\u00edm \u2013 &hellip; <\/p>\n<p><a class=\"more-link block-button\" href=\"https:\/\/www.gender.gov.sk\/zastavmenasilie\/o-nasili-2\/kniznica\/publikacie\/\">\u010c\u00edta\u0165 viac &raquo;<\/a><\/p>\n","protected":false},"author":2,"featured_media":0,"parent":505,"menu_order":1,"comment_status":"closed","ping_status":"closed","template":"","meta":[],"_links":{"self":[{"href":"https:\/\/www.gender.gov.sk\/zastavmenasilie\/wp-json\/wp\/v2\/pages\/14"}],"collection":[{"href":"https:\/\/www.gender.gov.sk\/zastavmenasilie\/wp-json\/wp\/v2\/pages"}],"about":[{"href":"https:\/\/www.gender.gov.sk\/zastavmenasilie\/wp-json\/wp\/v2\/types\/page"}],"author":[{"embeddable":true,"href":"https:\/\/www.gender.gov.sk\/zastavmenasilie\/wp-json\/wp\/v2\/users\/2"}],"replies":[{"embeddable":true,"href":"https:\/\/www.gender.gov.sk\/zastavmenasilie\/wp-json\/wp\/v2\/comments?post=14"}],"version-history":[{"count":16,"href":"https:\/\/www.gender.gov.sk\/zastavmenasilie\/wp-json\/wp\/v2\/pages\/14\/revisions"}],"predecessor-version":[{"id":132,"href":"https:\/\/www.gender.gov.sk\/zastavmenasilie\/wp-json\/wp\/v2\/pages\/14\/revisions\/132"}],"up":[{"embeddable":true,"href":"https:\/\/www.gender.gov.sk\/zastavmenasilie\/wp-json\/wp\/v2\/pages\/505"}],"wp:attachment":[{"href":"https:\/\/www.gender.gov.sk\/zastavmenasilie\/wp-json\/wp\/v2\/media?parent=14"}],"curies":[{"name":"wp","href":"https:\/\/api.w.org\/{rel}","templated":true}]}}