{"id":1416,"date":"2016-10-20T19:56:47","date_gmt":"2016-10-20T19:56:47","guid":{"rendered":"http:\/\/www.gender.gov.sk\/zastavmenasilie\/?page_id=1416"},"modified":"2017-02-10T08:24:27","modified_gmt":"2017-02-10T08:24:27","slug":"vyskum-eu","status":"publish","type":"page","link":"https:\/\/www.gender.gov.sk\/zastavmenasilie\/informacie\/vyskumy-a-statistiky\/vyskum-eu\/","title":{"rendered":"V\u00fdskum E\u00da"},"content":{"rendered":"<p>Zo \u0161t\u00fadie Agent\u00fary Eur\u00f3pskej \u00fanie pre z\u00e1kladn\u00e9 pr\u00e1va (FRA so s\u00eddlom vo Viedni, ktor\u00e1 bola prezentovan\u00e1 v marci 2014 vypl\u00fdva, \u017ee ka\u017ed\u00e1 tretia \u017eena z Eur\u00f3pskej \u00fanie bola obe\u0165ou fyzick\u00e9ho alebo sexu\u00e1lneho n\u00e1silia aspo\u0148 raz vo svojom \u017eivote po dosiahnut\u00ed veku 15 rokov. Spr\u00e1va <a href=\"http:\/\/fra.europa.eu\" target=\"_blank\">Agent\u00fary E\u00da pre\u00a0z\u00e1kladn\u00e9\u00a0pr\u00e1va<\/a> je zalo\u017een\u00e1 na rozhovoroch so 42 000 \u017eenami v 28 \u010dlensk\u00fdch \u0161t\u00e1toch Eur\u00f3pskej \u00fanie (E\u00da). Vypl\u00fdva z nej, \u017ee n\u00e1silie p\u00e1chan\u00e9 na \u017een\u00e1ch, a najm\u00e4 rodovo motivovan\u00e9 n\u00e1silie, ktor\u00e9 m\u00e1 nesmierny vplyv na \u017eeny, predstavuje rozsiahle poru\u0161ovanie \u013eudsk\u00fdch pr\u00e1v, \u010do si E\u00da nem\u00f4\u017ee dovoli\u0165 prehliada\u0165.<\/p>\n<p><strong><a href=\"http:\/\/www.gender.gov.sk\/zastavmenasilie\/files\/2016\/10\/fra-2014-vaw-survey-at-a-glance-oct14_sk.pdf\">Spr\u00e1va FRA z v\u00fdskumu o n\u00e1sil\u00ed na \u017een\u00e1ch v slovenskom jazyku<\/a><\/strong><\/p>\n<p>Spr\u00e1va FRA poskytuje v\u00fdsledky najv\u00e4\u010d\u0161ieho svetov\u00e9ho prieskumu o n\u00e1sil\u00ed na \u017een\u00e1ch, ktor\u00fd uskuto\u010dnila FRA na z\u00e1klade rozhovorov s vy\u0161e 40 000 \u017eenami v 28 \u010dlensk\u00fdch \u0161t\u00e1toch E\u00da vr\u00e1tane Chorv\u00e1tska. V\u00fdsledky prieskumu tie\u017e uk\u00e1zali, \u017ee v\u00e4\u010d\u0161ina obet\u00ed neozn\u00e1mila incidenty n\u00e1silia na \u017een\u00e1ch pol\u00edcii alebo organiz\u00e1ci\u00e1m na podporu obet\u00ed. N\u00e1sledkom toho v\u00e4\u010d\u0161ina \u017eien, ktor\u00e9 boli obe\u0165ami n\u00e1silia,\u00a0 nepri\u0161la do kontaktu so s\u00fadmi alebo organiz\u00e1ciami poskytuj\u00facimi slu\u017eby. Zo zhrnutia\u00a0 prieskumu\u00a0 agent\u00fary\u00a0 FRA vyplynulo:<\/p>\n<ul>\n<li>Pribli\u017ene tretina op\u00fdtan\u00fdch\u00a0 \u017eien m\u00e1 sk\u00fasenos\u0165 s fyzick\u00fdm alebo sexu\u00e1lnym n\u00e1sil\u00edm. Spomedzi \u017eien, ktor\u00e9 s\u00fa alebo boli vo vz\u0165ahu s mu\u017eom, 22 % za\u017eilo fyzick\u00e9 a\/alebo sexu\u00e1lne n\u00e1silie;<\/li>\n<li>Po\u010das ostatn\u00fdch 12 mesiacov pred prieskumom za\u017eilo telesn\u00e9 n\u00e1silie pribli\u017ene 13 mili\u00f3nov \u017eien a za rovnak\u00e9 obdobie to plat\u00ed o 3,7 mili\u00f3na \u017eien v pr\u00edpadoch sexu\u00e1lneho n\u00e1silia;<\/li>\n<li>Ka\u017ed\u00e1 dvadsiata \u017eena sa priznala, \u017ee bola zn\u00e1silnen\u00e1 a\u00a0ka\u017ed\u00e1 tretia za\u017eila nejak\u00fa formu fyzick\u00e9ho a\/alebo sexu\u00e1lneho \u00fatoku od dov\u0155\u0161enia veku 15 rokov. Spomedzi \u017eien v prieskume, ktor\u00e9 uv\u00e1dzaj\u00fa, \u017ee boli zn\u00e1silnen\u00e9 s\u00fa\u010dasn\u00fdm partnerom, pribli\u017ene jedna tretina kon\u0161tatuje, \u017ee ich partner zn\u00e1silnil \u0161es\u0165 alebo viac r\u00e1z. Zn\u00e1silnenie v man\u017eelstve je realita pre\u00a0 mnoh\u00e9 \u017eeny a ve\u013ek\u00fd po\u010det z nich za\u017eil viacero incidentov. Zo \u017eien, ktor\u00e9 za\u017eili sexu\u00e1lne n\u00e1silie zo strany inej osoby ako partnera, takmer desatina uv\u00e1dza, \u017ee na najv\u00e1\u017enej\u0161om incidente sa podie\u013eal viac ako jeden p\u00e1chate\u013e.<\/li>\n<li>V pr\u00edpadoch dom\u00e1ceho n\u00e1silia 67% op\u00fdtan\u00fdch uviedlo, \u017ee \u00fatok nenahl\u00e1sili na pol\u00edcii. Pokia\u013e ide o sexu\u00e1lne ob\u0165a\u017eovanie, to sa \u010dasto vyskytuje na pracovisku;<\/li>\n<\/ul>\n<p>V\u00fdsledky za SR ukazuj\u00fa, \u017ee<\/p>\n<ul>\n<li>\u0161tvrtina \u017eien za\u017eila n\u00e1silie od b\u00fdval\u00e9ho partner a\u00a012% od s\u00fa\u010dasn\u00e9ho partnera;<\/li>\n<li>N\u00e1silie od ak\u00e9hoko\u013evek mu\u017ea za\u017eila po\u010das svojho \u017eivota ka\u017ed\u00e1 tretia slovensk\u00e1 \u017eena;<\/li>\n<li>V\u00a0priebehu posledn\u00e9ho roka za\u017eilo od svojho partnera n\u00e1silie 12% \u017eien v\u00a0SR, \u010do predstavuje 140.000 \u017eien; n\u00e1silie od ak\u00e9hoko\u013evek mu\u017ea za\u017eilo v\u00a0rovnakom obdob\u00ed zhruba 230.000 \u017eien (10% dospel\u00fdch \u017eien);<\/li>\n<li>Iba 12% \u017eien uviedlo, \u017ee najz\u00e1va\u017enej\u0161\u00ed pr\u00edpad n\u00e1silia, ktor\u00e9 za\u017eili, rie\u0161ila pol\u00edcia.<\/li>\n<\/ul>\n<div>\n<p>&nbsp;<\/p>\n<hr align=\"left\" size=\"1\" width=\"33%\" \/>\n<div>\n<p><a title=\"\" href=\"\/Users\/Pietruchova\/OneDrive\/VaW\/KMC\/e-learning\/Zakladny%20kurz_MPSVR.docx#_ednref1\"><span style=\"text-decoration: underline\">[i]<\/span><\/a><span style=\"color: #333333\"><span style=\"font-family: Cambria\"> Fundamental Rights Agency (FRA): <em>Violence against women: an EU-wide survey. <\/em><em>Main results. <\/em>Wien, 2014<\/span><\/span><\/p>\n<\/div>\n<\/div>\n<p>&nbsp;<\/p>\n","protected":false},"excerpt":{"rendered":"<p>Zo \u0161t\u00fadie Agent\u00fary Eur\u00f3pskej \u00fanie pre z\u00e1kladn\u00e9 pr\u00e1va (FRA so s\u00eddlom vo Viedni, ktor\u00e1 bola prezentovan\u00e1 v marci 2014 vypl\u00fdva, \u017ee ka\u017ed\u00e1 tretia \u017eena z Eur\u00f3pskej \u00fanie bola obe\u0165ou fyzick\u00e9ho alebo sexu\u00e1lneho n\u00e1silia aspo\u0148 raz vo svojom \u017eivote po dosiahnut\u00ed veku 15 rokov. Spr\u00e1va Agent\u00fary E\u00da pre\u00a0z\u00e1kladn\u00e9\u00a0pr\u00e1va je zalo\u017een\u00e1 na rozhovoroch so 42 000 \u017eenami &hellip; <\/p>\n<p><a class=\"more-link block-button\" href=\"https:\/\/www.gender.gov.sk\/zastavmenasilie\/informacie\/vyskumy-a-statistiky\/vyskum-eu\/\">\u010c\u00edta\u0165 viac &raquo;<\/a><\/p>\n","protected":false},"author":2,"featured_media":0,"parent":12,"menu_order":0,"comment_status":"closed","ping_status":"open","template":"","meta":[],"_links":{"self":[{"href":"https:\/\/www.gender.gov.sk\/zastavmenasilie\/wp-json\/wp\/v2\/pages\/1416"}],"collection":[{"href":"https:\/\/www.gender.gov.sk\/zastavmenasilie\/wp-json\/wp\/v2\/pages"}],"about":[{"href":"https:\/\/www.gender.gov.sk\/zastavmenasilie\/wp-json\/wp\/v2\/types\/page"}],"author":[{"embeddable":true,"href":"https:\/\/www.gender.gov.sk\/zastavmenasilie\/wp-json\/wp\/v2\/users\/2"}],"replies":[{"embeddable":true,"href":"https:\/\/www.gender.gov.sk\/zastavmenasilie\/wp-json\/wp\/v2\/comments?post=1416"}],"version-history":[{"count":4,"href":"https:\/\/www.gender.gov.sk\/zastavmenasilie\/wp-json\/wp\/v2\/pages\/1416\/revisions"}],"predecessor-version":[{"id":1607,"href":"https:\/\/www.gender.gov.sk\/zastavmenasilie\/wp-json\/wp\/v2\/pages\/1416\/revisions\/1607"}],"up":[{"embeddable":true,"href":"https:\/\/www.gender.gov.sk\/zastavmenasilie\/wp-json\/wp\/v2\/pages\/12"}],"wp:attachment":[{"href":"https:\/\/www.gender.gov.sk\/zastavmenasilie\/wp-json\/wp\/v2\/media?parent=1416"}],"curies":[{"name":"wp","href":"https:\/\/api.w.org\/{rel}","templated":true}]}}