{"id":157,"date":"2013-05-29T21:28:11","date_gmt":"2013-05-29T21:28:11","guid":{"rendered":"http:\/\/www.gender.gov.sk\/zastavmenasilie\/?page_id=157"},"modified":"2013-05-29T21:28:11","modified_gmt":"2013-05-29T21:28:11","slug":"indikatory-eu","status":"publish","type":"page","link":"https:\/\/www.gender.gov.sk\/zastavmenasilie\/informacie\/vyskumy-a-statistiky\/indikatory-eu\/","title":{"rendered":"Indik\u00e1tory E\u00da"},"content":{"rendered":"<p>E\u00da zaviazala \u010dlensk\u00e9 \u0161t\u00e1ty, aby bojovali proti n\u00e1siliu vo\u010di \u017een\u00e1m. Pod\u013ea Pekingsk\u00e9ho ak\u010dn\u00e9ho pl\u00e1nu akci\u00ed je n\u00e1silie vo\u010di \u017een\u00e1m definovan\u00e9 ako akt rodovo zalo\u017een\u00e9ho n\u00e1silia, ktor\u00e9 vy\u00fas\u0165uje alebo pravdepodobne vy\u00fasti do fyzick\u00e9ho, sexu\u00e1lneho alebo ment\u00e1lneho po\u0161kodenia \u017eien, vr\u00e1tane vyhr\u00e1\u017eok tak\u00fdchto \u010dinov, don\u00fatenia alebo zajatia, \u010di sa realizuje na verejnosti alebo v\u00a0s\u00fakrom\u00ed.<\/p>\n<p>Iniciat\u00edvy E\u00da proti n\u00e1siliu vo\u010di \u017een\u00e1m s\u00fa zameran\u00e9 predov\u0161etk\u00fdm na n\u00e1silie partnerov v s\u00fakrom\u00ed. To je n\u00e1silie, ktor\u00e9 sa st\u00e1va najm\u00e4 v\u00a0s\u00fakrom\u00ed a\u00a0realizuje ho s\u00fa\u010dasn\u00fd alebo predch\u00e1dzaj\u00faci partner. N\u00e1silie zah\u0155\u0148a fyzick\u00e9, sexu\u00e1lne a\u00a0psychologick\u00e9 n\u00e1siln\u00e9 \u010diny.<\/p>\n<p>Po\u010das D\u00e1nskeho E\u00da predsedn\u00edctva v\u00a0roku 2002 sa dohodlo v\u00a0jednotliv\u00fdch \u010dlensk\u00fdch \u0161t\u00e1toch analyzova\u0165 rozsah probl\u00e9mu, pop\u00edsa\u0165 obete a\u00a0p\u00e1chate\u013eov a\u00a0pos\u00fadi\u0165 skuto\u010dn\u00e9 prostriedky na boj proti n\u00e1siliu vo\u010di \u017een\u00e1m a\u00a0na jeho zn\u00ed\u017eenie.<\/p>\n<p>D\u00e1nske predsedn\u00edctvo E\u00da navrhlo sedem indik\u00e1torov s\u00a0v\u00fdh\u013eadom n\u00e1sledn\u00e9ho sledovania Pekingskej ak\u010dnej platformy pre aktivity v\u00a0oblasti dom\u00e1ceho n\u00e1silia vo\u010di \u017een\u00e1m a\u00a0\u017eiadalo n\u00e1sledn\u00e9 predsedn\u00edctvo, aby tieto indik\u00e1tory na\u010falej sledovalo. Medzi ciele indik\u00e1torov patr\u00ed aj zbieranie komparat\u00edvnych \u00fadajov o\u00a0n\u00e1silnosti vo\u010di \u017een\u00e1m.<\/p>\n<p><span style=\"color: #ff0000\"><strong>Sedem indik\u00e1torov E\u00da pre boj proti dom\u00e1cemu n\u00e1siliu:<\/strong><\/span><strong>\u00a0<\/strong><\/p>\n<ol start=\"1\">\n<li><strong>Profil \u017eenskej obete n\u00e1silia<\/strong><\/li>\n<\/ol>\n<ol start=\"1\">\n<li>Po\u010det obet\u00ed pod\u013ea \u0161tatistiky zlo\u010dinnosti<\/li>\n<li>Po\u010det obet\u00ed pod\u013ea prieskumov<\/li>\n<li>Po\u010det \u00famrt\u00ed v\u00a0d\u00f4sledku dom\u00e1ceho n\u00e1silia<\/li>\n<li>Podiel dom\u00e1ceho n\u00e1silia ako percento n\u00e1siln\u00fdch zlo\u010dinov<\/li>\n<li>\u010eal\u0161ie relevantn\u00e9 \u0161tatistick\u00e9 inform\u00e1cie, t\u00fdkaj\u00face sa \u017eensk\u00fdch obet\u00ed a\u00a0existencie nezaopatren\u00fdch det\u00ed<\/li>\n<li>Charakteristiky obete:<\/li>\n<\/ol>\n<p>&#8211; Vz\u0165ah obete k\u00a0p\u00e1chate\u013eovi<\/p>\n<p>&#8211; Vek<\/p>\n<p>&#8211; Stav<\/p>\n<p>&#8211; Ob\u010dianstvo<\/p>\n<p>&#8211; In\u00e9 relevantn\u00e9 podkladov\u00e9 inform\u00e1cie, napr. vzdelanie, pracovn\u00e1 situ\u00e1cia<\/p>\n<p><strong>\u00a0<\/strong><\/p>\n<p><strong>2. Profil mu\u017esk\u00e9ho p\u00e1chate\u013ea<\/strong><\/p>\n<p>a. Po\u010det p\u00e1chate\u013eov pod\u013ea \u0161tatistiky zlo\u010dinnosti<\/p>\n<p>b. Po\u010det p\u00e1chate\u013eov vyh\u013ead\u00e1vaj\u00facich pomoc prostredn\u00edctvom ofici\u00e1lnych alebo dobrovo\u013en\u00fdch programov<\/p>\n<p>c. Po\u010det p\u00e1chate\u013eov pod\u013ea prieskumov<\/p>\n<p>d. \u010eal\u0161ie relevantn\u00e9 \u0161tatistick\u00e9 \u00fadaje; napr. po\u010det p\u00e1chate\u013eov vyh\u013ead\u00e1vaj\u00facich pomoc v\u00a0zdravotn\u00edckom syst\u00e9me<\/p>\n<p>e. Charakteristiky p\u00e1chate\u013ea<\/p>\n<p>&#8211; Vz\u0165ah obete k\u00a0p\u00e1chate\u013eovi<\/p>\n<p>&#8211; Vek<\/p>\n<p>&#8211; Stav<\/p>\n<p>&#8211; Ob\u010dianstvo<\/p>\n<p>&#8211; In\u00e9 relevantn\u00e9 podkladov\u00e9 inform\u00e1cie, napr. vzdelanie, pracovn\u00e1 situ\u00e1cia<\/p>\n<p><strong>\u00a0<\/strong><\/p>\n<p><strong>3. Podpora obete<\/strong><\/p>\n<ol start=\"1\">\n<li>Poradensk\u00e9 centr\u00e1<\/li>\n<li>Pohotovostn\u00e9 slu\u017eby<\/li>\n<li>24-hodinov\u00e1 hor\u00faca linka<\/li>\n<li>Kr\u00edzov\u00e9 centr\u00e1 pre \u017eeny<\/li>\n<\/ol>\n<p>i. po\u010det \u00fatulkov na obyvate\u013estvo<\/p>\n<p>ii. po\u010det \u017eiadost\u00ed o umiestnenie do \u00fatulku<\/p>\n<p>iii. po\u010det zamietnut\u00ed<\/p>\n<p>iv. financovanie centier<\/p>\n<ol start=\"5\">\n<li>N\u00e1vod pre existuj\u00facu pomoc<\/li>\n<li>\u0160peci\u00e1lne policajn\u00e9 jednotky\/bojov\u00e9 jednotky<\/li>\n<li>Pr\u00e1vne poradenstvo pre obete<\/li>\n<li>Ofici\u00e1lne inform\u00e1cie na internete<\/li>\n<li>Podpora pre obete, aby sa im pomohlo dosta\u0165 sa sp\u00e4\u0165 na trh pr\u00e1ce<\/li>\n<li>Zdravotn\u00e9 z\u00e1znamy o\u00a0lek\u00e1rskej starostlivosti a\u00a0o\u0161etren\u00ed<\/li>\n<li>Koordin\u00e1cia syst\u00e9mu verejnej pomoci<\/li>\n<li>\u0160peci\u00e1lne podporn\u00e9 slu\u017eby pre zranite\u013en\u00e9 skupiny<\/li>\n<li>\u010eal\u0161ie podporn\u00e9 opatrenia.<\/li>\n<\/ol>\n<p><strong>\u00a0<\/strong><\/p>\n<p><strong>4. Opatrenia oslovuj\u00face mu\u017esk\u00fdch p\u00e1chate\u013eov, aby ukon\u010dili opakovan\u00e9 n\u00e1silie<\/strong><\/p>\n<p>a. Poradenstvo<\/p>\n<p>b. Fyzick\u00e9\/psychick\u00e9 o\u0161etrenie<\/p>\n<p>c. Programy resocializ\u00e1cie po\u010das pobytu vo v\u00e4zen\u00ed<\/p>\n<p>d. Kr\u00edzov\u00e9 centr\u00e1 pre mu\u017eov<\/p>\n<p>e. \u010eal\u0161ie opatrenia<\/p>\n<p><strong>\u00a0<\/strong><\/p>\n<p><strong>5. \u0160kolenie odborn\u00edkov<\/strong><\/p>\n<p>a. Druh \u0161kolenia<\/p>\n<p>b. Cie\u013eov\u00e9 skupiny<\/p>\n<p><strong>\u00a0<\/strong><\/p>\n<p><strong>6. Opatrenia \u0161t\u00e1tu na odstr\u00e1nenie dom\u00e1ceho n\u00e1silia vo\u010di \u017een\u00e1m<\/strong><\/p>\n<p>a. Legislat\u00edva a\u00a0spravodlivos\u0165<\/p>\n<p>i. S\u00fa\u010dasn\u00fd stav<\/p>\n<p>ii. Legislat\u00edvne zmeny<\/p>\n<p>iii. Po\u010det s\u00fadov<\/p>\n<p>iv. Po\u010det ods\u00faden\u00ed<\/p>\n<p>v. Po\u010det pr\u00edpadov prepusten\u00fdch<\/p>\n<p>vi. Po\u010det \u00faspe\u0161n\u00fdch zdrojov pre ob\u010diansku n\u00e1pravu<\/p>\n<p>vii. \u010eal\u0161ie opatrenia<\/p>\n<p>b. Prieskumy a\u00a0projekty<\/p>\n<p>i. Projekty iniciovan\u00e9 \u0161t\u00e1tom za posledn\u00fdch 5 rokov<\/p>\n<p>ii. In\u00e9 projekty iniciovan\u00e9 v\u00a0posledn\u00fdch 5 rokoch<\/p>\n<p>c. Politika<\/p>\n<p>i. Strat\u00e9gia\/Ak\u010dn\u00fd pl\u00e1n pre VAW<\/p>\n<p>ii. Prvky ak\u010dn\u00e9ho pl\u00e1nu<\/p>\n<p>d. Zvy\u0161ovanie povedomia<\/p>\n<p>i. Informa\u010dn\u00e9 kampane zameran\u00e9 na p\u00e1chate\u013eov<\/p>\n<p>ii. Informa\u010dn\u00e9 kampane zameran\u00e9 na obete<\/p>\n<p>iii. Informa\u010dn\u00e9 kampane zameran\u00e9 na odborn\u00edkov pracuj\u00facich s\u00a0obe\u0165ami a\/alebo p\u00e1chate\u013emi<\/p>\n<p>iv. Kampane o\u00a0v\u0161eobecn\u00fdch inform\u00e1ci\u00e1ch<\/p>\n<p>v. \u010eal\u0161ie aktivity na zv\u00fd\u0161enie povedomia<\/p>\n<ol start=\"1\">\n<li>Rozpo\u010det<\/li>\n<\/ol>\n<p>&nbsp;<\/p>\n<p><strong>7. Vyhodnotenie<\/strong><\/p>\n<p>a. Dosiahnut\u00fd pokrok<\/p>\n<p>i. \u0160tatistick\u00e9 zmeny v\u00a0indik\u00e1toroch<\/p>\n<p>ii. Spr\u00e1vy o\u00a0dosiahnutom pokroku v\u00a0oblasti prijat\u00fdch opatren\u00ed<\/p>\n<p>iii. \u010eal\u0161ie opatrenia na monitorovanie dosiahnut\u00e9ho pokroku<\/p>\n<p>b. Z\u00edskan\u00e9 pou\u010denia.<\/p>\n<p>&nbsp;<\/p>\n","protected":false},"excerpt":{"rendered":"<p>E\u00da zaviazala \u010dlensk\u00e9 \u0161t\u00e1ty, aby bojovali proti n\u00e1siliu vo\u010di \u017een\u00e1m. Pod\u013ea Pekingsk\u00e9ho ak\u010dn\u00e9ho pl\u00e1nu akci\u00ed je n\u00e1silie vo\u010di \u017een\u00e1m definovan\u00e9 ako akt rodovo zalo\u017een\u00e9ho n\u00e1silia, ktor\u00e9 vy\u00fas\u0165uje alebo pravdepodobne vy\u00fasti do fyzick\u00e9ho, sexu\u00e1lneho alebo ment\u00e1lneho po\u0161kodenia \u017eien, vr\u00e1tane vyhr\u00e1\u017eok tak\u00fdchto \u010dinov, don\u00fatenia alebo zajatia, \u010di sa realizuje na verejnosti alebo v\u00a0s\u00fakrom\u00ed. Iniciat\u00edvy E\u00da proti n\u00e1siliu &hellip; <\/p>\n<p><a class=\"more-link block-button\" href=\"https:\/\/www.gender.gov.sk\/zastavmenasilie\/informacie\/vyskumy-a-statistiky\/indikatory-eu\/\">\u010c\u00edta\u0165 viac &raquo;<\/a><\/p>\n","protected":false},"author":2,"featured_media":0,"parent":12,"menu_order":1,"comment_status":"open","ping_status":"open","template":"","meta":[],"_links":{"self":[{"href":"https:\/\/www.gender.gov.sk\/zastavmenasilie\/wp-json\/wp\/v2\/pages\/157"}],"collection":[{"href":"https:\/\/www.gender.gov.sk\/zastavmenasilie\/wp-json\/wp\/v2\/pages"}],"about":[{"href":"https:\/\/www.gender.gov.sk\/zastavmenasilie\/wp-json\/wp\/v2\/types\/page"}],"author":[{"embeddable":true,"href":"https:\/\/www.gender.gov.sk\/zastavmenasilie\/wp-json\/wp\/v2\/users\/2"}],"replies":[{"embeddable":true,"href":"https:\/\/www.gender.gov.sk\/zastavmenasilie\/wp-json\/wp\/v2\/comments?post=157"}],"version-history":[{"count":2,"href":"https:\/\/www.gender.gov.sk\/zastavmenasilie\/wp-json\/wp\/v2\/pages\/157\/revisions"}],"predecessor-version":[{"id":159,"href":"https:\/\/www.gender.gov.sk\/zastavmenasilie\/wp-json\/wp\/v2\/pages\/157\/revisions\/159"}],"up":[{"embeddable":true,"href":"https:\/\/www.gender.gov.sk\/zastavmenasilie\/wp-json\/wp\/v2\/pages\/12"}],"wp:attachment":[{"href":"https:\/\/www.gender.gov.sk\/zastavmenasilie\/wp-json\/wp\/v2\/media?parent=157"}],"curies":[{"name":"wp","href":"https:\/\/api.w.org\/{rel}","templated":true}]}}