{"id":160,"date":"2013-05-30T16:38:53","date_gmt":"2013-05-30T16:38:53","guid":{"rendered":"http:\/\/www.gender.gov.sk\/zastavmenasilie\/?page_id=160"},"modified":"2016-10-20T19:42:52","modified_gmt":"2016-10-20T19:42:52","slug":"eu","status":"publish","type":"page","link":"https:\/\/www.gender.gov.sk\/zastavmenasilie\/informacie\/eu\/","title":{"rendered":"Rada Eur\u00f3py"},"content":{"rendered":"<h4><a href=\"http:\/\/www.gender.gov.sk\/index.php?id=890\">Dohovor Rady Eur\u00f3py o predch\u00e1dzan\u00ed n\u00e1siliu na \u017een\u00e1ch a dom\u00e1cemu n\u00e1siliu a o boji proti nemu<\/a>\u00a0(2011)<\/h4>\n<p>D\u0148a\u00a0 7. 4. 2011 bol na zasadnut\u00ed Rady Eur\u00f3py v \u0160trasburgu prijat\u00fd\u00a0<a href=\"http:\/\/www.rokovania.sk\/Rokovanie.aspx\/BodRokovaniaDetail?idMaterial=19640\" target=\"_blank\">Dohovor o\u00a0predch\u00e1dzan\u00ed n\u00e1siliu na \u017een\u00e1ch a dom\u00e1cemu n\u00e1siliu\u00a0<\/a>a o boji proti nemu <strong>(Istanbulsk\u00fd dohovor).\u00a0<\/strong>Dohovor ustanovuje pr\u00e1vne z\u00e1v\u00e4zn\u00e9 \u0161tandardy na predch\u00e1dzanie n\u00e1siliu na\u00a0\u017een\u00e1ch a dom\u00e1cemu n\u00e1siliu. SR sa stala jedn\u00fdm z prv\u00fdch signat\u00e1rov\u00a0Dohovoru, ktor\u00fd si vy\u017eaduje mno\u017estvo d\u00f4le\u017eit\u00fdch zmien v oblasti\u00a0prevencie a elimin\u00e1cie rodovo podmienen\u00e9ho n\u00e1silia.<\/p>\n<ul>\n<li><a href=\"http:\/\/www.gender.gov.sk\/zastavmenasilie\/files\/2013\/05\/SJ-PREKLAD-Exp.Rep_._fin.pdf\"><span style=\"color: #0066cc\">V\u00fdkladov\u00e1 spr\u00e1va k Istanbulsk\u00e9mu dohovoru v slovenskom preklade.<\/span><\/a><\/li>\n<li><a href=\"http:\/\/www.coe.int\/t\/dghl\/standardsetting\/convention-violence\/default_EN.asp?\" target=\"_blank\">Str\u00e1nka Rady Eur\u00f3py venovan\u00e1 Dohovoru<\/a><\/li>\n<\/ul>\n<h3>\u010eal\u0161ie materi\u00e1ly:<\/h3>\n<p>V oblasti ochrany \u013eudsk\u00fdch pr\u00e1v je v\u00fdznamn\u00fdm org\u00e1nom Rady Eur\u00f3py V\u00fdbor ministrov (\u010falej len ,,VM\u201c), ktor\u00fd rozhoduje o odpor\u00fa\u010daniach Parlamentn\u00e9ho zhroma\u017edenia (\u010falej len ,,PZ\u201c). Na jeho p\u00f4de bolo prijat\u00fdch viacero odpor\u00fa\u010dan\u00ed k ot\u00e1zkam pr\u00e1v \u017eien a ich ochrany pred n\u00e1sil\u00edm.<a title=\"\" href=\"\/Users\/user\/Documents\/MPSVR\/VaW\/materialy\/Kom_analyza_SNSLP.docx#_ftn1\">[1]<\/a><\/p>\n<h5><span style=\"color: #333333;line-height: normal;font-size: 16px\">Odpor\u00fa\u010danie R (85) o n\u00e1sil\u00ed v rodine<\/span><\/h5>\n<p>Odpor\u00fa\u010danie o n\u00e1sil\u00ed v rodine bolo prijat\u00e9 26. 3. 1985. Na rozdiel od Viedenskej a Pekinskej deklar\u00e1cie, v\u00fdchodiskovou platformou ochrany pred n\u00e1sil\u00edm v rodine nebola e\u0161te ochrana z\u00e1kladn\u00fdch \u013eudsk\u00fdch pr\u00e1v, ale ochrana rodiny ako z\u00e1kladnej organiza\u010dnej jednotky demokratickej spolo\u010dnosti. Odpor\u00fa\u010danie poklad\u00e1 za n\u00e1silie ka\u017ed\u00fd \u010din ovplyv\u0148uj\u00faci \u017eivot, fyzick\u00fa alebo psychick\u00fa integritu alebo slobodu osoby alebo v\u00e1\u017ene naru\u0161enie v\u00fdvinu jej osobnosti.<\/p>\n<p>Pod n\u00e1sil\u00edm rodine sa rozumelo predov\u0161etk\u00fdm n\u00e1silie vo\u010di de\u0165om a \u017een\u00e1m. Sp\u00f4soby zlep\u0161enia situ\u00e1cie prezentoval tento dokument v troch z\u00e1kladn\u00fdch oblastiach. Prvou je prevencia, ktor\u00e1 m\u00e1 spo\u010d\u00edva\u0165 najm\u00e4 v zalarmovan\u00ed verejnej mienky upozor\u0148ovan\u00edm na rozsah, z\u00e1va\u017enos\u0165 a \u0161pecifik\u00e1 n\u00e1silia v rodine, v lep\u0161ej pomoci rodinn\u00fdch pr\u00edslu\u0161n\u00edkov, profesion\u00e1lnom \u0161kolen\u00ed pomocn\u00fdch profesi\u00ed, podpore mimovl\u00e1dnych organiz\u00e1ci\u00ed a administrat\u00edvnych oddelen\u00ed s poslan\u00edm stara\u0165 sa o obete n\u00e1silia v rodine.<\/p>\n<p>Druh\u00fa kritick\u00fa oblas\u0165 videlo odpor\u00fa\u010danie v oznamovan\u00ed n\u00e1siln\u00fdch \u010dinov odohr\u00e1vaj\u00facich sa v rodine a tretiu v priamej intervencii \u0161t\u00e1tu.<\/p>\n<h4>Odpor\u00fa\u010danie R (90)4 o soci\u00e1lnych opatreniach vo\u010di n\u00e1siliu v rodine<\/h4>\n<p>V procese soci\u00e1lnej pomoci, soci\u00e1lneho poradenstva a prevencie maj\u00fa nezastupite\u013en\u00e9 miesto soci\u00e1lni pracovn\u00edci a poradcovia, ktor\u00fdch \u010dinnos\u0165 v prospech obet\u00ed n\u00e1silia je \u0161iroko spektr\u00e1lna. Zvl\u00e1\u0161tnu pozornos\u0165 im venuje dokument Rady Eur\u00f3py Odpor\u00fa\u010danie \u010d. R (90)2 o soci\u00e1lnych opatreniach vo\u010di n\u00e1siliu v rodine.<\/p>\n<p>Odpor\u00fa\u010danie poukazuje okrem in\u00e9ho na skuto\u010dnos\u0165, \u017ee v pr\u00edpadoch, kedy s\u00fa soci\u00e1lni pracovn\u00edci konfrontovan\u00ed s probl\u00e9mom n\u00e1silia, je vhodnej\u0161ia pr\u00e1ca v multidisciplin\u00e1rnych t\u00edmoch spolu so v\u0161etk\u00fdmi profesiami. Toto je zvl\u00e1\u0161\u0165 d\u00f4le\u017eit\u00e9 v s\u00favislosti s ot\u00e1zkou informovania o dom\u00e1com n\u00e1sil\u00ed pr\u00edslu\u0161n\u00e9 in\u0161tit\u00facie. Hoci pr\u00e1ca v t\u00edme m\u00e1 aj svoje nev\u00fdhody, pr\u00edpadoch dom\u00e1ceho n\u00e1silia je absol\u00fatnou nevyhnutnos\u0165ou. Multidisciplin\u00e1rna, interprofesijn\u00e1 a interin\u0161titucion\u00e1lna spolupr\u00e1ca by mala by\u0165 pre soci\u00e1lnych pracovn\u00edkov a poradcov \u0161pecializuj\u00facich sa na pr\u00e1cu s obe\u0165ami dom\u00e1ceho n\u00e1silia z\u00e1kladnou po\u017eiadavkou.<\/p>\n<h4>Odpor\u00fa\u010danie R 1450 (2000) o n\u00e1sil\u00ed vo\u010di \u017een\u00e1m v Eur\u00f3pe<\/h4>\n<p>Je potrebn\u00e9 pripomen\u00fa\u0165, \u017ee hlavy \u0161t\u00e1tov a vl\u00e1d potvrdili v Z\u00e1vere\u010dnej deklar\u00e1cii prijatej na druhom summite Rady Eur\u00f3py (\u0160trasburg, 1997) svoje odhodlanie bojova\u0165 s n\u00e1sil\u00edm na \u017een\u00e1ch a mlad\u00fdch diev\u010dat\u00e1ch, ako aj so v\u0161etk\u00fdmi formami sexu\u00e1lneho zneu\u017e\u00edvania.<\/p>\n<p>Odpor\u00fa\u010danie z 3. 4. 2000 je ur\u010den\u00e9 pre \u010dlensk\u00e9 \u0161t\u00e1ty a po\u017eaduje od nich, aby princ\u00edpy zakotven\u00e9 v medzin\u00e1rodn\u00fdch dokumentoch zapracovali do pr\u00edslu\u0161nej n\u00e1rodnej legislat\u00edvy, alebo ju pr\u00edpade potreby v s\u00falade s t\u00fdmito medzin\u00e1rodn\u00fdmi dokumentmi doplnili.<\/p>\n<p>Za d\u00f4le\u017eit\u00fd n\u00e1stroj prevencie a boja proti dom\u00e1cemu n\u00e1siliu sa v zmysle tohto Odpor\u00fa\u010dania pova\u017euje vytvorenie alebo pr\u00edprava n\u00e1rodn\u00fdch iniciat\u00edv pre \u010dlenov v\u0161etk\u00fdch zainteresovan\u00fdch profesi\u00ed, \u010do by v\u0161ak malo by\u0165 pon\u00edman\u00e9 \u0161ir\u0161ie, a mali by sem patri\u0165 tak\u00e9 profesie, ako sudcovia, prokur\u00e1tori, pracovn\u00edci s\u00fadov, policajti, proba\u010dn\u00ed pracovn\u00edci, v\u00e4zensk\u00e1 str\u00e1\u017e, soci\u00e1lni pracovn\u00edci, psychol\u00f3govia, psychiatri, lek\u00e1ri a najm\u00e4 pediatri, zdravotn\u00e9 sestry, p\u00f4rodn\u00e9 asistentky, pracovn\u00edci z\u00e1chrannej slu\u017eby a pohotovosti, u\u010ditelia, pracovn\u00edci s ml\u00e1de\u017eou, poradcovia, tlmo\u010dn\u00edci, \u010dlenovia kr\u00edzov\u00fdch \u0161t\u00e1bov, vr\u00e1tane t\u00fdch, ktor\u00ed pracuj\u00fa v n\u00fadzov\u00fdch ubytovniach, pracovn\u00edci verejnej spr\u00e1vy a soci\u00e1lnej pois\u0165ovne, pracovn\u00edci, ktor\u00ed prich\u00e1dzaj\u00fa do styku s ute\u010dencami, \u00faradn\u00edci na imigra\u010dnom \u00farade, k\u0148azi, hendikepovan\u00ed, vl\u00e1dni \u00faradn\u00edci a prij\u00edmatelia rozhodnut\u00ed.<\/p>\n<h4>Odpor\u00fa\u010danie R 1582 (2002) Dom\u00e1ce n\u00e1silie vo\u010di \u017een\u00e1m<\/h4>\n<p>Odpor\u00fa\u010danie bolo prijat\u00e9 27. 9. 2002. V Odpor\u00fa\u010dan\u00ed s\u00fa uveden\u00e9 viacer\u00e9 opatrenia, ktor\u00e9 je potrebn\u00e9 zavies\u0165 jednak s oh\u013eadom na obete dom\u00e1ceho n\u00e1silia a aj v s\u00favislosti s prevenciou dom\u00e1ceho n\u00e1silia.<\/p>\n<p>Tento stru\u010dn\u00fd dokument upozor\u0148uje na skuto\u010dnos\u0165, \u017ee n\u00e1silie vn\u00fatri rodiny je st\u00e1le pova\u017eovan\u00e9 za s\u00fakromn\u00fa z\u00e1le\u017eitos\u0165 a vyz\u00fdva, aby bolo pova\u017eovan\u00e9 za politick\u00fd a verejn\u00fd probl\u00e9m. V jednotliv\u00fdch bodoch potom op\u00e4tovne pripom\u00edna potrebu podporn\u00fdch centier pre \u017eeny, finan\u010dn\u00fa podporu mimovl\u00e1dnych organiz\u00e1cii, soci\u00e1lnu ochranu obet\u00ed, tr\u00e9ning zdravotn\u00e9ho person\u00e1lu, preven\u010dn\u00e9 programy, ako aj \u0161peci\u00e1lne programy pre p\u00e1chate\u013eov medzirezortn\u00fa spolupr\u00e1cu at\u010f. Zauj\u00edmav\u00e9 je povzbudenie \u017eien, aby sa u\u010dili sebaobrann\u00fdm technik\u00e1m.<\/p>\n<h4><span style=\"color: #ff0000\">Odpor\u00fa\u010danie R (2002)5 o ochrane \u017eien proti n\u00e1siliu<\/span><\/h4>\n<p>Toto d\u00f4le\u017eit\u00e9 odpor\u00fa\u010danie bolo prijat\u00e9 VM 30. 4. 2002. Okrem tradi\u010dn\u00e9ho apelovania na zmenu legislat\u00edvy v \u010dlensk\u00fdch \u0161t\u00e1toch Rady Eur\u00f3py v prospech pr\u00e1v \u017eien a ich ochrane pred n\u00e1sil\u00edm, d\u00e1va toto odpor\u00fa\u010danie d\u00f4raz na koordinovan\u00fd pr\u00edstup na celo\u0161t\u00e1tnej \u00farovni.<\/p>\n<p>Na \u00fa\u010dely tohto odpor\u00fa\u010dania sa pojem n\u00e1silie na \u017een\u00e1ch m\u00e1 ch\u00e1pa\u0165 ako ak\u00fdko\u013evek skutok rodovo podmienen\u00e9ho n\u00e1silia, ktor\u00e9 m\u00e1 za n\u00e1sledok alebo pravdepodobne bude ma\u0165 za n\u00e1sledok telesn\u00fa, sexu\u00e1lnu alebo psychick\u00fa ujmu alebo utrpenie \u017eien, vr\u00e1tane hrozieb tak\u00fdch skutkov, n\u00e1tlaku alebo svojvo\u013en\u00e9ho zbavenia slobody, bez oh\u013eadu na to, \u010di sa vyskytuje vo verejnom alebo s\u00fakromnom \u017eivote.<\/p>\n<p>Zahrnuje, ale neobmedzuje sa, na nasleduj\u00face:<\/p>\n<ul>\n<li>n\u00e1silie vyskytuj\u00face sa v rodine alebo dom\u00e1cnosti, vr\u00e1tane, medzi in\u00fdm, fyzickej a psychickej agresivity, emocion\u00e1lneho a psychick\u00e9ho zneu\u017e\u00edvania, zn\u00e1silnenia a sexu\u00e1lneho zneu\u017e\u00edvania, incestu, zn\u00e1silnenia medzi man\u017eelmi, pravideln\u00fdmi alebo pr\u00edle\u017eitostn\u00fdmi partnermi a druhmi a dru\u017ekami, zlo\u010diny sp\u00e1chan\u00e9 v mene cti, mrza\u010denie \u017eensk\u00fdch pohlavn\u00fdch org\u00e1nov a in\u00e9 tradi\u010dn\u00e9 praktiky \u0161kodliv\u00e9 pre \u017eeny, ako s\u00fa napr\u00edklad n\u00faten\u00e9 sob\u00e1\u0161e;<\/li>\n<li>n\u00e1silie vyskytuj\u00face sa v \u0161irokej verejnosti, vr\u00e1tane, medzi in\u00fdm, zn\u00e1silnenia, sexu\u00e1lneho zneu\u017e\u00edvania, sexu\u00e1lneho ob\u0165a\u017eovania a zastra\u0161ovania v pr\u00e1ci, v in\u0161tit\u00faci\u00e1ch alebo inde, obchod so \u017eenami na \u00fa\u010dely sexu\u00e1lneho vykoris\u0165ovania a ekonomick\u00e9ho vykoris\u0165ovania a sex turistiky;<\/li>\n<li>n\u00e1silie, ktor\u00e9ho sa dop\u00fa\u0161\u0165a alebo ktor\u00e9 pardonuje \u0161t\u00e1t alebo jeho \u00faradn\u00edci;<\/li>\n<li>poru\u0161ovanie \u013eudsk\u00fdch pr\u00e1v \u017eien v situ\u00e1ci\u00e1ch ozbrojen\u00e9ho konfliktu, najm\u00e4 branie rukojemn\u00edkov, n\u00faten\u00e9 presuny, systematick\u00e9 zn\u00e1sil\u0148ovanie, sexu\u00e1lne otroctvo, n\u00faten\u00e9 tehotenstvo a obchod na \u00fa\u010dely sexu\u00e1lneho vykoris\u0165ovania a ekonomick\u00e9ho vykoris\u0165ovania.<\/li>\n<\/ul>\n<p>V Odpor\u00fa\u010dan\u00ed sa okrem in\u00e9ho uv\u00e1dza, \u017ee \u010dlensk\u00e9 \u0161t\u00e1ty by mali uzna\u0165, \u017ee n\u00e1silie mu\u017eov na \u017een\u00e1ch je z\u00e1va\u017en\u00fdm \u0161truktur\u00e1lnym a spolo\u010densk\u00fdm probl\u00e9mom zalo\u017een\u00fdm na nerovn\u00fdch mocensk\u00fdch vz\u0165ahoch medzi \u017eenami a mu\u017emi, a preto podporovali akt\u00edvnu \u00fa\u010das\u0165 mu\u017eov na opatreniach zameran\u00fdch na boj s n\u00e1sil\u00edm na \u017een\u00e1ch.<\/p>\n<h4>Odpor\u00fa\u010danie 1798 (2007) o uznan\u00ed princ\u00edpu rodovej rovnosti v civilnom pr\u00e1ve<\/h4>\n<p>V\u00fdbor pre rovnak\u00e9 pr\u00edle\u017eitosti pre \u017eeny a mu\u017eov, zriaden\u00fd pri PZ, uskuto\u010dnil dve rozsiahle \u0161t\u00fadie zameran\u00e9 na pos\u00fadenie pr\u00e1vnych syst\u00e9mov \u010dlensk\u00fdch \u0161t\u00e1tov Rady Eur\u00f3py v s\u00favislosti s diskrimin\u00e1ciou \u017eien v s\u00fakromnopr\u00e1vnych vz\u0165ahoch.<\/p>\n<p>V\u00fdsledku \u0161t\u00fadi\u00ed potvrdili, \u017ee diskrimin\u00e1cia \u017eien je osobitne v\u00fdrazn\u00e1 najm\u00e4 v osobnostn\u00fdch pr\u00e1vnych vz\u0165ahoch a v rodinnom pr\u00e1ve, a to rovnako v pr\u00e1ve vn\u00fatro\u0161t\u00e1tnom ako aj medzin\u00e1rodnom.<\/p>\n<p>Odpor\u00fa\u010danie prijat\u00e9 24. 5. 2007 uv\u00e1dza, \u017ee vo vn\u00fatro\u0161t\u00e1tnom pr\u00e1ve sa diskrimin\u00e1cia prejavuje najm\u00e4 vo vz\u0165ahoch medzi man\u017eelmi alebo druhom a dru\u017ekou (ot\u00e1zky uzavretia man\u017eelstva, ot\u00e1zky rozvodu), v pr\u00e1vnych vz\u0165ahoch v\u00fdkonu rodi\u010dovsk\u00fdch pr\u00e1v k malolet\u00fdm de\u0165om (napr\u00edklad mo\u017enos\u0165, aby die\u0165a malo priezvisko po matke). Z poh\u013eadu medzin\u00e1rodn\u00e9ho pr\u00e1va s\u00fakromn\u00e9ho je diskutabiln\u00e9 napr\u00edklad nadviazanie pod\u013ea hrani\u010dn\u00e9ho ukazovate\u013ea na n\u00e1rodn\u00e9 pr\u00e1vo otca alebo man\u017eela.<\/p>\n<p>PZ pova\u017euje \u00fapravu z\u00e1kazu diskrimin\u00e1cie pod\u013ea \u010dl. 14 Eur\u00f3pskeho dohovoru o ochrane \u013eudsk\u00fdch pr\u00e1v a z\u00e1kladn\u00fdch slob\u00f4d (\u010falej len ,,Dohovor\u201c) a pod\u013ea Dodatkov\u00e9ho protokolu \u010d. 12 za nedostato\u010dn\u00fa, a preto v Odpor\u00fa\u010dan\u00ed navrhlo VM vypracova\u0165 nov\u00fd protokol k Dohovoru, v ktorom by bola zv\u00fdraznen\u00e1 rodov\u00e1 rovnos\u0165 ako jedno zo z\u00e1kladn\u00fdch \u013eudsk\u00fdch pr\u00e1v maj\u00facim prednos\u0165 pred ak\u00fdko\u013evek ustanoven\u00edm n\u00e1rodn\u00e9ho pr\u00e1va alebo medzin\u00e1rodnej zmluvy.<\/p>\n<h4>Odpor\u00fa\u010danie 1847 (2008) o boji proti n\u00e1siliu vo\u010di \u017een\u00e1m<\/h4>\n<p>V Odpor\u00fa\u010dan\u00ed z 3. 10. 2008 PZ pouk\u00e1zalo na to, \u017ee napriek prijat\u00fdm medzin\u00e1rodn\u00fdm in\u0161trumentom a v s\u00fa\u010dasnosti dosiahnut\u00e9mu pokroku v oblasti ochrany pr\u00e1v \u017eien, boj proti n\u00e1siliu na \u017een\u00e1ch sa mus\u00ed zintenz\u00edvni\u0165. PZ je presved\u010den\u00e9, \u017ee prijatie z\u00e1konn\u00fdch opatren\u00ed zahr\u0148uj\u00facich ochranu obet\u00ed, potrestanie p\u00e1chate\u013eov a prevenciu je nevyhnutn\u00e9 za \u00fa\u010delom dosiahnutia minim\u00e1lnych \u0161tandardov vo v\u0161etk\u00fdch \u010dlensk\u00fdch \u0161t\u00e1toch.<\/p>\n<p>VM by mal preto v spolupr\u00e1ci s PZ, V\u00fdborom miestnych a region\u00e1lnych z\u00e1stupcov a mimovl\u00e1dnych organiz\u00e1ci\u00ed predlo\u017ei\u0165 n\u00e1vrh r\u00e1mcov\u00e9ho dohovoru o naj\u0165a\u017e\u0161\u00edch a najroz\u0161\u00edrenej\u0161\u00edch form\u00e1ch n\u00e1silia na \u017een\u00e1ch.<\/p>\n<h4>Odpor\u00fa\u010danie R 1635 (2008) o boji proti n\u00e1siliu na \u017een\u00e1ch<\/h4>\n<p>D\u0148a 3. 10. 2008 prijalo PZ aj Odpor\u00fa\u010danie 1635, v ktorom odkazuje na vy\u0161\u0161ie uveden\u00e9 Odpor\u00fa\u010danie 1847 a v ktorom odkazuje na kampa\u0148 proti n\u00e1siliu na \u017een\u00e1ch realizovan\u00fa Radou Eur\u00f3py v rokoch 2006 a\u017e 2008. T\u00e1to kampa\u0148 po prv\u00fd kr\u00e1\u0165 zastre\u0161ovala v\u0161etky tri politick\u00e9 dimenzie Rady Eur\u00f3py: parlamentn\u00fa, vl\u00e1dnu, region\u00e1lnu spolu so spolupracuj\u00facou sie\u0165ou mimovl\u00e1dnych organiz\u00e1ci\u00ed.<\/p>\n<p>V Odpor\u00fa\u010dan\u00ed sa PZ vyjadrilo, \u017ee podporuje mobiliz\u00e1ciu parlamentov v\u0161etk\u00fdch \u010dlensk\u00fdch \u0161t\u00e1tov pri implement\u00e1cii dimenzie tejto kampane. Poukazuje tie\u017e na to, \u017ee za dva roky 40 n\u00e1rodn\u00fdch parlamentov a 56 kontaktn\u00fdch poslancov uskuto\u010dnilo v r\u00e1mci Eur\u00f3py viac ako 200 aktiv\u00edt zameran\u00fdch na boj proti n\u00e1siliu na \u017een\u00e1ch a dom\u00e1cemu n\u00e1siliu. Pr\u00e1ve vytvorenie siete kontaktn\u00fdch poslancov pod z\u00e1\u0161titou PZ predstavuje inovat\u00edvnu met\u00f3du v tejto problematike.<\/p>\n<h4>Odpor\u00fa\u010danie R 1838 (2008) o podpore \u017eien v modernej multikultur\u00e1lnej spolo\u010dnosti<\/h4>\n<p>Uveden\u00e9 Odpor\u00fa\u010danie bolo prijat\u00e9 d\u0148a 24. 6. 2008 v s\u00favislosti s 10. v\u00fdro\u010d\u00edm vzniku V\u00fdboru pre rovnak\u00e9 pr\u00edle\u017eitosti pre \u017eeny a mu\u017eov.<\/p>\n<p>PZ vyslovilo presved\u010denie, \u017ee Rada Eur\u00f3py mus\u00ed i na\u010falej zohr\u00e1va\u0165 priekopn\u00edcku \u00falohu pri podpore rovnosti medzi \u017eenami a mu\u017emi vo v\u0161etk\u00fdch \u010dlensk\u00fdch \u0161t\u00e1toch. Ist\u00fd pokrok v Eur\u00f3pe v tejto oblasti bol v posledn\u00fdch rokoch dosiahnut\u00fd, no st\u00e1le ost\u00e1va viacero nedostatkov v pr\u00e1vnej \u00faprave postavenia \u017eien, ktor\u00e9 je potrebn\u00e9 odstra\u0148ova\u0165.<\/p>\n<p>V tejto s\u00favislosti PZ odk\u00e1zalo na svoje odpor\u00fa\u010danie adresovan\u00e9 VM, aby bol prijat\u00fd osobitn\u00fd protokol o rovnosti \u017eien a mu\u017eov, ktor\u00e1 by bola formulovan\u00e1 ako z\u00e1kladn\u00e9 \u013eudsk\u00e9 pr\u00e1vo.<\/p>\n<p>V oblasti inter-kultur\u00e1lneho a inter-n\u00e1bo\u017eensk\u00e9ho dial\u00f3gu je potrebn\u00e9 na\u010falej podporova\u0165 a zachov\u00e1va\u0165 aspekty rodovej rovnosti.<\/p>\n<div>\n<hr align=\"left\" size=\"1\" width=\"33%\" \/>\n<div>\n<p><a title=\"\" href=\"\/Users\/user\/Documents\/MPSVR\/VaW\/materialy\/Kom_analyza_SNSLP.docx#_ftnref1\">[1]<\/a> Napr\u00edklad Odpor\u00fa\u010danie \u010d. R (79) 17 t\u00fdkaj\u00face sa ochrany det\u00ed proti zl\u00e9mu zaobch\u00e1dzaniu; Odpor\u00fa\u010danie \u010d. R (85) 4 o n\u00e1sil\u00ed v rodine; Odpor\u00fa\u010danie \u010d. R (85) 11 o postaven\u00ed obete v r\u00e1mci trestn\u00e9ho pr\u00e1va a trestn\u00e9ho konania; Odpor\u00fa\u010danie \u010d. R (87) 21 o pomoci obetiam a prevencii viktimiz\u00e1cie; Odpor\u00fa\u010danie \u010d. R (90) 2 o soci\u00e1lnych opatreniach t\u00fdkaj\u00facich sa n\u00e1silia v rodine; Odpor\u00fa\u010danie \u010d. R (91) 11 t\u00fdkaj\u00face sa sexu\u00e1lneho vykoris\u0165ovania, pornografie a prostit\u00facie det\u00ed a mladistv\u00fdch a obchodovania s nimi; Odpor\u00fa\u010danie \u010d. R (93) 2 o zdravotnosoci\u00e1lnych aspektoch zneu\u017e\u00edvania det\u00ed; Odpor\u00fa\u010danie \u010d. R (2000) 11 o opatreniach proti obchodovaniu s \u013eudsk\u00fdmi bytos\u0165ami za \u00fa\u010delom sexu\u00e1lneho vykoris\u0165ovania a Odpor\u00fa\u010danie Rec (2001) 16 o ochrane det\u00ed pred sexu\u00e1lnym vykoris\u0165ovan\u00edm;<\/p>\n<p>&nbsp;<\/p>\n<p>&nbsp;<\/p>\n<\/div>\n<\/div>\n<p>&nbsp;<\/p>\n<p>&nbsp;<\/p>\n","protected":false},"excerpt":{"rendered":"<p>Dohovor Rady Eur\u00f3py o predch\u00e1dzan\u00ed n\u00e1siliu na \u017een\u00e1ch a dom\u00e1cemu n\u00e1siliu a o boji proti nemu\u00a0(2011) D\u0148a\u00a0 7. 4. 2011 bol na zasadnut\u00ed Rady Eur\u00f3py v \u0160trasburgu prijat\u00fd\u00a0Dohovor o\u00a0predch\u00e1dzan\u00ed n\u00e1siliu na \u017een\u00e1ch a dom\u00e1cemu n\u00e1siliu\u00a0a o boji proti nemu (Istanbulsk\u00fd dohovor).\u00a0Dohovor ustanovuje pr\u00e1vne z\u00e1v\u00e4zn\u00e9 \u0161tandardy na predch\u00e1dzanie n\u00e1siliu na\u00a0\u017een\u00e1ch a dom\u00e1cemu n\u00e1siliu. SR sa stala &hellip; <\/p>\n<p><a class=\"more-link block-button\" href=\"https:\/\/www.gender.gov.sk\/zastavmenasilie\/informacie\/eu\/\">\u010c\u00edta\u0165 viac &raquo;<\/a><\/p>\n","protected":false},"author":2,"featured_media":0,"parent":6,"menu_order":3,"comment_status":"open","ping_status":"closed","template":"","meta":[],"_links":{"self":[{"href":"https:\/\/www.gender.gov.sk\/zastavmenasilie\/wp-json\/wp\/v2\/pages\/160"}],"collection":[{"href":"https:\/\/www.gender.gov.sk\/zastavmenasilie\/wp-json\/wp\/v2\/pages"}],"about":[{"href":"https:\/\/www.gender.gov.sk\/zastavmenasilie\/wp-json\/wp\/v2\/types\/page"}],"author":[{"embeddable":true,"href":"https:\/\/www.gender.gov.sk\/zastavmenasilie\/wp-json\/wp\/v2\/users\/2"}],"replies":[{"embeddable":true,"href":"https:\/\/www.gender.gov.sk\/zastavmenasilie\/wp-json\/wp\/v2\/comments?post=160"}],"version-history":[{"count":14,"href":"https:\/\/www.gender.gov.sk\/zastavmenasilie\/wp-json\/wp\/v2\/pages\/160\/revisions"}],"predecessor-version":[{"id":241,"href":"https:\/\/www.gender.gov.sk\/zastavmenasilie\/wp-json\/wp\/v2\/pages\/160\/revisions\/241"}],"up":[{"embeddable":true,"href":"https:\/\/www.gender.gov.sk\/zastavmenasilie\/wp-json\/wp\/v2\/pages\/6"}],"wp:attachment":[{"href":"https:\/\/www.gender.gov.sk\/zastavmenasilie\/wp-json\/wp\/v2\/media?parent=160"}],"curies":[{"name":"wp","href":"https:\/\/api.w.org\/{rel}","templated":true}]}}