{"id":1601,"date":"2017-02-10T08:17:11","date_gmt":"2017-02-10T08:17:11","guid":{"rendered":"http:\/\/www.gender.gov.sk\/zastavmenasilie\/?page_id=1601"},"modified":"2017-02-10T08:23:26","modified_gmt":"2017-02-10T08:23:26","slug":"statistiky","status":"publish","type":"page","link":"https:\/\/www.gender.gov.sk\/zastavmenasilie\/informacie\/vyskumy-a-statistiky\/statistiky\/","title":{"rendered":"\u0160tatistiky"},"content":{"rendered":"<p>Nasleduj\u00face \u00fadaje ilustruj\u00fa dlhodob\u00fd v\u00fdvoj v oblasti n\u00e1silia na \u017een\u00e1ch v SR. Z h\u013eadiska \u010dasov\u00e9ho v\u00fdvoja m\u00f4\u017eeme kon\u0161tatova\u0165 v\u0161eobecn\u00fd pokles n\u00e1silnej kriminality v SR a tomu adekv\u00e1tne aj pokles n\u00e1silia na \u017een\u00e1ch. V\u00fdrazne st\u00fapaj\u00faci trend je iba v ohlasovan\u00ed trestn\u00fdch \u010dinov v oblasti sexu\u00e1lneho n\u00e1silia ako aj partnersk\u00e9ho n\u00e1silia, \u010do v\u0161ak vzh\u013eadom na prevalen\u010dn\u00e9 v\u00fdskumy m\u00f4\u017ee sk\u00f4r znamena\u0165 vy\u0161\u0161iu d\u00f4veru obet\u00ed v syst\u00e9m a t\u00fdm vy\u0161\u0161\u00ed po\u010det nahl\u00e1sen\u00fdch a st\u00edhan\u00fdch skutkov. V\u00fdrazne pozit\u00edvny v\u00fdvoj je mo\u017en\u00e9 sledova\u0165 v oblasti poklesu po\u010dtu vr\u00e1\u017ed \u017eien partnerom. Uveden\u00e1 \u0161tatistika napoved\u00e1, \u017ee \u00fa\u010dinnos\u0165 ochrany \u017eien pred partnersk\u00fdm n\u00e1sil\u00edm sa v priebehu ostatn\u00fdch 5 rokov podstatne zlep\u0161ila.<br \/>\nTabu\u013eka Celkov\u00fd po\u010det obet\u00ed, z toho \u017eien (2010-2016) vybran\u00fdch n\u00e1siln\u00fdch a mravnostn\u00fdch trestn\u00fdch \u010dinov (T\u010c) vo vz\u0165ahu k dom\u00e1cemu a partnersk\u00e9mu n\u00e1siliu<\/p>\n<p><a href=\"http:\/\/www.gender.gov.sk\/zastavmenasilie\/files\/2017\/02\/stat_VaW.png\"><img loading=\"lazy\" class=\"alignleft  wp-image-1605\" src=\"http:\/\/www.gender.gov.sk\/zastavmenasilie\/files\/2017\/02\/stat_VaW.png\" alt=\"stat_vaw\" width=\"694\" height=\"267\" srcset=\"https:\/\/www.gender.gov.sk\/zastavmenasilie\/files\/2017\/02\/stat_VaW.png 944w, https:\/\/www.gender.gov.sk\/zastavmenasilie\/files\/2017\/02\/stat_VaW-300x115.png 300w, https:\/\/www.gender.gov.sk\/zastavmenasilie\/files\/2017\/02\/stat_VaW-768x295.png 768w\" sizes=\"(max-width: 694px) 100vw, 694px\" \/><\/a><\/p>\n<p>&nbsp;<\/p>\n","protected":false},"excerpt":{"rendered":"<p>Nasleduj\u00face \u00fadaje ilustruj\u00fa dlhodob\u00fd v\u00fdvoj v oblasti n\u00e1silia na \u017een\u00e1ch v SR. Z h\u013eadiska \u010dasov\u00e9ho v\u00fdvoja m\u00f4\u017eeme kon\u0161tatova\u0165 v\u0161eobecn\u00fd pokles n\u00e1silnej kriminality v SR a tomu adekv\u00e1tne aj pokles n\u00e1silia na \u017een\u00e1ch. V\u00fdrazne st\u00fapaj\u00faci trend je iba v ohlasovan\u00ed trestn\u00fdch \u010dinov v oblasti sexu\u00e1lneho n\u00e1silia ako aj partnersk\u00e9ho n\u00e1silia, \u010do v\u0161ak vzh\u013eadom na prevalen\u010dn\u00e9 v\u00fdskumy &hellip; <\/p>\n<p><a class=\"more-link block-button\" href=\"https:\/\/www.gender.gov.sk\/zastavmenasilie\/informacie\/vyskumy-a-statistiky\/statistiky\/\">\u010c\u00edta\u0165 viac &raquo;<\/a><\/p>\n","protected":false},"author":2,"featured_media":0,"parent":12,"menu_order":0,"comment_status":"closed","ping_status":"closed","template":"","meta":[],"_links":{"self":[{"href":"https:\/\/www.gender.gov.sk\/zastavmenasilie\/wp-json\/wp\/v2\/pages\/1601"}],"collection":[{"href":"https:\/\/www.gender.gov.sk\/zastavmenasilie\/wp-json\/wp\/v2\/pages"}],"about":[{"href":"https:\/\/www.gender.gov.sk\/zastavmenasilie\/wp-json\/wp\/v2\/types\/page"}],"author":[{"embeddable":true,"href":"https:\/\/www.gender.gov.sk\/zastavmenasilie\/wp-json\/wp\/v2\/users\/2"}],"replies":[{"embeddable":true,"href":"https:\/\/www.gender.gov.sk\/zastavmenasilie\/wp-json\/wp\/v2\/comments?post=1601"}],"version-history":[{"count":4,"href":"https:\/\/www.gender.gov.sk\/zastavmenasilie\/wp-json\/wp\/v2\/pages\/1601\/revisions"}],"predecessor-version":[{"id":1606,"href":"https:\/\/www.gender.gov.sk\/zastavmenasilie\/wp-json\/wp\/v2\/pages\/1601\/revisions\/1606"}],"up":[{"embeddable":true,"href":"https:\/\/www.gender.gov.sk\/zastavmenasilie\/wp-json\/wp\/v2\/pages\/12"}],"wp:attachment":[{"href":"https:\/\/www.gender.gov.sk\/zastavmenasilie\/wp-json\/wp\/v2\/media?parent=1601"}],"curies":[{"name":"wp","href":"https:\/\/api.w.org\/{rel}","templated":true}]}}