{"id":1717,"date":"2017-04-27T13:17:35","date_gmt":"2017-04-27T13:17:35","guid":{"rendered":"http:\/\/www.gender.gov.sk\/zastavmenasilie\/?page_id=1717"},"modified":"2017-05-10T14:06:24","modified_gmt":"2017-05-10T14:06:24","slug":"multiinstitucionalna-spolupraca","status":"publish","type":"page","link":"https:\/\/www.gender.gov.sk\/zastavmenasilie\/kmc\/koordinovane-postupy\/multiinstitucionalna-spolupraca\/","title":{"rendered":"Multiin\u0161titucion\u00e1lna spolupr\u00e1ca"},"content":{"rendered":"<p>KMC, vzh\u013eadom na koordina\u010dn\u00fa \u00falohu, bolo zriaden\u00e9 aj s\u00a0cie\u013eom hlavn\u00e9ho akt\u00e9ra koordin\u00e1cie multiin\u0161titucion\u00e1lnej spolupr\u00e1ce a intervencie v oblasti n\u00e1silia na \u017een\u00e1ch, ktor\u00e1 zah\u0155\u0148a mnoho odli\u0161n\u00fdch akt\u00e9rov, vr\u00e1tane predstavite\u013eov zo \u0161t\u00e1tnych in\u0161tit\u00faci\u00ed ako aj MVO. Cie\u013eom je najm\u00e4 \u00a0zabezpe\u010denie koordinovanej, \u00fa\u010dinnej a efekt\u00edvnej pomoci a ochrany \u017een\u00e1m za\u017e\u00edvaj\u00facim n\u00e1silie a ohrozen\u00fdm n\u00e1sil\u00edm a ich de\u0165om. V r\u00e1mci KMC nadv\u00e4zujeme na \u010dinnos\u0165 n\u00e1rodn\u00e9ho projekt Prevencia a elimin\u00e1cia n\u00e1silia na \u017een\u00e1ch, v r\u00e1mci ktor\u00e9ho boli vytvoren\u00e9 pracovn\u00e9 skupiny multiin\u0161titucion\u00e1lnej spolupr\u00e1ce v 8 samospr\u00e1vnych krajoch. Pracovn\u00e9 skupiny z\u00e1rove\u0148 pripravili SWOT anal\u00fdzu situ\u00e1cie v ich samospr\u00e1vnom kraji, anal\u00fdzu svojich potrieb a navrhli model fungovania multiin\u0161titucion\u00e1lnej spolupr\u00e1ce.<\/p>\n<p><strong>Akt\u00e9ri multiin\u0161titucion\u00e1lnej spolupr\u00e1ce<\/strong><\/p>\n<div class=\"container\">\n<div class=\"row m-b-0\">\n<div class=\"col-sm-offset-1 col-sm-10\">\n<ul>\n<li>\u017densk\u00e9 organiz\u00e1cie poskytuj\u00face \u0161pecifick\u00e9 podporn\u00e9 slu\u017eby(bezpe\u010dn\u00e9 \u017eensk\u00e9 domy, kr\u00edzov\u00e9 linky, kr\u00edzov\u00e9, alebo poradensk\u00e9 centr\u00e1)<\/li>\n<li>Slu\u017eby pre \u017eeny z etnick\u00fdch minor\u00edt<\/li>\n<li>Pol\u00edcia<\/li>\n<li>\u00darady pr\u00e1ce, soci\u00e1lnych vec\u00ed a rodiny<\/li>\n<li>Odbory soci\u00e1lnych slu\u017eieb na miestnej \u00farovni (samospr\u00e1vny kraj, miestny \u00farad)<\/li>\n<li>Odbory b\u00fdvania na miestnej \u00farovni (samospr\u00e1vny kraj, miestny \u00farad)<\/li>\n<li>Zdravotn\u00edcke slu\u017eby, psychol\u00f3govia<\/li>\n<li>Ne\u0161pecifick\u00e9 slu\u017eby pre obete<\/li>\n<li>Pr\u00e1vnick\u00e9 profesie<\/li>\n<li>S\u00fady<\/li>\n<li>Prokurat\u00fara<\/li>\n<li>Prob\u00e1cia<\/li>\n<li>\u0160koly a in\u00e9<\/li>\n<\/ul>\n<\/div>\n<\/div>\n<\/div>\n<div class=\"container\">\n<div class=\"row m-b-0\">\n<div class=\"col-sm-offset-1 col-sm-10\">\n<p><strong>Vybran\u00e9 z\u00e1kladn\u00e9 ciele multiin\u0161titucion\u00e1lnej spolupr\u00e1ce<\/strong><\/p>\n<ul>\n<li>zlep\u0161i\u0165 bezpe\u010dnos\u0165 a ochranu \u017eien za\u017e\u00edvaj\u00facich n\u00e1silie a ochranu ich det\u00ed<\/li>\n<li>vytvori\u0165 spolupr\u00e1cu za \u00fa\u010delom dosiahnutia spolo\u010dn\u00fdch cie\u013eov identifikovan\u00fdch prostredn\u00edctvom anal\u00fdzy potrieb, SWOT anal\u00fdzy<\/li>\n<li>vytvori\u0165 a poskytn\u00fa\u0165 v\u0161eobecn\u00e9 a \u0161tandardizovan\u00e9 pr\u00edru\u010dky, metodiky pre realiz\u00e1ciu, dobr\u00fa prax a spolupr\u00e1cu medzi r\u00f4znymi in\u0161tit\u00faciami pri poskytovan\u00ed pomoci \u017een\u00e1m za\u017e\u00edvaj\u00facim alebo ohrozen\u00fdm n\u00e1sil\u00edm a ich de\u0165om<\/li>\n<li>zdie\u013ea\u0165 nadobudnut\u00e9 sk\u00fasenosti<\/li>\n<li>vytvori\u0165 podmienky pre koordinovan\u00fa, r\u00fdchlu a \u00fa\u010dinn\u00fa a odborn\u00fa pomoc, zabezpe\u010di\u0165 komplexn\u00fd pr\u00edstup k organizovaniu procesu pomoci, ochrany a podpory \u017een\u00e1m za\u017e\u00edvaj\u00facim n\u00e1silie a ich de\u0165om<\/li>\n<li>zv\u00fd\u0161i\u0165 po\u010det ohl\u00e1sen\u00fdch pr\u00edpadov n\u00e1silia a zv\u00fd\u0161i\u0165 po\u010det starostlivo vybaven\u00fdch \u017eal\u00f4b, trestn\u00fdch st\u00edhan\u00ed, rozsudkov<\/li>\n<li>zlep\u0161i\u0165 a unifikova\u0165 dokumentovanie a syst\u00e9m zbierania d\u00e1t in\u0161tit\u00faci\u00ed<\/li>\n<li>zabezpe\u010di\u0165 komplexn\u00fd pr\u00edstup k organizovaniu procesu pomoci, ochrany a podpory \u017een\u00e1m za\u017e\u00edvaj\u00facim n\u00e1silie a ich de\u0165om<\/li>\n<li>zv\u00fd\u0161i\u0165 povedomie o problematike n\u00e1silia na \u017een\u00e1ch medzi in\u0161tit\u00faciami<\/li>\n<\/ul>\n<p>&nbsp;<\/p>\n<\/div>\n<\/div>\n<\/div>\n","protected":false},"excerpt":{"rendered":"<p>KMC, vzh\u013eadom na koordina\u010dn\u00fa \u00falohu, bolo zriaden\u00e9 aj s\u00a0cie\u013eom hlavn\u00e9ho akt\u00e9ra koordin\u00e1cie multiin\u0161titucion\u00e1lnej spolupr\u00e1ce a intervencie v oblasti n\u00e1silia na \u017een\u00e1ch, ktor\u00e1 zah\u0155\u0148a mnoho odli\u0161n\u00fdch akt\u00e9rov, vr\u00e1tane predstavite\u013eov zo \u0161t\u00e1tnych in\u0161tit\u00faci\u00ed ako aj MVO. Cie\u013eom je najm\u00e4 \u00a0zabezpe\u010denie koordinovanej, \u00fa\u010dinnej a efekt\u00edvnej pomoci a ochrany \u017een\u00e1m za\u017e\u00edvaj\u00facim n\u00e1silie a ohrozen\u00fdm n\u00e1sil\u00edm a ich de\u0165om. V &hellip; <\/p>\n<p><a class=\"more-link block-button\" href=\"https:\/\/www.gender.gov.sk\/zastavmenasilie\/kmc\/koordinovane-postupy\/multiinstitucionalna-spolupraca\/\">\u010c\u00edta\u0165 viac &raquo;<\/a><\/p>\n","protected":false},"author":23,"featured_media":0,"parent":1204,"menu_order":0,"comment_status":"closed","ping_status":"closed","template":"","meta":[],"_links":{"self":[{"href":"https:\/\/www.gender.gov.sk\/zastavmenasilie\/wp-json\/wp\/v2\/pages\/1717"}],"collection":[{"href":"https:\/\/www.gender.gov.sk\/zastavmenasilie\/wp-json\/wp\/v2\/pages"}],"about":[{"href":"https:\/\/www.gender.gov.sk\/zastavmenasilie\/wp-json\/wp\/v2\/types\/page"}],"author":[{"embeddable":true,"href":"https:\/\/www.gender.gov.sk\/zastavmenasilie\/wp-json\/wp\/v2\/users\/23"}],"replies":[{"embeddable":true,"href":"https:\/\/www.gender.gov.sk\/zastavmenasilie\/wp-json\/wp\/v2\/comments?post=1717"}],"version-history":[{"count":5,"href":"https:\/\/www.gender.gov.sk\/zastavmenasilie\/wp-json\/wp\/v2\/pages\/1717\/revisions"}],"predecessor-version":[{"id":1733,"href":"https:\/\/www.gender.gov.sk\/zastavmenasilie\/wp-json\/wp\/v2\/pages\/1717\/revisions\/1733"}],"up":[{"embeddable":true,"href":"https:\/\/www.gender.gov.sk\/zastavmenasilie\/wp-json\/wp\/v2\/pages\/1204"}],"wp:attachment":[{"href":"https:\/\/www.gender.gov.sk\/zastavmenasilie\/wp-json\/wp\/v2\/media?parent=1717"}],"curies":[{"name":"wp","href":"https:\/\/api.w.org\/{rel}","templated":true}]}}