{"id":1719,"date":"2017-04-27T13:19:41","date_gmt":"2017-04-27T13:19:41","guid":{"rendered":"http:\/\/www.gender.gov.sk\/zastavmenasilie\/?page_id=1719"},"modified":"2017-05-10T14:39:04","modified_gmt":"2017-05-10T14:39:04","slug":"zrealizovane-aktivity","status":"publish","type":"page","link":"https:\/\/www.gender.gov.sk\/zastavmenasilie\/kmc\/koordinovane-postupy\/multiinstitucionalna-spolupraca\/zrealizovane-aktivity\/","title":{"rendered":"Zrealizovan\u00e9 aktivity"},"content":{"rendered":"<p><strong>Workshop &#8220;Multiin\u0161titucion\u00e1lna spolupr\u00e1ca ako predpoklad \u00fa\u010dinn\u00e9ho boja proti n\u00e1siliu na \u017een\u00e1ch a dom\u00e1cemu n\u00e1siliu&#8221; <\/strong>(22.10. 2015)<br \/>\nSpolu s ve\u013evyslanectvom USA sme organizovali workshop, na ktorom p. Jenkins z USA prezentoval Duluth syst\u00e9m multiin\u0161titucion\u00e1lnej spolupr\u00e1ce a rie\u0161il modelov\u00e9 situ\u00e1cie s \u00fa\u010dastn\u00ed\u010dkami a \u00fa\u010dastn\u00edkmi, ktor\u00ed boli preva\u017ene z Expertnej skupiny pre prevenciu n\u00e1silia na \u017een\u00e1ch a v rodin\u00e1ch pri Rade vl\u00e1dy pre prevenciu kriminality.<\/p>\n<p><strong>Pracovn\u00e9 stretnutie so z\u00e1stupcami a z\u00e1stupky\u0148ami koordin\u00e1torov a koordin\u00e1toriek multiin\u0161titucion\u00e1lnej spolupr\u00e1ce <\/strong>(21.1.2016)<br \/>\nV r\u00e1mci stretnutia bol pripraven\u00fd a prezentovan\u00fd pl\u00e1n \u010dinnosti partnerstiev multiin\u0161titucion\u00e1lnej spolupr\u00e1ce na rok 2016 a boli zmapovan\u00e9 potreby jednotliv\u00fdch regi\u00f3nov.<\/p>\n<p><strong>Workshopy\u00a0 pracovn\u00fdch skup\u00edn multiin\u0161titucion\u00e1lnej spolupr\u00e1ce <\/strong><\/p>\n<p>V\u00a0roku 2016 sa realizovalo 7 workshopov zameran\u00fdch na multiin\u0161titucion\u00e1lnu spolupr\u00e1cu. Uskuto\u010dnil sa workshop pre koordin\u00e1torky a koordin\u00e1torov MIS spolupr\u00e1ce, ktor\u00fd sa zameral na situ\u00e1ciu v jednotliv\u00fdch pracovn\u00fdch skupin\u00e1ch a nastavenie fungovania partnerstiev multiin\u0161titucion\u00e1lnej spolupr\u00e1ce v\u00a0oblasti prevencie a\u00a0elimin\u00e1cie n\u00e1silia na \u017een\u00e1ch v\u00a0\u010fal\u0161\u00edch rokoch. Uskuto\u010dnilo sa 6 pracovn\u00fdch workshopov v\u00a0samospr\u00e1vnych krajoch, a\u00a0to v\u00a0Nitrianskom, Tren\u010dianskom, \u017dilinskom, Banskobystrickom, Trnavskom a\u00a0Pre\u0161ovskom samospr\u00e1vnom kraji. Ich obsahom boli \u00a0inform\u00e1cie o\u00a0\u010dinnosti KMC, kde bolo predstaven\u00e9 KMC ako nov\u00fd koordina\u010dn\u00fd org\u00e1n, anal\u00fdza potrieb do bud\u00facnosti, tak aby skupiny mohli plnohodnotne vykon\u00e1va\u0165 \u00falohy multiin\u0161titucion\u00e1lnej spolupr\u00e1ce vo svojich in\u0161tit\u00faci\u00e1ch. Z\u00e1rove\u0148 im bola predstaven\u00e1 \u010dinnos\u0165 n\u00e1rodnej linky pre \u017eeny a\u00a0nov\u00e1 \u00faprava legislat\u00edvy v\u00a0problematike n\u00e1silia na \u017een\u00e1ch.\u00a0 T\u00e9ma koordinovan\u00fdch postupov a\u00a0syst\u00e9m multiin\u0161titucion\u00e1lnej spolupr\u00e1ce na celo\u0161t\u00e1tnej \u00farovni ako aj n\u00e1vrh na spolupr\u00e1cu v\u00a0tejto oblasti bol prezentovan\u00fd na konferencii v\u00a0Ko\u0161ickom samospr\u00e1vnom kraji. V\u00a0r\u00e1mci Bratislavsk\u00e9ho samospr\u00e1vneho kraja bola \u010dinnos\u0165 a \u010fal\u0161ie podnety na spolupr\u00e1cu v r\u00e1mci multiin\u0161titucion\u00e1lnej spolupr\u00e1ce prezentovan\u00e9 na zasadnut\u00ed RAP BSK 17.5.2016.<\/p>\n<p>V\u00a0r\u00e1mci podpory pokra\u010duj\u00facej spolupr\u00e1ce s\u00a0\u010dlenmi\/kami region\u00e1lnych pracovn\u00fdch skup\u00edn multiin\u0161titucion\u00e1lnej spolupr\u00e1ce,\u00a0 boli\u00a0 pracovn\u00e9 skupiny osloven\u00e9 v\u00a0apr\u00edli 2016 formou kr\u00e1tkeho dotazn\u00edka z\u00a0\u00farovne KMC. Dotazn\u00edk sa t\u00fdkal zmapovania ich vzdel\u00e1vac\u00edch potrieb v\u00a0oblasti n\u00e1silia na \u017een\u00e1ch a\u00a0multiin\u0161titucion\u00e1lnej spolupr\u00e1ce, prenosu dobrej praxe a\u00a0mo\u017enosti spolupr\u00e1ce zainteresovan\u00fdch in\u0161tit\u00faci\u00ed.\u00a0 \u00darove\u0148 dostato\u010dn\u00e9ho vzdel\u00e1vania je z\u00a0KMC pova\u017eovan\u00e1 za k\u013e\u00fa\u010dov\u00fa, nako\u013eko pre dobr\u00e9 fungovanie ka\u017edej\u00a0 multiin\u0161titucion\u00e1lnej spolupr\u00e1ce a\u00a0intervencie je k\u013e\u00fa\u010dov\u00e9 definovanie z\u00e1kladn\u00fdch spolo\u010dn\u00fdch cie\u013eov, princ\u00edpov a\u00a0v\u00fdchod\u00edsk, ale aj\u00a0ich\u00a0 spolo\u010dn\u00e9 zdie\u013eanie a\u00a0ch\u00e1panie v\u0161etk\u00fdmi in\u0161tit\u00faciami zast\u00fapen\u00fdmi v\u00a0multiin\u0161titucion\u00e1lnej spolupr\u00e1ci.<\/p>\n<p><strong>Memorand\u00e1\u00a0 o\u00a0podpore spolupr\u00e1ce ako\u00a0pr\u00edklad dobrej praxe zapojenia in\u0161tit\u00faci\u00ed do spolupr\u00e1ce\u00a0 <\/strong><\/p>\n<p>V r\u00e1mci \u010dinnosti KMC\u00a0 \u00a0boli spracovan\u00e9 a pripraven\u00e9 texty n\u00e1vrhov memor\u00e1nd o\u00a0podpore \u00a0spolupr\u00e1ce v\u00a0oblasti prevencie a\u00a0elimin\u00e1cie n\u00e1silia na \u017een\u00e1ch, v\u00a0ktor\u00fdch partneri prejavuj\u00fa rozhodnutie spolupracova\u0165 a\u00a0poskytova\u0165 si vz\u00e1jomn\u00fa s\u00fa\u010dinnos\u0165 pri v\u00fdmene poznatkov a\u00a0\u0161\u00edren\u00ed dobrej praxe za \u00fa\u010delom odha\u013eovania a zni\u017eovania rodovo podmienen\u00e9ho a dom\u00e1ceho n\u00e1silia, zvy\u0161ovania informovanosti o\u00a0 problematike a\u00a0spolo\u010dn\u00e9ho vytv\u00e1rania podmienok na profesijn\u00fd rast a\u00a0prehlbovanie kvalifik\u00e1cie vlastn\u00fdch pracovn\u00edkov\/\u010dok. Cie\u013eom bolo uzavrie\u0165 partnersk\u00fa spolupr\u00e1cu s\u00a0in\u0161tit\u00faciami pri rie\u0161en\u00ed tejto problematiky v\u00a0spolupr\u00e1ci s\u00a0KMC, tak aby problematika z\u00edskala na priorite v\u00a0r\u00e1mci in\u0161tit\u00facie a\u00a0aby pr\u00edpadn\u00ed z\u00e1stupcovia a\u00a0z\u00e1stupkyne in\u0161tit\u00faci\u00ed v\u00a0partnerstv\u00e1ch (pracovn\u00fdch skupin\u00e1ch) multiin\u0161titucion\u00e1lnej spolupr\u00e1ce mali oporu v\u00a0memorande z\u00a0h\u013eadiska presadzovania dohodnut\u00fdch \u00faloh v\u00a0partnerstve v\u00a0r\u00e1mci in\u0161tit\u00facie. Memorand\u00e1 predstavovali\u00a0 n\u00e1vrh dohody o r\u00e1mcovej spolupr\u00e1ci medzi In\u0161tit\u00fatom pre v\u00fdskum pr\u00e1ce a rodiny a\u00a0partnerom v\u00a0oblasti prevencie a\u00a0elimin\u00e1cie rodovo podmienen\u00e9ho n\u00e1silia a\u00a0dom\u00e1ceho n\u00e1silia a\u00a0prevencie a\u00a0elimin\u00e1cie diskrimin\u00e1cie. Text memoranda sa\u00a0 odvol\u00e1va na potrebn\u00fa podporu spolupr\u00e1ce, na po\u017eiadavku spolo\u010dn\u00e9ho rie\u0161enia prevencie a elimin\u00e1cie rodovo podmienen\u00e9ho a dom\u00e1ceho n\u00e1silia a\u00a0elimin\u00e1cie diskrimin\u00e1cie. V\u00fdhodou pre in\u0161tit\u00facie je, \u017ee prostredn\u00edctvom memoranda by mohli efekt\u00edvnej\u0161ie prispieva\u0165 k\u00a0nap\u013a\u0148aniu \u00faloh N\u00e1rodn\u00e9ho ak\u010dn\u00e9ho pl\u00e1nu pre elimin\u00e1ciu a\u00a0prevenciu n\u00e1silia na \u017een\u00e1ch na roky 2014 \u2013 2019, ako aj k region\u00e1lnym koncep\u010dn\u00fdm materi\u00e1lom alebo n\u00e1rodn\u00fdm strat\u00e9gi\u00e1m, napr. Celo\u0161t\u00e1tnej strat\u00e9gie prevencie kriminality na roky 2016 &#8211; 2020 na Slovensku. V\u00a0s\u00fa\u010dasnosti m\u00e1 KMC uzavret\u00e9 memorandum o\u00a0spolupr\u00e1ci s\u00a0\u00dastred\u00edm pr\u00e1ce, soci\u00e1lnych vec\u00ed a\u00a0rodiny a\u00a0Ko\u0161ick\u00fdm samospr\u00e1vnym krajom.<\/p>\n<p><strong>Vzdel\u00e1vanie\u00a0 v\u00a0problematike multiin\u0161titucion\u00e1lnej spolupr\u00e1ce a\u00a0intervencie <\/strong><\/p>\n<p>V\u00a0r\u00e1mci aktiv\u00edt KMC sme pilotne realizovali vzdel\u00e1vanie pre \u010dlenov a\u00a0\u010dlenky pracovn\u00fdch skup\u00edn MIS spolupr\u00e1ce v\u00a0Pre\u0161ovskom a\u00a0\u017dilinskom samospr\u00e1vnom kraji so zameran\u00edm na multiin\u0161titucion\u00e1lnu spolupr\u00e1cu a\u00a0intervenciu. Vzdel\u00e1vanie trvalo 16 hod\u00edn a\u00a0z\u00fa\u010dastnilo sa ho 16 \u00fa\u010dastn\u00ed\u010dok\u00a0 a \u00fa\u010dastn\u00edkov. Bola vypracovan\u00e1 aj pr\u00edru\u010dky predch\u00e1dzania a\u00a0elimin\u00e1cie n\u00e1silie na \u017een\u00e1ch so zameran\u00edm na multiin\u0161titucion\u00e1lnu spolupr\u00e1cu a\u00a0intervenciu ako\u00a0 aj\u00a0 vzdel\u00e1vacie prezent\u00e1cie.<\/p>\n<p><strong>Metodologick\u00e9 v\u00fdchodisk\u00e1 a\u00a0n\u00e1vrh syst\u00e9mu fungovania partnerstiev multiin\u0161titucion\u00e1lnej spolupr\u00e1ce a\u00a0intervencie <\/strong><\/p>\n<p>Cie\u013eom dokumentu je poskytn\u00fa\u0165 z\u00e1kladn\u00e9 inform\u00e1cie o\u00a0terminol\u00f3gii v\u00a0danej problematike, o\u00a0v\u00fdhod\u00e1ch, z\u00e1kladn\u00fdch cie\u013eoch, princ\u00edpoch multiin\u0161titucion\u00e1lnej spolupr\u00e1ce a intervencie a\u00a0\u0161tandardoch, ktor\u00e9 by mali fungova\u0165 vo vn\u00fatri in\u0161tit\u00faci\u00ed, ak sa chc\u00fa venova\u0165 problematike n\u00e1silia p\u00e1chan\u00e9ho na \u017een\u00e1ch.\u00a0 Takisto obsahuje popis s\u00fa\u010dasnej situ\u00e1cie z\u00a0h\u013eadiska syst\u00e9mov\u00e9ho zavedenia multiin\u0161titucion\u00e1lnej spolupr\u00e1ce na Slovensku, zhrnutie a reflexiu aktiv\u00edt v\u00fdsledkov doteraj\u0161ej praxe fungovania multiin\u0161titucion\u00e1lnej spolupr\u00e1ce, ktor\u00e1 bola podporen\u00e1 v\u00a0r\u00e1mci n\u00e1rodn\u00fdch projektov a\u00a0n\u00f3rskych grantov. V\u00a0neposlednom rade obsahuje n\u00e1vrh syst\u00e9mu na zavedenie multiin\u0161titucion\u00e1lnej spolupr\u00e1ce a\u00a0intervencie na celo\u0161t\u00e1tnej \u00farovni, \u00farovni samospr\u00e1vnych krajov a\u00a0miestnej \u00farovni, ako aj z\u00e1kladn\u00e9 metodologick\u00e9 postupy, ako ju budova\u0165 a\u00a0konkr\u00e9tne kroky v \u010fal\u0161om obdob\u00ed.<\/p>\n<p>Pr\u00edru\u010dku si m\u00f4\u017eete stiahnu\u0165 tu: <a href=\"http:\/\/www.gender.gov.sk\/zastavmenasilie\/files\/2017\/04\/Metodologicke-vychodiska-a-navrh-systemu-multiinstitucionalnej-spoluprace-a-intervencie.pdf\">Metodologicke vychodiska a navrh systemu multiinstitucionalnej spoluprace a intervencie<\/a><\/p>\n","protected":false},"excerpt":{"rendered":"<p>Workshop &#8220;Multiin\u0161titucion\u00e1lna spolupr\u00e1ca ako predpoklad \u00fa\u010dinn\u00e9ho boja proti n\u00e1siliu na \u017een\u00e1ch a dom\u00e1cemu n\u00e1siliu&#8221; (22.10. 2015) Spolu s ve\u013evyslanectvom USA sme organizovali workshop, na ktorom p. Jenkins z USA prezentoval Duluth syst\u00e9m multiin\u0161titucion\u00e1lnej spolupr\u00e1ce a rie\u0161il modelov\u00e9 situ\u00e1cie s \u00fa\u010dastn\u00ed\u010dkami a \u00fa\u010dastn\u00edkmi, ktor\u00ed boli preva\u017ene z Expertnej skupiny pre prevenciu n\u00e1silia na \u017een\u00e1ch a v &hellip; <\/p>\n<p><a class=\"more-link block-button\" href=\"https:\/\/www.gender.gov.sk\/zastavmenasilie\/kmc\/koordinovane-postupy\/multiinstitucionalna-spolupraca\/zrealizovane-aktivity\/\">\u010c\u00edta\u0165 viac &raquo;<\/a><\/p>\n","protected":false},"author":23,"featured_media":0,"parent":1717,"menu_order":0,"comment_status":"closed","ping_status":"closed","template":"","meta":[],"_links":{"self":[{"href":"https:\/\/www.gender.gov.sk\/zastavmenasilie\/wp-json\/wp\/v2\/pages\/1719"}],"collection":[{"href":"https:\/\/www.gender.gov.sk\/zastavmenasilie\/wp-json\/wp\/v2\/pages"}],"about":[{"href":"https:\/\/www.gender.gov.sk\/zastavmenasilie\/wp-json\/wp\/v2\/types\/page"}],"author":[{"embeddable":true,"href":"https:\/\/www.gender.gov.sk\/zastavmenasilie\/wp-json\/wp\/v2\/users\/23"}],"replies":[{"embeddable":true,"href":"https:\/\/www.gender.gov.sk\/zastavmenasilie\/wp-json\/wp\/v2\/comments?post=1719"}],"version-history":[{"count":4,"href":"https:\/\/www.gender.gov.sk\/zastavmenasilie\/wp-json\/wp\/v2\/pages\/1719\/revisions"}],"predecessor-version":[{"id":1731,"href":"https:\/\/www.gender.gov.sk\/zastavmenasilie\/wp-json\/wp\/v2\/pages\/1719\/revisions\/1731"}],"up":[{"embeddable":true,"href":"https:\/\/www.gender.gov.sk\/zastavmenasilie\/wp-json\/wp\/v2\/pages\/1717"}],"wp:attachment":[{"href":"https:\/\/www.gender.gov.sk\/zastavmenasilie\/wp-json\/wp\/v2\/media?parent=1719"}],"curies":[{"name":"wp","href":"https:\/\/api.w.org\/{rel}","templated":true}]}}