{"id":191,"date":"2013-05-30T18:17:01","date_gmt":"2013-05-30T18:17:01","guid":{"rendered":"http:\/\/www.gender.gov.sk\/zastavmenasilie\/?page_id=191"},"modified":"2013-06-02T06:35:10","modified_gmt":"2013-06-02T06:35:10","slug":"o-nasili-2","status":"publish","type":"page","link":"https:\/\/www.gender.gov.sk\/zastavmenasilie\/o-nasili-2\/","title":{"rendered":"O n\u00e1sil\u00ed"},"content":{"rendered":"<p><strong>N\u00e1silie p\u00e1chan\u00e9 na \u017een\u00e1ch (Violence against women)<\/strong>\u00a0Takto sa v Deklar\u00e1cii o odstr\u00e1nen\u00ed n\u00e1silia p\u00e1chan\u00e9ho na \u017een\u00e1ch, schv\u00e1lenej Valn\u00fdm zhroma\u017eden\u00edm OSN v roku 1993, ozna\u010duje \u201eak\u00fdko\u013evek n\u00e1siln\u00fd \u010din, zalo\u017een\u00fd na\u00a0<a href=\"http:\/\/glosar.aspekt.sk\/default.aspx?smi=1&amp;ami=1&amp;ltr=n&amp;vid=175\" target=\"_blank\">rodovej nerovnosti<\/a>, ktor\u00fd vedie alebo by mohol vies\u0165 k fyzickej, sexu\u00e1lnej alebo psychickej ujme alebo zraneniu \u017eien, vr\u00e1tane vyhr\u00e1\u017eania sa tak\u00fdmito \u010dinmi, zastra\u0161ovania alebo svojvo\u013en\u00e9ho obmedzovania slobody, a to vo verejnom \u010di s\u00fakromnom \u017eivote\u201d.<\/p>\n<p>OSN ch\u00e1pe n\u00e1silie na \u017een\u00e1ch ako rodovo podmienen\u00e9 n\u00e1silie, teda ako n\u00e1silie sp\u00f4soben\u00e9 a umo\u017enen\u00e9\u00a0<a href=\"http:\/\/glosar.aspekt.sk\/default.aspx?smi=1&amp;ami=1&amp;ltr=n&amp;vid=175\" target=\"_blank\">rodovou nerovnos\u0165ou<\/a>, \u010di\u017ee nadradenos\u0165ou mu\u017eov a podriadenos\u0165ou \u017eien. Pou\u017e\u00edvaj\u00fa sa aj in\u00e9 pojmy: Pojem n\u00e1silie v p\u00e1rov\u00fdch, resp. int\u00edmnych vz\u0165ahoch ozna\u010duje tie pr\u00edpady n\u00e1silia, ke\u010f je obe\u0165ou n\u00e1silia \u017eena a \u00fato\u010dn\u00edkom jej man\u017eel alebo b\u00fdval\u00fd man\u017eel, resp. partner; tieto pr\u00edpady tvoria viac ako 90 % pr\u00edpadov dom\u00e1ceho n\u00e1silia. Dom\u00e1ce n\u00e1silie (aj n\u00e1silie v rodine) je n\u00e1silie p\u00e1chan\u00e9 v dom\u00e1cnosti alebo v r\u00e1mci rodiny; predpoklad\u00e1 bl\u00edzky vz\u0165ah medzi n\u00e1siln\u00edkom a obe\u0165ou (zah\u0155\u0148a aj n\u00e1silie medzi s\u00farodencami, n\u00e1silie rodi\u010dov vo\u010di de\u0165om, n\u00e1silie vo\u010di seniorom a pod.). Niektor\u00e9 vymedzenia nepomenov\u00e1vaj\u00fa len skupiny, ktor\u00e9 sa spravidla st\u00e1vaj\u00fa obe\u0165ami n\u00e1silia, ale aj jeho naj\u010dastej\u0161\u00edch p\u00e1chate\u013eov, napr. n\u00e1silie mu\u017eov vo\u010di \u017een\u00e1m a de\u0165om a \u010f. Rozdiely v jednotliv\u00fdch pomenovaniach a defin\u00edci\u00e1ch n\u00e1silia p\u00e1chan\u00e9ho na \u017een\u00e1ch spo\u010d\u00edvaj\u00fa najm\u00e4 v \u0161\u00edrke z\u00e1beru a v \u00fa\u010dele, na ktor\u00fd sa defin\u00edcia vyu\u017e\u00edva, ale aj v tom, \u010di sa zameriava na popis foriem n\u00e1silia, jeho pr\u00ed\u010din \u010di d\u00f4sledkov, alebo na p\u00e1chate\u013ea. V\u0161etky maj\u00fa spolo\u010dn\u00e9 to, \u017ee ch\u00e1pu n\u00e1silie na \u017een\u00e1ch ako poru\u0161enie \u013eudsk\u00fdch pr\u00e1v \u017eien.<\/p>\n<p><span style=\"font-size: 12px;line-height: 18px\">\u010cl\u00e1nok 2 Deklar\u00e1cie OSN uv\u00e1dza, \u017ee defin\u00edcia n\u00e1silia v \u010dl\u00e1nku 1 sa t\u00fdka fyzick\u00e9ho, sexu\u00e1lneho a psychick\u00e9ho n\u00e1silia vyskytuj\u00faceho sa v rodine a spolo\u010dnosti \u2013 vr\u00e1tane bitia, sexu\u00e1lneho zneu\u017e\u00edvania diev\u010dat, vym\u00e1hania vena, zn\u00e1silnenia v man\u017eelstve, obriezky \u017eien a in\u00fdch tradi\u010dn\u00fdch zvykov po\u0161kodzuj\u00facich \u017eeny, mimoman\u017eelsk\u00e9ho n\u00e1silia, n\u00e1silia spojen\u00e9ho s vykoris\u0165ovan\u00edm, sexu\u00e1lneho ob\u0165a\u017eovania a zastra\u0161ovania v pr\u00e1ci, vo vzdel\u00e1vac\u00edch in\u0161tit\u00faci\u00e1ch a inde, obchodu so \u017eenami, n\u00fatenej prostit\u00facie a n\u00e1silia p\u00e1chan\u00e9ho alebo prehliadan\u00e9ho \u0161t\u00e1tom -, ale neobmedzuje sa len na\u0148. Je d\u00f4le\u017eit\u00e9, \u017ee t\u00e1to defin\u00edcia uzn\u00e1va aj telesn\u00fa, aj du\u0161evn\u00fa ujmu a hrozbu takouto ujmou aj vo verejnej, aj v s\u00fakromnej sf\u00e9re.<\/span><\/p>\n<p>N\u00e1silie sa m\u00f4\u017ee vyskytn\u00fa\u0165 v hociktorom obdob\u00ed \u017eivota \u017eeny:<\/p>\n<ul>\n<li><span style=\"text-decoration: underline\">pred naroden\u00edm:\u00a0<\/span><span style=\"font-size: 12px;line-height: 18px\">umel\u00e9 preru\u0161enie tehotenstva na z\u00e1klade v\u00fdsledkov pohlavnej selekcie plodu (\u010c\u00edna, India, K\u00f3rejsk\u00e1 republika), bitky po\u010das tehotenstva (citov\u00e9 a telesn\u00e9 \u00fa\u010dinky na \u017eenu, vplyv na plod), n\u00faten\u00e9 tehotenstvo (napr. masov\u00e9 zn\u00e1sil\u0148ovanie vo vojne)<\/span><\/li>\n<li><span style=\"text-decoration: underline\">v doj\u010denskom veku<\/span>:\u00a0<span style=\"font-size: 12px;line-height: 18px\">vra\u017edenie novorodencov \u017eensk\u00e9ho pohlavia, psychick\u00e9 a fyzick\u00e9 t\u00fdranie, odli\u0161n\u00e9 poskytovanie stravy a zdravotnej starostlivosti diev\u010dat\u00e1m<\/span><\/li>\n<li><span style=\"text-decoration: underline\">v detstve diev\u010dat:\u00a0<\/span><span style=\"font-size: 12px;line-height: 18px\">detsk\u00e9 man\u017eelstv\u00e1, mrza\u010denie genit\u00e1li\u00ed, sexu\u00e1lne zneu\u017e\u00edvanie \u010dlenmi rodiny a in\u00fdmi, odli\u0161n\u00e9 stravovanie a poskytovanie zdravotn\u00edckej starostlivosti, detsk\u00e1 prostit\u00facia<\/span><\/li>\n<li><span style=\"text-decoration: underline\">v dospievan\u00ed:\u00a0<\/span><span style=\"font-size: 12px;line-height: 18px\">vyn\u00faten\u00e9 zn\u00e1mosti a dvorenie (napr. oblievanie kyselinou v Banglad\u00e9\u0161i, zn\u00e1silnenie na sch\u00f4dzke v Spojen\u00fdch \u0161t\u00e1toch), ekonomicky vyn\u00faten\u00fd sex (africk\u00e9 stredo\u0161kol\u00e1\u010dky, ktor\u00e9 sa musia sch\u00e1dza\u0165 s \u201emil\u00fdmi star\u010dekmi\u201d, aby mali na \u0161koln\u00e9), sexu\u00e1lne zneu\u017e\u00edvanie na pracovisku, zn\u00e1silnenie, sexu\u00e1lne ob\u0165a\u017eovanie, n\u00faten\u00e1 prostit\u00facia, obchod so \u017eenami<\/span><\/li>\n<li><span style=\"text-decoration: underline\">v reproduk\u010dnom veku:<\/span>\u00a0<span style=\"font-size: 12px;line-height: 18px\">t\u00fdranie \u017eien int\u00edmnymi mu\u017esk\u00fdmi partnermi, zn\u00e1silnenie v man\u017eelstve, vym\u00e1hanie vena a vra\u017edy pre veno, vra\u017eda partnerky, psychick\u00e9 t\u00fdranie, sexu\u00e1lne zneu\u017e\u00edvanie na pracovisku, sexu\u00e1lne ob\u0165a\u017eovanie, zn\u00e1silnenie, t\u00fdranie telesne postihnut\u00fdch \u017eien<\/span><\/li>\n<li><span style=\"text-decoration: underline\">v star\u0161om veku:<\/span>\u00a0<span style=\"font-size: 12px;line-height: 18px\">t\u00fdranie vdov, t\u00fdranie \u013eud\u00ed vo vy\u0161\u0161om veku (v USA, v jedinom \u0161t\u00e1te, kde s\u00fa \u00fadaje k dispoz\u00edcii, t\u00fdranie \u013eud\u00ed v star\u0161om veku sa t\u00fdka v\u00e4\u010d\u0161inou \u017eien).<\/span><\/li>\n<\/ul>\n<p>Mnoho \u017eien pre\u017eije v \u017eivote viacero pr\u00edpadov n\u00e1silia. D\u00f4kazy nasved\u010duj\u00fa, \u017ee v \u010d\u00edm ranej\u0161om veku \u017eeninho \u017eivota sa n\u00e1silie vyskytne \u2013 najm\u00e4 sexu\u00e1lne n\u00e1silie -, t\u00fdm hlb\u0161ie a trvalej\u0161ie s\u00fa jeho n\u00e1sledky.<\/p>\n<p>Najbe\u017enej\u0161ou formou n\u00e1silia p\u00e1chan\u00e9ho na \u017een\u00e1ch je t\u00fdranie man\u017eeliek \u2013 presnej\u0161ie, t\u00fdranie \u017eien ich int\u00edmnymi partnermi. \u0160t\u00fadie z r\u00f4znych kraj\u00edn ukazuj\u00fa, \u017ee spravidla \u0161tvrtina a\u017e viac ne\u017e polovica \u017eien uv\u00e1dza, \u017ee im s\u00fa\u010dasn\u00fd alebo b\u00fdval\u00fd partner telesne ubli\u017eoval. E\u0161te v\u00e4\u010d\u0161ie percento za\u017e\u00edvalo s\u00fastavn\u00e9 emocion\u00e1lne aj psychick\u00e9 t\u00fdranie, formu n\u00e1silia, ktor\u00fa mnoh\u00e9\u00a0 \u017eeny pova\u017euj\u00fa za hor\u0161iu ne\u017e telesn\u00e9 t\u00fdranie.<\/p>\n<p>V mnoh\u00fdch krajin\u00e1ch s\u00fa \u017eeny vychov\u00e1van\u00e9 tak, aby telesn\u00e9 a citov\u00e9 tresty pova\u017eovali za man\u017eelovo neod\u0148ate\u013en\u00e9 man\u017eelsk\u00e9 pr\u00e1vo, \u010d\u00edm sa vymedzuje rozsah spr\u00e1vania, ktor\u00fd sa poklad\u00e1 za t\u00fdranie. Navy\u0161e sa \u017eeny niekedy ve\u013emi neochotne prizn\u00e1vaj\u00fa k tomu, \u017ee s\u00fa t\u00fdran\u00e9, preto\u017ee sa hanbia, alebo sa boja obvini\u0165 niektor\u00e9ho \u010dlena rodiny. Obidve skuto\u010dnosti ved\u00fa k tomu, \u017ee je ve\u013emi \u0165a\u017ek\u00e9 zachyti\u0165 skuto\u010dn\u00fd rozsah n\u00e1silia. N\u00e1silie v int\u00edmnom vz\u0165ahu je z\u00e1va\u017en\u00fd probl\u00e9m, ktor\u00e9ho korene siahaj\u00fa k nerovn\u00e9mu rozdeleniu moci medzi mu\u017emi a \u017eenami v spolo\u010dnosti. S\u00fakromn\u00e1 sf\u00e9ra sa tradi\u010dne ch\u00e1pe ako nedotknute\u013en\u00e1 a pre \u201cvonkaj\u0161\u00ed\u201d svet nepr\u00edstupn\u00e1 oblas\u0165, ako priestor, kde \u010dlovek za\u017e\u00edva pozit\u00edvne osobn\u00e9 vz\u0165ahy a em\u00f3cie, pri\u010dom za jeho fungovanie s\u00fa u n\u00e1s tradi\u010dne zodpovedn\u00e9 \u017eeny. Pr\u00e1ve pre tieto predstavy a o\u010dak\u00e1vania je tak\u00e9 \u0165a\u017ek\u00e9 o n\u00e1sil\u00ed v p\u00e1rov\u00fdch vz\u0165ahoch hovori\u0165 verejne. Tie\u017e je d\u00f4le\u017eit\u00e9 si uvedomi\u0165, \u017ee \u017eeny s\u00fa t\u00fdran\u00e9 nez\u00e1visle od svojho soci\u00e1lneho postavenia, svojej etnickej alebo n\u00e1bo\u017eenskej pr\u00edslu\u0161nosti, a mu\u017ei t\u00fdraj\u00fa nez\u00e1visle od svojho soci\u00e1lneho postavenia, svojej etnickej alebo n\u00e1bo\u017eenskej pr\u00edslu\u0161nosti.<\/p>\n<p>\u0160tatistiky z cel\u00e9ho sveta sved\u010dia o tom, \u017ee v \u017eivote \u017eien a diev\u010dat je be\u017en\u00e9 najm\u00e4 sexu\u00e1lne, sexualizovan\u00e9 n\u00e1silie. \u0160t\u00fadie z USA napr. ukazuj\u00fa, \u017ee ka\u017ed\u00e1 piata a\u017e siedma \u017eena v USA sa v \u017eivote stane obe\u0165ou dokonan\u00e9ho zn\u00e1silnenia. V dejin\u00e1ch boli \u017eeny opakovane vystavovan\u00e9 aj mimoriadne brut\u00e1lnym zn\u00e1silneniam po\u010das vojen. V ned\u00e1vnej minulosti bolo masov\u00e9 zn\u00e1sil\u0148ovanie zdokumentovan\u00e9 v Bosne, Kambod\u017ei, Lib\u00e9rii, Peru, Som\u00e1lsku a Ugande. V\u00fdskumn\u00e1 skupina Eur\u00f3pskeho spolo\u010denstva odhaduje, \u017ee v Bosne bolo od za\u010diatku bojov v apr\u00edli 1992 zn\u00e1silnen\u00fdch viac ako 20 000 moslimsk\u00fdch \u017eien. Mnoh\u00e9 z nich boli zavret\u00e9 v \u201ezn\u00e1sil\u0148ovac\u00edch t\u00e1boroch\u201d, kde boli opakovane zn\u00e1sil\u0148ovan\u00e9 a n\u00faten\u00e9 proti svojej v\u00f4li nechcen\u00e9 deti porodi\u0165. Aj tieto pr\u00edklady sved\u010dia o tom, \u017ee zn\u00e1sil\u0148ovanie vo vojn\u00e1ch nie je nov\u00fd fenom\u00e9n a nevyskytuje sa len v rozvojov\u00fdch krajin\u00e1ch. \u00dadaje z\u00edskan\u00e9 z medzikult\u00farnych prieskumov v kr\u00edzov\u00fdch centr\u00e1ch pre obete zn\u00e1silnenia odha\u013euj\u00fa, \u017ee 40-58 percent pr\u00edpadov sexu\u00e1lnych \u00fatokov je sp\u00e1chan\u00fdch na 15-ro\u010dn\u00fdch a mlad\u0161\u00edch diev\u010dat\u00e1ch, vr\u00e1tane diev\u010dat mlad\u0161\u00edch ako 10 \u010di 11 rokov. V\u00e4\u010d\u0161inu zn\u00e1silnen\u00ed sp\u00e1chaj\u00fa rodinn\u00ed pr\u00edslu\u0161n\u00edci alebo in\u00e9 osoby, ktor\u00e9 obe\u0165 pozn\u00e1. S\u00fadne \u0161tatistiky a \u00fadaje z kr\u00edzov\u00fdch centier pre obete zn\u00e1silnenia ukazuj\u00fa, \u017ee viac ako 60 percent zn\u00e1silnen\u00fdch obet\u00ed p\u00e1chate\u013ea poznalo.<\/p>\n<p>Do kateg\u00f3rie rodovo podmienen\u00e9ho n\u00e1silia mo\u017eno zaradi\u0165 aj kult\u00farne zvyky po\u0161kodzuj\u00face \u017eeny, ako s\u00fa napr. mutil\u00e1cia (mrza\u010denie) genit\u00e1li\u00ed, detsk\u00e9 svadby a in\u00e9 \u0161kodliv\u00e9 zvyky a aktivity be\u017en\u00e9 vo vyspel\u00fdch spolo\u010dnostiach, ktor\u00e9 s\u00fa motivovan\u00e9 t\u00fa\u017ebou urobi\u0165 zo \u017eien prijate\u013en\u00e9, pr\u00ed\u0165a\u017eliv\u00e9 sexu\u00e1lne partnerky pre mu\u017eov. Patria medzi ne patologick\u00e9 stravovanie (anorexia a bul\u00edmia) a vysoko rizikov\u00e9 kozmetick\u00e9 oper\u00e1cie.<\/p>\n<p>Skuto\u010dnos\u0165, \u017ee svet \u010doraz \u010dastej\u0161ie uzn\u00e1va rodovo podmienen\u00e9 n\u00e1silie za d\u00f4le\u017eit\u00fd probl\u00e9m, je predov\u0161etk\u00fdm v\u00fdsledkom snahy druhej vlny feministick\u00e9ho hnutia, ktor\u00e9 sa najm\u00e4 od 70. rokov 20. storo\u010dia s\u00fastredilo na detabuizovanie a pomenovanie n\u00e1silia p\u00e1chan\u00e9ho na \u017een\u00e1ch. Verejn\u00e1 tematiz\u00e1cia n\u00e1silia p\u00e1chan\u00e9ho na \u017een\u00e1ch bola (a je) prv\u00fdm krokom k jeho rozpoznaniu a elimin\u00e1cii. Od roku 2001 sa v mnoh\u00fdch \u0161t\u00e1toch ka\u017edoro\u010dne uskuto\u010d\u0148uje 16-d\u0148ov\u00e1 kampa\u0148 proti n\u00e1siliu na \u017een\u00e1ch. Kampa\u0148 prebieha v obdob\u00ed od 25. novembra (Medzin\u00e1rodn\u00fd de\u0148 za odstr\u00e1nenie n\u00e1silia na \u017een\u00e1ch) do 10. decembra (Medzin\u00e1rodn\u00fd de\u0148 v\u0161eobecn\u00fdch \u013eudsk\u00fdch pr\u00e1v). Poukazuje na fakt, \u017ee n\u00e1silie na \u017een\u00e1ch je \u201ezlo\u010din proti \u013eudskosti\u201d a \u017ee je nevyhnutn\u00e9 vyu\u017e\u00edva\u0165 \u201emedzin\u00e1rodn\u00e9 n\u00e1stroje na ochranu \u013eudsk\u00fdch pr\u00e1v na predch\u00e1dzanie v\u0161etk\u00fdm form\u00e1m n\u00e1silia na \u017een\u00e1ch a diskrimin\u00e1cii \u017eien a na integrovanie rodov\u00e9ho pr\u00edstupu do z\u00e1kladn\u00fdch spolo\u010densko-politick\u00fdch a kult\u00farnych funkci\u00ed spolo\u010dnosti\u201d. Zd\u00f4raz\u0148uje v\u00fdznam spolupr\u00e1ce ofici\u00e1lnych miest s MVO, ako aj spolupr\u00e1ce v\u0161etk\u00fdch zlo\u017eiek ob\u010dianskej spolo\u010dnosti a m\u00e9di\u00ed \u201epri zvy\u0161ovan\u00ed informovanosti verejnosti a pri mobiliz\u00e1cii zdrojov, expert\u00edz a inform\u00e1ci\u00ed na podporu \u017eien\u201d.<\/p>\n<p>&nbsp;<\/p>\n<p><em>Zdroj:\u00a0<\/em><\/p>\n<p><em><strong><a href=\"http:\/\/www.gender.gov.sk\/zastavmenasilie\/informacie\/publikacie\/\">Kona\u0165 proti n\u00e1siliu na \u017een\u00e1ch<\/a><\/strong>.\u00a0Vydalo Ministerstvo pr\u00e1ce, soci\u00e1lnych vec\u00ed a rodiny SR v spolupr\u00e1ci s Iniciat\u00edvou Piata \u017eena v roku 2008\u00a0v r\u00e1mci N\u00e1rodnej kampane SR Zastavme dom\u00e1ce n\u00e1silie na \u017een\u00e1ch,\u00a0ktor\u00fa iniciovala Rada Eur\u00f3py.\u00a0Na vydanie pripravili OZ Pro Familia a\u00a0<a href=\"http:\/\/www.aspekt.sk\" target=\"_blank\">ZZ\u017d ASPEKT.<\/a><\/em><\/p>\n<p>&nbsp;<\/p>\n","protected":false},"excerpt":{"rendered":"<p>N\u00e1silie p\u00e1chan\u00e9 na \u017een\u00e1ch (Violence against women)\u00a0Takto sa v Deklar\u00e1cii o odstr\u00e1nen\u00ed n\u00e1silia p\u00e1chan\u00e9ho na \u017een\u00e1ch, schv\u00e1lenej Valn\u00fdm zhroma\u017eden\u00edm OSN v roku 1993, ozna\u010duje \u201eak\u00fdko\u013evek n\u00e1siln\u00fd \u010din, zalo\u017een\u00fd na\u00a0rodovej nerovnosti, ktor\u00fd vedie alebo by mohol vies\u0165 k fyzickej, sexu\u00e1lnej alebo psychickej ujme alebo zraneniu \u017eien, vr\u00e1tane vyhr\u00e1\u017eania sa tak\u00fdmito \u010dinmi, zastra\u0161ovania alebo svojvo\u013en\u00e9ho obmedzovania slobody, &hellip; <\/p>\n<p><a class=\"more-link block-button\" href=\"https:\/\/www.gender.gov.sk\/zastavmenasilie\/o-nasili-2\/\">\u010c\u00edta\u0165 viac &raquo;<\/a><\/p>\n","protected":false},"author":2,"featured_media":0,"parent":0,"menu_order":4,"comment_status":"open","ping_status":"open","template":"","meta":[],"_links":{"self":[{"href":"https:\/\/www.gender.gov.sk\/zastavmenasilie\/wp-json\/wp\/v2\/pages\/191"}],"collection":[{"href":"https:\/\/www.gender.gov.sk\/zastavmenasilie\/wp-json\/wp\/v2\/pages"}],"about":[{"href":"https:\/\/www.gender.gov.sk\/zastavmenasilie\/wp-json\/wp\/v2\/types\/page"}],"author":[{"embeddable":true,"href":"https:\/\/www.gender.gov.sk\/zastavmenasilie\/wp-json\/wp\/v2\/users\/2"}],"replies":[{"embeddable":true,"href":"https:\/\/www.gender.gov.sk\/zastavmenasilie\/wp-json\/wp\/v2\/comments?post=191"}],"version-history":[{"count":6,"href":"https:\/\/www.gender.gov.sk\/zastavmenasilie\/wp-json\/wp\/v2\/pages\/191\/revisions"}],"predecessor-version":[{"id":244,"href":"https:\/\/www.gender.gov.sk\/zastavmenasilie\/wp-json\/wp\/v2\/pages\/191\/revisions\/244"}],"wp:attachment":[{"href":"https:\/\/www.gender.gov.sk\/zastavmenasilie\/wp-json\/wp\/v2\/media?parent=191"}],"curies":[{"name":"wp","href":"https:\/\/api.w.org\/{rel}","templated":true}]}}