{"id":24,"date":"2012-06-27T06:49:01","date_gmt":"2012-06-27T06:49:01","guid":{"rendered":"http:\/\/www.gender.gov.sk\/zastavmenasilie\/?page_id=24"},"modified":"2017-04-12T06:43:45","modified_gmt":"2017-04-12T06:43:45","slug":"o-nasili","status":"publish","type":"page","link":"https:\/\/www.gender.gov.sk\/zastavmenasilie\/","title":{"rendered":"O n\u00e1s"},"content":{"rendered":"<h1><span style=\"color: #800000\">TOTO JE ARCH\u00cdVNA STR\u00c1NKA, AKTU\u00c1LNU STR\u00c1NKU N\u00c1JDETE NA<\/span>\u00a0<span style=\"color: #ff0000\"><a style=\"color: #ff0000\" href=\"http:\/\/www.zastavmenasilie.gov.sk\">WWW.ZASTAVMENASILIE.GOV.SK<\/a><\/span><\/h1>\n<p>Predch\u00e1dzanie a zni\u017eovanie n\u00e1silia na \u017een\u00e1ch a dom\u00e1ceho n\u00e1silia je jednou z hlavn\u00fdch prior\u00edt ochrany a podpory \u013eudsk\u00fdch pr\u00e1v.Poslan\u00edm <strong>Koordina\u010dno-metodick\u00e9ho centra pre rodovo podmienen\u00e9 a dom\u00e1ce n\u00e1silie (<\/strong>KMC) je preto v s\u00falade s <a href=\"http:\/\/www.gender.gov.sk\/wp-content\/uploads\/2012\/06\/NAP_nasilie_print.pdf\">N\u00e1rodn\u00fdm ak\u010dn\u00fdm pl\u00e1nom na prevenciu a elimin\u00e1ciu n\u00e1silia p\u00e1chan\u00e9ho na \u017een\u00e1ch na roky 2014-2019<\/a>vytvori\u0165, implementova\u0165 a koordinova\u0165 komplexn\u00fa celo\u0161t\u00e1tnu politiku pre dan\u00fa oblas\u0165. KMC je vytvoren\u00e9 v r\u00e1mci In\u0161tit\u00fatu pre v\u00fdskum pr\u00e1ce a rodiny v r\u00e1mci rovnomenn\u00e9ho propjektu, podporen\u00e9ho \u00daradom vl\u00e1dy z <a href=\"http:\/\/www.eeagrants.sk\/\" target=\"_blank\">N\u00f3rskeho finan\u010dn\u00e9ho mechanizmu,<\/a> program <a href=\"http:\/\/www.eeagrants.sk\/domace-nasilie\/\" target=\"_blank\">SK09 Rodovo podmienen\u00e9 a dom\u00e1ce n\u00e1silie<\/a>.<\/p>\n<p><a title=\"Inform\u00e1cie\" href=\"http:\/\/www.gender.gov.sk\/zastavmenasilie\/kmc\/\"><span style=\"color: #993300;font-size: 16px;font-weight: normal\">Aktivity KMC &gt;<\/span><\/a><\/p>\n<p>Na\u0161a pon\u00faka inform\u00e1cie o z\u00e1konoch a strategick\u00fdch r\u00e1mcoch, ako i aktivit\u00e1ch KMC a Ministerstva pr\u00e1ce, soci\u00e1lnych vec\u00ed a rodiny SR. Pre cel\u00fa \u0161k\u00e1lu profesi\u00ed poskytuje str\u00e1nka <a title=\"Inform\u00e1cie\" href=\"http:\/\/www.gender.gov.sk\/zastavmenasilie\/informacie-3\/\">z\u00e1kladn\u00e9 odpor\u00fa\u010dania<\/a>\u00a0pre pr\u00e1cu so \u017eenami za\u017e\u00edvaj\u00facimi partnersk\u00e9 n\u00e1silie.<\/p>\n<p><a title=\"Inform\u00e1cie\" href=\"http:\/\/www.gender.gov.sk\/zastavmenasilie\/informacie-3\/\"><span style=\"color: #993300;font-size: 16px;font-weight: normal\">Odpor\u00fa\u010dania pre pr\u00e1cu so \u017eenami &gt;<\/span><\/a><\/p>\n<p>Pre \u017eeny (lebo in\u00e9 obete dom\u00e1ceho n\u00e1silia),ktor\u00e9 h\u013eadaj\u00fa pomoc, poskytuje <a title=\"Porad\u0148a\" href=\"http:\/\/www.gender.gov.sk\/zastavmenasilie\/pomoc\/\">z\u00e1kladn\u00e9 poradenstvo<\/a> a <a title=\"Organiz\u00e1cie\" href=\"http:\/\/www.gender.gov.sk\/zastavmenasilie\/organizacie\/\">preh\u013ead organiz\u00e1ci\u00ed<\/a>poskytuj\u00facich slu\u017eby \u017een\u00e1m za\u017e\u00edvaj\u00facim n\u00e1silie v p\u00e1rov\u00fdch vz\u0165ahoch resp. dom\u00e1ce n\u00e1silie, pr\u00edpadne in\u00e9 formy n\u00e1silia.<\/p>\n<p><span style=\"font-size: 16px;font-weight: normal\"><a href=\"http:\/\/www.gender.gov.sk\/zastavmenasilie\/organizacie\/\">Poradensk\u00e9 a ubytovacie slu\u017eby pre obete dom\u00e1ceho n\u00e1silia &gt;<\/a><\/span><\/p>\n<p><span style=\"color: #993300\">S\u00fa\u010das\u0165ou KMC je aj\u00a0n\u00e1rodn\u00e1 bezplatn\u00e1 non-stop \u00a0linka pre \u017eeny za\u017e\u00edvaj\u00face n\u00e1silie 0800 212 212.<\/span><\/p>\n<p>&nbsp;<\/p>\n<p><span style=\"font-size: large;color: #993300\">Aktuality<\/span><\/p>\n","protected":false},"excerpt":{"rendered":"<p>TOTO JE ARCH\u00cdVNA STR\u00c1NKA, AKTU\u00c1LNU STR\u00c1NKU N\u00c1JDETE NA\u00a0WWW.ZASTAVMENASILIE.GOV.SK Predch\u00e1dzanie a zni\u017eovanie n\u00e1silia na \u017een\u00e1ch a dom\u00e1ceho n\u00e1silia je jednou z hlavn\u00fdch prior\u00edt ochrany a podpory \u013eudsk\u00fdch pr\u00e1v.Poslan\u00edm Koordina\u010dno-metodick\u00e9ho centra pre rodovo podmienen\u00e9 a dom\u00e1ce n\u00e1silie (KMC) je preto v s\u00falade s N\u00e1rodn\u00fdm ak\u010dn\u00fdm pl\u00e1nom na prevenciu a elimin\u00e1ciu n\u00e1silia p\u00e1chan\u00e9ho na \u017een\u00e1ch na roky 2014-2019vytvori\u0165, &hellip; <\/p>\n<p><a class=\"more-link block-button\" href=\"https:\/\/www.gender.gov.sk\/zastavmenasilie\/\">\u010c\u00edta\u0165 viac &raquo;<\/a><\/p>\n","protected":false},"author":2,"featured_media":0,"parent":0,"menu_order":0,"comment_status":"closed","ping_status":"closed","template":"","meta":[],"_links":{"self":[{"href":"https:\/\/www.gender.gov.sk\/zastavmenasilie\/wp-json\/wp\/v2\/pages\/24"}],"collection":[{"href":"https:\/\/www.gender.gov.sk\/zastavmenasilie\/wp-json\/wp\/v2\/pages"}],"about":[{"href":"https:\/\/www.gender.gov.sk\/zastavmenasilie\/wp-json\/wp\/v2\/types\/page"}],"author":[{"embeddable":true,"href":"https:\/\/www.gender.gov.sk\/zastavmenasilie\/wp-json\/wp\/v2\/users\/2"}],"replies":[{"embeddable":true,"href":"https:\/\/www.gender.gov.sk\/zastavmenasilie\/wp-json\/wp\/v2\/comments?post=24"}],"version-history":[{"count":47,"href":"https:\/\/www.gender.gov.sk\/zastavmenasilie\/wp-json\/wp\/v2\/pages\/24\/revisions"}],"predecessor-version":[{"id":1691,"href":"https:\/\/www.gender.gov.sk\/zastavmenasilie\/wp-json\/wp\/v2\/pages\/24\/revisions\/1691"}],"wp:attachment":[{"href":"https:\/\/www.gender.gov.sk\/zastavmenasilie\/wp-json\/wp\/v2\/media?parent=24"}],"curies":[{"name":"wp","href":"https:\/\/api.w.org\/{rel}","templated":true}]}}