{"id":246,"date":"2013-05-31T19:27:26","date_gmt":"2013-05-31T19:27:26","guid":{"rendered":"http:\/\/www.gender.gov.sk\/zastavmenasilie\/?page_id=246"},"modified":"2013-06-17T20:15:19","modified_gmt":"2013-06-17T20:15:19","slug":"kampane","status":"publish","type":"page","link":"https:\/\/www.gender.gov.sk\/zastavmenasilie\/o-nasili-2\/kniznica\/kampane\/","title":{"rendered":"Kampane"},"content":{"rendered":"<p>Na Slovensku mimovl\u00e1dne feministick\u00e9 organiz\u00e1cie realizovali celon\u00e1rodn\u00fa kampa\u0148 po prv\u00fd raz v roku 2001 pod n\u00e1zvom Piata \u017eena. Predch\u00e1dzalo jej intenz\u00edvne a dlhodob\u00e9 \u00fasilie (pribli\u017ene od roku 1998) viacer\u00fdch \u017eensk\u00fdch organiz\u00e1ci\u00ed medializova\u0165 t\u00e9mu n\u00e1silia na \u017een\u00e1ch z feministick\u00e9ho h\u013eadiska. V\u010faka publik\u00e1ci\u00e1m Aspektu a zdru\u017eenia Pro Familia na t\u00e9mu n\u00e1silia na \u017een\u00e1ch a v\u010faka pr\u00e1ci s m\u00e9diami mohlo sedem MVO v roku 2001 vst\u00fapi\u0165 do tejto medzin\u00e1rodnej aktivity. Kampa\u0148 trvala a\u017e do febru\u00e1ra 2002. Pripravili ju Pro Familia (<a href=\"http:\/\/www.profamilia.sk\/\" target=\"blank\">www.profamilia.sk<\/a>), Mo\u017enos\u0165 vo\u013eby (<a href=\"http:\/\/www.moznostvolby.sk\/\" target=\"blank\">www.moznostvolby.sk<\/a>), Fenestra (<a href=\"http:\/\/www.fenestra.sk\/\" target=\"blank\">www.fenestra.sk<\/a>), Eset (dnes EsFem,\u00a0<a href=\"http:\/\/www.esfem.sk\/\" target=\"blank\">www.esfem.sk<\/a>), Aspekt (<a href=\"http:\/\/www.aspekt.sk\/\" target=\"blank\">www.aspekt.sk<\/a>), Altera (<a href=\"http:\/\/www.altera.sk\/\" target=\"blank\">www.altera.sk<\/a>, nesk\u00f4r aj Podisea) a Aliancia \u017eien Slovenska (<a href=\"http:\/\/www.alianciazien.sk\/\" target=\"blank\">www.alianciazien.sk<\/a>). V roku 2002 sa uskuto\u010dnil druh\u00fd ro\u010dn\u00edk celon\u00e1rodnej kampane. Obe celon\u00e1rodn\u00e9 kampane organizovali v\u00fdlu\u010dne MVO za finan\u010dnej podpory zahrani\u010dn\u00fdch a dom\u00e1cich nez\u00e1visl\u00fdch donorov, ofici\u00e1lne in\u0161tit\u00facie ju nepodporili finan\u010dne ani ofici\u00e1lnym vyhl\u00e1sen\u00edm.<\/p>\n<p>&nbsp;<\/p>\n","protected":false},"excerpt":{"rendered":"<p>Na Slovensku mimovl\u00e1dne feministick\u00e9 organiz\u00e1cie realizovali celon\u00e1rodn\u00fa kampa\u0148 po prv\u00fd raz v roku 2001 pod n\u00e1zvom Piata \u017eena. Predch\u00e1dzalo jej intenz\u00edvne a dlhodob\u00e9 \u00fasilie (pribli\u017ene od roku 1998) viacer\u00fdch \u017eensk\u00fdch organiz\u00e1ci\u00ed medializova\u0165 t\u00e9mu n\u00e1silia na \u017een\u00e1ch z feministick\u00e9ho h\u013eadiska. V\u010faka publik\u00e1ci\u00e1m Aspektu a zdru\u017eenia Pro Familia na t\u00e9mu n\u00e1silia na \u017een\u00e1ch a v\u010faka pr\u00e1ci s &hellip; <\/p>\n<p><a class=\"more-link block-button\" href=\"https:\/\/www.gender.gov.sk\/zastavmenasilie\/o-nasili-2\/kniznica\/kampane\/\">\u010c\u00edta\u0165 viac &raquo;<\/a><\/p>\n","protected":false},"author":2,"featured_media":0,"parent":505,"menu_order":9,"comment_status":"open","ping_status":"closed","template":"","meta":[],"_links":{"self":[{"href":"https:\/\/www.gender.gov.sk\/zastavmenasilie\/wp-json\/wp\/v2\/pages\/246"}],"collection":[{"href":"https:\/\/www.gender.gov.sk\/zastavmenasilie\/wp-json\/wp\/v2\/pages"}],"about":[{"href":"https:\/\/www.gender.gov.sk\/zastavmenasilie\/wp-json\/wp\/v2\/types\/page"}],"author":[{"embeddable":true,"href":"https:\/\/www.gender.gov.sk\/zastavmenasilie\/wp-json\/wp\/v2\/users\/2"}],"replies":[{"embeddable":true,"href":"https:\/\/www.gender.gov.sk\/zastavmenasilie\/wp-json\/wp\/v2\/comments?post=246"}],"version-history":[{"count":4,"href":"https:\/\/www.gender.gov.sk\/zastavmenasilie\/wp-json\/wp\/v2\/pages\/246\/revisions"}],"predecessor-version":[{"id":587,"href":"https:\/\/www.gender.gov.sk\/zastavmenasilie\/wp-json\/wp\/v2\/pages\/246\/revisions\/587"}],"up":[{"embeddable":true,"href":"https:\/\/www.gender.gov.sk\/zastavmenasilie\/wp-json\/wp\/v2\/pages\/505"}],"wp:attachment":[{"href":"https:\/\/www.gender.gov.sk\/zastavmenasilie\/wp-json\/wp\/v2\/media?parent=246"}],"curies":[{"name":"wp","href":"https:\/\/api.w.org\/{rel}","templated":true}]}}