{"id":259,"date":"2013-05-31T20:22:28","date_gmt":"2013-05-31T20:22:28","guid":{"rendered":"http:\/\/www.gender.gov.sk\/zastavmenasilie\/?page_id=259"},"modified":"2016-10-20T19:36:17","modified_gmt":"2016-10-20T19:36:17","slug":"usmernenia","status":"publish","type":"page","link":"https:\/\/www.gender.gov.sk\/zastavmenasilie\/informacie\/usmernenia\/","title":{"rendered":"Usmernenia a \u0161tandardy"},"content":{"rendered":"<h4><a href=\"http:\/\/www.gender.gov.sk\/zastavmenasilie\/files\/2013\/05\/Odborne-usmernenie-MZ-SR-k-nasiliu-na-zenach.pdf\">Odborn\u00e9 usmernenie MZ SR o postupe zdravotn\u00edckych pracovn\u00edkov pri poskytovan\u00ed zdravotnej starostlivosti\u00a0\u017eene ohrozenej n\u00e1sil\u00edm<\/a><\/h4>\n<p>\u010c\u00edslo: 22247\/2008 \u2013 OZS,\u00a05. novembra 2008 Ministerstvo zdravotn\u00edctva Slovenskej republiky pod\u013ea \u00a7 45 ods.1 p\u00edsm. b) z\u00e1kona \u010d. 576\/2004 Z. z.\u00a0o zdravotnej starostlivosti, slu\u017eb\u00e1ch s\u00favisiacich s poskytovan\u00edm zdravotnej starostlivosti a o zmene a\u00a0doplnen\u00ed niektor\u00fdch z\u00e1konov v znen\u00ed neskor\u0161\u00edch predpisov (\u010falej len \u201ez\u00e1kon \u010d. 576\/2004 Z. z.\u201c) vydalo\u00a0toto usmernenie pre\u00a0zdravotn\u00edckych pracovn\u00edkov pri poskytovan\u00ed zdravotnej\u00a0starostlivosti \u017eene ohrozenej n\u00e1sil\u00edm.<\/p>\n<h4><a href=\"http:\/\/www.gender.gov.sk\/zastavmenasilie\/files\/2013\/05\/OU_MZSR_sex.zneuzivanie.pdf\">Odborn\u00e9 usmernenie MZ SR o postupe poskytovate\u013eov zdravotnej starostlivosti pri oznamovan\u00ed pr\u00edpadov podozrenia zo sexu\u00e1lneho zneu\u017e\u00edvania os\u00f4v vo veku do 18 rokov<\/a><\/h4>\n<p>novelizovan\u00e9 nasledovn\u00fdm predpisom:<\/p>\n<h4><a href=\"http:\/\/www.google.sk\/url?sa=t&amp;rct=j&amp;q=&amp;esrc=s&amp;frm=1&amp;source=web&amp;cd=1&amp;cad=rja&amp;ved=0CC8QFjAA&amp;url=http%3A%2F%2Fwww.health.gov.sk%2FZdroje%3F%2FSources%2Fdokumenty%2Fvestniky_mz_sr%2F2012%2Fvestnik-39-60-2012.pdf&amp;ei=hZhXUrv1Moiz0QXqpIHYAg&amp;usg=AFQjCNHZzEGAtEy5v_XjS9MpDlGUfTRFpA&amp;sig2=BygNXKbf3HIoACzNJmmDew\" target=\"_blank\">Odborn\u00e9 usmernenie MZ SR o pr\u00edznakoch a diagnostike zanedb\u00e1vania, t\u00fdrania alebo zneu\u017e\u00edvania maloletej osoby a o postupe poskytovate\u013eov zdravotnej starostlivosti pri oznamovan\u00ed podozrenia na zanedb\u00e1vanie, t\u00fdranie alebo zneu\u017e\u00edvanie maloletej osoby<\/a><\/h4>\n<p align=\"left\">Toto odborn\u00e9 usmernenie upravuje\u00a0pr\u00edznaky a diagnostiku zanedb\u00e1vania, t\u00fdrania alebo zneu\u017e\u00edvania maloletej osoby, postup poskytovate\u013eov zdravotnej starostlivosti3) (\u010falej len \u201eposkytovate\u013e\u201c) pri oznamovan\u00ed podozrenia na zanedb\u00e1vanie, t\u00fdranie alebo zneu\u017e\u00edvanie maloletej osoby (\u010falej len \u201epr\u00edpady podozrenia\u201c) prokur\u00e1torovi, vy\u0161etrovate\u013eovi alebo policajn\u00e9mu org\u00e1nu (\u010falej len \u201eorg\u00e1n \u010dinn\u00fd v trestnom konan\u00ed\u201c) pod\u013ea osobitn\u00e9ho predpisu.<\/p>\n<h4><span style=\"color: #333399\"><a href=\"http:\/\/www.upsvar.sk\/buxus\/docs\/SSVaR\/SPODaSK\/Prirucka_CAN_NP_DEI.pdf\">Pr\u00edru\u010dka o syndr\u00f3me CAN<\/a><\/span><\/h4>\n<p align=\"left\">\u00dastredie pr\u00e1ce, soci\u00e1lnych vec\u00ed a rodiny Slovenskej republiky Bratislava, 2013<\/p>\n<p><em>Anot\u00e1cia:<\/em>Cie\u013eom metodickej pr\u00edru\u010dky je pop\u00edsa\u0165 pr\u00edznaky t\u00fdrania, zneu\u017e\u00edvania a zanedb\u00e1vania det\u00ed a pop\u00edsa\u0165 kompetencie odborn\u00fdch pracovn\u00edkov v r\u00e1mci pomoci de\u0165om s CAN syndr\u00f3mom. Text pr\u00edru\u010dky je rozdelen\u00fd do dvoch celkov. V prvej \u010dasti sa nach\u00e1dza popis pr\u00edznakov fyzick\u00e9ho, psychick\u00e9ho t\u00fdrania det\u00ed , sexu\u00e1lneho zneu\u017e\u00edvania a zanedb\u00e1vania det\u00ed. T\u00e1to \u010das\u0165 pr\u00e1ce je spracovan\u00e1 spolo\u010dne jednotliv\u00fdmi odborn\u00edkmi tak, aby bolo mo\u017en\u00e9 identifikova\u0165 jasne a zrete\u013ene sympt\u00f3my jednotliv\u00fdch prejavov t\u00fdrania, zneu\u017e\u00edvania aj zanedb\u00e1vania v jednotliv\u00fdch \u0161t\u00e1di\u00e1ch rozvoja tejto patol\u00f3gie. V\u017edy teda uv\u00e1dzame, ako sa prejavuj\u00fa pr\u00edznaky v po\u010diato\u010dn\u00fdch f\u00e1zach, po\u010das \u010fal\u0161ieho rozvoja a nakoniec aj v \u0161t\u00e1diu \u0165a\u017ekej symptomatol\u00f3gie. Okrem pr\u00edznakov triedime jednotliv\u00e9 druhy a formy t\u00fdrania, sexu\u00e1lneho zneu\u017e\u00edvania a zanedb\u00e1vania die\u0165a\u0165a. Zvl\u00e1\u0161tnu pozornos\u0165 venujeme rodine die\u0165a\u0165a v kontexte CAN syndr\u00f3mu. Ve\u013emi stru\u010dne popisujeme aj \u0161pecifick\u00e9 formy n\u00e1silia p\u00e1chan\u00e9ho na de\u0165och. V druhej \u010dasti pr\u00e1ce sme sa pok\u00fasili stru\u010dne pop\u00edsa\u0165 \u00falohu zamestnancov org\u00e1nov soci\u00e1lnopr\u00e1vnej ochrany det\u00ed a soci\u00e1lnej kurately v procese mana\u017eovania odbornej pr\u00e1ce s die\u0165a\u0165om, u ktor\u00e9ho je z\u00e1va\u017en\u00e9 podozrenie na syndr\u00f3m CAN. Jednotliv\u00ed odborn\u00edci, zastupuj\u00faci org\u00e1ny \u010dinn\u00e9 v trestnom konan\u00ed, pediatrov, psychol\u00f3gov , pedag\u00f3gov z r\u00f4znych syst\u00e9mov podie\u013eaj\u00facich sa na rie\u0161en\u00ed problematiky syndr\u00f3mu CAN tu popisuj\u00fa z\u00e1kladn\u00e9 \u00falohy a mo\u017enosti svojho odboru v kontexte kooper\u00e1cie pri odbornej pomoci die\u0165a\u0165u.<\/p>\n<h4>V\u00fdstupy z n\u00e1rodn\u00e9ho projektu Podpora prevencie a elimin\u00e1cie na \u017een\u00e1ch<\/h4>\n<p><span style=\"color: #993300\"><strong><a href=\"http:\/\/www.ivpr.gov.sk\/IVPR\/images\/IVPR\/NP\/podpora_prevencie\/dokument_databaza_postupov_a_nastrojov.pdf\"><span style=\"color: #993300\">Datab\u00e1za postupov a n\u00e1strojov \u0161pecializovan\u00fdch slu\u017eieb pomoci a ochrany \u017eien za\u017e\u00edvaj\u00facich n\u00e1silie<\/span><\/a><\/strong><\/span><br \/>\n<span style=\"color: #993300\"> <strong><a href=\"http:\/\/www.ivpr.gov.sk\/IVPR\/images\/IVPR\/NP\/podpora_prevencie\/dokument_metodika_k_poskytovaniu_komplexnej_podpory.pdf\"><span style=\"color: #993300\">Metodika poskytovania \u0161pecializovan\u00fdch slu\u017eieb pomoci pre \u017eeny za\u017e\u00edvaj\u00face n\u00e1silie a ich deti (pre soci\u00e1lnu oblas\u0165)<\/span><\/a><\/strong><\/span><br \/>\n<span style=\"color: #993300\"> <strong><a href=\"http:\/\/www.ivpr.gov.sk\/IVPR\/images\/IVPR\/NP\/podpora_prevencie\/dokument_standardy_komplexnej_podpory_a_ochrany_zien_zazivajucich_nasilie.pdf\"><span style=\"color: #993300\">\u0160tandardy poskytovania \u0161pecializovan\u00fdch podporn\u00fdch slu\u017eieb pre \u017eeny za\u017e\u00edvaj\u00face n\u00e1silie a ich deti<\/span><\/a><\/strong><\/span><\/p>\n<h4><\/h4>\n<h4><\/h4>\n","protected":false},"excerpt":{"rendered":"<p>Odborn\u00e9 usmernenie MZ SR o postupe zdravotn\u00edckych pracovn\u00edkov pri poskytovan\u00ed zdravotnej starostlivosti\u00a0\u017eene ohrozenej n\u00e1sil\u00edm \u010c\u00edslo: 22247\/2008 \u2013 OZS,\u00a05. novembra 2008 Ministerstvo zdravotn\u00edctva Slovenskej republiky pod\u013ea \u00a7 45 ods.1 p\u00edsm. b) z\u00e1kona \u010d. 576\/2004 Z. z.\u00a0o zdravotnej starostlivosti, slu\u017eb\u00e1ch s\u00favisiacich s poskytovan\u00edm zdravotnej starostlivosti a o zmene a\u00a0doplnen\u00ed niektor\u00fdch z\u00e1konov v znen\u00ed neskor\u0161\u00edch predpisov (\u010falej len &hellip; <\/p>\n<p><a class=\"more-link block-button\" href=\"https:\/\/www.gender.gov.sk\/zastavmenasilie\/informacie\/usmernenia\/\">\u010c\u00edta\u0165 viac &raquo;<\/a><\/p>\n","protected":false},"author":2,"featured_media":0,"parent":6,"menu_order":2,"comment_status":"open","ping_status":"closed","template":"","meta":[],"_links":{"self":[{"href":"https:\/\/www.gender.gov.sk\/zastavmenasilie\/wp-json\/wp\/v2\/pages\/259"}],"collection":[{"href":"https:\/\/www.gender.gov.sk\/zastavmenasilie\/wp-json\/wp\/v2\/pages"}],"about":[{"href":"https:\/\/www.gender.gov.sk\/zastavmenasilie\/wp-json\/wp\/v2\/types\/page"}],"author":[{"embeddable":true,"href":"https:\/\/www.gender.gov.sk\/zastavmenasilie\/wp-json\/wp\/v2\/users\/2"}],"replies":[{"embeddable":true,"href":"https:\/\/www.gender.gov.sk\/zastavmenasilie\/wp-json\/wp\/v2\/comments?post=259"}],"version-history":[{"count":13,"href":"https:\/\/www.gender.gov.sk\/zastavmenasilie\/wp-json\/wp\/v2\/pages\/259\/revisions"}],"predecessor-version":[{"id":642,"href":"https:\/\/www.gender.gov.sk\/zastavmenasilie\/wp-json\/wp\/v2\/pages\/259\/revisions\/642"}],"up":[{"embeddable":true,"href":"https:\/\/www.gender.gov.sk\/zastavmenasilie\/wp-json\/wp\/v2\/pages\/6"}],"wp:attachment":[{"href":"https:\/\/www.gender.gov.sk\/zastavmenasilie\/wp-json\/wp\/v2\/media?parent=259"}],"curies":[{"name":"wp","href":"https:\/\/api.w.org\/{rel}","templated":true}]}}