{"id":273,"date":"2013-05-31T20:35:34","date_gmt":"2013-05-31T20:35:34","guid":{"rendered":"http:\/\/www.gender.gov.sk\/zastavmenasilie\/?page_id=273"},"modified":"2016-10-20T09:55:14","modified_gmt":"2016-10-20T09:55:14","slug":"organizacie","status":"publish","type":"page","link":"https:\/\/www.gender.gov.sk\/zastavmenasilie\/organizacie\/","title":{"rendered":"Adres\u00e1r"},"content":{"rendered":"<p><span style=\"color: #993300\">Organiz\u00e1cie poskytuj\u00face poradenstvo a pomoc <\/span><\/p>\n<p><span style=\"color: #ff0000\"><span style=\"color: #000000\">Zoznam organiz\u00e1ci\u00ed zoraden\u00fdch pod\u013ea krajov je uveden\u00fd na spodku tejto str\u00e1nky. S\u00fa to zariadenia soci\u00e1lnych slu\u017eieb, pri\u010dom niektor\u00e9 poskytuj\u00fa kombinovan\u00e9 formy pomoci &#8211; poradenstvo aj ubytovanie-, in\u00e9 zas iba poradenstvo alebo iba ubytovanie. Aj tie v\u0161ak vedia odk\u00e1za\u0165 na in\u00e9 organiz\u00e1cie alebo in\u0161tit\u00facie pre poskytnutie komplexnej pomoci.\u00a0<\/span><\/span><\/p>\n<p><span style=\"color: #993300\"><span style=\"color: #000000\">Organiz\u00e1cie, ktor\u00e9 pracuj\u00fa pod\u013ea tzv. minim\u00e1lnych \u0161tandardov Rady Eur\u00f3py a zaru\u010duj\u00fa t\u00fdm rodovo citliv\u00fd pr\u00edstup k rie\u0161enie probl\u00e9mov \u017eien, s\u00fa v zozname ozna\u010den\u00e9 ako<\/span><em> odpor\u00fa\u010dan\u00e9 organiz\u00e1cie<\/em> a ozna\u010den\u00e9 za slovom *.<\/span><\/p>\n<p><span style=\"color: #993300\">Pol\u00edcia<\/span><\/p>\n<p>Pol\u00edcia je k\u013e\u00fa\u010dov\u00e1 in\u0161tit\u00facia, ktor\u00e1 m\u00e1 zabezpe\u010di\u0165 ochranu a bezpe\u010dnos\u0165 v pr\u00edpade ohrozenia v pr\u00edpade dom\u00e1ceho n\u00e1silia. \u00dalohou\u00a0 pol\u00edcie je<em>\u201espolup\u00f4sobenie pri ochrane z\u00e1kladn\u00fdch pr\u00e1v a slob\u00f4d, najm\u00e4 pri ochrane \u017eivota, zdravia, osobnej slobody a bezpe\u010dnosti os\u00f4b a pri ochrane majetku\u201c\u00a0<\/em>(Z\u00e1kon \u010d.171\/1993 Z.z. o Policajnom zbore).<\/p>\n<p>Kontakty na pol\u00edciu pod\u013ea miesta bydliska s\u00fa k dispoz\u00edcii na <a href=\"http:\/\/www.minv.sk\/?krajske-riaditelstva-pz-1\">str\u00e1nke Ministerstva vn\u00fatra<\/a>. Najjednoduch\u0161ie je zavola\u0165 na linku 158 alebo 112.<\/p>\n<p><span style=\"color: #993300\">Prokurat\u00fara<\/span><\/p>\n<p>V\u0161etky kontakty na krajsk\u00e9 a\u00a0okresn\u00e9 prokurat\u00fary na Slovensku s\u00fa uveden\u00e9 na str\u00e1nke\u00a0Gener\u00e1lnej prokurat\u00fary Slovenskej republiky\u00a0<a href=\"http:\/\/www.genpro.gov.sk\/\" target=\"_blank\">www.genpro.gov.sk<\/a>.<\/p>\n<p><span style=\"color: #993300\">S\u00fady<\/span><br \/>\nNa pr\u00edslu\u0161nom s\u00fade pod\u013ea miesta bydliska m\u00f4\u017ee \u017eena poda\u0165 n\u00e1vrhy vo veciach rozvodu, zverenia det\u00ed, v\u00fd\u017eivn\u00e9ho na deti, vysporiadania majetku, predbe\u017en\u00e9ho vyl\u00fa\u010denia z\u00a0u\u017e\u00edvania bytu a\u00a0in\u00e9. V\u0161etky kontakty na s\u00fady na Slovensku n\u00e1jdete na str\u00e1nke <a href=\"http:\/\/www.justice.gov.sk\/Stranky\/Sudy\/SudZoznam.aspx\" target=\"_blank\">Ministerstva spravodlivosti Slovenskej republiky<\/a>.<\/p>\n<p><span style=\"color: #993300\">\u00darady pr\u00e1ce, soci\u00e1lnych vec\u00ed a rodiny<\/span><\/p>\n<p>V pr\u00edpade potreby sa \u017eena so \u017eiados\u0165ou o pomoc m\u00f4\u017ee obr\u00e1ti\u0165 aj na \u00darady pr\u00e1ce, soci\u00e1lnych vec\u00ed a rodiny, <strong>odbor soci\u00e1lnopr\u00e1vnej\u00a0ochrany det\u00ed a\u00a0soci\u00e1lnej kurately.<\/strong>\u00a0 Kontakty pod\u013ea miesta s\u00fa uveden\u00e9 na <a href=\"http:\/\/www.upsvar.sk\/urady-kontakty.html?page_id=287\" target=\"_blank\">str\u00e1nke \u00dastredia pr\u00e1ce, soci\u00e1lnych vec\u00ed a rodiny SR.<\/a><\/p>\n<p><span style=\"color: #993300\">Psychologick\u00e1 pomoc<\/span><\/p>\n<p>R\u00f4zne organiz\u00e1cie poskytuj\u00fa pre obete psychologick\u00fa pomoc (pozri adres\u00e1r). Zauj\u00edmav\u00e1 mo\u017enos\u0165 pre mlad\u00fdch \u013eud\u00ed je projekt on-line psychologickej podpory <strong>Internetov\u00e1 porad\u0148a<\/strong>: <a href=\"http:\/\/www.ipcko.sk\">www.ipcko.sk<\/a><\/p>\n<p>&nbsp;<\/p>\n<p>&nbsp;<\/p>\n","protected":false},"excerpt":{"rendered":"<p>Organiz\u00e1cie poskytuj\u00face poradenstvo a pomoc Zoznam organiz\u00e1ci\u00ed zoraden\u00fdch pod\u013ea krajov je uveden\u00fd na spodku tejto str\u00e1nky. S\u00fa to zariadenia soci\u00e1lnych slu\u017eieb, pri\u010dom niektor\u00e9 poskytuj\u00fa kombinovan\u00e9 formy pomoci &#8211; poradenstvo aj ubytovanie-, in\u00e9 zas iba poradenstvo alebo iba ubytovanie. Aj tie v\u0161ak vedia odk\u00e1za\u0165 na in\u00e9 organiz\u00e1cie alebo in\u0161tit\u00facie pre poskytnutie komplexnej pomoci.\u00a0 Organiz\u00e1cie, ktor\u00e9 pracuj\u00fa &hellip; <\/p>\n<p><a class=\"more-link block-button\" href=\"https:\/\/www.gender.gov.sk\/zastavmenasilie\/organizacie\/\">\u010c\u00edta\u0165 viac &raquo;<\/a><\/p>\n","protected":false},"author":2,"featured_media":0,"parent":0,"menu_order":6,"comment_status":"open","ping_status":"closed","template":"","meta":[],"_links":{"self":[{"href":"https:\/\/www.gender.gov.sk\/zastavmenasilie\/wp-json\/wp\/v2\/pages\/273"}],"collection":[{"href":"https:\/\/www.gender.gov.sk\/zastavmenasilie\/wp-json\/wp\/v2\/pages"}],"about":[{"href":"https:\/\/www.gender.gov.sk\/zastavmenasilie\/wp-json\/wp\/v2\/types\/page"}],"author":[{"embeddable":true,"href":"https:\/\/www.gender.gov.sk\/zastavmenasilie\/wp-json\/wp\/v2\/users\/2"}],"replies":[{"embeddable":true,"href":"https:\/\/www.gender.gov.sk\/zastavmenasilie\/wp-json\/wp\/v2\/comments?post=273"}],"version-history":[{"count":9,"href":"https:\/\/www.gender.gov.sk\/zastavmenasilie\/wp-json\/wp\/v2\/pages\/273\/revisions"}],"predecessor-version":[{"id":359,"href":"https:\/\/www.gender.gov.sk\/zastavmenasilie\/wp-json\/wp\/v2\/pages\/273\/revisions\/359"}],"wp:attachment":[{"href":"https:\/\/www.gender.gov.sk\/zastavmenasilie\/wp-json\/wp\/v2\/media?parent=273"}],"curies":[{"name":"wp","href":"https:\/\/api.w.org\/{rel}","templated":true}]}}