{"id":290,"date":"2013-05-31T20:53:05","date_gmt":"2013-05-31T20:53:05","guid":{"rendered":"http:\/\/www.gender.gov.sk\/zastavmenasilie\/?page_id=290"},"modified":"2016-10-21T16:01:53","modified_gmt":"2016-10-21T16:01:53","slug":"krizovy-plan","status":"publish","type":"page","link":"https:\/\/www.gender.gov.sk\/zastavmenasilie\/pomoc\/rady-pre-zenu\/krizovy-plan\/","title":{"rendered":"Kr\u00edzov\u00fd pl\u00e1n"},"content":{"rendered":"<p><span style=\"color: #993300\"><strong>MO\u017dNOSTI NA ZAISTENIE BEZPE\u010cIA PRE \u017dENU A DETI<\/strong><\/span><\/p>\n<p>Na Slovensku existuje mo\u017enos\u0165 z\u00edska\u0165 predbe\u017en\u00e9 opatrenie, ktor\u00e9 n\u00e1siln\u00edkovi do\u010dasne zabr\u00e1ni vstupova\u0165 do domu alebo bytu (v ktorom b\u00fdva osoba bl\u00edzka alebo osoba, ktor\u00e1 je v jeho starostlivosti alebo vo v\u00fdchove), ak je d\u00f4vodne podozriv\u00fd z n\u00e1silia. \u017dena postihnut\u00e1 n\u00e1sil\u00edm m\u00f4\u017ee poda\u0165 n\u00e1vrh na tak\u00e9to predbe\u017en\u00e9 opatrenie a s\u00fad o \u0148om rozhodne do siedmich dn\u00ed od doru\u010denia n\u00e1vrhu. Ak s\u00fad tak\u00e9muto n\u00e1vrhu vyhovie, ulo\u017e\u00ed z\u00e1rove\u0148 navrhovate\u013eke, aby v stanovenej lehote na s\u00fad podala n\u00e1vrh na za\u010datie konania o vyl\u00fa\u010den\u00ed n\u00e1siln\u00edka z u\u017e\u00edvania bytu alebo domu. Nere\u0161pektovanie tak\u00e9hoto predbe\u017en\u00e9ho opatrenia je trestn\u00fdm \u010dinom a treba ho ohl\u00e1si\u0165 na pol\u00edcii.<\/p>\n<p><span style=\"color: #993300\"><strong>Odpor\u00fa\u010danie:<\/strong> M\u00e1te\u00a0pr\u00e1vo vzia\u0165 so sebou\u00a0deti. Je to d\u00f4le\u017eit\u00e9,\u00a0preto\u017ee n\u00e1siln\u00edcky\u00a0mu\u017e v\u00e4\u010d\u0161inou nie je\u00a0zodpovedn\u00fdm \u00a0otcom.\u00a0Okrem toho m\u00f4\u017ee by\u0165\u00a0nesk\u00f4r \u0165a\u017ek\u00e9 zobra\u0165\u00a0deti k sebe. Ak je to\u00a0mo\u017en\u00e9, mali by ste si\u00a0pri odchode vzia\u0165 so\u00a0sebou doklady a\u00a0potrebn\u00e9 osobn\u00e9 veci.\u00a0Cenn\u00e9 predmety alebo\u00a0vkladn\u00e9 kni\u017eky treba\u00a0bezpe\u010dne uschova\u0165.<\/span><\/p>\n<p>V kritick\u00fdch pr\u00edpadoch sa m\u00f4\u017eete informova\u0165 o mo\u017enostiach ubytovania v <strong><a href=\"http:\/\/www.gender.gov.sk\/zastavmenasilie\/pomoc\/kde-najdete-pomoc\/\">zariadeniach soci\u00e1lnych slu\u017eieb<\/a><\/strong>. Kr\u00edzov\u00fa situ\u00e1ciu treba ohl\u00e1si\u0165 aj na odbore soci\u00e1lnych vec\u00ed \u00daPSVaR. T\u00e1to in\u0161tit\u00facia m\u00f4\u017ee s partnerom absolvova\u0165 pohovor a\u00a0m\u00e1 v\u00fdznamn\u00e9 miesto pri rozhodovan\u00ed s\u00fadu o zveren\u00ed det\u00ed do v\u00fdchovy a o v\u00fd\u0161ke v\u00fd\u017eivn\u00e9ho na deti.<\/p>\n<p>Ak nem\u00f4\u017eete vyu\u017ei\u0165 predbe\u017en\u00e9 opatrenie, a mus\u00edte preto na\u010falej osta\u0165 v spolo\u010dnom byte\/dome s n\u00e1siln\u00edckym partnerom, je tu nieko\u013eko krokov, ktor\u00e9 m\u00f4\u017eu pom\u00f4c\u0165 zv\u00fd\u0161i\u0165 va\u0161u bezpe\u010dnos\u0165:<\/p>\n<ul>\n<li>Po\u017eiadajte niekoho, nech sa do\u010dasne nas\u0165ahuje k v\u00e1m.<\/li>\n<li>Po\u017eiadajte o podporu pr\u00edbuzn\u00fdch, zn\u00e1mych a susedov.<\/li>\n<li>Zabezpe\u010dte si pre naliehav\u00fd pr\u00edpad in\u00e9 n\u00fadzov\u00e9 ubytovanie.<\/li>\n<li>Nadvia\u017ete kontakt s porad\u0148ou pre \u017eeny.<\/li>\n<li>Ak je v\u00e1\u017ene ohrozen\u00e1 va\u0161a bezpe\u010dnos\u0165, kontaktujte pol\u00edciu a dohodnite sa s \u0148ou, aby v pr\u00edpade potreby ihne\u010f zasiahla.<\/li>\n<li>Po\u017eiadajte o pomoc odbor soci\u00e1lnych vec\u00ed \u00faradu pr\u00e1ce, soci\u00e1lnych vec\u00ed a rodiny, porad\u0148u alebo osobu, ktor\u00e1 m\u00e1 dobr\u00fd kontakt s va\u0161\u00edm mu\u017eom, aby s n\u00edm hovorili o nepr\u00edpustnosti n\u00e1silia a o mo\u017en\u00fdch d\u00f4sledkoch (vr\u00e1tane trestnopr\u00e1vneho postihu) p\u00e1chania n\u00e1silia v rodine.<\/li>\n<\/ul>\n<p><span style=\"color: #993300\"><strong>KR\u00cdZOV\u00dd PL\u00c1N<\/strong><\/span><\/p>\n<p>V\u00fdznamnou oporou je zostavenie kr\u00edzov\u00e9ho pl\u00e1nu:<\/p>\n<ul>\n<li>Nap\u00ed\u0161te si zoznam telef\u00f3nnych \u010d\u00edsel priate\u013eov a priateliek, pr\u00edbuzn\u00fdch,pol\u00edcie, advok\u00e1tky, \u017eenskej organiz\u00e1cie poskytuj\u00facej pomoc, lek\u00e1rky,soci\u00e1lnej pracovn\u00ed\u010dky at\u010f. a noste ho st\u00e1le pri sebe, aj ke\u010f ho m\u00e1te ulo\u017een\u00fd v mobile.<\/li>\n<li>Zabezpe\u010dte si pr\u00edstup k telef\u00f3nu alebo mobiln\u00fd telef\u00f3n.<\/li>\n<li>Po\u017eiadajte susedov, aby privolali pol\u00edciu, ak za\u010duj\u00fa z bytu krik alebo hluk.<\/li>\n<li>Pripravte si finan\u010dn\u00fa rezervu pre pr\u00edpad n\u00fadze: na tax\u00edk, MHD, na prenocovanie v hoteli a pod.<\/li>\n<li>Zabezpe\u010dte si n\u00e1hradn\u00e9 k\u013e\u00fa\u010de od bytu a od auta.<\/li>\n<li>Zaba\u013ete a ukryte pohotovostn\u00fd kufor, ktor\u00fd obsahuje: pe\u0148a\u017en\u00fa rezervu, vkladn\u00e9 kni\u017eky, osobn\u00e9 dokumenty svoje i det\u00ed, nevyhnutn\u00e9 lieky a \u0161atstvo.<\/li>\n<li>Napl\u00e1nujte mo\u017enos\u0165 n\u00fadzov\u00e9ho ubytovania (u pr\u00edbuzn\u00fdch, zn\u00e1mych, susedov, v niektorom zo zariaden\u00ed soci\u00e1lnych slu\u017eieb).<\/li>\n<li>Kr\u00edzov\u00fd pl\u00e1n preberte s d\u00f4veryhodn\u00fdmi \u013eu\u010fmi.<\/li>\n<\/ul>\n<p>&nbsp;<\/p>\n<p><em>Zdroj:\u00a0<\/em><\/p>\n<p><em><strong><a href=\"http:\/\/www.gender.gov.sk\/zastavmenasilie\/informacie\/publikacie\/\">Kona\u0165 proti n\u00e1siliu na \u017een\u00e1ch<\/a><\/strong>.\u00a0Vydalo Ministerstvo pr\u00e1ce, soci\u00e1lnych vec\u00ed a rodiny SR v spolupr\u00e1ci s Iniciat\u00edvou Piata \u017eena v roku 2008\u00a0v r\u00e1mci N\u00e1rodnej kampane SR Zastavme dom\u00e1ce n\u00e1silie na \u017een\u00e1ch,\u00a0ktor\u00fa iniciovala Rada Eur\u00f3py.\u00a0Na vydanie pripravili OZ Pro Familia a\u00a0<a href=\"http:\/\/www.aspekt.sk\" target=\"_blank\">ZZ\u017d ASPEKT.<\/a><\/em><\/p>\n","protected":false},"excerpt":{"rendered":"<p>MO\u017dNOSTI NA ZAISTENIE BEZPE\u010cIA PRE \u017dENU A DETI Na Slovensku existuje mo\u017enos\u0165 z\u00edska\u0165 predbe\u017en\u00e9 opatrenie, ktor\u00e9 n\u00e1siln\u00edkovi do\u010dasne zabr\u00e1ni vstupova\u0165 do domu alebo bytu (v ktorom b\u00fdva osoba bl\u00edzka alebo osoba, ktor\u00e1 je v jeho starostlivosti alebo vo v\u00fdchove), ak je d\u00f4vodne podozriv\u00fd z n\u00e1silia. \u017dena postihnut\u00e1 n\u00e1sil\u00edm m\u00f4\u017ee poda\u0165 n\u00e1vrh na tak\u00e9to predbe\u017en\u00e9 opatrenie &hellip; <\/p>\n<p><a class=\"more-link block-button\" href=\"https:\/\/www.gender.gov.sk\/zastavmenasilie\/pomoc\/rady-pre-zenu\/krizovy-plan\/\">\u010c\u00edta\u0165 viac &raquo;<\/a><\/p>\n","protected":false},"author":2,"featured_media":0,"parent":284,"menu_order":2,"comment_status":"open","ping_status":"closed","template":"","meta":[],"_links":{"self":[{"href":"https:\/\/www.gender.gov.sk\/zastavmenasilie\/wp-json\/wp\/v2\/pages\/290"}],"collection":[{"href":"https:\/\/www.gender.gov.sk\/zastavmenasilie\/wp-json\/wp\/v2\/pages"}],"about":[{"href":"https:\/\/www.gender.gov.sk\/zastavmenasilie\/wp-json\/wp\/v2\/types\/page"}],"author":[{"embeddable":true,"href":"https:\/\/www.gender.gov.sk\/zastavmenasilie\/wp-json\/wp\/v2\/users\/2"}],"replies":[{"embeddable":true,"href":"https:\/\/www.gender.gov.sk\/zastavmenasilie\/wp-json\/wp\/v2\/comments?post=290"}],"version-history":[{"count":10,"href":"https:\/\/www.gender.gov.sk\/zastavmenasilie\/wp-json\/wp\/v2\/pages\/290\/revisions"}],"predecessor-version":[{"id":1459,"href":"https:\/\/www.gender.gov.sk\/zastavmenasilie\/wp-json\/wp\/v2\/pages\/290\/revisions\/1459"}],"up":[{"embeddable":true,"href":"https:\/\/www.gender.gov.sk\/zastavmenasilie\/wp-json\/wp\/v2\/pages\/284"}],"wp:attachment":[{"href":"https:\/\/www.gender.gov.sk\/zastavmenasilie\/wp-json\/wp\/v2\/media?parent=290"}],"curies":[{"name":"wp","href":"https:\/\/api.w.org\/{rel}","templated":true}]}}