{"id":303,"date":"2013-05-31T21:26:14","date_gmt":"2013-05-31T21:26:14","guid":{"rendered":"http:\/\/www.gender.gov.sk\/zastavmenasilie\/?page_id=303"},"modified":"2013-06-01T15:08:59","modified_gmt":"2013-06-01T15:08:59","slug":"nasledky-nasilia","status":"publish","type":"page","link":"https:\/\/www.gender.gov.sk\/zastavmenasilie\/o-nasili-2\/nasledky-nasilia\/","title":{"rendered":"N\u00e1sledky n\u00e1silia"},"content":{"rendered":"<p style=\"text-align: justify\">\u010c\u00edm dlh\u0161ie s\u00fa \u017eeny vystaven\u00e9 r\u00f4znym strat\u00e9gi\u00e1m uplat\u0148ovania n\u00e1silia, t\u00fdm \u0165a\u017e\u0161ie pre ne bude oslobodi\u0165 sa od nich. T\u00fdraj\u00faci mu\u017e\u00a0z\u00edskava v tejto situ\u00e1cii \u010doraz v\u00e4\u010d\u0161iu prevahu. Pokusy o \u00fatek a odpor maj\u00fa \u010dasto za n\u00e1sledok e\u0161te tvrd\u0161ie pou\u017eitie n\u00e1silia. \u017divot v takomto vz\u0165ahu je pre \u017eeny ve\u013emi vy\u010derp\u00e1vaj\u00faci. Ich pocit vlastnej hodnoty a\u00a0energia vynakladan\u00e1 na obranu slabn\u00fa, v d\u00f4sledku dlhotrvaj\u00faceho fyzick\u00e9ho a psychick\u00e9ho stresu m\u00f4\u017eu ochorie\u0165. N\u00e1silie m\u00e1 negat\u00edvne d\u00f4sledky\u00a0aj v soci\u00e1lnej oblasti, napr\u00edklad stratu pr\u00e1ce, izol\u00e1ciu a stratu pr\u00edstre\u0161ia.<\/p>\n<p style=\"text-align: justify\">Napriek t\u00fdmto n\u00e1sledkom nie s\u00fa \u017eeny postihnut\u00e9 n\u00e1sil\u00edm\u00a0v \u017eiadnom pr\u00edpade len pas\u00edvne. Br\u00e1nia sa vlastn\u00fdm sp\u00f4sobom a\u00a0rozv\u00edjaj\u00fa mnohorak\u00e9 strat\u00e9gie, aby chr\u00e1nili seba i deti. Prisp\u00f4sobenie sa\u00a0n\u00e1siln\u00edckemu mu\u017eovi je jedna z mo\u017en\u00fdch strat\u00e9gi\u00ed, ako zabr\u00e1ni\u0165\u00a0najhor\u0161iemu. Toto vyn\u00faten\u00e9 prisp\u00f4sobenie je prirodzenou reakciou na<br \/>\nsilnej\u0161ieho protivn\u00edka a v \u017eiadnom pr\u00edpade nie je chorobn\u00e9 alebo\u00a0masochistick\u00e9.<\/p>\n<p style=\"text-align: justify\">Je ve\u013emi \u0165a\u017ek\u00e9 a \u010dasto nebezpe\u010dn\u00e9 oslobodi\u0165 sa zo vz\u0165ahu\u00a0s n\u00e1siln\u00edckym mu\u017eom. Pomoc zvonku je na jednej strane\u00a0potrebn\u00e1, na druhej strane v\u0161ak m\u00f4\u017ee sp\u00f4sobi\u0165 aj \u0161kody, ak\u00a0nie je \u00fa\u010dinn\u00e1, alebo nebola dohodnut\u00e1 so \u017eenou postihnutou\u00a0n\u00e1sil\u00edm. \u017deny sa \u010dasto stret\u00e1vaj\u00fa s vyhl\u00e1sen\u00edm \u201eNem\u00f4\u017eeme\u00a0v tej veci ni\u010d urobi\u0165\u201c a s\u00fa ponechan\u00e9 samy na seba. D\u00f4sledkom\u00a0je, \u017ee rezignuj\u00fa a stiahnu sa do seba. In\u0161tit\u00facie ako s\u00fady,\u00a0prokurat\u00fara, pol\u00edcia, odbory soci\u00e1lnych vec\u00ed \u00faradov pr\u00e1ce,\u00a0soci\u00e1lnych vec\u00ed a rodiny a pom\u00e1haj\u00face zariadenia maj\u00fa preto\u00a0ve\u013ek\u00fa zodpovednos\u0165 pri odstra\u0148ovan\u00ed n\u00e1silia na \u017een\u00e1ch.<\/p>\n<p style=\"text-align: justify\">\u017deny \u010dasto dost\u00e1vaj\u00fa radu, aby sa nenechali bi\u0165, aby sa br\u00e1nili, alebo\u00a0aby sa s n\u00e1siln\u00edckym partnerom rozi\u0161li. T\u00e1to rada v\u0161ak nedoce\u0148uje\u00a0v\u00e1\u017enos\u0165 situ\u00e1cie, v ktorej sa \u017eeny postihnut\u00e9 n\u00e1sil\u00edm nach\u00e1dzaj\u00fa. Treba\u00a0si uvedomi\u0165, \u017ee mimoriadne ve\u013ek\u00e9 nebezpe\u010denstvo zo strany n\u00e1siln\u00edka\u00a0hroz\u00ed \u017een\u00e1m v obdob\u00ed rozchodu a rozvodu.<\/p>\n<p style=\"text-align: justify\">\n<p><em>Zdroj:\u00a0<\/em><\/p>\n<p><em><strong><a href=\"http:\/\/www.gender.gov.sk\/zastavmenasilie\/informacie\/publikacie\/\">Kona\u0165 proti n\u00e1siliu na \u017een\u00e1ch<\/a><\/strong>.\u00a0Vydalo Ministerstvo pr\u00e1ce, soci\u00e1lnych vec\u00ed a rodiny SR v spolupr\u00e1ci s Iniciat\u00edvou Piata \u017eena v roku 2008\u00a0v r\u00e1mci N\u00e1rodnej kampane SR Zastavme dom\u00e1ce n\u00e1silie na \u017een\u00e1ch,\u00a0ktor\u00fa iniciovala Rada Eur\u00f3py.\u00a0Na vydanie pripravili OZ Pro Familia a\u00a0<a href=\"http:\/\/www.aspekt.sk\" target=\"_blank\">ZZ\u017d ASPEKT.<\/a><\/em><\/p>\n","protected":false},"excerpt":{"rendered":"<p>\u010c\u00edm dlh\u0161ie s\u00fa \u017eeny vystaven\u00e9 r\u00f4znym strat\u00e9gi\u00e1m uplat\u0148ovania n\u00e1silia, t\u00fdm \u0165a\u017e\u0161ie pre ne bude oslobodi\u0165 sa od nich. T\u00fdraj\u00faci mu\u017e\u00a0z\u00edskava v tejto situ\u00e1cii \u010doraz v\u00e4\u010d\u0161iu prevahu. Pokusy o \u00fatek a odpor maj\u00fa \u010dasto za n\u00e1sledok e\u0161te tvrd\u0161ie pou\u017eitie n\u00e1silia. \u017divot v takomto vz\u0165ahu je pre \u017eeny ve\u013emi vy\u010derp\u00e1vaj\u00faci. Ich pocit vlastnej hodnoty a\u00a0energia vynakladan\u00e1 na &hellip; <\/p>\n<p><a class=\"more-link block-button\" href=\"https:\/\/www.gender.gov.sk\/zastavmenasilie\/o-nasili-2\/nasledky-nasilia\/\">\u010c\u00edta\u0165 viac &raquo;<\/a><\/p>\n","protected":false},"author":2,"featured_media":0,"parent":191,"menu_order":3,"comment_status":"open","ping_status":"open","template":"","meta":[],"_links":{"self":[{"href":"https:\/\/www.gender.gov.sk\/zastavmenasilie\/wp-json\/wp\/v2\/pages\/303"}],"collection":[{"href":"https:\/\/www.gender.gov.sk\/zastavmenasilie\/wp-json\/wp\/v2\/pages"}],"about":[{"href":"https:\/\/www.gender.gov.sk\/zastavmenasilie\/wp-json\/wp\/v2\/types\/page"}],"author":[{"embeddable":true,"href":"https:\/\/www.gender.gov.sk\/zastavmenasilie\/wp-json\/wp\/v2\/users\/2"}],"replies":[{"embeddable":true,"href":"https:\/\/www.gender.gov.sk\/zastavmenasilie\/wp-json\/wp\/v2\/comments?post=303"}],"version-history":[{"count":3,"href":"https:\/\/www.gender.gov.sk\/zastavmenasilie\/wp-json\/wp\/v2\/pages\/303\/revisions"}],"predecessor-version":[{"id":305,"href":"https:\/\/www.gender.gov.sk\/zastavmenasilie\/wp-json\/wp\/v2\/pages\/303\/revisions\/305"}],"up":[{"embeddable":true,"href":"https:\/\/www.gender.gov.sk\/zastavmenasilie\/wp-json\/wp\/v2\/pages\/191"}],"wp:attachment":[{"href":"https:\/\/www.gender.gov.sk\/zastavmenasilie\/wp-json\/wp\/v2\/media?parent=303"}],"curies":[{"name":"wp","href":"https:\/\/api.w.org\/{rel}","templated":true}]}}