{"id":311,"date":"2013-05-31T21:33:29","date_gmt":"2013-05-31T21:33:29","guid":{"rendered":"http:\/\/www.gender.gov.sk\/zastavmenasilie\/?page_id=311"},"modified":"2013-06-01T18:06:04","modified_gmt":"2013-06-01T18:06:04","slug":"informacie-3","status":"publish","type":"page","link":"https:\/\/www.gender.gov.sk\/zastavmenasilie\/informacie-3\/","title":{"rendered":"Inform\u00e1cie"},"content":{"rendered":"<p>Na nasleduj\u00facich str\u00e1nkach prin\u00e1\u0161ame inform\u00e1cie pre\u00a0<span style=\"font-size: 12px;line-height: 18px\">odborn\u00fa verejnos\u0165 s d\u00f4razom na\u00a0<\/span><span style=\"font-size: 12px;line-height: 18px\">profesie, ktor\u00e9 sa vo svojej pr\u00e1ci z\u00e1konite stret\u00e1vaj\u00fa s pr\u00edpadmi n\u00e1silia na \u017een\u00e1ch. Nasleduj\u00face odpor\u00fa\u010dania s\u00fa len z\u00e1kladn\u00fdm r\u00e1mcom pre pr\u00e1cu so \u017eenami za\u017e\u00edvaj\u00facimi n\u00e1silie v partnersk\u00fdch vz\u0165ahoch. \u00a0\u00a0<\/span><\/p>\n<p>Hlb\u0161ie uvedenie do t\u00e9my poskytn\u00fa vzdel\u00e1vacie kurzy a tr\u00e9ningy, ktor\u00e9 pon\u00fakaj\u00fa odborn\u00ed\u010dky z mimovl\u00e1dnych organiz\u00e1ci\u00ed \u010di akademickej sf\u00e9ry. V pr\u00edpade z\u00e1ujmu radi sprostredkujeme kontakt.<\/p>\n","protected":false},"excerpt":{"rendered":"<p>Na nasleduj\u00facich str\u00e1nkach prin\u00e1\u0161ame inform\u00e1cie pre\u00a0odborn\u00fa verejnos\u0165 s d\u00f4razom na\u00a0profesie, ktor\u00e9 sa vo svojej pr\u00e1ci z\u00e1konite stret\u00e1vaj\u00fa s pr\u00edpadmi n\u00e1silia na \u017een\u00e1ch. Nasleduj\u00face odpor\u00fa\u010dania s\u00fa len z\u00e1kladn\u00fdm r\u00e1mcom pre pr\u00e1cu so \u017eenami za\u017e\u00edvaj\u00facimi n\u00e1silie v partnersk\u00fdch vz\u0165ahoch. \u00a0\u00a0 Hlb\u0161ie uvedenie do t\u00e9my poskytn\u00fa vzdel\u00e1vacie kurzy a tr\u00e9ningy, ktor\u00e9 pon\u00fakaj\u00fa odborn\u00ed\u010dky z mimovl\u00e1dnych organiz\u00e1ci\u00ed \u010di akademickej &hellip; <\/p>\n<p><a class=\"more-link block-button\" href=\"https:\/\/www.gender.gov.sk\/zastavmenasilie\/informacie-3\/\">\u010c\u00edta\u0165 viac &raquo;<\/a><\/p>\n","protected":false},"author":2,"featured_media":0,"parent":0,"menu_order":4,"comment_status":"open","ping_status":"open","template":"","meta":[],"_links":{"self":[{"href":"https:\/\/www.gender.gov.sk\/zastavmenasilie\/wp-json\/wp\/v2\/pages\/311"}],"collection":[{"href":"https:\/\/www.gender.gov.sk\/zastavmenasilie\/wp-json\/wp\/v2\/pages"}],"about":[{"href":"https:\/\/www.gender.gov.sk\/zastavmenasilie\/wp-json\/wp\/v2\/types\/page"}],"author":[{"embeddable":true,"href":"https:\/\/www.gender.gov.sk\/zastavmenasilie\/wp-json\/wp\/v2\/users\/2"}],"replies":[{"embeddable":true,"href":"https:\/\/www.gender.gov.sk\/zastavmenasilie\/wp-json\/wp\/v2\/comments?post=311"}],"version-history":[{"count":4,"href":"https:\/\/www.gender.gov.sk\/zastavmenasilie\/wp-json\/wp\/v2\/pages\/311\/revisions"}],"predecessor-version":[{"id":496,"href":"https:\/\/www.gender.gov.sk\/zastavmenasilie\/wp-json\/wp\/v2\/pages\/311\/revisions\/496"}],"wp:attachment":[{"href":"https:\/\/www.gender.gov.sk\/zastavmenasilie\/wp-json\/wp\/v2\/media?parent=311"}],"curies":[{"name":"wp","href":"https:\/\/api.w.org\/{rel}","templated":true}]}}