{"id":315,"date":"2013-05-31T22:05:53","date_gmt":"2013-05-31T22:05:53","guid":{"rendered":"http:\/\/www.gender.gov.sk\/zastavmenasilie\/?page_id=315"},"modified":"2013-06-01T16:02:05","modified_gmt":"2013-06-01T16:02:05","slug":"pre-zdravotnicky-personal","status":"publish","type":"page","link":"https:\/\/www.gender.gov.sk\/zastavmenasilie\/informacie-3\/pre-zdravotnicky-personal\/","title":{"rendered":"pre zdravotn\u00edcky person\u00e1l"},"content":{"rendered":"<p>Lek\u00e1rky a lek\u00e1ri alebo o\u0161etrovate\u013eky a o\u0161etrovatelia s\u00fa \u010dasto prv\u00fdmi odborn\u00edkmi, u ktor\u00fdch \u017eeny postihnut\u00e9 n\u00e1sil\u00edm h\u013eadaj\u00fa pomoc. V\u00e4\u010d\u0161ina t\u00fdran\u00fdch \u017eien sa v istom okamihu obr\u00e1ti na lek\u00e1rku \u010di lek\u00e1ra, preto\u017ee n\u00e1silie, ktor\u00e9 za\u017e\u00edvaj\u00fa, <strong><a title=\"N\u00e1sledky na zdrav\u00ed\" href=\"http:\/\/www.gender.gov.sk\/zastavmenasilie\/o-nasili-2\/nasledky-na-zdravi\/\">zanech\u00e1va stopy na ich zdrav\u00ed<\/a><\/strong>. Vo svojej pr\u00e1ci m\u00e1te ve\u013ea mo\u017enost\u00ed v\u010das rozpozna\u0165 n\u00e1silie a zabr\u00e1ni\u0165 jeho (\u010fal\u0161iemu) v\u00fdskytu. Vyu\u017eite svoje mo\u017enosti a pracujte vo svojej praxi na opatreniach proti n\u00e1siliu na \u017een\u00e1ch.<\/p>\n<p><strong>PR\u00cdZNAKY N\u00c1SILIA NA \u017dEN\u00c1CH <\/strong><\/p>\n<p>Telesn\u00e9 indik\u00e1tory<\/p>\n<ul>\n<li>modriny, krvn\u00e9 podliatiny;<\/li>\n<li>vyk\u013abeniny, zlomeniny (\u010de\u013eusti, nosa);<\/li>\n<li>pop\u00e1leniny r\u00f4zneho stup\u0148a;<\/li>\n<li>vn\u00fatorn\u00e9 poranenia;<\/li>\n<li>rezn\u00e9, tr\u017en\u00e9, bodn\u00e9 rany a pomlia\u017edeniny;<\/li>\n<li>vn\u00fatorn\u00e9 zranenia;<\/li>\n<li>stopy po \u0161krten\u00ed a hrd\u00fasen\u00ed, vybit\u00e9 zuby;<\/li>\n<li>poranenia u\u0161n\u00e9ho bubienka, o\u010dnej sietnice;<\/li>\n<li>potraty, resp. pred\u010dasn\u00e9 p\u00f4rody (n\u00e1silie sa \u010dasto vyskytuje priebehu tehotenstva);<\/li>\n<li>poranenie genit\u00e1li\u00ed, otehotnenie po zn\u00e1silnen\u00ed.<\/li>\n<\/ul>\n<p>&nbsp;<\/p>\n<p>Psychick\u00e9 indik\u00e1tory<\/p>\n<ul>\n<li>nap\u00e4tie, nepokoj, pocit celkovej slabosti;<\/li>\n<li>pocit ochromenia, neschopnosti \u010doko\u013evek robi\u0165;<\/li>\n<li>pocity viny a hanby;<\/li>\n<li>strata pocitu vlastnej hodnoty, sebad\u00f4very;<\/li>\n<li>reakt\u00edvny strach a\/alebo depresie;<\/li>\n<li>poruchy sp\u00e1nku, desiv\u00e9 sny;<\/li>\n<li>poruchy sexuality, poruchy prij\u00edmania potravy;<\/li>\n<li>samovra\u017eedn\u00e9 pokusy;<\/li>\n<li>z\u00e1vislos\u0165 na liekoch a\/alebo na alkohole.<\/li>\n<\/ul>\n<p>Ak va\u0161u pomoc vyh\u013eadaj\u00fa \u017eeny, ktor\u00e9 maj\u00fa \u201ene\u0161pecifick\u00e9\u201c zdravotn\u00e9 probl\u00e9my, pam\u00e4tajte na to, \u017ee m\u00f4\u017ee \u00eds\u0165 aj o maskovan\u00e9 prejavy pre\u017e\u00edvan\u00e9ho n\u00e1silia. M\u00f4\u017eete sa t\u00fdm vyhn\u00fa\u0165 predpisovaniu trankviliz\u00e9rov, analget\u00edk, antidepres\u00edv \u010di tabletiek \u201ena spanie\u201c, ktor\u00e9 len potl\u00e1\u010daj\u00fa sympt\u00f3my. Tak\u00e9to potl\u00e1\u010danie zaha\u013euje prav\u00fa podstatu \u0165a\u017ekost\u00ed, a\u017e k\u00fdm nie je neskoro.<\/p>\n<p><strong>LEK\u00c1RSKA STAROSTLIVOS\u0164<\/strong><\/p>\n<p>Ak m\u00e1te podozrenie, \u017ee sa \u017eena stala obe\u0165ou n\u00e1silia, poskytnite jej u\u017e pri prvom kontakte mo\u017enos\u0165 hovori\u0165 s vami bez pr\u00edtomnosti mu\u017ea (ak ju sprev\u00e1dza). N\u00e1siln\u00edk, aj ke\u010f sa tv\u00e1ri starostlivo, je v skuto\u010dnosti n\u00e1siln\u00edkom a \u017eene zakazuje, aby o n\u00e1sil\u00ed hovorila. Najm\u00e4 pre \u017eeny, ktor\u00e9 za\u017eili sexualizovan\u00e9 n\u00e1silie, je d\u00f4le\u017eit\u00e9, aby sa o tom mohli porozpr\u00e1va\u0165 so \u017eenou \u2014 lek\u00e1rkou. Ubezpe\u010dte pacientku, \u017ee v\u00e1\u0161 rozhovor bude absol\u00fatne d\u00f4vern\u00fd (povedzte jej, \u017ee m\u00e1te povinnos\u0165 zachov\u00e1va\u0165 lek\u00e1rske tajomstvo). Je podstatn\u00e9 <strong>presne zdokumentova\u0165 poranenia i\u00a0v\u00fdpove\u010f \u017eeny<\/strong>, ako aj jej psychick\u00e9 rozpolo\u017eenie. Va\u0161a dokument\u00e1cia sa mus\u00ed opiera\u0165 o fakty, preto\u017ee m\u00f4\u017ee by\u0165 d\u00f4le\u017eit\u00e1 pre n\u00e1sledn\u00fd postup pol\u00edcie a s\u00fadu v trestnom aj ob\u010dianskopr\u00e1vnom konan\u00ed. Ak je to mo\u017en\u00e9, z\u00edskajte \u010fal\u0161ie \u00fadaje od soci\u00e1lnej pracovn\u00ed\u010dky, alebo poradkyne.<\/p>\n<p>Opakovan\u00e9 o\u0161etrovanie zranen\u00ed, ako aj prv\u00e9 o\u0161etrenie, ktor\u00e9 sa ned\u00e1 ozna\u010di\u0165 ako \u00faraz, by v\u00e1s malo upozorni\u0165 na mo\u017enos\u0165 dom\u00e1ceho n\u00e1silia. \u017deny potrebuj\u00fa pomoc, aj ke\u010f neuv\u00e1dzaj\u00fa prav\u00fd d\u00f4vod svojich zranen\u00ed \u010di psychosomatick\u00fdch \u0165a\u017ekost\u00ed.<\/p>\n<p>V s\u00fa\u010dasnosti nie s\u00fa vo v\u0161etk\u00fdch zdravotn\u00edckych zariadeniach k\u00a0dispoz\u00edcii soci\u00e1lne pracovn\u00ed\u010dky a pracovn\u00edci, preto je zmyslupln\u00e9, ak nadvia\u017eete kontakt so <a href=\"http:\/\/www.gender.gov.sk\/zastavmenasilie\/pomoc\/kde-najdete-pomoc\/\"><strong>\u0161pecializovan\u00fdm zariaden\u00edm poskytuj\u00facim pomoc \u017een\u00e1m<\/strong>.<\/a><\/p>\n<p>Ak mus\u00edte urobi\u0165 ozn\u00e1menie na pol\u00edciu, vypl\u00fdvaj\u00face zo z\u00e1kona, informujte o tom aj postihnut\u00fa \u017eenu a spolo\u010dne prediskutujte d\u00f4sledky tohto ozn\u00e1menia. Uv\u00e1\u017ete, \u017ee <strong>pre \u017eeny b\u00fdva \u010dasto ve\u013ekou \u00fa\u013eavou, ke\u010f ozn\u00e1menie pod\u00e1te vy.<\/strong><\/p>\n<p>Upozornite \u017eenu na to, \u017ee zranenia mus\u00ed spravidla pos\u00fadi\u0165 aj s\u00fadny znalec \u010di znalky\u0148a. V lek\u00e1rskej spr\u00e1ve sa \u010dasto ako pr\u00ed\u010dina n\u00e1silia uv\u00e1dza ozna\u010denie \u201eh\u00e1dka\u201d. T\u00fdm sa zastiera skuto\u010dnos\u0165, \u017ee mu\u017e bol p\u00e1chate\u013eom n\u00e1silia, a \u017eene sa pods\u00fava, \u017ee m\u00e1 na n\u00e1sil\u00ed svoj akt\u00edvny podiel.<\/p>\n<p>\u00dadajn\u00e1 \u201espoluvina\u201d \u017eeny na n\u00e1sil\u00ed, ktor\u00e9ho bola obe\u0165ou, m\u00f4\u017ee ma\u0165 vplyv na rozhodovanie s\u00fadu. Preto je d\u00f4le\u017eit\u00e9, aby ste v lek\u00e1rskej spr\u00e1ve jasne pomenovali prav\u00fd d\u00f4vod zranen\u00ed (ak ho \u017eena uviedla).<\/p>\n<p>Ak rob\u00edte lek\u00e1rske n\u00e1v\u0161tevy v dom\u00e1cnosti a domnievate sa, \u017ee do\u0161lo k n\u00e1siliu, nenechajte \u017eenu postihnut\u00fa n\u00e1sil\u00edm s n\u00e1siln\u00edckym mu\u017eom samu. Informujte ju o pom\u00e1haj\u00facich zariadeniach (nie v pr\u00edtomnosti mu\u017ea). Ak m\u00e1te na mu\u017ea nejak\u00fd vplyv, sk\u00faste mu dohovori\u0165 a upozornite ho na nepr\u00edpustnos\u0165 jeho spr\u00e1vania. Pri n\u00e1v\u0161teve je takisto potrebn\u00e9 zaznamena\u0165 v\u00fdpove\u010f \u017eeny, pr\u00edpadn\u00e9 stopy po zranen\u00ed, ako aj stav bytu. Tieto pozorovania m\u00f4\u017eu by\u0165 <strong>d\u00f4le\u017eit\u00e9 pri pr\u00edpadnom neskor\u0161om s\u00fadnom konan\u00ed.\u00a0<\/strong><\/p>\n<p><strong>PODPORA \u017dIEN POSTIHNUT\u00ddCH N\u00c1SIL\u00cdM<\/strong><\/p>\n<p>Ak ako lek\u00e1rka \u010di lek\u00e1r, o\u0161etrovate\u013eka \u010di o\u0161etrovate\u013e, soci\u00e1lna pracovn\u00ed\u010dka \u010di pracovn\u00edk, psychologi\u010dka \u010di psychol\u00f3g poskytujete \u017eene postihnutej n\u00e1sil\u00edm \u010fal\u0161iu podporu, je d\u00f4le\u017eit\u00e9, aby rozhovory prebiehali v neru\u0161enej, chr\u00e1nenej atmosf\u00e9re. \u00da\u010dinnos\u0165 pomoci bude z\u00e1visie\u0165 od v\u00e1\u0161ho osobn\u00e9ho presved\u010denia, \u017ee n\u00e1silie p\u00e1chan\u00e9 na \u017een\u00e1ch nikdy nie je opr\u00e1vnen\u00e9 a \u017ee za\u0148 zodpoved\u00e1 v\u00fdlu\u010dne n\u00e1siln\u00edk. <strong>Va\u0161a empatia, nehodnotiaci pr\u00edstup a jasn\u00e9 stanovisko,<\/strong> \u017ee \u017eena nenesie vinu na n\u00e1sil\u00ed, pom\u00e1haj\u00fa \u017eene postihnutej n\u00e1sil\u00edm a ve\u013emi ju odbreme\u0148uj\u00fa.<\/p>\n<p>Ak tu\u0161\u00edte pr\u00edtomnos\u0165 n\u00e1silia, m\u00f4\u017eete sk\u00fasi\u0165 oslovi\u0165 \u017eenu napr. slovami: \u201eM\u00e1m obavy o va\u0161u bezpe\u010dnos\u0165 a bezpe\u010dnos\u0165 va\u0161ich det\u00ed\u201c, alebo: \u201eVid\u00ed sa mi, \u017ee ste ohrozen\u00e1\u201c, a tak jej umo\u017eni\u0165, aby prijala pomoc.<\/p>\n<p>Inokedy m\u00f4\u017ee pom\u00f4c\u0165 \u201enepriame poradenstvo\u201c; m\u00f4\u017eete poveda\u0165, \u017ee pri svojej pr\u00e1ci sa opakovane stret\u00e1vate so \u017eenami, ktor\u00e9 s\u00fa postihnut\u00e9 n\u00e1sil\u00edm.<\/p>\n<p>Ak je pr\u00edtomnos\u0165 n\u00e1silia zrejm\u00e1, neost\u00fdchajte sa pacientky priamo op\u00fdta\u0165, napr.:<\/p>\n<ul>\n<li>Ubli\u017euje v\u00e1m niekto z va\u0161ej rodiny, pr\u00edp. v\u00e1\u0161 man\u017eel\/druh?<\/li>\n<li>M\u00e1te z niekoho vo va\u0161ej rodine, napr. man\u017eela\/druha, strach?<\/li>\n<li>Zakazuje v\u00e1m man\u017eel\/druh vych\u00e1dza\u0165 z bytu?<\/li>\n<li>Rozb\u00edja man\u017eel\/druh nejak\u00e9 predmety, na ktor\u00fdch v\u00e1m z\u00e1le\u017e\u00ed?<\/li>\n<li>Ubli\u017euje v\u00e1\u0161 man\u017eel\/druh de\u0165om?<\/li>\n<li>Sna\u017e\u00ed sa v\u00e1s man\u017eel\/druh ozna\u010di\u0165 za du\u0161evne chor\u00fa?<\/li>\n<\/ul>\n<p>V pr\u00edpade, \u017ee pacientka v\u00f4bec nechce o t\u00fdchto veciach hovori\u0165, nemali by ste nalieha\u0165. Dali ste jej najavo, \u017ee sa na v\u00e1s m\u00f4\u017ee obr\u00e1ti\u0165. Aj \u017eeny, ktor\u00e9 sa sprvu javili ako nepr\u00edstupn\u00e9, si nesk\u00f4r spomen\u00fa na inform\u00e1cie, ktor\u00e9 ste im dali. Rozpr\u00e1vajte sa v pracovnom kolekt\u00edve, ak to je mo\u017en\u00e9, o probl\u00e9moch spojen\u00fdch s pomocou a o frustr\u00e1cii, ktor\u00e1 sa vyn\u00e1ra, ke\u010f \u017eena postihnut\u00e1 n\u00e1sil\u00edm neprijme va\u0161u pomoc. H\u013eadajte podporu u svojich koleg\u00fd\u0148 a kolegov.<\/p>\n<p>Ke\u010f sa \u017eena postihnut\u00e1 n\u00e1sil\u00edm napokon odhodl\u00e1 hovori\u0165 o\u00a0svojom tr\u00e1pen\u00ed, otv\u00e1raj\u00fa sa mo\u017enosti pre zmenu. Zmeny v\u0161ak m\u00f4\u017eu prebieha\u0165 ve\u013emi pomaly a nemusia by\u0165 pre v\u00e1s hne\u010f vidite\u013en\u00e9. Pokia\u013e nem\u00e1te k dispoz\u00edcii dostatok \u010dasu, alebo ak sa v\u00e1m nedar\u00ed spolo\u010dne vytvori\u0165 dostato\u010dne d\u00f4vern\u00fd vz\u0165ah, mali by ste pacientke odporu\u010di\u0165, aby sa obr\u00e1tila na in\u00fa kolegy\u0148u \u010di in\u00e9ho kolegu alebo na zariadenia poskytuj\u00face pomoc \u017een\u00e1m.<\/p>\n<p><strong>\u010eAL\u0160IA POMOC<\/strong><\/p>\n<p>Pokia\u013e je to z medic\u00ednskeho h\u013eadiska obh\u00e1jite\u013en\u00e9, m\u00f4\u017ee k\u00a0bezpe\u010dnosti \u017eeny prispie\u0165 i jej hospitaliz\u00e1cia. Po prijat\u00ed do nemocnice si treba vyjasni\u0165, ktor\u00e9 n\u00e1v\u0161tevy si pacientka \u017eel\u00e1 a z ktor\u00fdch by mohla ma\u0165 obavy. Treba sa postara\u0165 aj o bezpe\u010dnos\u0165 jej det\u00ed, ktor\u00e9 sa mo\u017eno ocitli v nebezpe\u010dnej situ\u00e1cii alebo ostali doma samy, bez opatery dospel\u00fdch. Odpor\u00fa\u010dame nadviaza\u0165 kontakt s odborom soci\u00e1lnych vec\u00ed pr\u00edslu\u0161n\u00e9ho \u00faradu pr\u00e1ce, soci\u00e1lnych vec\u00ed a rodiny a s pr\u00edbuzn\u00fdmi alebo zn\u00e1mymi pacientky (pravda\u017ee, s jej s\u00fahlasom).<\/p>\n<p>Vypracujte spolu s pacientkou <strong><a title=\"Kr\u00edzov\u00fd pl\u00e1n\" href=\"http:\/\/www.gender.gov.sk\/zastavmenasilie\/pomoc\/rady-pre-zenu\/krizovy-plan\/\">kr\u00edzov\u00fd pl\u00e1n<\/a><\/strong> na zaistenie bezpe\u010dnosti pre \u0148u a jej deti a\u00a0spolo\u010dne si overte jeho realizovate\u013enos\u0165; objasnite napr. ot\u00e1zku, kam by mohla od\u00eds\u0165 po prepusten\u00ed z\u00a0nemocnice.<\/p>\n<p>Pon\u00faknite \u017eene, \u017ee sa skontaktujete so <strong><a title=\"Kde n\u00e1jdete pomoc\" href=\"http:\/\/www.gender.gov.sk\/zastavmenasilie\/pomoc\/kde-najdete-pomoc\/\">zariaden\u00edm poskytuj\u00facim pomoc<\/a><\/strong>, na ktor\u00e9 sa m\u00f4\u017ee obr\u00e1ti\u0165 pri h\u013eadan\u00ed \u010fal\u0161ej podpory.<\/p>\n<p>V pr\u00edpade, ak v\u00e1m oznamovacia povinnos\u0165 nevypl\u00fdva zo z\u00e1kona, pon\u00faknite \u017eene podporu, ak sa ona sama rozhodne poda\u0165 ozn\u00e1menie na pol\u00edciu.<\/p>\n<p>Re\u0161pektujte jej rozhodnutie, aj ke\u010f sa rozhodne ozn\u00e1menie nepoda\u0165. Hovorte so \u017eenou o mo\u017enostiach zotavenia (pr\u00e1ceneschopnos\u0165, k\u00fape\u013en\u00e1 lie\u010dba). Informujte ju o mo\u017enostiach podpornej terapie v poradni pre \u017eeny alebo v inom pomocnom zariaden\u00ed.<\/p>\n<p>Dajte \u017eene k dispoz\u00edcii vytla\u010den\u00e9 inform\u00e1cie z\u00a0tejto str\u00e1nky alebo in\u00fd informa\u010dn\u00fd materi\u00e1l.<\/p>\n<p>Zvl\u00e1\u0161\u0165 citliv\u00e9 zaobch\u00e1dzanie si vy\u017eaduj\u00fa:<\/p>\n<ul>\n<li>\u017deny s psychick\u00fdm, zmyslov\u00fdm alebo telesn\u00fdm <strong>postihnut\u00edm<\/strong><\/li>\n<li>\u017dij\u00fa vo vz\u0165ahu <strong>extr\u00e9mnej z\u00e1vislosti<\/strong>, a preto sa ve\u013emi boja, \u017ee by ich pr\u00edpadn\u00e1 otvorenos\u0165 mohla vies\u0165 k strate partnera, na ktor\u00e9ho pomoc s\u00fa odk\u00e1zan\u00e9. Ich strach je opodstatnen\u00fd.<\/li>\n<li>\u017deny v <strong>psychiatrickej starostlivosti<\/strong>. Psychick\u00e9 choroby \u010dasto vznikaj\u00fa v d\u00f4sledku pre\u017eit\u00e9ho n\u00e1silia. Vyvarujte sa toho, \u017ee by ste re\u00e1lne obavy pacientky interpretovali ako pr\u00edznak du\u0161evnej choroby. Pre psychicky chor\u00e9 \u017eeny b\u00fdva ove\u013ea \u0165a\u017e\u0161ie formulova\u0165 vlastn\u00e9 potreby.<\/li>\n<li>\u017deny so <strong>z\u00e1vislos\u0165ou<\/strong>. Niektor\u00e9 t\u00fdran\u00e9 \u017eeny po\u017e\u00edvaj\u00fa alkohol alebo lieky, aby vl\u00e1dali unies\u0165 svoju situ\u00e1ciu. Preto sa aj v kontakte so z\u00e1visl\u00fdmi pacientkami treba p\u00fdta\u0165, \u010di neza\u017eili, resp. neza\u017e\u00edvaj\u00fa n\u00e1silie.<\/li>\n<li><strong>Migrantky<\/strong>. Z\u00e1klady existencie t\u00fdchto \u017eien s\u00fa prim\u00e1rne sp\u00e4t\u00e9 s ich funkciou v rodine. Je d\u00f4le\u017eit\u00e9 zapoji\u0165 tlmo\u010dn\u00ed\u010dku (v pr\u00edpadoch n\u00e1silia p\u00e1chan\u00e9ho na \u017een\u00e1ch je obzvl\u00e1\u0161\u0165 d\u00f4le\u017eit\u00e9, aby tlmo\u010dila \u017eena). \u017divot v\u00a0cudzom prostred\u00ed rob\u00ed \u017eeny \u010dasto bezradnej\u0161\u00edmi a bezbrannej\u0161\u00edmi vo\u010di n\u00e1siliu.<\/li>\n<li>Star\u0161ie \u017eeny. Vy\u017eaduj\u00fa si ve\u013emi intenz\u00edvnu podporu, u\u017e aj vzh\u013eadom na ich \u010dast\u00fd pocit, \u017ee na nejak\u00e9 zmeny v \u017eivote je u\u017e pr\u00edli\u0161 neskoro.<\/li>\n<\/ul>\n<p><strong>PREVENCIA A ZMENA VEDOMIA<\/strong><\/p>\n<p>Iniciujte vo svojej pracovnej oblasti \u010fal\u0161ie odborn\u00e9 vzdel\u00e1vanie o problematike n\u00e1silia. Pracovn\u00ed\u010dky poradn\u00ed pre \u017eeny maj\u00fa z\u00e1ujem o v\u00fdmenu sk\u00fasenost\u00ed a kontakt.<\/p>\n<p>Tematizujte problematiku n\u00e1silia p\u00e1chan\u00e9ho na \u017een\u00e1ch i na lek\u00e1rskych kongresoch. O \u00fa\u010dinkoch a d\u00f4sledkoch n\u00e1silia by sa malo predn\u00e1\u0161a\u0165 v r\u00e1mci z\u00e1kladn\u00e9ho vzdel\u00e1vania lek\u00e1rok a lek\u00e1rov, zdravotn\u00edckeho person\u00e1lu, ako aj terapeutiek a terapeutov. Ak pracujete v t\u00edme, je dobr\u00e9, ak sa jedna \u010dlenka t\u00edmu zaober\u00e1 \u0161peci\u00e1lne touto t\u00e9mou (napr. absolvuje \u010fal\u0161ie vzdel\u00e1vanie o problematike n\u00e1silia p\u00e1chan\u00e9ho na \u017een\u00e1ch).<\/p>\n<p><strong>SPOLUPR\u00c1CA<\/strong><\/p>\n<p>Nadvia\u017ete spolupr\u00e1cu s pracovn\u00ed\u010dkami \u017eensk\u00fdch organiz\u00e1ci\u00ed pom\u00e1haj\u00facich \u017een\u00e1m, ktor\u00e9 poskytuj\u00fa praktick\u00fa a pr\u00e1vnu podporu.<\/p>\n<p>Je d\u00f4le\u017eit\u00e9 posilni\u0165 aj spolupr\u00e1cu s pol\u00edciou, s\u00fadmi, odbormi soci\u00e1lnych vec\u00ed, lek\u00e1rkami a lek\u00e1rmi na oddeleniach nemocn\u00edc, \u0161peci\u00e1lne vy\u0161kolen\u00fdmi psychoterapeutkami a psychoterapeutmi.<\/p>\n<p>Ak chceme zabr\u00e1ni\u0165 p\u00e1chaniu n\u00e1silia na \u017een\u00e1ch, vy\u017eaduje si to mno\u017estvo opatren\u00ed na mnoh\u00fdch spolo\u010densk\u00fdch rovin\u00e1ch. Je nevyhnutn\u00e1 spolupr\u00e1ca v\u0161etk\u00fdch pr\u00edslu\u0161n\u00fdch in\u0161tit\u00faci\u00ed, aby \u017eeny a ich deti nezostali s probl\u00e9mom samy.<\/p>\n<p>&nbsp;<\/p>\n<p><em>Zdroj:\u00a0<\/em><\/p>\n<p><em><strong><a href=\"http:\/\/www.gender.gov.sk\/zastavmenasilie\/informacie\/publikacie\/\">Kona\u0165 proti n\u00e1siliu na \u017een\u00e1ch<\/a><\/strong>.\u00a0Vydalo Ministerstvo pr\u00e1ce, soci\u00e1lnych vec\u00ed a rodiny SR v spolupr\u00e1ci s Iniciat\u00edvou Piata \u017eena v roku 2008\u00a0v r\u00e1mci N\u00e1rodnej kampane SR Zastavme dom\u00e1ce n\u00e1silie na \u017een\u00e1ch,\u00a0ktor\u00fa iniciovala Rada Eur\u00f3py.\u00a0Na vydanie pripravili OZ Pro Familia a\u00a0<a href=\"http:\/\/www.aspekt.sk\" target=\"_blank\">ZZ\u017d ASPEKT.<\/a><\/em><\/p>\n<p>____________________________________________________________________________________<\/p>\n<h4><a href=\"http:\/\/www.gender.gov.sk\/zastavmenasilie\/files\/2013\/05\/Odborne-usmernenie-MZ-SR-k-nasiliu-na-zenach.pdf\"><strong>Odborn\u00e9 usmernenie o postupe zdravotn\u00edckych pracovn\u00edkov pri poskytovan\u00ed zdravotnej starostlivosti\u00a0<\/strong><strong>\u017eene ohrozenej n\u00e1sil\u00edm<\/strong><\/a><\/h4>\n<p style=\"text-align: justify\">\u010c\u00edslo: 22247\/2008 \u2013 OZS,\u00a05. novembra 2008<br \/>\nMinisterstvo zdravotn\u00edctva Slovenskej republiky pod\u013ea \u00a7 45 ods.1 p\u00edsm. b) z\u00e1kona \u010d. 576\/2004 Z. z.\u00a0o zdravotnej starostlivosti, slu\u017eb\u00e1ch s\u00favisiacich s poskytovan\u00edm zdravotnej starostlivosti a o zmene a\u00a0doplnen\u00ed niektor\u00fdch z\u00e1konov v znen\u00ed neskor\u0161\u00edch predpisov (\u010falej len \u201ez\u00e1kon \u010d. 576\/2004 Z. z.\u201c) vydalo\u00a0toto usmernenie pre\u00a0zdravotn\u00edckych pracovn\u00edkov pri poskytovan\u00ed zdravotnej\u00a0starostlivosti \u017eene ohrozenej n\u00e1sil\u00edm.<\/p>\n","protected":false},"excerpt":{"rendered":"<p>Lek\u00e1rky a lek\u00e1ri alebo o\u0161etrovate\u013eky a o\u0161etrovatelia s\u00fa \u010dasto prv\u00fdmi odborn\u00edkmi, u ktor\u00fdch \u017eeny postihnut\u00e9 n\u00e1sil\u00edm h\u013eadaj\u00fa pomoc. V\u00e4\u010d\u0161ina t\u00fdran\u00fdch \u017eien sa v istom okamihu obr\u00e1ti na lek\u00e1rku \u010di lek\u00e1ra, preto\u017ee n\u00e1silie, ktor\u00e9 za\u017e\u00edvaj\u00fa, zanech\u00e1va stopy na ich zdrav\u00ed. Vo svojej pr\u00e1ci m\u00e1te ve\u013ea mo\u017enost\u00ed v\u010das rozpozna\u0165 n\u00e1silie a zabr\u00e1ni\u0165 jeho (\u010fal\u0161iemu) v\u00fdskytu. Vyu\u017eite svoje &hellip; <\/p>\n<p><a class=\"more-link block-button\" href=\"https:\/\/www.gender.gov.sk\/zastavmenasilie\/informacie-3\/pre-zdravotnicky-personal\/\">\u010c\u00edta\u0165 viac &raquo;<\/a><\/p>\n","protected":false},"author":2,"featured_media":0,"parent":311,"menu_order":3,"comment_status":"open","ping_status":"open","template":"","meta":[],"_links":{"self":[{"href":"https:\/\/www.gender.gov.sk\/zastavmenasilie\/wp-json\/wp\/v2\/pages\/315"}],"collection":[{"href":"https:\/\/www.gender.gov.sk\/zastavmenasilie\/wp-json\/wp\/v2\/pages"}],"about":[{"href":"https:\/\/www.gender.gov.sk\/zastavmenasilie\/wp-json\/wp\/v2\/types\/page"}],"author":[{"embeddable":true,"href":"https:\/\/www.gender.gov.sk\/zastavmenasilie\/wp-json\/wp\/v2\/users\/2"}],"replies":[{"embeddable":true,"href":"https:\/\/www.gender.gov.sk\/zastavmenasilie\/wp-json\/wp\/v2\/comments?post=315"}],"version-history":[{"count":5,"href":"https:\/\/www.gender.gov.sk\/zastavmenasilie\/wp-json\/wp\/v2\/pages\/315\/revisions"}],"predecessor-version":[{"id":461,"href":"https:\/\/www.gender.gov.sk\/zastavmenasilie\/wp-json\/wp\/v2\/pages\/315\/revisions\/461"}],"up":[{"embeddable":true,"href":"https:\/\/www.gender.gov.sk\/zastavmenasilie\/wp-json\/wp\/v2\/pages\/311"}],"wp:attachment":[{"href":"https:\/\/www.gender.gov.sk\/zastavmenasilie\/wp-json\/wp\/v2\/media?parent=315"}],"curies":[{"name":"wp","href":"https:\/\/api.w.org\/{rel}","templated":true}]}}