{"id":319,"date":"2013-05-31T22:21:16","date_gmt":"2013-05-31T22:21:16","guid":{"rendered":"http:\/\/www.gender.gov.sk\/zastavmenasilie\/?page_id=319"},"modified":"2013-06-01T15:05:23","modified_gmt":"2013-06-01T15:05:23","slug":"pre-psycho-socialne-profesie","status":"publish","type":"page","link":"https:\/\/www.gender.gov.sk\/zastavmenasilie\/informacie-3\/pre-psycho-socialne-profesie\/","title":{"rendered":"pre psycho-soci\u00e1lne profesie"},"content":{"rendered":"<p>Aj ke\u010f poradcovia a poradkyne v psychosoci\u00e1lnej oblasti maj\u00fa kvalitn\u00fa odborn\u00fa pr\u00edpravu, je pre ich efekt\u00edvnu pr\u00e1cu so \u017eenami postihnut\u00fdmi n\u00e1sil\u00edm nevyhnutn\u00e9, aby sa intenz\u00edvne zaoberali pozad\u00edm a\u00a0d\u00f4sledkami n\u00e1silia p\u00e1chan\u00e9ho na \u017een\u00e1ch. \u010eal\u0161\u00edm predpokladom poskytovania \u00fa\u010dinnej pomoci \u017een\u00e1m v \u0165a\u017ekej situ\u00e1cii s\u00fa vedomosti o <strong>policajn\u00fdch a\u00a0pr\u00e1vnych mo\u017enostiach<\/strong>, ako aj aktu\u00e1lny preh\u013ead o <strong>pomocn\u00fdch zariadeniach<\/strong>.<\/p>\n<p>Vzh\u013eadom na komplikovan\u00fa povahu vz\u0165ahov, v ktor\u00fdch doch\u00e1dza k n\u00e1siliu, je na zvl\u00e1dnutie probl\u00e9mu potrebn\u00e1 <strong>intervencia viacer\u00fdch profesi\u00ed<\/strong>. \u017deny postihnut\u00e9 n\u00e1sil\u00edm sa \u010dasto boria nielen s ohrozen\u00edm a n\u00e1sil\u00edm, ale aj s in\u00fdmi probl\u00e9mami (starostlivos\u0165 o deti, b\u00fdvanie, finan\u010dn\u00e9 probl\u00e9my, bezdomovstvo, z\u00e1vislos\u0165, jazykov\u00e1 bari\u00e9ra).<\/p>\n<p>Pr\u00e1ca so \u017eenami postihnut\u00fdmi n\u00e1sil\u00edm v p\u00e1rov\u00fdch vz\u0165ahoch je ve\u013emi \u0165a\u017ek\u00e1 a \u010dasto aj frustruj\u00faca. Pom\u00e1haj\u00facim osob\u00e1m m\u00f4\u017ee pom\u00f4c\u0165 podpora zo strany kolegov a koleg\u00fd\u0148, pracovn\u00e9ho t\u00edmu a vyu\u017e\u00edvanie superv\u00edzie. Osobn\u00e9 pre\u0165a\u017eenie poradkyne m\u00f4\u017ee negat\u00edvne ovplyvni\u0165 \u017eenu postihnut\u00fa n\u00e1sil\u00edm i poradenstvo a ohrozi\u0165 pozit\u00edvny v\u00fdsledok spolupr\u00e1ce.<\/p>\n<p>Pre\u0165a\u017eenie \u00fazko s\u00favis\u00ed s nadmern\u00fdmi o\u010dak\u00e1vaniami vych\u00e1dzaj\u00facimi z nespr\u00e1vnych predpokladov. \u00daspech poradenstva nemeriame pod\u013ea toho, \u010di sa \u017eena s\u00a0n\u00e1siln\u00edckym mu\u017eom roz\u00edde alebo nie, ani pod\u013ea toho, \u010di poradkyne a poradcovia ihne\u010f navrhn\u00fa rie\u0161enia a \u010di sa za\u010dne r\u00fdchlo kona\u0165.<\/p>\n<p>Tak\u00fdto postup by toti\u017e mohol vies\u0165 k vyv\u00edjaniu n\u00e1tlaku na \u017eenu, resp. k tomu, \u017ee by pom\u00e1haj\u00face osoby konali namiesto samotnej \u017eeny. T\u00fdm by jej v\u0161ak od\u0148ali zodpovednos\u0165 za seba samu, \u010do by len posilnilo existuj\u00face pocity bezmocnosti, s ktor\u00fdmi sa \u017eeny postihnut\u00e9 n\u00e1sil\u00edm tak \u010di tak boria.<\/p>\n<p>\u017dena postihnut\u00e1 n\u00e1sil\u00edm mus\u00ed sama ur\u010dova\u0165 tempo, ak\u00fdm sa bude vyrovn\u00e1va\u0165 s pre\u017eit\u00fdm n\u00e1sil\u00edm, a\u00a0sama rozhodova\u0165 o \u010fal\u0161\u00edch krokoch.<\/p>\n<p>V tejto s\u00favislosti mus\u00edme poznamena\u0165, \u017ee v pr\u00edpade n\u00e1silia vo vz\u0165ahu je <strong>sp\u00f4sob intervencie vo forme medi\u00e1cie nevhodn\u00fd<\/strong>. Medi\u00e1cia predpoklad\u00e1 rovnako siln\u00fdch partnerov, len\u017ee n\u00e1silie vyvol\u00e1va vo vz\u0165ahu extr\u00e9mne asymetrick\u00e9 rozdelenie moci. N\u00e1siln\u00edcki mu\u017ei pokoruj\u00fa a utl\u00e1\u010daj\u00fa svoje partnerky, aby presadili svoje z\u00e1ujmy. Z tohto d\u00f4vodu \u017eeny na to, aby sa mohli presadi\u0165 proti n\u00e1siln\u00edkovi, potrebuj\u00fa pomoc niekoho, kto bude jednozna\u010dne na ich strane (str\u00e1niaca podpora).<\/p>\n<p>To ist\u00e9 plat\u00ed aj pre p\u00e1rov\u00fa \u010di rodinn\u00fa terapiu. N\u00e1siln\u00edckemu mu\u017eovi sa nesmie poskytn\u00fa\u0165 mo\u017enos\u0165, aby zodpovednos\u0165 alebo vinu za n\u00e1silie zva\u013eoval na \u017eenu.<\/p>\n<p><strong>Hlavn\u00fdm cie\u013eom ka\u017edej intervencie je ukon\u010di\u0165 n\u00e1silie, nie udr\u017ea\u0165 vz\u0165ah.<\/strong><\/p>\n<p>&nbsp;<\/p>\n<p><strong>PODPORN\u00c9 STRAT\u00c9GIE PRE \u017dENY POSTIHNUT\u00c9 N\u00c1SIL\u00cdM<\/strong><\/p>\n<p>Intervencia nemus\u00ed nevyhnutne znamena\u0165 rozvod alebo rozchod: Ove\u013ea d\u00f4le\u017eitej\u0161ie je spozna\u0165 a pomenova\u0165 probl\u00e9my a potom zva\u017eova\u0165, ak\u00e9 s\u00fa mo\u017enosti zmeny. <strong>Na prvom mieste stoj\u00ed v\u017edy ochrana a bezpe\u010dnos\u0165 \u017eeny postihnutej n\u00e1sil\u00edm a jej det\u00ed.<\/strong><\/p>\n<p><strong>Praktick\u00e1 podpora<\/strong><\/p>\n<p>Rozhovory a poradenstvo sl\u00fa\u017eia na vyjasnenie situ\u00e1cie. Ke\u010f sa \u017eeny rozhodn\u00fa kona\u0165, naliehavo potrebuj\u00fa praktick\u00fa podporu. Ide napr\u00edklad o sprev\u00e1dzanie na \u00farady (pol\u00edciu, prokurat\u00faru, odbor soci\u00e1lnych vec\u00ed \u00daPSVaR, s\u00fad, k pr\u00e1vnikovi \u010di pr\u00e1vni\u010dke), ak musela \u017eena ujs\u0165 z domu, treba zorganizova\u0165 zaobstaranie najnutnej\u0161\u00edch vec\u00ed, ako s\u00fa osobn\u00e9 doklady, lieky, oble\u010denie a pod. Ke\u010f v\u00e1m va\u0161a pr\u00e1ca nedovo\u013euje, aby ste poskytli tak\u00fato pomoc, sprostredkujte \u017eene postihnutej n\u00e1sil\u00edm kontakt s kompetentn\u00fdm miestom. Nadviazan\u00edm osobn\u00e9ho kontaktu sa vopred presved\u010dte, \u010di na danom mieste \u017eena n\u00e1jde potrebn\u00fa pomoc. Ak to nem\u00f4\u017eete urobi\u0165, je d\u00f4le\u017eit\u00e9, aby ste \u017eene podrobne vysvetlili, \u017ee sa pri presadzovan\u00ed jej po\u017eiadaviek m\u00f4\u017eu vyskytn\u00fa\u0165 komplik\u00e1cie.<\/p>\n<p>Nez\u00e1visle od toho, \u010di sa \u017eena rozhodla, alebo nerozhodla pre definit\u00edvny rozchod, je nevyhnutn\u00e9 spolu s \u0148ou vypracova\u0165 <strong>kr\u00edzov\u00fd pl\u00e1n<\/strong> a preveri\u0165 jeho uskuto\u010dnite\u013enos\u0165. Tak za\u010dne \u017eena postihnut\u00e1 n\u00e1sil\u00edm krok za krokom op\u00e4\u0165 z\u00edskava\u0165 kontrolu nad svoj\u00edm \u017eivotom.<\/p>\n<p>&nbsp;<\/p>\n<p><strong>Poradensk\u00e1 podpora<\/strong><\/p>\n<p>\u017divot v n\u00e1siln\u00edckom vz\u0165ahu b\u00fdva \u010dasto spojen\u00fd s dlhoro\u010dn\u00fdm ml\u010dan\u00edm a zatajovan\u00edm. Ak sa \u017eeny kone\u010dne rozhodn\u00fa prelomi\u0165 ml\u010danie a\u00a0hovori\u0165 o pre\u017eitom n\u00e1sil\u00ed, znamen\u00e1 to prv\u00fd krok k mo\u017enej zmene situ\u00e1cie.<\/p>\n<p>Urobte si \u010das na podrobn\u00e9 rozhovory. Odpor\u00fa\u010dame v\u00e1m:<\/p>\n<ul>\n<li>Pozorne na\u010d\u00favajte, prejavte svoju \u00fa\u010das\u0165.<\/li>\n<li>Strach \u017eeny berte v\u00e1\u017ene, verte jej rozpr\u00e1vaniu.<\/li>\n<li>Nepripisujte \u017eene \u017eiadnu spoluvinu na sp\u00e1chanom n\u00e1sil\u00ed, naopak, pouk\u00e1\u017ete na to, \u017ee n\u00e1silie na \u017een\u00e1ch treba vidie\u0165 v\u00a0spolo\u010denskom kontexte a \u017ee sa vyskytuje ve\u013emi \u010dasto.<\/li>\n<li>Sna\u017ete sa \u017eenu najprv odbremeni\u0165 od psychickej z\u00e1\u0165a\u017ee a\u00a0nevystavujte ju tlaku nejak\u00fdmi vlastn\u00fdmi n\u00e1vrhmi \u010di po\u017eiadavkami, dajte najavo, \u017ee d\u00f4verujete jej schopnosti rozhodova\u0165 o vlastnom \u017eivote.<\/li>\n<li>Pok\u00faste sa podpori\u0165 klientku v jej schopnostiach:\n<ul>\n<li>Podporujte ju v rozv\u00edjan\u00ed jej potrieb.<\/li>\n<li>Sna\u017ete sa zv\u00fd\u0161i\u0165 sebavedomie \u017eeny t\u00fdm, \u017ee uzn\u00e1te jej \u00fasilie o\u00a0zmenu situ\u00e1cie.<\/li>\n<li>Vyzdvihnite jej siln\u00e9 str\u00e1nky, napr\u00edklad pr\u00edzvukujte, ako dobre dok\u00e1\u017ee ochr\u00e1ni\u0165 seba i svoje deti.<\/li>\n<li>Zaujmite jednozna\u010dne negat\u00edvny postoj vo\u010di n\u00e1siliu.<\/li>\n<li>N\u00e1siln\u00edckeho mu\u017ea zapojte do poradenstva len vtedy, ak si to \u017eena v\u00fdslovne \u017eel\u00e1 a \u00a0ak mu\u017e nielen preukazuje ochotu zmeni\u0165 svoje spr\u00e1vanie, ale uskuto\u010d\u0148uje aj konkr\u00e9tne kroky.<\/li>\n<\/ul>\n<\/li>\n<\/ul>\n<p>Na konfront\u00e1ciu mu\u017ea s jeho delikventn\u00fdm spr\u00e1van\u00edm je najvhodnej\u0161\u00ed poradca mu\u017esk\u00e9ho pohlavia, ktor\u00fd jasne vyjadr\u00ed svoj jednozna\u010dne negat\u00edvny postoj vo\u010di n\u00e1siliu.<\/p>\n<p><strong>V\u017edy dbajte pritom na bezpe\u010dnos\u0165 a ochranu \u017eeny<\/strong>, vyh\u00fdbajte sa ak\u00e9muko\u013evek vyjedn\u00e1vaniu, medi\u00e1cii a pod.<\/p>\n<p>&nbsp;<\/p>\n<p><strong>Poradenstvo pri podozren\u00ed, \u017ee doch\u00e1dza k n\u00e1siliu<\/strong><\/p>\n<p>Na psychosoci\u00e1lnych poradcov a poradkyne sa \u017eeny obracaj\u00fa s\u00a0r\u00f4znymi ot\u00e1zkami a \u017eelaniami. V priebehu rozhovoru m\u00f4\u017ee vznikn\u00fa\u0165 podozrenie, \u017ee \u017eena za\u017e\u00edva v int\u00edmnom vz\u0165ahu n\u00e1silie, aj ke\u010f sama o tejto t\u00e9me nehovor\u00ed.<\/p>\n<p>Nezdr\u00e1hajte sa o tom s klientkou hovori\u0165:<\/p>\n<ul>\n<li><strong>Vyslovte svoje podozrenie a prejavte s\u00facit<\/strong>, opatrne sa zmie\u0148te o\u00a0jej pr\u00edpadn\u00fdch zraneniach, ale nep\u00fdtajte sa \u010falej, ak o tejto t\u00e9me nechce hovori\u0165.<\/li>\n<li><strong>Pon\u00faknite konkr\u00e9tnu pomoc a praktick\u00fa podporu<\/strong> \u2014 pravideln\u00e9 rozhovory, sprev\u00e1dzanie na \u00farady, inform\u00e1cie o\u00a0pom\u00e1haj\u00facich zariadeniach, a to aj vtedy, ak \u017eena sama od seba o to nepo\u017eiada.<\/li>\n<li><strong>Jasne a konkr\u00e9tne pon\u00faknite svoju pomoc<\/strong>. Dohodnite sa s \u0148ou, kedy, kde a ako v\u00e1s m\u00f4\u017ee zastihn\u00fa\u0165, ako alebo prostredn\u00edctvom koho sa s \u0148ou m\u00f4\u017eete skontaktova\u0165 vy, ak\u00e9 s\u00fa mo\u017enosti pomoci z\u00a0va\u0161ej strany (pon\u00faknite len to, \u010do m\u00f4\u017eete dodr\u017ea\u0165), dohodnite s\u00a0\u0148ou konkr\u00e9tny term\u00edn \u010fal\u0161ieho stretnutia alebo in\u00e9ho kontaktu.<\/li>\n<li>Poskytnite \u201e<strong>nepriame poradenstvo\u201c,<\/strong> napr\u00edklad takouto formou: \u201eExistuje ve\u013ea \u017eien, ktor\u00e9 trpia n\u00e1sil\u00edm&#8230;\u201c, \u201eNiektor\u00e9 zariadenia poskytuj\u00fa pomoc&#8230;\u201c<\/li>\n<li><strong>Prejavte pochopenie<\/strong> pre odmietav\u00fa reakciu: \u201eCh\u00e1pem, \u017ee sa boj\u00edte o tom hovori\u0165 \u2014 bez v\u00e1\u0161ho s\u00fahlasu nebudem ni\u010d podnika\u0165.\u201c<\/li>\n<\/ul>\n<p>&nbsp;<\/p>\n<p><em>Zdroj:\u00a0<\/em><\/p>\n<p><em><strong><a href=\"http:\/\/www.gender.gov.sk\/zastavmenasilie\/informacie\/publikacie\/\">Kona\u0165 proti n\u00e1siliu na \u017een\u00e1ch<\/a><\/strong>.\u00a0Vydalo Ministerstvo pr\u00e1ce, soci\u00e1lnych vec\u00ed a rodiny SR v spolupr\u00e1ci s Iniciat\u00edvou Piata \u017eena v roku 2008\u00a0v r\u00e1mci N\u00e1rodnej kampane SR Zastavme dom\u00e1ce n\u00e1silie na \u017een\u00e1ch,\u00a0ktor\u00fa iniciovala Rada Eur\u00f3py.\u00a0Na vydanie pripravili OZ Pro Familia a\u00a0<a href=\"http:\/\/www.aspekt.sk\" target=\"_blank\">ZZ\u017d ASPEKT.<\/a><\/em><\/p>\n","protected":false},"excerpt":{"rendered":"<p>Aj ke\u010f poradcovia a poradkyne v psychosoci\u00e1lnej oblasti maj\u00fa kvalitn\u00fa odborn\u00fa pr\u00edpravu, je pre ich efekt\u00edvnu pr\u00e1cu so \u017eenami postihnut\u00fdmi n\u00e1sil\u00edm nevyhnutn\u00e9, aby sa intenz\u00edvne zaoberali pozad\u00edm a\u00a0d\u00f4sledkami n\u00e1silia p\u00e1chan\u00e9ho na \u017een\u00e1ch. \u010eal\u0161\u00edm predpokladom poskytovania \u00fa\u010dinnej pomoci \u017een\u00e1m v \u0165a\u017ekej situ\u00e1cii s\u00fa vedomosti o policajn\u00fdch a\u00a0pr\u00e1vnych mo\u017enostiach, ako aj aktu\u00e1lny preh\u013ead o pomocn\u00fdch zariadeniach. Vzh\u013eadom &hellip; <\/p>\n<p><a class=\"more-link block-button\" href=\"https:\/\/www.gender.gov.sk\/zastavmenasilie\/informacie-3\/pre-psycho-socialne-profesie\/\">\u010c\u00edta\u0165 viac &raquo;<\/a><\/p>\n","protected":false},"author":2,"featured_media":0,"parent":311,"menu_order":4,"comment_status":"open","ping_status":"open","template":"","meta":[],"_links":{"self":[{"href":"https:\/\/www.gender.gov.sk\/zastavmenasilie\/wp-json\/wp\/v2\/pages\/319"}],"collection":[{"href":"https:\/\/www.gender.gov.sk\/zastavmenasilie\/wp-json\/wp\/v2\/pages"}],"about":[{"href":"https:\/\/www.gender.gov.sk\/zastavmenasilie\/wp-json\/wp\/v2\/types\/page"}],"author":[{"embeddable":true,"href":"https:\/\/www.gender.gov.sk\/zastavmenasilie\/wp-json\/wp\/v2\/users\/2"}],"replies":[{"embeddable":true,"href":"https:\/\/www.gender.gov.sk\/zastavmenasilie\/wp-json\/wp\/v2\/comments?post=319"}],"version-history":[{"count":3,"href":"https:\/\/www.gender.gov.sk\/zastavmenasilie\/wp-json\/wp\/v2\/pages\/319\/revisions"}],"predecessor-version":[{"id":321,"href":"https:\/\/www.gender.gov.sk\/zastavmenasilie\/wp-json\/wp\/v2\/pages\/319\/revisions\/321"}],"up":[{"embeddable":true,"href":"https:\/\/www.gender.gov.sk\/zastavmenasilie\/wp-json\/wp\/v2\/pages\/311"}],"wp:attachment":[{"href":"https:\/\/www.gender.gov.sk\/zastavmenasilie\/wp-json\/wp\/v2\/media?parent=319"}],"curies":[{"name":"wp","href":"https:\/\/api.w.org\/{rel}","templated":true}]}}