{"id":322,"date":"2013-05-31T22:24:19","date_gmt":"2013-05-31T22:24:19","guid":{"rendered":"http:\/\/www.gender.gov.sk\/zastavmenasilie\/?page_id=322"},"modified":"2013-06-01T15:05:43","modified_gmt":"2013-06-01T15:05:43","slug":"pre-socialne-pracovnicky","status":"publish","type":"page","link":"https:\/\/www.gender.gov.sk\/zastavmenasilie\/informacie-3\/pre-socialne-pracovnicky\/","title":{"rendered":"pre soci\u00e1lne pracovn\u00ed\u010dky"},"content":{"rendered":"<p>Na rozdiel od in\u00fdch pom\u00e1haj\u00facich os\u00f4b z psychosoci\u00e1lnych profesi\u00ed maj\u00fa pracovn\u00ed\u010dky a pracovn\u00edci odboru soci\u00e1lnych vec\u00ed \u00daPSVaR \u00falohy vypl\u00fdvaj\u00face zo z\u00e1kona. Zabezpe\u010duj\u00fa s\u00fastavn\u00fa ochranu \u017eivota, zdravia a priazniv\u00e9ho v\u00fdvinu die\u0165a\u0165a, ktor\u00e1 je nevyhnutn\u00e1 pre jeho blaho a re\u0161pektuje jeho najlep\u0161\u00ed z\u00e1ujem. Pri t\u00fdran\u00ed \u017eien v rodine s\u00fa n\u00e1sil\u00edm zasiahnut\u00e9 v\u017edy aj deti, a to i vtedy, ke\u010f samy nie s\u00fa priamo obe\u0165ou n\u00e1silia. Pracovn\u00ed\u010dky a pracovn\u00edci odboru soci\u00e1lnych vec\u00ed d\u00e1vaj\u00fa s\u00fadu odpor\u00fa\u010dania t\u00fdkaj\u00face sa zverenia die\u0165a\u0165a do v\u00fdchovy, ur\u010denia v\u00fd\u017eivn\u00e9ho, \u00fapravy a z\u00e1kazu styku. Mali by si preto uvedomova\u0165, \u017ee snaha zachova\u0165 neutralitu vo\u010di obom rodi\u010dom v pr\u00edpade n\u00e1silia ohrozuje blaho die\u0165a\u0165a a je proti jeho z\u00e1ujmom. <strong><span style=\"text-decoration: underline\">Neutr\u00e1lny postoj\u00a0 vo\u010di n\u00e1siliu nie je na mieste.<\/span><\/strong><\/p>\n<p>Len pracovn\u00ed\u010dky a pracovn\u00edci odboru soci\u00e1lnych vec\u00ed m\u00f4\u017eu vyu\u017ei\u0165 mo\u017enos\u0165 na <strong>predvolanie n\u00e1siln\u00edckych mu\u017eov<\/strong>. Je to pr\u00edle\u017eitos\u0165, aby mu\u017ea konfrontovali s\u00a0jeho n\u00e1siln\u00edckym spr\u00e1van\u00edm a jednozna\u010dne dali najavo, \u017ee ani odbor soci\u00e1lnych vec\u00ed nebude jeho n\u00e1silie tolerova\u0165 a \u017ee jeho n\u00e1siln\u00edcke spr\u00e1vanie bude ma\u0165 d\u00f4sledky na spr\u00e1vy t\u00fdkaj\u00face sa zverenia det\u00ed do v\u00fdchovy a \u00fapravy styku s de\u0165mi. Okrem toho m\u00f4\u017eu aj in\u00fdmi sp\u00f4sobmi vyv\u00edja\u0165 na mu\u017ea n\u00e1tlak; ke\u010f mu\u017e napr\u00edklad zadr\u017eiava dokumenty, m\u00f4\u017eu ho p\u00edsomne vyzva\u0165, aby doklady pre \u017eenu a deti odovzdal na odbore soci\u00e1lnych vec\u00ed.<\/p>\n<p>M\u00f4\u017eu rozhodova\u0165 o <strong>v\u00fdchovn\u00fdch opatreniach<\/strong> pod\u013ea z\u00e1kona o soci\u00e1lnopr\u00e1vnej ochrane det\u00ed a soci\u00e1lnej kuratele a navrhova\u0165 s\u00fadu ulo\u017eenie v\u00fdchovn\u00fdch opatren\u00ed pod\u013ea z\u00e1kona o rodine, ako aj obmedzenie a pozbavenie rodi\u010dovsk\u00fdch pr\u00e1v, ak je to v z\u00e1ujme malolet\u00fdch det\u00ed.<\/p>\n<p>Pracovn\u00ed\u010dky a pracovn\u00edci odboru soci\u00e1lnych vec\u00ed m\u00f4\u017eu najviac urobi\u0165 na ochranu pr\u00e1v a pr\u00e1vom chr\u00e1nen\u00fdch z\u00e1ujmov malolet\u00fdch det\u00ed.<\/p>\n<p>Pracovn\u00ed\u010dky a pracovn\u00edci odboru soci\u00e1lnych vec\u00ed m\u00e1vaj\u00fa niekedy t\u00fa v\u00fdhodu, \u017ee rodiny poznaj\u00fa u\u017e dlh\u0161\u00ed \u010das. To znamen\u00e1, \u017ee medzi \u017eenami postihnut\u00fdmi n\u00e1sil\u00edm a pom\u00e1haj\u00facimi osobami m\u00f4\u017ee vznikn\u00fa\u0165 vz\u0165ah zalo\u017een\u00fd na vz\u00e1jomnej d\u00f4vere. Tento vz\u0165ah <strong>predur\u010duje soci\u00e1lne pracovn\u00ed\u010dky a pracovn\u00edkov na to, aby v spolupr\u00e1ci so \u017eenami vytvorili syst\u00e9m podpory a pomoci. <\/strong>(D\u00f4le\u017eit\u00e1 je sprostredkovate\u013esk\u00e1 \u00faloha medzi \u017eenou postihnutou n\u00e1sil\u00edm a in\u00fdmi in\u0161tit\u00faciami ako napr\u00edklad \u0161kola, matersk\u00e1 \u0161kola, organiz\u00e1cie poskytuj\u00face pomoc \u017een\u00e1m.)<\/p>\n<p>&nbsp;<\/p>\n<p><em>Zdroj:\u00a0<\/em><\/p>\n<p><em><strong><a href=\"http:\/\/www.gender.gov.sk\/zastavmenasilie\/informacie\/publikacie\/\">Kona\u0165 proti n\u00e1siliu na \u017een\u00e1ch<\/a><\/strong>.\u00a0Vydalo Ministerstvo pr\u00e1ce, soci\u00e1lnych vec\u00ed a rodiny SR v spolupr\u00e1ci s Iniciat\u00edvou Piata \u017eena v roku 2008\u00a0v r\u00e1mci N\u00e1rodnej kampane SR Zastavme dom\u00e1ce n\u00e1silie na \u017een\u00e1ch,\u00a0ktor\u00fa iniciovala Rada Eur\u00f3py.\u00a0Na vydanie pripravili OZ Pro Familia a\u00a0<a href=\"http:\/\/www.aspekt.sk\" target=\"_blank\">ZZ\u017d ASPEKT.<\/a><\/em><\/p>\n","protected":false},"excerpt":{"rendered":"<p>Na rozdiel od in\u00fdch pom\u00e1haj\u00facich os\u00f4b z psychosoci\u00e1lnych profesi\u00ed maj\u00fa pracovn\u00ed\u010dky a pracovn\u00edci odboru soci\u00e1lnych vec\u00ed \u00daPSVaR \u00falohy vypl\u00fdvaj\u00face zo z\u00e1kona. Zabezpe\u010duj\u00fa s\u00fastavn\u00fa ochranu \u017eivota, zdravia a priazniv\u00e9ho v\u00fdvinu die\u0165a\u0165a, ktor\u00e1 je nevyhnutn\u00e1 pre jeho blaho a re\u0161pektuje jeho najlep\u0161\u00ed z\u00e1ujem. Pri t\u00fdran\u00ed \u017eien v rodine s\u00fa n\u00e1sil\u00edm zasiahnut\u00e9 v\u017edy aj deti, a to i &hellip; <\/p>\n<p><a class=\"more-link block-button\" href=\"https:\/\/www.gender.gov.sk\/zastavmenasilie\/informacie-3\/pre-socialne-pracovnicky\/\">\u010c\u00edta\u0165 viac &raquo;<\/a><\/p>\n","protected":false},"author":2,"featured_media":0,"parent":311,"menu_order":5,"comment_status":"open","ping_status":"open","template":"","meta":[],"_links":{"self":[{"href":"https:\/\/www.gender.gov.sk\/zastavmenasilie\/wp-json\/wp\/v2\/pages\/322"}],"collection":[{"href":"https:\/\/www.gender.gov.sk\/zastavmenasilie\/wp-json\/wp\/v2\/pages"}],"about":[{"href":"https:\/\/www.gender.gov.sk\/zastavmenasilie\/wp-json\/wp\/v2\/types\/page"}],"author":[{"embeddable":true,"href":"https:\/\/www.gender.gov.sk\/zastavmenasilie\/wp-json\/wp\/v2\/users\/2"}],"replies":[{"embeddable":true,"href":"https:\/\/www.gender.gov.sk\/zastavmenasilie\/wp-json\/wp\/v2\/comments?post=322"}],"version-history":[{"count":3,"href":"https:\/\/www.gender.gov.sk\/zastavmenasilie\/wp-json\/wp\/v2\/pages\/322\/revisions"}],"predecessor-version":[{"id":324,"href":"https:\/\/www.gender.gov.sk\/zastavmenasilie\/wp-json\/wp\/v2\/pages\/322\/revisions\/324"}],"up":[{"embeddable":true,"href":"https:\/\/www.gender.gov.sk\/zastavmenasilie\/wp-json\/wp\/v2\/pages\/311"}],"wp:attachment":[{"href":"https:\/\/www.gender.gov.sk\/zastavmenasilie\/wp-json\/wp\/v2\/media?parent=322"}],"curies":[{"name":"wp","href":"https:\/\/api.w.org\/{rel}","templated":true}]}}