{"id":335,"date":"2013-06-01T06:31:16","date_gmt":"2013-06-01T06:31:16","guid":{"rendered":"http:\/\/www.gender.gov.sk\/zastavmenasilie\/?page_id=335"},"modified":"2016-10-20T20:34:45","modified_gmt":"2016-10-20T20:34:45","slug":"policia","status":"publish","type":"page","link":"https:\/\/www.gender.gov.sk\/zastavmenasilie\/pomoc\/policia\/","title":{"rendered":"Pol\u00edcia"},"content":{"rendered":"<p>Pol\u00edcia je k\u013e\u00fa\u010dov\u00e1 in\u0161tit\u00facia, ktor\u00e1 m\u00e1 v\u00e1m a\u00a0va\u0161im de\u0165om zabezpe\u010di\u0165 ochranu a bezpe\u010dnos\u0165, ke\u010f ste v ohrozen\u00ed v d\u00f4sledku n\u00e1siln\u00e9ho spr\u00e1vania man\u017eela, b\u00fdval\u00e9ho man\u017eela alebo partnera. \u00dalohou\u00a0 pol\u00edcie je<em>\u201espolup\u00f4sobenie pri ochrane z\u00e1kladn\u00fdch pr\u00e1v a slob\u00f4d, najm\u00e4 pri ochrane \u017eivota, zdravia, osobnej slobody a bezpe\u010dnosti os\u00f4b a pri ochrane majetku\u201c\u00a0<\/em>(Z\u00e1kon \u010d.171\/1993 Z.z. o Policajnom zbore).<\/p>\n<p>Pol\u00edcia postupuje pod\u013ea ustanoven\u00ed Z\u00e1kona o priestupkoch \u010d. 372\/1990 Z.z., Trestn\u00e9ho z\u00e1kona \u010d.300\/2005 Z.z. a Trestn\u00e9ho poriadku \u010d. 301\/2005 Z.z. Tieto pr\u00e1vne predpisy ustanovuj\u00fa pr\u00e1va \u017eien a deti v t\u00fdchto konaniach ako oznamovateliek a oznamovate\u013eov, svedk\u00fd\u0148 alebo svedkov a po\u0161koden\u00fdch.<\/p>\n<h4><span style=\"color: #993300\">Privolanie hliadky<\/span><\/h4>\n<p>Na bezplatnom telef\u00f3nnom \u010d\u00edsle\u00a0<strong>158<\/strong>\u00a0(bezplatn\u00e9 ties\u0148ov\u00e9 \u010d\u00edslo pol\u00edcie) alebo\u00a0<strong>112<\/strong>\u00a0(integrovan\u00fd z\u00e1chrann\u00fd syst\u00e9m)\u00a0 m\u00f4\u017eete\u00a0 ohl\u00e1si\u0165 n\u00e1siln\u00fd \u00fatok a privola\u0165 pomoc pol\u00edcie. Na pol\u00edciu sa m\u00f4\u017eete obr\u00e1ti\u0165 aj ke\u010f sa ob\u00e1vate o svoj \u017eivot a zdravie a\/alebo \u017eivot a zdravie va\u0161ich det\u00ed. Obavy vo v\u00e1s m\u00f4\u017ee vyvola\u0165 vyhr\u00e1\u017eanie, zastra\u0161ovanie zo strany man\u017eela alebo partnera a strach\u00a0 z toho, \u017ee svoje vyhr\u00e1\u017eky uskuto\u010dn\u00ed.<\/p>\n<p>Pri telefon\u00e1te na linku\u00a0<strong>158<\/strong>\u00a0povedzte meno, adresu a ozn\u00e1mte miesto kde sa nach\u00e1dzate. \u010ealej je potrebn\u00e9 pop\u00edsa\u0165 situ\u00e1ciu (\u010do sa deje), kto je okrem v\u00e1s doma, \u010di je niekto zranen\u00fd. Ak ide o v\u00e1\u017ene zranenia, zavolajte r\u00fdchlu zdravotn\u00fa pomoc na \u010d\u00edsle\u00a0<strong>112<\/strong>\u00a0alebo\u00a0<strong>155<\/strong>. Pol\u00edcia k v\u00e1m domov vy\u0161le hliadku. Pr\u00edchod pol\u00edcie m\u00f4\u017ee na ist\u00fd \u010das preru\u0161i\u0165 alebo zastavi\u0165 n\u00e1silie.<\/p>\n<p><span style=\"color: #993300\"><strong>N\u00e1silie je trestn\u00fd \u010din<\/strong><\/span><\/p>\n<p>V Slovenskej republike s\u00fa mnoh\u00e9 n\u00e1siln\u00e9 \u010diny pova\u017eovan\u00e9 za trestn\u00e9 \u010diny a je jedno, \u010di boli sp\u00e1chan\u00e9 v rodine, alebo mimo nej. V\u00e4\u010d\u0161ina t\u00fdchto \u010dinov s\u00fa okrem toho tzv. <strong>ofici\u00e1lne delikty<\/strong>, \u010do znamen\u00e1, \u017ee v\u00a0tak\u00fdchto pr\u00edpadoch <strong>vzn\u00e1\u0161a ob\u017ealobu \u0161t\u00e1t z \u00faradnej povinnosti, nez\u00e1visle od toho, \u010di si to obe\u0165 \u017eel\u00e1.<\/strong><\/p>\n<p>V\u00fdnimky: Pri menej z\u00e1va\u017enom a ne\u00famyselnom ubl\u00ed\u017een\u00ed na zdrav\u00ed a\u00a0pri neposkytnut\u00ed pomoci je trestn\u00e9 st\u00edhanie mo\u017en\u00e9 jednozna\u010dne len so s\u00fahlasom postihnut\u00fdch \u017eien. Niektor\u00e9 menej z\u00e1va\u017en\u00e9 n\u00e1siln\u00e9 \u010diny posudzuj\u00fa pr\u00edslu\u0161n\u00e9 org\u00e1ny len ako priestupky.<\/p>\n<p><span style=\"color: #993300\"><strong>Priestupkov\u00e9 konanie<\/strong><\/span><\/p>\n<p>V r\u00e1mci priestupkov\u00e9ho konania bude \u017eena predvolan\u00e1 na obvodn\u00fd \u00farad na prejednanie priestupku vo\u010di ob\u010dianskemu spoluna\u017e\u00edvaniu pod\u013ea \u00a7 49 Z\u00e1kona o priestupkoch (\u010d. 372\/1990 Zb.). Na obvodn\u00fd \u00farad m\u00f4\u017eu by\u0165 predvolan\u00e9 aj deti, spravidla star\u0161ie, ak sa vo\u010di n\u00edm spr\u00e1val otec n\u00e1silne, alebo ak boli svedkami n\u00e1silia.<\/p>\n<p>V\u00a0pr\u00edpade, ak bude obvinen\u00fd uznan\u00fd vinn\u00fdm zo sp\u00e1chania priestupku, spravidla je mu ulo\u017een\u00e1 finan\u010dn\u00e1 pokuta. Rozhodnutie \u00faradu v\u00a0niektor\u00fdch pr\u00edpadoch nemus\u00ed by\u0165 doru\u010dovan\u00e9.<\/p>\n<p><span style=\"color: #993300\"><strong>Trestn\u00e9 st\u00edhanie<\/strong><\/span><\/p>\n<p>Do 30-tich dn\u00ed od podania \u00fastneho alebo p\u00edsomn\u00e9ho ozn\u00e1menia bude oznamovate\u013eka formou uznesenia obozn\u00e1men\u00e1 o tom, \u010di bude za\u010dat\u00e9 trestn\u00e9 st\u00edhanie, alebo nie. Ak nes\u00fahlas\u00ed s v\u00fdsledkom vy\u0161etrovania, m\u00f4\u017ee vo\u010di tomuto uzneseniu poda\u0165 s\u0165a\u017enos\u0165 do troch dn\u00ed od jeho doru\u010denia. Ide v\u00e4\u010d\u0161inou o pr\u00edpady, ke\u010f pol\u00edcia neza\u010dne trestn\u00e9ho st\u00edhanie. Odvolanie m\u00f4\u017ee \u017eena poda\u0165 aj vtedy ke\u010f bolo trestn\u00e9 st\u00edhanie\u00a0 zastaven\u00e9 z r\u00f4znych d\u00f4vodov.<\/p>\n<p>&nbsp;<\/p>\n","protected":false},"excerpt":{"rendered":"<p>Pol\u00edcia je k\u013e\u00fa\u010dov\u00e1 in\u0161tit\u00facia, ktor\u00e1 m\u00e1 v\u00e1m a\u00a0va\u0161im de\u0165om zabezpe\u010di\u0165 ochranu a bezpe\u010dnos\u0165, ke\u010f ste v ohrozen\u00ed v d\u00f4sledku n\u00e1siln\u00e9ho spr\u00e1vania man\u017eela, b\u00fdval\u00e9ho man\u017eela alebo partnera. \u00dalohou\u00a0 pol\u00edcie je\u201espolup\u00f4sobenie pri ochrane z\u00e1kladn\u00fdch pr\u00e1v a slob\u00f4d, najm\u00e4 pri ochrane \u017eivota, zdravia, osobnej slobody a bezpe\u010dnosti os\u00f4b a pri ochrane majetku\u201c\u00a0(Z\u00e1kon \u010d.171\/1993 Z.z. o Policajnom zbore). Pol\u00edcia &hellip; <\/p>\n<p><a class=\"more-link block-button\" href=\"https:\/\/www.gender.gov.sk\/zastavmenasilie\/pomoc\/policia\/\">\u010c\u00edta\u0165 viac &raquo;<\/a><\/p>\n","protected":false},"author":2,"featured_media":0,"parent":16,"menu_order":2,"comment_status":"open","ping_status":"open","template":"","meta":[],"_links":{"self":[{"href":"https:\/\/www.gender.gov.sk\/zastavmenasilie\/wp-json\/wp\/v2\/pages\/335"}],"collection":[{"href":"https:\/\/www.gender.gov.sk\/zastavmenasilie\/wp-json\/wp\/v2\/pages"}],"about":[{"href":"https:\/\/www.gender.gov.sk\/zastavmenasilie\/wp-json\/wp\/v2\/types\/page"}],"author":[{"embeddable":true,"href":"https:\/\/www.gender.gov.sk\/zastavmenasilie\/wp-json\/wp\/v2\/users\/2"}],"replies":[{"embeddable":true,"href":"https:\/\/www.gender.gov.sk\/zastavmenasilie\/wp-json\/wp\/v2\/comments?post=335"}],"version-history":[{"count":11,"href":"https:\/\/www.gender.gov.sk\/zastavmenasilie\/wp-json\/wp\/v2\/pages\/335\/revisions"}],"predecessor-version":[{"id":1445,"href":"https:\/\/www.gender.gov.sk\/zastavmenasilie\/wp-json\/wp\/v2\/pages\/335\/revisions\/1445"}],"up":[{"embeddable":true,"href":"https:\/\/www.gender.gov.sk\/zastavmenasilie\/wp-json\/wp\/v2\/pages\/16"}],"wp:attachment":[{"href":"https:\/\/www.gender.gov.sk\/zastavmenasilie\/wp-json\/wp\/v2\/media?parent=335"}],"curies":[{"name":"wp","href":"https:\/\/api.w.org\/{rel}","templated":true}]}}