{"id":34,"date":"2013-05-29T13:59:57","date_gmt":"2013-05-29T13:59:57","guid":{"rendered":"http:\/\/www.gender.gov.sk\/zastavmenasilie\/?page_id=34"},"modified":"2016-10-20T18:31:10","modified_gmt":"2016-10-20T18:31:10","slug":"trestny-zakon","status":"publish","type":"page","link":"https:\/\/www.gender.gov.sk\/zastavmenasilie\/informacie\/zakony\/trestny-zakon\/","title":{"rendered":"Trestn\u00fd z\u00e1kon"},"content":{"rendered":"<h3>Druhy a charakteristika trestn\u00fdch \u010dinov<\/h3>\n<p>Dom\u00e1ce n\u00e1silie m\u00e1 r\u00f4zne formy \u2013 fyzick\u00e9, sexu\u00e1lne, psychick\u00e9 a \u010dasto aj ekonomick\u00e9. Fyzick\u00e9 n\u00e1silie je spravidla sprev\u00e1dzan\u00e9 \u0165a\u017ekou psychick\u00fdm n\u00e1tlakom a verb\u00e1lnou agresiou. Protipr\u00e1vne konanie p\u00e1chate\u013ea m\u00f4\u017ee ma\u0165 podobu priestupku proti verejn\u00e9mu poriadku \u010di ob\u010dianskemu spoluna\u017e\u00edvaniu, ale m\u00f4\u017ee \u00eds\u0165 i o trestn\u00fd \u010din, najm\u00e4 t\u00fdranie bl\u00edzkej a zverenej osoby pod\u013ea \u00a7 208 Trestn\u00e9ho z\u00e1kona.<\/p>\n<p><strong><a href=\"http:\/\/www.zakonypreludi.sk\/zz\/2005-300\" target=\"_blank\"><span style=\"text-decoration: underline\"><span style=\"color: #99173c\">Trestn\u00fd z\u00e1kon<\/span><\/span><\/a><\/strong> osobitne definuje n\u00e1silie na bl\u00edzkej a zverenej osobe v \u00a7 208 ako \u201et\u00fdrania bl\u00edzkej osoby a zverenej osoby\u201c a preto je vhodn\u00e9 vyu\u017e\u00edva\u0165 pri trestnom st\u00edhan\u00ed p\u00e1ve tento paragraf Trestn\u00e9ho z\u00e1kona (pozri pr\u00edloha). Bl\u00edzkou osobou sa v trestnom pr\u00e1ve vo v\u0161eobecnosti rozumie pr\u00edbuzn\u00fd v priamom pokolen\u00ed, osvojite\u013e, osvojenec, s\u00farodenec a man\u017eel a in\u00e9 osoby v rodinnom alebo obdobnom pomere sa pokladaj\u00fa za navz\u00e1jom bl\u00edzke osoby len vtedy, ak by ujmu, ktor\u00fa utrpela jedna z nich, druh\u00e1 pr\u00e1vom poci\u0165ovala ako ujmu vlastn\u00fa.<\/p>\n<p>V pr\u00edpadoch, ak ide sk\u00f4r o jednotliv\u00fd \u00fatok bez nap\u013a\u0148ania charakteristiky dom\u00e1ceho n\u00e1silia, prich\u00e1dzaj\u00fa do \u00favahy \u010fal\u0161ie ustanovenia Trestn\u00e9ho z\u00e1kona, najm\u00e4<\/p>\n<ul>\n<li>ubl\u00ed\u017eenie na zdrav\u00ed pod\u013ea \u00a7 155 a\u017e 157 Trestn\u00e9ho z\u00e1kona,<\/li>\n<li>obmedzovanie osobnej slobody pod\u013ea \u00a7 183 Trestn\u00e9ho z\u00e1kona,<\/li>\n<li>vydieranie \u00a7 189 Trestn\u00e9ho z\u00e1kona,<\/li>\n<li>hrub\u00fd n\u00e1tlak pod\u013ea \u00a7 190 Trestn\u00e9ho z\u00e1kona,<\/li>\n<li>n\u00e1tlak pod\u013ea \u00a7 192 Trestn\u00e9ho z\u00e1kona,<\/li>\n<li>zn\u00e1silnenie pod\u013ea \u00a7 199 Trestn\u00e9ho z\u00e1kona,<\/li>\n<li>sexu\u00e1lne n\u00e1silie pod\u013ea \u00a7 200 Trestn\u00e9ho z\u00e1kona,<\/li>\n<li>sexu\u00e1lne zneu\u017e\u00edvanie pod\u013ea \u00a7 201 Trestn\u00e9ho z\u00e1kona,<\/li>\n<li>nebezpe\u010dn\u00e9 vyhr\u00e1\u017eanie pod\u013ea \u00a7 360 Trestn\u00e9ho z\u00e1kona,<\/li>\n<li>nebezpe\u010dn\u00e9 prenasledovanie pod\u013ea \u00a7 360a Trestn\u00e9ho z\u00e1kona,<\/li>\n<li>obmedzovanie slobody pobytu pod\u013ea \u00a7 184 Trestn\u00e9ho z\u00e1kona,<\/li>\n<li>\u00fakladn\u00e1 vra\u017eda pod\u013ea \u00a7 144 Trestn\u00e9ho z\u00e1kona.<\/li>\n<\/ul>\n<p>&nbsp;<\/p>\n<p>Z h\u013eadiska objektu t\u00fdchto trestn\u00fdch \u010dinov ide o trestn\u00e9 \u010diny proti \u017eivotu a zdraviu, proti slobode a \u013eudskej d\u00f4stojnosti, rodine a ml\u00e1de\u017ei a proti in\u00fdm pr\u00e1vam a slobod\u00e1m.<\/p>\n<p>Osobitn\u00fa ochranu Trestn\u00fd z\u00e1kon poskytuje <strong>chr\u00e1nenej osobe<\/strong>, \u010do je okrem bl\u00edzkej osoby i ka\u017ed\u00e9 die\u0165a, tehotn\u00e1 \u017eena, odk\u00e1zan\u00e1 osoba, osoba vy\u0161\u0161ieho veku a \u010fal\u0161ie, a to vy\u0161\u0161ou trestnou sadzbou. Z\u00e1mer pr\u00edsnej\u0161ie tresta\u0165 tak\u00e9to \u010diny v prostred\u00ed vz\u00e1jomnej d\u00f4very a previazanosti bol potom doplnen\u00fd ustanoven\u00edm \u00a7 127 ods. 5, ktor\u00fdm sa roz\u0161iruje defin\u00edcia bl\u00edzkej osoby osobitne na \u00fa\u010dely trestn\u00fdch \u010dinov vydierania, t\u00fdrania bl\u00edzkej a zverenej osoby, sexu\u00e1lneho n\u00e1silia, sexu\u00e1lneho zneu\u017e\u00edvania, nebezpe\u010dn\u00e9ho vyhr\u00e1\u017eania alebo nebezpe\u010dn\u00e9ho prenasledovania a to tak, \u017ee sa \u0148ou rozumie aj b\u00fdval\u00fd man\u017eel, druh, b\u00fdval\u00fd druh, rodi\u010d spolo\u010dn\u00e9ho die\u0165a\u0165a a osoba, ktor\u00e1 je vo vz\u0165ahu k nim bl\u00edzkou osobou pod\u013ea v\u0161eobecnej defin\u00edcie, ako aj osoba, ktor\u00e1 s p\u00e1chate\u013eom \u017eije alebo \u017eila v spolo\u010dnej dom\u00e1cnosti.<\/p>\n<p>Spr\u00e1vna kvalifik\u00e1cia trestn\u00e9ho \u010dinu je d\u00f4le\u017eit\u00e1, preto\u017ee z nej vypl\u00fdva kvalifik\u00e1cia trestn\u00e9ho \u010dinu ako pre\u010dinu alebo zlo\u010dinu so v\u0161etk\u00fdmi d\u00f4sledkami pre trestn\u00e9 konanie a\u017e po ulo\u017eenie trestu v odsudzuj\u00facom rozsudku. Navy\u0161e, bud\u00face postupy na ochranu a podporu obet\u00ed a s t\u00fdm spojen\u00e9 slu\u017eby, bud\u00fa z\u00e1visie\u0165 od spr\u00e1vnej kvalifik\u00e1cie n\u00e1silia ako konkr\u00e9tneho trestn\u00e9ho \u010dinu.<\/p>\n<p>Ustanovenie \u00a7 208 Trestn\u00e9ho z\u00e1kona bolo zmenen\u00e9 od 1.9.2002 a n\u00e1sledne od 1.1.2016. V s\u00fa\u010dasnosti m\u00e1 tak\u00e9to znenie:<\/p>\n<p><strong>\u00a7 208<\/strong><\/p>\n<p><strong>T\u00fdranie bl\u00edzkej osoby a zverenej osoby<\/strong><\/p>\n<p>(1) Kto bl\u00edzkej osobe alebo osobe, ktor\u00e1 je v jeho starostlivosti alebo v\u00fdchove, sp\u00f4sob\u00ed fyzick\u00e9 utrpenie alebo psychick\u00e9 utrpenie<\/p>\n<p>a) bit\u00edm, kopan\u00edm, \u00fadermi, sp\u00f4soben\u00edm r\u00e1n a pop\u00e1len\u00edn r\u00f4zneho druhu, poni\u017eovan\u00edm, poh\u0155dav\u00fdm zaobch\u00e1dzan\u00edm, neust\u00e1lym sledovan\u00edm, vyhr\u00e1\u017ean\u00edm, vyvol\u00e1van\u00edm strachu alebo stresu, n\u00e1silnou izol\u00e1ciou, citov\u00fdm vydieran\u00edm alebo in\u00fdm spr\u00e1van\u00edm, ktor\u00e9 ohrozuje jej fyzick\u00e9 alebo psychick\u00e9 zdravie alebo obmedzuje jej bezpe\u010dnos\u0165,<\/p>\n<p>b) bezd\u00f4vodn\u00fdm odopieran\u00edm stravy, oddychu alebo sp\u00e1nku alebo odopieran\u00edm nevyhnutnej osobnej starostlivosti, o\u0161atenia, hygieny, zdravotnej starostlivosti, b\u00fdvania, v\u00fdchovy alebo vzdel\u00e1vania,<\/p>\n<p>c) n\u00faten\u00edm k \u017eobrote alebo k opakovan\u00e9mu vykon\u00e1vaniu \u010dinnosti vy\u017eaduj\u00facej jej ne\u00famern\u00fa fyzick\u00fa z\u00e1\u0165a\u017e alebo psychick\u00fa z\u00e1\u0165a\u017e vzh\u013eadom na jej vek alebo zdravotn\u00fd stav alebo sp\u00f4sobilej po\u0161kodi\u0165 jej zdravie,<\/p>\n<p>d) vystavovan\u00edm vplyvu l\u00e1tok sp\u00f4sobil\u00fdch po\u0161kodi\u0165 jej zdravie, alebo<\/p>\n<p>e) neod\u00f4vodnen\u00fdm obmedzovan\u00edm v pr\u00edstupe k majetku, ktor\u00fd m\u00e1 pr\u00e1vo u\u017e\u00edva\u0165, potrest\u00e1 sa od\u0148at\u00edm slobody na tri roky a\u017e osem rokov.<\/p>\n<p>(2) Rovnako ako v odseku 1 sa potrest\u00e1, kto bol za obdobn\u00fd \u010din v predch\u00e1dzaj\u00facich dvan\u00e1stich mesiacoch postihnut\u00fd.<\/p>\n<p>(3) Od\u0148at\u00edm slobody na sedem rokov a\u017e p\u00e4tn\u00e1s\u0165 rokov sa p\u00e1chate\u013e potrest\u00e1, ak sp\u00e1cha \u010din uveden\u00fd v odseku 1<\/p>\n<p>a) a sp\u00f4sob\u00ed n\u00edm \u0165a\u017ek\u00fa ujmu na zdrav\u00ed alebo smr\u0165,<\/p>\n<p>b) z osobitn\u00e9ho mot\u00edvu,<\/p>\n<p>c) hoci bol v predch\u00e1dzaj\u00facich dvadsiatich \u0161tyroch mesiacoch za tak\u00fd \u010din ods\u00faden\u00fd alebo z v\u00fdkonu trestu od\u0148atia slobody ulo\u017een\u00e9ho za tak\u00fd \u010din prepusten\u00fd, alebo<\/p>\n<p>d) z\u00e1va\u017enej\u0161\u00edm sp\u00f4sobom konania.<\/p>\n<p>(4) Od\u0148at\u00edm slobody na p\u00e4tn\u00e1s\u0165 rokov a\u017e dvadsa\u0165p\u00e4\u0165 rokov alebo trestom od\u0148atia slobody na do\u017eivotie sa p\u00e1chate\u013e potrest\u00e1, ak sp\u00e1cha \u010din uveden\u00fd v odseku 1 a sp\u00f4sob\u00ed n\u00edm \u0165a\u017ek\u00fa ujmu na zdrav\u00ed viacer\u00fdm osob\u00e1m alebo smr\u0165 viacer\u00fdch os\u00f4b.<\/p>\n","protected":false},"excerpt":{"rendered":"<p>Druhy a charakteristika trestn\u00fdch \u010dinov Dom\u00e1ce n\u00e1silie m\u00e1 r\u00f4zne formy \u2013 fyzick\u00e9, sexu\u00e1lne, psychick\u00e9 a \u010dasto aj ekonomick\u00e9. Fyzick\u00e9 n\u00e1silie je spravidla sprev\u00e1dzan\u00e9 \u0165a\u017ekou psychick\u00fdm n\u00e1tlakom a verb\u00e1lnou agresiou. Protipr\u00e1vne konanie p\u00e1chate\u013ea m\u00f4\u017ee ma\u0165 podobu priestupku proti verejn\u00e9mu poriadku \u010di ob\u010dianskemu spoluna\u017e\u00edvaniu, ale m\u00f4\u017ee \u00eds\u0165 i o trestn\u00fd \u010din, najm\u00e4 t\u00fdranie bl\u00edzkej a zverenej osoby &hellip; <\/p>\n<p><a class=\"more-link block-button\" href=\"https:\/\/www.gender.gov.sk\/zastavmenasilie\/informacie\/zakony\/trestny-zakon\/\">\u010c\u00edta\u0165 viac &raquo;<\/a><\/p>\n","protected":false},"author":2,"featured_media":0,"parent":8,"menu_order":1,"comment_status":"closed","ping_status":"closed","template":"","meta":[],"_links":{"self":[{"href":"https:\/\/www.gender.gov.sk\/zastavmenasilie\/wp-json\/wp\/v2\/pages\/34"}],"collection":[{"href":"https:\/\/www.gender.gov.sk\/zastavmenasilie\/wp-json\/wp\/v2\/pages"}],"about":[{"href":"https:\/\/www.gender.gov.sk\/zastavmenasilie\/wp-json\/wp\/v2\/types\/page"}],"author":[{"embeddable":true,"href":"https:\/\/www.gender.gov.sk\/zastavmenasilie\/wp-json\/wp\/v2\/users\/2"}],"replies":[{"embeddable":true,"href":"https:\/\/www.gender.gov.sk\/zastavmenasilie\/wp-json\/wp\/v2\/comments?post=34"}],"version-history":[{"count":9,"href":"https:\/\/www.gender.gov.sk\/zastavmenasilie\/wp-json\/wp\/v2\/pages\/34\/revisions"}],"predecessor-version":[{"id":1396,"href":"https:\/\/www.gender.gov.sk\/zastavmenasilie\/wp-json\/wp\/v2\/pages\/34\/revisions\/1396"}],"up":[{"embeddable":true,"href":"https:\/\/www.gender.gov.sk\/zastavmenasilie\/wp-json\/wp\/v2\/pages\/8"}],"wp:attachment":[{"href":"https:\/\/www.gender.gov.sk\/zastavmenasilie\/wp-json\/wp\/v2\/media?parent=34"}],"curies":[{"name":"wp","href":"https:\/\/api.w.org\/{rel}","templated":true}]}}