{"id":350,"date":"2013-06-01T06:57:44","date_gmt":"2013-06-01T06:57:44","guid":{"rendered":"http:\/\/www.gender.gov.sk\/zastavmenasilie\/?page_id=350"},"modified":"2016-04-13T12:36:06","modified_gmt":"2016-04-13T12:36:06","slug":"ulohy-policie","status":"publish","type":"page","link":"https:\/\/www.gender.gov.sk\/zastavmenasilie\/pomoc\/policia\/ulohy-policie\/","title":{"rendered":"\u00dalohy pol\u00edcie"},"content":{"rendered":"<ul>\n<li>Pol\u00edcia je\u00a0<strong>povinn\u00e1 na ties\u0148ov\u00e9 volanie zakro\u010di\u0165<\/strong>\u00a0proti n\u00e1siliu alebo hroziacemu n\u00e1siliu tak r\u00fdchlo, ako je to mo\u017en\u00e9, a to aj opakovane.<\/li>\n<li>Pol\u00edcia m\u00e1\u00a0<strong>pr\u00e1vo vst\u00fapi\u0165 do bytu<\/strong>\u00a0na \u017eiados\u0165 \u017eeny aj proti v\u00f4li mu\u017ea. Ak ide o\u00a0nebezpe\u010dn\u00fa situ\u00e1ciu, alebo niekto potrebuje pomoc (ak je d\u00f4vodn\u00e1 obava, \u017ee je ohrozen\u00fd \u017eivot alebo v\u00e1\u017ene ohrozen\u00e9 zdravie osoby, alebo hroz\u00ed z\u00e1va\u017en\u00e1 \u0161koda na majetku a vec neznesie odklad), je pol\u00edcia opr\u00e1vnen\u00e1 otvori\u0165 byt.<\/li>\n<li>Pol\u00edcia po pr\u00edchode na miesto a po zisten\u00ed situ\u00e1cie m\u00f4\u017ee partnera, od ktor\u00e9ho mo\u017eno o\u010dak\u00e1va\u0165 \u00fatok na \u017eivot, zdravie, slobodu a\/alebo \u00fatok na \u013eudsk\u00fa d\u00f4stojnos\u0165\u00a0<strong>vyk\u00e1za\u0165 zo spolo\u010dn\u00e9ho bytu alebo domu<\/strong>. S\u00fa\u010das\u0165ou vyk\u00e1zania je aj z\u00e1kaz vstupu do bytu alebo domu po\u010das 10 dn\u00ed od vyk\u00e1zania.<strong>\u00a0<\/strong>( \u00a7 27a, Z\u00e1kon o policajnom zbore \u010d. 171\/1993 Z.z.)<\/li>\n<li>Pol\u00edcia by mala vypo\u010d\u00fava\u0165 mu\u017ea a \u017eenu, pokia\u013e je to mo\u017en\u00e9, oddelene.<\/li>\n<li>Pri z\u00e1sahu a objas\u0148ovan\u00ed pr\u00edpadov n\u00e1silia by \u017eenu mala, ak je to mo\u017en\u00e9, vypo\u010d\u00fava\u0165 slu\u017ebukonaj\u00faca policajtka. D\u00f4kladn\u00e9 vy\u0161etrovanie a vypo\u010d\u00favanie maj\u00fa za cie\u013e objasni\u0165 situ\u00e1ciu.<\/li>\n<li>Ka\u017ed\u00e9\u00a0<strong>poranenie je d\u00f4le\u017eit\u00e9 zaregistrova\u0165<\/strong>. Ak je potrebn\u00e9 lek\u00e1rske o\u0161etrenie, pol\u00edcia ho zabezpe\u010d\u00ed. So s\u00fahlasom \u017eeny sa m\u00f4\u017ee zhotovi\u0165 dokument\u00e1cia.<\/li>\n<li>Pol\u00edcia je opr\u00e1vnen\u00e1 po\u017eadova\u0165 vysvetlenie od os\u00f4b, ktor\u00e9 m\u00f4\u017eu prispie\u0165 k\u00a0odhaleniu a objasneniu trestn\u00fdch \u010dinov a priestupkov. O podan\u00ed vysvetlenia mo\u017eno\u00a0<strong>sp\u00edsa\u0165 z\u00e1pisnicu alebo z\u00e1znam<\/strong>; z\u00e1znam osoba pod\u00e1vaj\u00faca vysvetlenie nepodpisuje.<\/li>\n<li>K zadr\u017eaniu n\u00e1siln\u00edka a jeho vzatiu do v\u00e4zby doch\u00e1dza len v\u00fdnimo\u010dne, a to v pr\u00edpadoch, v ktor\u00fdch hroz\u00ed, \u017ee p\u00e1chate\u013e ujde alebo sa bude skr\u00fdva\u0165, \u017ee bude ovplyv\u0148ova\u0165 svedkov alebo bude pokra\u010dova\u0165 v p\u00e1chan\u00ed trestnej \u010dinnosti, resp. sp\u00e1cha trestn\u00fd \u010din, ktor\u00fdm sa vyhr\u00e1\u017eal. V ostatn\u00fdch pr\u00edpadoch sa vy\u0161etrovanie trestn\u00e9ho \u010dinu vykon\u00e1va \u201ena slobode\u201c.<\/li>\n<li>Pol\u00edcia je opr\u00e1vnen\u00e1 zaisti\u0165 (najviac na 24 hod\u00edn) osobu, ktor\u00e1 svoj\u00edm konan\u00edm bezprostredne ohrozuje \u017eivot a zdravie in\u00fdch os\u00f4b alebo majetok, a osobu pristihnut\u00fa pri priestupku.<\/li>\n<li>Pol\u00edcia je povinn\u00e1 odovzda\u0165 zaisten\u00fa osobu org\u00e1nom \u010dinn\u00fdm v trestnom konan\u00ed, alebo ju prepusti\u0165. O vzat\u00ed do v\u00e4zby rozhoduje pr\u00edslu\u0161n\u00fd s\u00fad.<\/li>\n<li>Ak pol\u00edcia pos\u00fadi n\u00e1siln\u00fd \u010din len ako priestupok, post\u00fapi ho na prejednanie pr\u00edslu\u0161n\u00e9mu obvodn\u00e9mu \u00faradu.<\/li>\n<li>Ak m\u00e1 postihnut\u00e1 \u017eena strach pred \u010fal\u0161\u00edm n\u00e1sil\u00edm a chce opusti\u0165 byt, m\u00f4\u017eu ju policajti podpori\u0165 a po\u010dka\u0165, k\u00fdm si zbal\u00ed najd\u00f4le\u017eitej\u0161ie veci. M\u00f4\u017eu \u017eene pon\u00faknu\u0165, \u017ee ju zober\u00fa na policajn\u00fd \u00fatvar a pom\u00f4\u017eu jej skontaktova\u0165 sa s pr\u00edbuzn\u00fdmi, zn\u00e1mymi alebo s porad\u0148ou pre \u017eeny.<\/li>\n<li>Ak \u017eena musela ujs\u0165 a m\u00e1 strach \u00eds\u0165 do bytu zobra\u0165 si oble\u010denie a \u010fal\u0161ie veci, m\u00f4\u017ee ju pol\u00edcia pri tom sprev\u00e1dza\u0165.<\/li>\n<li>Pol\u00edcia je povinn\u00e1 poskytn\u00fa\u0165 pri prvom kontakte po\u0161kodenej v p\u00edsomnej forme inform\u00e1cie jej pr\u00e1vach v trestnom konan\u00ed a o organiz\u00e1ci\u00e1ch pom\u00e1haj\u00facich po\u0161koden\u00fdm, ako i\u00a0o slu\u017eb\u00e1ch, ktor\u00e9 poskytuj\u00fa. Pol\u00edcia je povinn\u00e1 pou\u010di\u0165 po\u0161koden\u00fa o jej pr\u00e1vach a umo\u017eni\u0165 jej ich pln\u00e9 uplatnenie.<\/li>\n<\/ul>\n","protected":false},"excerpt":{"rendered":"<p>Pol\u00edcia je\u00a0povinn\u00e1 na ties\u0148ov\u00e9 volanie zakro\u010di\u0165\u00a0proti n\u00e1siliu alebo hroziacemu n\u00e1siliu tak r\u00fdchlo, ako je to mo\u017en\u00e9, a to aj opakovane. Pol\u00edcia m\u00e1\u00a0pr\u00e1vo vst\u00fapi\u0165 do bytu\u00a0na \u017eiados\u0165 \u017eeny aj proti v\u00f4li mu\u017ea. Ak ide o\u00a0nebezpe\u010dn\u00fa situ\u00e1ciu, alebo niekto potrebuje pomoc (ak je d\u00f4vodn\u00e1 obava, \u017ee je ohrozen\u00fd \u017eivot alebo v\u00e1\u017ene ohrozen\u00e9 zdravie osoby, alebo hroz\u00ed z\u00e1va\u017en\u00e1 &hellip; <\/p>\n<p><a class=\"more-link block-button\" href=\"https:\/\/www.gender.gov.sk\/zastavmenasilie\/pomoc\/policia\/ulohy-policie\/\">\u010c\u00edta\u0165 viac &raquo;<\/a><\/p>\n","protected":false},"author":2,"featured_media":0,"parent":335,"menu_order":1,"comment_status":"open","ping_status":"open","template":"","meta":[],"_links":{"self":[{"href":"https:\/\/www.gender.gov.sk\/zastavmenasilie\/wp-json\/wp\/v2\/pages\/350"}],"collection":[{"href":"https:\/\/www.gender.gov.sk\/zastavmenasilie\/wp-json\/wp\/v2\/pages"}],"about":[{"href":"https:\/\/www.gender.gov.sk\/zastavmenasilie\/wp-json\/wp\/v2\/types\/page"}],"author":[{"embeddable":true,"href":"https:\/\/www.gender.gov.sk\/zastavmenasilie\/wp-json\/wp\/v2\/users\/2"}],"replies":[{"embeddable":true,"href":"https:\/\/www.gender.gov.sk\/zastavmenasilie\/wp-json\/wp\/v2\/comments?post=350"}],"version-history":[{"count":3,"href":"https:\/\/www.gender.gov.sk\/zastavmenasilie\/wp-json\/wp\/v2\/pages\/350\/revisions"}],"predecessor-version":[{"id":1293,"href":"https:\/\/www.gender.gov.sk\/zastavmenasilie\/wp-json\/wp\/v2\/pages\/350\/revisions\/1293"}],"up":[{"embeddable":true,"href":"https:\/\/www.gender.gov.sk\/zastavmenasilie\/wp-json\/wp\/v2\/pages\/335"}],"wp:attachment":[{"href":"https:\/\/www.gender.gov.sk\/zastavmenasilie\/wp-json\/wp\/v2\/media?parent=350"}],"curies":[{"name":"wp","href":"https:\/\/api.w.org\/{rel}","templated":true}]}}