{"id":353,"date":"2013-06-01T07:01:05","date_gmt":"2013-06-01T07:01:05","guid":{"rendered":"http:\/\/www.gender.gov.sk\/zastavmenasilie\/?page_id=353"},"modified":"2016-10-21T16:07:11","modified_gmt":"2016-10-21T16:07:11","slug":"prava-poskodenej","status":"publish","type":"page","link":"https:\/\/www.gender.gov.sk\/zastavmenasilie\/pomoc\/policia\/prava-poskodenej\/","title":{"rendered":"Pr\u00e1va po\u0161kodenej"},"content":{"rendered":"<p><span style=\"color: #993300\"><strong>D\u00f4le\u017eit\u00e9 pr\u00e1va pri vypo\u010d\u00favan\u00ed<\/strong><\/span><\/p>\n<p>Pri objas\u0148ovan\u00ed trestn\u00fdch \u010dinov maj\u00fa postihnut\u00e9 \u017eeny v ka\u017edej jeho f\u00e1ze nieko\u013eko d\u00f4le\u017eit\u00fdch pr\u00e1v a policajtky a policajti s\u00fa povinn\u00ed ich o\u00a0t\u00fdchto pr\u00e1vach pou\u010di\u0165.<\/p>\n<p>Pri poru\u0161en\u00ed t\u00fdchto pr\u00e1v m\u00f4\u017ee po\u0161koden\u00e1 poda\u0165 s\u0165a\u017enos\u0165 na In\u0161pekciu Ministerstva vn\u00fatra alebo m\u00f4\u017ee po\u017eiada\u0165 prokurat\u00faru o\u00a0presk\u00famanie postupu vy\u0161etrovate\u013ea a policajn\u00e9ho org\u00e1nu.<\/p>\n<p>Ide o tieto pr\u00e1va:<\/p>\n<ul>\n<li>pr\u00e1vo neby\u0165 diskriminovan\u00e1 na z\u00e1klade pohlavia, rasy alebo farby pleti, n\u00e1rodnostn\u00e9ho alebo etnick\u00e9ho p\u00f4vodu, n\u00e1bo\u017eenstva, politickej pr\u00edslu\u0161nosti alebo sexu\u00e1lnej orient\u00e1cie;<\/li>\n<li>pr\u00e1vo dozvedie\u0165 sa identifika\u010dn\u00e9 \u010d\u00edslo policajtky alebo policajta;<\/li>\n<li>pr\u00e1vo odmietnu\u0165 vysvetlenie t\u00fdkaj\u00face sa bl\u00edzkej osoby (podobne ako na s\u00fadnom pojedn\u00e1van\u00ed pr\u00e1vo odmietnu\u0165 v\u00fdpove\u010f proti bl\u00edzkej osobe);<\/li>\n<li>pr\u00e1vo, aby jej bola predlo\u017een\u00e1 z\u00e1pisnica o vypo\u010d\u00favan\u00ed, a v pr\u00edpade, \u017ee \u017eiada o jej doplnenie alebo opravu, aby sa tak\u00e9to doplnenia alebo opravy vykonali;<\/li>\n<li>pr\u00e1vo z\u00fa\u010dastni\u0165 sa na pre\u0161tudovan\u00ed vy\u0161etrovacieho spisu;<\/li>\n<li>pr\u00e1vo by\u0165 informovan\u00e1 do jedn\u00e9ho mesiaca od podania ozn\u00e1menia o uskuto\u010dnen\u00fdch opatreniach, ak o to po\u017eiada, a pr\u00e1vo na doru\u010denie ozn\u00e1menia o odlo\u017een\u00ed veci;<\/li>\n<li>pr\u00e1vo necha\u0165 sa zastupova\u0165 splnomocnenky\u0148ou, naj\u010dastej\u0161ie advok\u00e1tkou;<\/li>\n<li>pr\u00e1vo vzda\u0165 sa svojich procesn\u00fdch pr\u00e1v (ale to je pre \u017eenu ve\u013emi nev\u00fdhodn\u00e9).<\/li>\n<\/ul>\n<p><span style=\"color: #993300\"><strong>Postavenie \u017eeny ako po\u0161kodenej v trestnom konan\u00ed<\/strong><\/span><\/p>\n<p>\u017dena ako po\u0161koden\u00e1 m\u00e1 v trestnom konan\u00ed z\u00e1konom stanoven\u00e9 pr\u00e1va:<\/p>\n<ul>\n<li>pr\u00e1vo odoprie\u0165 v\u00fdpove\u010f vo\u010di bl\u00edzkej osobe,<\/li>\n<li>pr\u00e1vo udeli\u0165 (resp. odoprie\u0165) s\u00fahlas s trestn\u00fdm st\u00edhan\u00edm bl\u00edzkej osoby<\/li>\n<li>(pri tzv. neofici\u00e1lnych deliktoch),<\/li>\n<li>pr\u00e1vo vzia\u0165 sp\u00e4\u0165 s\u00fahlas s trestn\u00fdm st\u00edhan\u00edm,<\/li>\n<li>uplatni\u0165 n\u00e1vrh na n\u00e1hradu \u0161kody,<\/li>\n<li>robi\u0165 n\u00e1vrhy na vykonanie d\u00f4kazov alebo na ich doplnenie,<\/li>\n<li>nazera\u0165 do spisu a obozn\u00e1mi\u0165 sa so spisom,<\/li>\n<li>z\u00fa\u010dastni\u0165 sa na hlavnom pojedn\u00e1van\u00ed,<\/li>\n<li>vyjadri\u0165 sa k vykonan\u00fdm d\u00f4kazom,<\/li>\n<li>pr\u00e1vo z\u00e1vere\u010dnej re\u010di,<\/li>\n<li>pod\u00e1va\u0165 opravn\u00e9 prostriedky v rozsahu vymedzenom Trestn\u00fdm poriadkom,<\/li>\n<li>pr\u00e1vo by\u0165 informovan\u00e1 (pol\u00edciou alebo s\u00fadom) \u2014 ak o to po\u017eiada \u2014 o prepusten\u00ed alebo \u00fateku obvinen\u00e9ho z v\u00e4zby alebo ods\u00faden\u00e9ho z v\u00fdkonu trestu.<\/li>\n<\/ul>\n<p>&nbsp;<\/p>\n<p><em>Zdroj:\u00a0<\/em><\/p>\n<p><em><strong><a href=\"http:\/\/www.gender.gov.sk\/zastavmenasilie\/informacie\/publikacie\/\">Kona\u0165 proti n\u00e1siliu na \u017een\u00e1ch<\/a><\/strong>.\u00a0Vydalo Ministerstvo pr\u00e1ce, soci\u00e1lnych vec\u00ed a rodiny SR v spolupr\u00e1ci s Iniciat\u00edvou Piata \u017eena v roku 2008\u00a0v r\u00e1mci N\u00e1rodnej kampane SR Zastavme dom\u00e1ce n\u00e1silie na \u017een\u00e1ch,\u00a0ktor\u00fa iniciovala Rada Eur\u00f3py.\u00a0Na vydanie pripravili OZ Pro Familia a\u00a0<a href=\"http:\/\/www.aspekt.sk\" target=\"_blank\">ZZ\u017d ASPEKT.<\/a><\/em><\/p>\n","protected":false},"excerpt":{"rendered":"<p>D\u00f4le\u017eit\u00e9 pr\u00e1va pri vypo\u010d\u00favan\u00ed Pri objas\u0148ovan\u00ed trestn\u00fdch \u010dinov maj\u00fa postihnut\u00e9 \u017eeny v ka\u017edej jeho f\u00e1ze nieko\u013eko d\u00f4le\u017eit\u00fdch pr\u00e1v a policajtky a policajti s\u00fa povinn\u00ed ich o\u00a0t\u00fdchto pr\u00e1vach pou\u010di\u0165. Pri poru\u0161en\u00ed t\u00fdchto pr\u00e1v m\u00f4\u017ee po\u0161koden\u00e1 poda\u0165 s\u0165a\u017enos\u0165 na In\u0161pekciu Ministerstva vn\u00fatra alebo m\u00f4\u017ee po\u017eiada\u0165 prokurat\u00faru o\u00a0presk\u00famanie postupu vy\u0161etrovate\u013ea a policajn\u00e9ho org\u00e1nu. Ide o tieto pr\u00e1va: pr\u00e1vo &hellip; <\/p>\n<p><a class=\"more-link block-button\" href=\"https:\/\/www.gender.gov.sk\/zastavmenasilie\/pomoc\/policia\/prava-poskodenej\/\">\u010c\u00edta\u0165 viac &raquo;<\/a><\/p>\n","protected":false},"author":2,"featured_media":0,"parent":335,"menu_order":3,"comment_status":"open","ping_status":"open","template":"","meta":[],"_links":{"self":[{"href":"https:\/\/www.gender.gov.sk\/zastavmenasilie\/wp-json\/wp\/v2\/pages\/353"}],"collection":[{"href":"https:\/\/www.gender.gov.sk\/zastavmenasilie\/wp-json\/wp\/v2\/pages"}],"about":[{"href":"https:\/\/www.gender.gov.sk\/zastavmenasilie\/wp-json\/wp\/v2\/types\/page"}],"author":[{"embeddable":true,"href":"https:\/\/www.gender.gov.sk\/zastavmenasilie\/wp-json\/wp\/v2\/users\/2"}],"replies":[{"embeddable":true,"href":"https:\/\/www.gender.gov.sk\/zastavmenasilie\/wp-json\/wp\/v2\/comments?post=353"}],"version-history":[{"count":4,"href":"https:\/\/www.gender.gov.sk\/zastavmenasilie\/wp-json\/wp\/v2\/pages\/353\/revisions"}],"predecessor-version":[{"id":1466,"href":"https:\/\/www.gender.gov.sk\/zastavmenasilie\/wp-json\/wp\/v2\/pages\/353\/revisions\/1466"}],"up":[{"embeddable":true,"href":"https:\/\/www.gender.gov.sk\/zastavmenasilie\/wp-json\/wp\/v2\/pages\/335"}],"wp:attachment":[{"href":"https:\/\/www.gender.gov.sk\/zastavmenasilie\/wp-json\/wp\/v2\/media?parent=353"}],"curies":[{"name":"wp","href":"https:\/\/api.w.org\/{rel}","templated":true}]}}