{"id":360,"date":"2013-06-01T07:24:35","date_gmt":"2013-06-01T07:24:35","guid":{"rendered":"http:\/\/www.gender.gov.sk\/zastavmenasilie\/?page_id=360"},"modified":"2013-06-01T07:24:35","modified_gmt":"2013-06-01T07:24:35","slug":"zakon-o-priestupkoch","status":"publish","type":"page","link":"https:\/\/www.gender.gov.sk\/zastavmenasilie\/informacie\/zakony\/zakon-o-priestupkoch\/","title":{"rendered":"Z\u00e1kon o priestupkoch"},"content":{"rendered":"<p><strong>Priestupky proti ob\u010dianskemu spoluna\u017e\u00edvaniu (<a href=\"http:\/\/www.zakonypreludi.sk\/zz\/1990-372\" target=\"_blank\">\u00a7 49 Z\u00e1kona o priestupkoch<\/a>)<\/strong><\/p>\n<p>Priestupku sa dopust\u00ed ten, kto in\u00e9mu ubl\u00ed\u017ei na cti t\u00fdm, \u017ee ho uraz\u00ed alebo vyd\u00e1 na posmech, kto in\u00e9mu z\u00a0nedbanlivosti ubl\u00ed\u017ei na zdrav\u00ed, kto \u00famyselne naru\u0161\u00ed ob\u010dianske spolu\u017eitie vyhr\u00e1\u017ean\u00edm ujmou na zdrav\u00ed, drobn\u00fdm ubl\u00ed\u017een\u00edm na zdrav\u00ed, nepravdiv\u00fdm obvinen\u00edm z priestupku, schv\u00e1lnos\u0165ami alebo in\u00fdm hrub\u00fdm spr\u00e1van\u00edm.<\/p>\n","protected":false},"excerpt":{"rendered":"<p>Priestupky proti ob\u010dianskemu spoluna\u017e\u00edvaniu (\u00a7 49 Z\u00e1kona o priestupkoch) Priestupku sa dopust\u00ed ten, kto in\u00e9mu ubl\u00ed\u017ei na cti t\u00fdm, \u017ee ho uraz\u00ed alebo vyd\u00e1 na posmech, kto in\u00e9mu z\u00a0nedbanlivosti ubl\u00ed\u017ei na zdrav\u00ed, kto \u00famyselne naru\u0161\u00ed ob\u010dianske spolu\u017eitie vyhr\u00e1\u017ean\u00edm ujmou na zdrav\u00ed, drobn\u00fdm ubl\u00ed\u017een\u00edm na zdrav\u00ed, nepravdiv\u00fdm obvinen\u00edm z priestupku, schv\u00e1lnos\u0165ami alebo in\u00fdm hrub\u00fdm spr\u00e1van\u00edm.<\/p>\n","protected":false},"author":2,"featured_media":0,"parent":8,"menu_order":9,"comment_status":"open","ping_status":"open","template":"","meta":[],"_links":{"self":[{"href":"https:\/\/www.gender.gov.sk\/zastavmenasilie\/wp-json\/wp\/v2\/pages\/360"}],"collection":[{"href":"https:\/\/www.gender.gov.sk\/zastavmenasilie\/wp-json\/wp\/v2\/pages"}],"about":[{"href":"https:\/\/www.gender.gov.sk\/zastavmenasilie\/wp-json\/wp\/v2\/types\/page"}],"author":[{"embeddable":true,"href":"https:\/\/www.gender.gov.sk\/zastavmenasilie\/wp-json\/wp\/v2\/users\/2"}],"replies":[{"embeddable":true,"href":"https:\/\/www.gender.gov.sk\/zastavmenasilie\/wp-json\/wp\/v2\/comments?post=360"}],"version-history":[{"count":1,"href":"https:\/\/www.gender.gov.sk\/zastavmenasilie\/wp-json\/wp\/v2\/pages\/360\/revisions"}],"predecessor-version":[{"id":361,"href":"https:\/\/www.gender.gov.sk\/zastavmenasilie\/wp-json\/wp\/v2\/pages\/360\/revisions\/361"}],"up":[{"embeddable":true,"href":"https:\/\/www.gender.gov.sk\/zastavmenasilie\/wp-json\/wp\/v2\/pages\/8"}],"wp:attachment":[{"href":"https:\/\/www.gender.gov.sk\/zastavmenasilie\/wp-json\/wp\/v2\/media?parent=360"}],"curies":[{"name":"wp","href":"https:\/\/api.w.org\/{rel}","templated":true}]}}