{"id":395,"date":"2013-06-01T14:23:33","date_gmt":"2013-06-01T14:23:33","guid":{"rendered":"http:\/\/www.gender.gov.sk\/zastavmenasilie\/?page_id=395"},"modified":"2016-10-21T16:08:57","modified_gmt":"2016-10-21T16:08:57","slug":"rozvod","status":"publish","type":"page","link":"https:\/\/www.gender.gov.sk\/zastavmenasilie\/pomoc\/rozvod\/","title":{"rendered":"Rozvod"},"content":{"rendered":"<p>\u201eTy si nikdy nerobila, tak\u017ee ti v\u00f4bec ni\u010d nepatr\u00ed\u201c, \u201eKe\u010f od\u00edde\u0161, strat\u00ed\u0161 byt\u201c, \u201eAk sa d\u00e1\u0161 rozvies\u0165, vezmem ti deti\u201c. Tieto vyhl\u00e1senia nemaj\u00fa skuto\u010dn\u00fa platnos\u0165, ale n\u00e1siln\u00edcki mu\u017ei ich \u010dasto pou\u017e\u00edvaj\u00fa na vyv\u00edjanie n\u00e1tlaku na \u017eeny a na ich zastra\u0161ovanie. Je preto ve\u013emi d\u00f4le\u017eit\u00e9 pozna\u0165 vlastn\u00e9 pr\u00e1va.<\/p>\n<p><span style=\"color: #993300\"><strong>PR\u00c1VO NA ROZVOD<\/strong><\/span><\/p>\n<p>Man\u017eelia s\u00fa si v man\u017eelstve rovn\u00ed v pr\u00e1vach a povinnostiach. S\u00fa povinn\u00ed \u017ei\u0165 spolu, by\u0165 si vern\u00ed, vz\u00e1jomne re\u0161pektova\u0165 svoju d\u00f4stojnos\u0165, pom\u00e1ha\u0165 si, stara\u0165 sa spolo\u010dne o deti a vytv\u00e1ra\u0165 zdrav\u00e9 rodinn\u00e9 prostredie. Plnenie t\u00fdchto povinnost\u00ed nemo\u017eno nijako pr\u00e1vne vyn\u00fati\u0165. Ak sa v\u0161ak neplnia, maj\u00fa za n\u00e1sledok rozvrat man\u017eelstva.<\/p>\n<p>St\u00e1va sa to hlavne pri n\u00e1sil\u00ed a t\u00fdran\u00ed, ktor\u00fdm nie je len fyzick\u00e9 n\u00e1silie, ale aj psychick\u00fd teror ako hrozby n\u00e1sil\u00edm, nad\u00e1vky, poni\u017eovanie, vyvol\u00e1vanie strachu a r\u00f4zne formy ekonomick\u00e9ho a soci\u00e1lneho n\u00e1silia. Pre \u017eenu b\u00fdva jedin\u00fdm v\u00fdchodiskom a sp\u00f4sobom, ako unikn\u00fa\u0165 n\u00e1siliu, opustenie spolo\u010dnej dom\u00e1cnosti a\/alebo podanie n\u00e1vrhu na rozvod man\u017eelstva.<\/p>\n<p>V takom pr\u00edpade je vhodn\u00e9, aby si \u017eena zaistila d\u00f4kazy o\u00a0pr\u00ed\u010din\u00e1ch odchodu zo spolo\u010dnej dom\u00e1cnosti, ktor\u00e9 bude treba predlo\u017ei\u0165 v neskor\u0161\u00edch s\u00fadnych konaniach. M\u00f4\u017ee to by\u0165 napr\u00edklad podanie trestn\u00e9ho ozn\u00e1menia na n\u00e1siln\u00edckeho partnera, ohl\u00e1senie probl\u00e9mov v rodine odboru soci\u00e1lnych vec\u00ed pr\u00edslu\u0161n\u00e9ho \u00faradu pr\u00e1ce, soci\u00e1lnych vec\u00ed a rodiny (\u010falej len \u00daPSVaR) alebo spr\u00e1va o lek\u00e1rskom o\u0161etren\u00ed.<\/p>\n<p><span style=\"color: #993300\">Odpor\u00fa\u010danie:<\/span><br \/>\n<span style=\"color: #993300\"> Je d\u00f4le\u017eit\u00e9 v\u010das\u00a0zozbiera\u0165 d\u00f4kazy pre\u00a0d\u00f4vod na rozvod.\u00a0D\u00f4kazom je aj\u00a0v\u00fdpove\u010f man\u017eelky\u00a0a v\u00fdpovede in\u00fdch\u00a0svedk\u00fd\u0148 a svedkov.\u00a0D\u00f4le\u017eit\u00fdm d\u00f4kazom\u00a0t\u00fdrania s\u00fa ozn\u00e1menia\u00a0na pol\u00edcii a lek\u00e1rske\u00a0spr\u00e1vy, pr\u00edpadne\u00a0vyjadrenie poradne.<\/span><\/p>\n<p><span style=\"color: #993300\"><strong>ROZVODOV\u00c9 KONANIE<\/strong><\/span><\/p>\n<p>V tomto priestore nie je mo\u017en\u00e9 zaobera\u0165 sa podrobne d\u00f4vodmi na rozvod a jeho n\u00e1sledkami. Odpor\u00fa\u010dame preto pri ot\u00e1zkach rozvodu ihne\u010f po\u017eiada\u0165 o pr\u00e1vnu pomoc porad\u0148u pre \u017eeny alebo advok\u00e1tku \u010di advok\u00e1ta.<\/p>\n<p>Rozvod man\u017eelstva je rozhodnut\u00edm s\u00fadu. S\u00fad m\u00f4\u017ee man\u017eelstvo na n\u00e1vrh niektor\u00e9ho z man\u017eelov rozvies\u0165, ak s\u00fa vz\u0165ahy medzi man\u017eelmi tak v\u00e1\u017ene naru\u0161en\u00e9 a trvalo rozvr\u00e1ten\u00e9, \u017ee man\u017eelstvo nem\u00f4\u017ee plni\u0165 svoj \u00fa\u010del a od man\u017eelov nemo\u017eno o\u010dak\u00e1va\u0165 obnovenie man\u017eelsk\u00e9ho spolu\u017eitia. S\u00fad zis\u0165uje pr\u00ed\u010diny, ktor\u00e9 viedli k v\u00e1\u017enemu rozvratu vz\u0165ahov medzi man\u017eelmi, a prihliada na ne pri rozhodovan\u00ed o rozvode. S\u00fad pri rozhodovan\u00ed o rozvode v\u017edy prihliadne na z\u00e1ujem malolet\u00fdch det\u00ed. Pri rozvode musia by\u0165 naplnen\u00e9 a preuk\u00e1zan\u00e9 z\u00e1konom stanoven\u00e9 d\u00f4vody.<\/p>\n<p>V pr\u00edpadoch, ke\u010f d\u00f4vodom, pre ktor\u00fd \u017eena podala n\u00e1vrh na rozvod man\u017eelstva, je fyzick\u00e9 alebo psychick\u00e9 n\u00e1silie zo strany man\u017eela, je zvl\u00e1\u0161\u0165 d\u00f4le\u017eit\u00e9, aby s\u00fad spr\u00e1vne zistil pr\u00ed\u010diny rozvratu man\u017eelstva a\u00a0aby ich aj uviedol v od\u00f4vodnen\u00ed rozhodnutia. Je v z\u00e1ujme \u017eeny, aby o man\u017eelovom n\u00e1siln\u00edckom spr\u00e1van\u00ed predlo\u017eila d\u00f4kazy. Ak \u017eena neuvedie \u017eiadne tak\u00e9to d\u00f4kazy o svojich tvrdeniach, s\u00fad man\u017eelstvo m\u00f4\u017ee rozvies\u0165, ale spravidla z d\u00f4vodu tzv. v\u0161eobecn\u00fdch nezh\u00f4d. Tak\u00e9to zd\u00f4vodnenie rozhodnutia zna\u010dne znev\u00fdhodn\u00ed \u017eenu v \u010fal\u0161\u00edch s\u00fadnych konaniach t\u00fdkaj\u00facich sa spolo\u010dn\u00e9ho bytu, spolo\u010dn\u00e9ho majetku, ako aj \u00fapravy alebo z\u00e1kazu styku druh\u00e9ho rodi\u010da s de\u0165mi, \u010di pr\u00edspevku na v\u00fd\u017eivu rozvedenej man\u017eelky.<\/p>\n<p><strong>Miesto, trvanie rozvodov\u00e9ho konania a n\u00e1klady na\u0148<\/strong><\/p>\n<p>N\u00e1vrh na rozvod mus\u00ed by\u0165 podan\u00fd na okresnom s\u00fade v\u00a0mieste spolo\u010dn\u00e9ho alebo posledn\u00e9ho spolo\u010dn\u00e9ho bydliska man\u017eelov. N\u00e1vrh mus\u00ed by\u0165 predlo\u017een\u00fd p\u00edsomne v troch vyhotoveniach a jedno vyhotovenie je vhodn\u00e9 ponecha\u0165 si pre seba.<\/p>\n<p>S\u00fadne konanie vo veci rozvodu trv\u00e1 spravidla dlh\u0161ie, nieko\u013eko mesiacov, lebo s\u00fa potrebn\u00e9 viacer\u00e9 pojedn\u00e1vania. Nie je mo\u017en\u00e9 ur\u010di\u0165 predpokladan\u00fa dobu trvania rozvodov\u00e9ho konania, preto\u017ee to z\u00e1vis\u00ed od mnoh\u00fdch faktorov.<\/p>\n<p>S\u00fadny poplatok za konanie o rozvode man\u017eelstva je 66,- EUR a\u00a0uhr\u00e1dza ho ten, kto n\u00e1vrh na rozvod man\u017eelstva pod\u00e1va. Ak m\u00e1 navrhovate\u013eka n\u00edzky pr\u00edjem, m\u00f4\u017ee by\u0165 na z\u00e1klade \u017eiadosti osloboden\u00e1 od povinnosti plati\u0165 s\u00fadny poplatok.<\/p>\n<p><strong>N\u00e1sledky rozvodu<\/strong><\/p>\n<p><span style=\"text-decoration: underline\">Rozdelenie majetku:<\/span> V Slovenskej republike plat\u00ed, \u017ee uzatvoren\u00edm man\u017eelstva nevznikaj\u00fa automaticky pr\u00e1va na majetok druh\u00e9ho z partnerov. Nevznik\u00e1 ani zodpovednos\u0165 za z\u00e1v\u00e4zky partnera, s v\u00fdnimkou, \u017ee sa za ne poskytla z\u00e1ruka, mo\u017eno ich v\u0161ak v exek\u00facii vyrovna\u0165 z\u00a0majetku patriaceho do bezpodielov\u00e9ho spoluvlastn\u00edctva man\u017eelov (BSM).<\/p>\n<p>V\u0161etko, \u010do man\u017eelia po\u010das trvania man\u017eelstva nadobudli, s v\u00fdnimkou vec\u00ed z\u00edskan\u00fdch darom a deden\u00edm, sa st\u00e1va spolo\u010dn\u00fdm majetkom oboch man\u017eelov, patr\u00ed do bezpodielov\u00e9ho spoluvlastn\u00edctva man\u017eelov a v pr\u00edpade rozvodu sa tento majetok rozdel\u00ed. Pritom nie je rozhoduj\u00face, kto z man\u017eelov peniaze \u201ezarobil\u201c (kto mal ak\u00fd pr\u00edjem).<\/p>\n<p>N\u00e1vrh na zru\u0161enie BSM mo\u017eno poda\u0165 aj po\u010das trvania man\u017eelstva. Zo z\u00e1va\u017en\u00fdch d\u00f4vodov, najm\u00e4 ak by \u010fal\u0161ie trvanie bezpodielov\u00e9ho spoluvlastn\u00edctva odporovalo dobr\u00fdm mravom, m\u00f4\u017ee s\u00fad na n\u00e1vrh niektor\u00e9ho z man\u017eelov toto spoluvlastn\u00edctvo zru\u0161i\u0165 i po\u010das trvania man\u017eelstva. S\u00fad zru\u0161\u00ed bezpodielov\u00e9 spoluvlastn\u00edctvo man\u017eelov aj vtedy, ke\u010f jeden z man\u017eelov z\u00edskal opr\u00e1vnenie na podnikate\u013esk\u00fa \u010dinnos\u0165, a to na n\u00e1vrh toho z man\u017eelov, ktor\u00fd tak\u00e9to opr\u00e1vnenie nem\u00e1. (Nezriedka b\u00fdva tento pr\u00edpad zneu\u017e\u00edvan\u00fd v neprospech \u017eien, ke\u010f sa najprv zru\u0161\u00ed bezpodielov\u00e9 spoluvlastn\u00edctvo, aby \u201espolo\u010dn\u00fd majetok neohrozovali jeho dlhy\u201c, a po rozvode \u017eena zist\u00ed, \u017ee podstatn\u00e1 \u010das\u0165 majetku je v\u00fdlu\u010dn\u00fdm vlastn\u00edctvom man\u017eela.)<\/p>\n<p><span style=\"text-decoration: underline\">Byt po rozvode:<\/span> O u\u017e\u00edvan\u00ed spolo\u010dn\u00e9ho bytu po rozvode sa rozhoduje len vtedy, ak man\u017eelia z\u00edskali byt do spolo\u010dn\u00e9ho n\u00e1jmu alebo do spoluvlastn\u00edctva po\u010das trvania man\u017eelstva. Ak bol byt v\u00a0spolo\u010dnom n\u00e1jme man\u017eelov, o tom, ktor\u00fd z man\u017eelov bude po rozvode u\u017e\u00edva\u0165 byt ako v\u00fdlu\u010dn\u00fd n\u00e1jomca, a o bytovej n\u00e1hrade pre druh\u00e9ho z\u00a0man\u017eelov rozhodne s\u00fad na n\u00e1vrh jedn\u00e9ho z man\u017eelov (n\u00e1vrh mo\u017eno poda\u0165 po spr\u00e1voplatnen\u00ed rozsudku o rozvode). Ak bol byt alebo dom v spoluvlastn\u00edctve, o \u010fal\u0161om vlastn\u00edctve bytu alebo domu po rozvode rozhodne s\u00fad v r\u00e1mci vysporiadania spolo\u010dn\u00e9ho majetku (BSM) na n\u00e1vrh jedn\u00e9ho z man\u017eelov. (N\u00e1vrh mo\u017eno poda\u0165 do 3 rokov od spr\u00e1voplatnenia rozsudku o rozvode man\u017eelstva.)<\/p>\n<p><span style=\"text-decoration: underline\">V\u00fd\u017eivn\u00e9:<\/span> U\u017e po\u010das trvania man\u017eelstva mo\u017eno poda\u0165 n\u00e1vrh na ur\u010denie man\u017eelsk\u00e9ho v\u00fd\u017eivn\u00e9ho, pri\u010dom v\u00fd\u017eivn\u00e9 m\u00e1 by\u0165 v takej v\u00fd\u0161ke, aby \u017eivotn\u00e1 \u00farove\u0148 obidvoch man\u017eelov bola rovnak\u00e1. N\u00e1vrh na ur\u010denie v\u00fd\u017eivn\u00e9ho mo\u017eno poda\u0165, ak man\u017eelia spolo\u010dne nehospod\u00e1ria. Ak po rozvode man\u017eelstva nie je jeden z rozveden\u00fdch man\u017eelov schopn\u00fd s\u00e1m sa \u017eivi\u0165, m\u00f4\u017ee poda\u0165 n\u00e1vrh na ur\u010denie pr\u00edspevku na v\u00fd\u017eivu rozveden\u00e9ho man\u017eela, resp. man\u017eelky; mo\u017eno ho prizna\u0165 najdlh\u0161ie na 5 rokov. V\u00fd\u017eivn\u00e9 nemo\u017eno ur\u010di\u0165, ak by to bolo v rozpore s dobr\u00fdmi mravmi. (Pre v\u00fd\u017eivn\u00e9 na malolet\u00e9 die\u0165a to neplat\u00ed.)<\/p>\n<p><span style=\"text-decoration: underline\">Pr\u00e1vo na zverenie det\u00ed do v\u00fdchovy:<\/span> Po\u010das man\u017eelstva maj\u00fa obaja rodi\u010dia pr\u00e1vo podie\u013ea\u0165 sa na v\u00fdchove det\u00ed. U\u017e po\u010das trvania man\u017eelstva v\u0161ak s\u00fad m\u00f4\u017ee upravi\u0165 ich pr\u00e1va a povinnosti k malolet\u00fdm de\u0165om, ak s\u00fa na to d\u00f4vody. V pr\u00edpade rozvodu man\u017eelstva s\u00fad zver\u00ed deti do v\u00fdchovy jedn\u00e9ho z rodi\u010dov a ur\u010d\u00ed vy\u017eivovaciu povinnos\u0165 druh\u00e9ho rodi\u010da; s\u00fa\u010dasne rozhodne aj o styku druh\u00e9ho rodi\u010da (ktor\u00e9mu deti nie s\u00fa zveren\u00e9 do v\u00fdchovy) s malolet\u00fdmi de\u0165mi.<\/p>\n<p>&nbsp;<\/p>\n<p><em>Zdroj:\u00a0<\/em><\/p>\n<p><em><strong><a href=\"http:\/\/www.gender.gov.sk\/zastavmenasilie\/informacie\/publikacie\/\">Kona\u0165 proti n\u00e1siliu na \u017een\u00e1ch<\/a><\/strong>.\u00a0Vydalo Ministerstvo pr\u00e1ce, soci\u00e1lnych vec\u00ed a rodiny SR v spolupr\u00e1ci s Iniciat\u00edvou Piata \u017eena v roku 2008\u00a0v r\u00e1mci N\u00e1rodnej kampane SR Zastavme dom\u00e1ce n\u00e1silie na \u017een\u00e1ch,\u00a0ktor\u00fa iniciovala Rada Eur\u00f3py.\u00a0Na vydanie pripravili OZ Pro Familia a\u00a0<a href=\"http:\/\/www.aspekt.sk\" target=\"_blank\">ZZ\u017d ASPEKT.<\/a><\/em><\/p>\n","protected":false},"excerpt":{"rendered":"<p>\u201eTy si nikdy nerobila, tak\u017ee ti v\u00f4bec ni\u010d nepatr\u00ed\u201c, \u201eKe\u010f od\u00edde\u0161, strat\u00ed\u0161 byt\u201c, \u201eAk sa d\u00e1\u0161 rozvies\u0165, vezmem ti deti\u201c. Tieto vyhl\u00e1senia nemaj\u00fa skuto\u010dn\u00fa platnos\u0165, ale n\u00e1siln\u00edcki mu\u017ei ich \u010dasto pou\u017e\u00edvaj\u00fa na vyv\u00edjanie n\u00e1tlaku na \u017eeny a na ich zastra\u0161ovanie. Je preto ve\u013emi d\u00f4le\u017eit\u00e9 pozna\u0165 vlastn\u00e9 pr\u00e1va. PR\u00c1VO NA ROZVOD Man\u017eelia s\u00fa si v man\u017eelstve &hellip; <\/p>\n<p><a class=\"more-link block-button\" href=\"https:\/\/www.gender.gov.sk\/zastavmenasilie\/pomoc\/rozvod\/\">\u010c\u00edta\u0165 viac &raquo;<\/a><\/p>\n","protected":false},"author":2,"featured_media":0,"parent":16,"menu_order":4,"comment_status":"open","ping_status":"closed","template":"","meta":[],"_links":{"self":[{"href":"https:\/\/www.gender.gov.sk\/zastavmenasilie\/wp-json\/wp\/v2\/pages\/395"}],"collection":[{"href":"https:\/\/www.gender.gov.sk\/zastavmenasilie\/wp-json\/wp\/v2\/pages"}],"about":[{"href":"https:\/\/www.gender.gov.sk\/zastavmenasilie\/wp-json\/wp\/v2\/types\/page"}],"author":[{"embeddable":true,"href":"https:\/\/www.gender.gov.sk\/zastavmenasilie\/wp-json\/wp\/v2\/users\/2"}],"replies":[{"embeddable":true,"href":"https:\/\/www.gender.gov.sk\/zastavmenasilie\/wp-json\/wp\/v2\/comments?post=395"}],"version-history":[{"count":6,"href":"https:\/\/www.gender.gov.sk\/zastavmenasilie\/wp-json\/wp\/v2\/pages\/395\/revisions"}],"predecessor-version":[{"id":1467,"href":"https:\/\/www.gender.gov.sk\/zastavmenasilie\/wp-json\/wp\/v2\/pages\/395\/revisions\/1467"}],"up":[{"embeddable":true,"href":"https:\/\/www.gender.gov.sk\/zastavmenasilie\/wp-json\/wp\/v2\/pages\/16"}],"wp:attachment":[{"href":"https:\/\/www.gender.gov.sk\/zastavmenasilie\/wp-json\/wp\/v2\/media?parent=395"}],"curies":[{"name":"wp","href":"https:\/\/api.w.org\/{rel}","templated":true}]}}