{"id":400,"date":"2013-06-01T14:33:50","date_gmt":"2013-06-01T14:33:50","guid":{"rendered":"http:\/\/www.gender.gov.sk\/zastavmenasilie\/?page_id=400"},"modified":"2016-10-21T16:03:12","modified_gmt":"2016-10-21T16:03:12","slug":"mediacia","status":"publish","type":"page","link":"https:\/\/www.gender.gov.sk\/zastavmenasilie\/pomoc\/rady-pre-zenu\/mediacia\/","title":{"rendered":"Medi\u00e1cia"},"content":{"rendered":"<p><span style=\"color: #993300\"><strong>MEDI\u00c1CIA SA NEODPOR\u00da\u010cA!!!<\/strong><\/span><\/p>\n<p>Medi\u00e1cia (sprostredkovanie) je vo v\u0161eobecnosti postupom na rie\u0161enie konfliktov. V niektor\u00fdch krajin\u00e1ch sa pou\u017e\u00edva ako opatrenie v\u00a0pr\u00edpadoch zverenia det\u00ed do v\u00fdchovy jedn\u00e9ho z rodi\u010dov a \u00fapravy styku s\u00a0druh\u00fdm rodi\u010dom. Cie\u013eom medi\u00e1cie je, aby sa man\u017eelsk\u00fd p\u00e1r prostredn\u00edctvom tzv. medi\u00e1tora alebo medi\u00e1torky pok\u00fasil dosiahnu\u0165 vz\u00e1jomn\u00fa dohodu.<\/p>\n<p>Na Slovensku je tento postup upraven\u00fd z\u00e1konom. \u00da\u010delom medi\u00e1cie je mimos\u00fadne vyrie\u0161enie sporu. \u00da\u010das\u0165 na medi\u00e1cii nie je povinn\u00e1 a nemo\u017eno ju nijak\u00fdm sp\u00f4sobom vynucova\u0165. Dohoda, ktor\u00e1 vznikla ako v\u00fdsledok medi\u00e1cie, m\u00e1 p\u00edsomn\u00fa formu a je pre z\u00fa\u010dastnen\u00e9 osoby z\u00e1v\u00e4zn\u00e1. Ak je t\u00e1to dohoda sp\u00edsan\u00e1 vo forme not\u00e1rskej z\u00e1pisnice alebo schv\u00e1len\u00e1 ako zmier pred s\u00fadom, mo\u017eno na jej z\u00e1klade poda\u0165 n\u00e1vrh na s\u00fadny v\u00fdkon rozhodnutia alebo n\u00e1vrh na vykonanie exek\u00facie.<\/p>\n<p><em>Odpor\u00fa\u010danie:<\/em><\/p>\n<p><span style=\"color: #993300\">Medi\u00e1cia m\u00f4\u017ee \u013eahko vies\u0165 k\u00a0nef\u00e9rov\u00fdm dohod\u00e1m, ak \u00fa\u010dastn\u00edci nie s\u00fa rovnako siln\u00ed. <strong>T\u00e1to met\u00f3da by sa nemala pou\u017e\u00edva\u0165, ak sa mu\u017e spr\u00e1va n\u00e1siln\u00edcky <\/strong>a vy nem\u00e1te mo\u017enos\u0165 si s n\u00edm vymie\u0148a\u0165 n\u00e1zory otvorene a\u00a0bez strachu.<\/span><\/p>\n<p><span style=\"color: #993300\">Ak v\u00e1m navrhli medi\u00e1ciu, mali by ste zv\u00e1\u017ei\u0165, \u010di je pre v\u00e1s vhodn\u00e1, a\u00a0bude lep\u0161ie, ak ju odmietnete (najm\u00e4 ak nem\u00e1te advok\u00e1tku). Linka alebo p<\/span><span style=\"color: #993300\">orad\u0148a pre \u017eeny v\u00e1m m\u00f4\u017ee pom\u00f4c\u0165 pri rozhodovan\u00ed.<\/span><\/p>\n<p>&nbsp;<\/p>\n<p><em>Zdroj:\u00a0<\/em><\/p>\n<p><em><strong><a href=\"http:\/\/www.gender.gov.sk\/zastavmenasilie\/informacie\/publikacie\/\">Kona\u0165 proti n\u00e1siliu na \u017een\u00e1ch<\/a><\/strong>.\u00a0Vydalo Ministerstvo pr\u00e1ce, soci\u00e1lnych vec\u00ed a rodiny SR v spolupr\u00e1ci s Iniciat\u00edvou Piata \u017eena v roku 2008\u00a0v r\u00e1mci N\u00e1rodnej kampane SR Zastavme dom\u00e1ce n\u00e1silie na \u017een\u00e1ch,\u00a0ktor\u00fa iniciovala Rada Eur\u00f3py.\u00a0Na vydanie pripravili OZ Pro Familia a\u00a0<a href=\"http:\/\/www.aspekt.sk\" target=\"_blank\">ZZ\u017d ASPEKT.<\/a><\/em><\/p>\n","protected":false},"excerpt":{"rendered":"<p>MEDI\u00c1CIA SA NEODPOR\u00da\u010cA!!! Medi\u00e1cia (sprostredkovanie) je vo v\u0161eobecnosti postupom na rie\u0161enie konfliktov. V niektor\u00fdch krajin\u00e1ch sa pou\u017e\u00edva ako opatrenie v\u00a0pr\u00edpadoch zverenia det\u00ed do v\u00fdchovy jedn\u00e9ho z rodi\u010dov a \u00fapravy styku s\u00a0druh\u00fdm rodi\u010dom. Cie\u013eom medi\u00e1cie je, aby sa man\u017eelsk\u00fd p\u00e1r prostredn\u00edctvom tzv. medi\u00e1tora alebo medi\u00e1torky pok\u00fasil dosiahnu\u0165 vz\u00e1jomn\u00fa dohodu. Na Slovensku je tento postup upraven\u00fd z\u00e1konom. &hellip; <\/p>\n<p><a class=\"more-link block-button\" href=\"https:\/\/www.gender.gov.sk\/zastavmenasilie\/pomoc\/rady-pre-zenu\/mediacia\/\">\u010c\u00edta\u0165 viac &raquo;<\/a><\/p>\n","protected":false},"author":2,"featured_media":0,"parent":284,"menu_order":7,"comment_status":"open","ping_status":"open","template":"","meta":[],"_links":{"self":[{"href":"https:\/\/www.gender.gov.sk\/zastavmenasilie\/wp-json\/wp\/v2\/pages\/400"}],"collection":[{"href":"https:\/\/www.gender.gov.sk\/zastavmenasilie\/wp-json\/wp\/v2\/pages"}],"about":[{"href":"https:\/\/www.gender.gov.sk\/zastavmenasilie\/wp-json\/wp\/v2\/types\/page"}],"author":[{"embeddable":true,"href":"https:\/\/www.gender.gov.sk\/zastavmenasilie\/wp-json\/wp\/v2\/users\/2"}],"replies":[{"embeddable":true,"href":"https:\/\/www.gender.gov.sk\/zastavmenasilie\/wp-json\/wp\/v2\/comments?post=400"}],"version-history":[{"count":8,"href":"https:\/\/www.gender.gov.sk\/zastavmenasilie\/wp-json\/wp\/v2\/pages\/400\/revisions"}],"predecessor-version":[{"id":1462,"href":"https:\/\/www.gender.gov.sk\/zastavmenasilie\/wp-json\/wp\/v2\/pages\/400\/revisions\/1462"}],"up":[{"embeddable":true,"href":"https:\/\/www.gender.gov.sk\/zastavmenasilie\/wp-json\/wp\/v2\/pages\/284"}],"wp:attachment":[{"href":"https:\/\/www.gender.gov.sk\/zastavmenasilie\/wp-json\/wp\/v2\/media?parent=400"}],"curies":[{"name":"wp","href":"https:\/\/api.w.org\/{rel}","templated":true}]}}