{"id":410,"date":"2013-06-01T14:37:11","date_gmt":"2013-06-01T14:37:11","guid":{"rendered":"http:\/\/www.gender.gov.sk\/zastavmenasilie\/?page_id=410"},"modified":"2013-06-01T16:43:34","modified_gmt":"2013-06-01T16:43:34","slug":"rozchod","status":"publish","type":"page","link":"https:\/\/www.gender.gov.sk\/zastavmenasilie\/pomoc\/rozvod\/rozchod\/","title":{"rendered":"Rozchod pri spolu\u017eit\u00ed"},"content":{"rendered":"<p>SPOLU\u017dITIE<\/p>\n<p>Pri spolu\u017eit\u00ed partnerov (druh \u2014 dru\u017eka) neplatia ustanovenia man\u017eelsk\u00e9ho pr\u00e1va. V pr\u00edpade rozchodu to m\u00f4\u017ee ma\u0165 pre slab\u0161iu stranu ve\u013emi negat\u00edvne n\u00e1sledky. V\u0161etky pr\u00e1ce, ktor\u00e9 \u017eena v dom\u00e1cnosti a rodine vykon\u00e1vala po\u010das spolu\u017eitia, sa v\u0161eobecne pova\u017euj\u00fa za dobrovo\u013en\u00e9. Vlo\u017een\u00e9 invest\u00edcie m\u00f4\u017eu by\u0165 vym\u00e1han\u00e9 na ob\u010dianskopr\u00e1vnom s\u00fade vtedy, ak ich mo\u017eno preuk\u00e1zate\u013ene dok\u00e1za\u0165. Ke\u010f sa spolu\u017eitie skon\u010d\u00ed, zost\u00e1va byt alebo dom osobe, ktor\u00e1 je jeho vlastn\u00edkom\/n\u00e1jomn\u00edkom. Ak dru\u017eka\/\u017eena ob\u00fdvala byt, ktor\u00e9ho n\u00e1jomcom alebo vlastn\u00edkom je druh, hroz\u00ed jej nebezpe\u010denstvo, \u017ee sa v pr\u00edpade s\u00fadneho sporu m\u00f4\u017ee aj so svojimi de\u0165mi ocitn\u00fa\u0165 na ulici, preto\u017ee jej nevznik\u00e1 \u017eiadne pr\u00e1vo na tento byt alebo dom, ani pr\u00e1vo na bytov\u00fa n\u00e1hradu.<\/p>\n<p>Ak byt patr\u00ed \u017eene a mu\u017eovi nevzniklo \u017eiadne u\u017e\u00edvacie pr\u00e1vo, m\u00f4\u017ee \u017eena na s\u00fad poda\u0165 n\u00e1vrh na vypratanie bytu a necha\u0165 mu\u017ea delo\u017eova\u0165, pr\u00edpadne m\u00f4\u017ee mu\u017eove veci z bytu vys\u0165ahova\u0165.<\/p>\n","protected":false},"excerpt":{"rendered":"<p>SPOLU\u017dITIE Pri spolu\u017eit\u00ed partnerov (druh \u2014 dru\u017eka) neplatia ustanovenia man\u017eelsk\u00e9ho pr\u00e1va. V pr\u00edpade rozchodu to m\u00f4\u017ee ma\u0165 pre slab\u0161iu stranu ve\u013emi negat\u00edvne n\u00e1sledky. V\u0161etky pr\u00e1ce, ktor\u00e9 \u017eena v dom\u00e1cnosti a rodine vykon\u00e1vala po\u010das spolu\u017eitia, sa v\u0161eobecne pova\u017euj\u00fa za dobrovo\u013en\u00e9. Vlo\u017een\u00e9 invest\u00edcie m\u00f4\u017eu by\u0165 vym\u00e1han\u00e9 na ob\u010dianskopr\u00e1vnom s\u00fade vtedy, ak ich mo\u017eno preuk\u00e1zate\u013ene dok\u00e1za\u0165. Ke\u010f sa &hellip; <\/p>\n<p><a class=\"more-link block-button\" href=\"https:\/\/www.gender.gov.sk\/zastavmenasilie\/pomoc\/rozvod\/rozchod\/\">\u010c\u00edta\u0165 viac &raquo;<\/a><\/p>\n","protected":false},"author":2,"featured_media":0,"parent":395,"menu_order":10,"comment_status":"open","ping_status":"open","template":"","meta":[],"_links":{"self":[{"href":"https:\/\/www.gender.gov.sk\/zastavmenasilie\/wp-json\/wp\/v2\/pages\/410"}],"collection":[{"href":"https:\/\/www.gender.gov.sk\/zastavmenasilie\/wp-json\/wp\/v2\/pages"}],"about":[{"href":"https:\/\/www.gender.gov.sk\/zastavmenasilie\/wp-json\/wp\/v2\/types\/page"}],"author":[{"embeddable":true,"href":"https:\/\/www.gender.gov.sk\/zastavmenasilie\/wp-json\/wp\/v2\/users\/2"}],"replies":[{"embeddable":true,"href":"https:\/\/www.gender.gov.sk\/zastavmenasilie\/wp-json\/wp\/v2\/comments?post=410"}],"version-history":[{"count":3,"href":"https:\/\/www.gender.gov.sk\/zastavmenasilie\/wp-json\/wp\/v2\/pages\/410\/revisions"}],"predecessor-version":[{"id":478,"href":"https:\/\/www.gender.gov.sk\/zastavmenasilie\/wp-json\/wp\/v2\/pages\/410\/revisions\/478"}],"up":[{"embeddable":true,"href":"https:\/\/www.gender.gov.sk\/zastavmenasilie\/wp-json\/wp\/v2\/pages\/395"}],"wp:attachment":[{"href":"https:\/\/www.gender.gov.sk\/zastavmenasilie\/wp-json\/wp\/v2\/media?parent=410"}],"curies":[{"name":"wp","href":"https:\/\/api.w.org\/{rel}","templated":true}]}}