{"id":420,"date":"2013-06-01T14:59:38","date_gmt":"2013-06-01T14:59:38","guid":{"rendered":"http:\/\/www.gender.gov.sk\/zastavmenasilie\/?page_id=420"},"modified":"2013-06-01T15:03:35","modified_gmt":"2013-06-01T15:03:35","slug":"trestne-konanie","status":"publish","type":"page","link":"https:\/\/www.gender.gov.sk\/zastavmenasilie\/pomoc\/trestne-konanie\/","title":{"rendered":"Trestn\u00e9 konanie"},"content":{"rendered":"<p>N\u00e1siln\u00e9 \u010diny ako vyhr\u00e1\u017eky, telesn\u00e9 t\u00fdranie, obmedzovanie osobnej slobody, n\u00fatenie k sexu a zn\u00e1silnenie s\u00fa pod\u013ea n\u00e1\u0161ho trestn\u00e9ho z\u00e1kona trestn\u00e9. V\u00e4\u010d\u0161ina t\u00fdchto trestn\u00fdch \u010dinov s\u00fa tzv. ofici\u00e1lne delikty, to znamen\u00e1, \u017ee len \u010do sa o nich pol\u00edcia alebo in\u00fd org\u00e1n \u010dinn\u00fd v\u00a0trestnom konan\u00ed, napr. prokurat\u00fara, dozvie, m\u00e1 postupova\u0165 z \u00faradnej povinnosti.<\/p>\n<p>Ka\u017ed\u00fd \u010dlovek m\u00f4\u017ee ozn\u00e1mi\u0165 trestn\u00fd \u010din pol\u00edcii, vy\u0161etrovate\u013eovi \u010di vy\u0161etrovate\u013eke alebo prokurat\u00fare.<\/p>\n<p><strong>Pr\u00e1va v trestnom konan\u00ed:<\/strong><\/p>\n<p>V trestnom konan\u00ed je \u017eena, ktor\u00e1 sa stala obe\u0165ou n\u00e1silia, v\u00a0postaven\u00ed po\u0161kodenej. Toto postavenie po\u0161kodenej vypl\u00fdva zo z\u00e1kona a nie je potrebn\u00e9 zvl\u00e1\u0161\u0165 sa ho do\u017eadova\u0165. \u017dena ako po\u0161koden\u00e1 m\u00e1 v trestnom konan\u00ed z\u00e1konom stanoven\u00e9 pr\u00e1va:<\/p>\n<ul>\n<li>Pr\u00e1vo odoprie\u0165 v\u00fdpove\u010f. V trestnom konan\u00ed m\u00e1 \u017eena pr\u00e1vo odoprie\u0165 v\u00fdpove\u010f, ak je obvinen\u00fd bl\u00edzkou osobou. Toto pr\u00e1vo m\u00e1 aj dru\u017eka, ale i rozveden\u00e1 \u017eena vtedy, ak v \u010dase sp\u00e1chania skutku man\u017eelstvo trvalo. S\u00fad aj org\u00e1ny \u010dinn\u00e9 v trestnom konan\u00ed s\u00fa povinn\u00e9 o tomto pr\u00e1ve \u017eenu informova\u0165. Ak sa \u017eena rozhodne vypoveda\u0165, je povinn\u00e1 hovori\u0165 pravdu.<\/li>\n<li>Vzh\u013eadom na to, \u017ee pojedn\u00e1vanie je verejn\u00e9, m\u00f4\u017ee by\u0165 v pojedn\u00e1vacej miestnosti pr\u00edtomn\u00e1 ak\u00e1ko\u013evek osoba, ktorej pr\u00edtomnos\u0165 poskytne \u017eene podporu a ktorej \u017eena d\u00f4veruje. T\u00e1to osoba v\u0161ak nem\u00f4\u017ee by\u0165 s\u00fa\u010dasne svedkom v s\u00fadnom konan\u00ed.<\/li>\n<li>Po\u0161koden\u00e1 sa u\u017e od za\u010diatku trestn\u00e9ho st\u00edhania m\u00f4\u017ee da\u0165 zastupova\u0165 splnomocnencom \u010di splnomocnenky\u0148ou.<\/li>\n<li>V pr\u00edpade sexu\u00e1lnych trestn\u00fdch \u010dinov m\u00e1 postihnut\u00e1 \u017eena pr\u00e1vo neodpoveda\u0165 na ot\u00e1zky t\u00fdkaj\u00face sa v\u00fdlu\u010dne jej s\u00fakromn\u00e9ho \u017eivota. V\u00fdsluch v ktorejko\u013evek \u010dasti trestn\u00e9ho konania sa m\u00e1 t\u00fdka\u0165 len skuto\u010dnost\u00ed vz\u0165ahuj\u00facich sa k trestn\u00e9mu \u010dinu.<\/li>\n<\/ul>\n<p>&nbsp;<\/p>\n<p><strong>Priebeh trestn\u00e9ho konania<\/strong><\/p>\n<p>Po skon\u010den\u00ed objas\u0148ovania a vy\u0161etrovania predlo\u017e\u00ed pol\u00edcia alebo vy\u0161etrovate\u013e \u010di vy\u0161etrovate\u013eka spis okresnej prokurat\u00fare. Prokurat\u00fara rozhodne, \u010di pod\u00e1 na pr\u00edslu\u0161nom s\u00fade ob\u017ealobu, alebo vec vybav\u00ed in\u00fdm sp\u00f4sobom. Ob\u017ealobu s\u00fad doru\u010d\u00ed aj po\u0161kodenej. Po\u0161koden\u00e1 mus\u00ed by\u0165 informovan\u00e1 aj v pr\u00edpade zastavenia konania alebo post\u00fapenia veci obvodn\u00e9mu \u00faradu na prejednanie priestupku.<\/p>\n<p><strong>D\u00f4vody na v\u00e4zbu, prepustenie z v\u00e4zby<\/strong><\/p>\n<p>D\u00f4vody na vzatie do v\u00e4zby s\u00fa zlo\u017eit\u00e9, z\u00e1visia od mnoh\u00fdch \u010dinite\u013eov a presne ich stanovuje z\u00e1kon. Mnoh\u00ed p\u00e1chatelia s\u00fa st\u00edhan\u00ed na slobode. Je tomu tak spravidla aj v pr\u00edpadoch v\u00e1\u017eneho opakovan\u00e9ho n\u00e1silia, nebezpe\u010dn\u00fdch vyhr\u00e1\u017eok a t\u00fdrania \u017eien. O vzat\u00ed do v\u00e4zby aj o\u00a0prepusten\u00ed z v\u00e4zby rozhoduje s\u00fad.<\/p>\n<p>\u017dena, ktorej hroz\u00ed nebezpe\u010denstvo zo strany n\u00e1siln\u00edka, m\u00e1 \u2014 ak o to po\u017eiada \u2014 pr\u00e1vo by\u0165 informovan\u00e1 o prepusten\u00ed alebo \u00fateku mu\u017ea z vy\u0161etrovacej v\u00e4zby alebo v\u00fdkonu trestu. Inform\u00e1cie poskytuje to zariadenie, v ktorom bol n\u00e1siln\u00edk vo v\u00e4zbe alebo vo v\u00fdkone trestu. Ak m\u00e1te strach pred \u010fal\u0161\u00edmi n\u00e1silnos\u0165ami, m\u00f4\u017eete aj nahliadnut\u00edm do spisu na s\u00fade zisti\u0165, \u010di a kedy bol mu\u017e prepusten\u00fd, alebo \u010di podal \u017eiados\u0165 o prepustenie z v\u00e4zby.<\/p>\n<p><strong>Ukon\u010denie trestn\u00e9ho konania, ods\u00fadenie<\/strong><\/p>\n<p>S\u00fa r\u00f4zne sp\u00f4soby rozhodnutia s\u00fadu: ods\u00fadenie bez hlavn\u00e9ho pojedn\u00e1vania \u2014 vydan\u00edm trestn\u00e9ho rozkazu, rozsudok na hlavnom pojedn\u00e1van\u00ed, oslobodenie spod ob\u017ealoby, schv\u00e1lenie dohody o\u00a0vine a treste alebo schv\u00e1lenie zmieru. S\u00fad m\u00f4\u017ee ulo\u017ei\u0165 trest od\u0148atia slobody alebo pe\u0148a\u017en\u00fd trest, alebo m\u00f4\u017ee upusti\u0165 od potrestania.<\/p>\n<p>Pri p\u00e1chate\u013eoch, ktor\u00ed u\u017e boli predt\u00fdm ods\u00faden\u00ed, je pravdepodobnej\u0161ie, \u017ee im s\u00fad ulo\u017e\u00ed trest od\u0148atia slobody. Pri netrestan\u00fdch p\u00e1chate\u013eoch alebo menej z\u00e1va\u017en\u00fdch trestn\u00fdch \u010dinoch s\u00fad spravidla ulo\u017e\u00ed trest od\u0148atia slobody s podmiene\u010dn\u00fdm odkladom na sk\u00fa\u0161obn\u00fa dobu alebo pe\u0148a\u017en\u00fd trest. M\u00f4\u017ee aj upusti\u0165 od potrestania.<\/p>\n<p><strong>N\u00e1hrada \u0161kody<\/strong><\/p>\n<p>V pr\u00edpade, \u017ee s\u00fad rozhodne o vine ob\u017ealovan\u00e9ho, m\u00f4\u017ee s\u00fad rozhodn\u00fa\u0165 aj o n\u00e1roku na n\u00e1hradu \u0161kody (napr. bolestn\u00e9) po\u0161kodenej, ak si tento n\u00e1rok uplatnila. Ak d\u00f4jde k oslobodeniu ob\u017ealovan\u00e9ho, alebo s\u00fad nerozhodne o n\u00e1roku na n\u00e1hradu \u0161kody, s\u00fad odk\u00e1\u017ee po\u0161koden\u00fa s\u00a0t\u00fdmto n\u00e1rokom na ob\u010dianske konanie.<\/p>\n<p>&nbsp;<\/p>\n<p><em>Zdroj:\u00a0<\/em><\/p>\n<p><em><strong><a href=\"http:\/\/www.gender.gov.sk\/zastavmenasilie\/informacie\/publikacie\/\">Kona\u0165 proti n\u00e1siliu na \u017een\u00e1ch<\/a><\/strong>.\u00a0Vydalo Ministerstvo pr\u00e1ce, soci\u00e1lnych vec\u00ed a rodiny SR v spolupr\u00e1ci s Iniciat\u00edvou Piata \u017eena v roku 2008\u00a0v r\u00e1mci N\u00e1rodnej kampane SR Zastavme dom\u00e1ce n\u00e1silie na \u017een\u00e1ch, ktor\u00fa iniciovala Rada Eur\u00f3py. Na vydanie pripravili OZ Pro Familia a <a href=\"http:\/\/www.aspekt.sk\" target=\"_blank\">ZZ\u017d ASPEKT.<\/a><\/em><\/p>\n","protected":false},"excerpt":{"rendered":"<p>N\u00e1siln\u00e9 \u010diny ako vyhr\u00e1\u017eky, telesn\u00e9 t\u00fdranie, obmedzovanie osobnej slobody, n\u00fatenie k sexu a zn\u00e1silnenie s\u00fa pod\u013ea n\u00e1\u0161ho trestn\u00e9ho z\u00e1kona trestn\u00e9. V\u00e4\u010d\u0161ina t\u00fdchto trestn\u00fdch \u010dinov s\u00fa tzv. ofici\u00e1lne delikty, to znamen\u00e1, \u017ee len \u010do sa o nich pol\u00edcia alebo in\u00fd org\u00e1n \u010dinn\u00fd v\u00a0trestnom konan\u00ed, napr. prokurat\u00fara, dozvie, m\u00e1 postupova\u0165 z \u00faradnej povinnosti. Ka\u017ed\u00fd \u010dlovek m\u00f4\u017ee ozn\u00e1mi\u0165 &hellip; <\/p>\n<p><a class=\"more-link block-button\" href=\"https:\/\/www.gender.gov.sk\/zastavmenasilie\/pomoc\/trestne-konanie\/\">\u010c\u00edta\u0165 viac &raquo;<\/a><\/p>\n","protected":false},"author":2,"featured_media":0,"parent":16,"menu_order":10,"comment_status":"open","ping_status":"open","template":"","meta":[],"_links":{"self":[{"href":"https:\/\/www.gender.gov.sk\/zastavmenasilie\/wp-json\/wp\/v2\/pages\/420"}],"collection":[{"href":"https:\/\/www.gender.gov.sk\/zastavmenasilie\/wp-json\/wp\/v2\/pages"}],"about":[{"href":"https:\/\/www.gender.gov.sk\/zastavmenasilie\/wp-json\/wp\/v2\/types\/page"}],"author":[{"embeddable":true,"href":"https:\/\/www.gender.gov.sk\/zastavmenasilie\/wp-json\/wp\/v2\/users\/2"}],"replies":[{"embeddable":true,"href":"https:\/\/www.gender.gov.sk\/zastavmenasilie\/wp-json\/wp\/v2\/comments?post=420"}],"version-history":[{"count":3,"href":"https:\/\/www.gender.gov.sk\/zastavmenasilie\/wp-json\/wp\/v2\/pages\/420\/revisions"}],"predecessor-version":[{"id":422,"href":"https:\/\/www.gender.gov.sk\/zastavmenasilie\/wp-json\/wp\/v2\/pages\/420\/revisions\/422"}],"up":[{"embeddable":true,"href":"https:\/\/www.gender.gov.sk\/zastavmenasilie\/wp-json\/wp\/v2\/pages\/16"}],"wp:attachment":[{"href":"https:\/\/www.gender.gov.sk\/zastavmenasilie\/wp-json\/wp\/v2\/media?parent=420"}],"curies":[{"name":"wp","href":"https:\/\/api.w.org\/{rel}","templated":true}]}}