{"id":452,"date":"2013-06-01T15:45:20","date_gmt":"2013-06-01T15:45:20","guid":{"rendered":"http:\/\/www.gender.gov.sk\/zastavmenasilie\/?page_id=452"},"modified":"2016-10-21T16:00:44","modified_gmt":"2016-10-21T16:00:44","slug":"socialne-davky","status":"publish","type":"page","link":"https:\/\/www.gender.gov.sk\/zastavmenasilie\/pomoc\/rady-pre-zenu\/socialne-davky\/","title":{"rendered":"Soci\u00e1lne d\u00e1vky"},"content":{"rendered":"<p>Rozchod s n\u00e1siln\u00edckym partnerom prin\u00e1\u0161a so sebou \u010dasto existen\u010dn\u00e9 obavy a ot\u00e1zky: Z \u010doho a kde budem v bud\u00facnosti \u017ei\u0165?<\/p>\n<h5><span style=\"color: #993300\"><strong>HUMANIT\u00c1RNA POMOC v kr\u00edzovej \u017eivotnej situ\u00e1cii<\/strong><\/span><\/h5>\n<p>O dot\u00e1ciu na podporu humanit\u00e1rnej pomoci m\u00f4\u017ee v s\u00falade s \u00a7 9\u00a0<a title=\"Odkaz sa otvor\u00ed v novom okne\" href=\"https:\/\/employment.gov.sk\/sk\/ministerstvo\/poskytovanie-dotacii\/legislativa.html\">z\u00e1kona o dot\u00e1ci\u00e1ch\u00a0<\/a>po\u017eiada\u0165\u00a0<strong><\/strong>fyzick\u00e1 osoba\u00a0<strong>v kr\u00edzovej \u017eivotnej situ\u00e1cii\u00a0<\/strong>alebo v\u00a0<strong>mimoriadne nepriaznivej soci\u00e1lnej situ\u00e1cii<\/strong>. Dot\u00e1cia na podporu humanit\u00e1rnej pomoci\u00a0<strong>sl\u00fa\u017ei na rie\u0161enie tejto situ\u00e1cie\u00a0<\/strong>. V pr\u00edslu\u0161nom rozpo\u010dtovom roku mo\u017eno \u017eiadate\u013eovi poskytn\u00fa\u0165 dot\u00e1ciu na humanit\u00e1rnu pomoc\u00a0<strong>najviac v sume 800\u20ac<\/strong>.<\/p>\n<p><a href=\"https:\/\/employment.gov.sk\/files\/slovensky\/uvod\/formulare-ziadosti\/vzor-ziadosti-poskytnutie-dotacie-podporu-humanitarnej-pomoci-podla-9-ods-1-2-zakona.rtf\" target=\"_blank\"><span style=\"font-size: 13px;line-height: normal\"><strong>\u017diados\u0165 o poskytnutie dot\u00e1cie<\/strong><\/span><span style=\"font-size: 12px;font-weight: normal;line-height: 18px\">\u00a0pod\u013ea \u00a7 9 ods. 1 a 2 z\u00e1kona\u00a0<\/span><\/a><\/p>\n<p>Viac inform\u00e1ci\u00ed tu:\u00a0<a href=\"https:\/\/employment.gov.sk\/sk\/ministerstvo\/poskytovanie-dotacii\/\" target=\"_blank\">https:\/\/employment.gov.sk\/sk\/ministerstvo\/poskytovanie-dotacii\/<\/a><\/p>\n<h5><span style=\"color: #993300\"><strong>POMOC V HMOTNEJ N\u00daDZI<\/strong><\/span><\/h5>\n<p>Ak \u017eena po opusten\u00ed spolo\u010dnej dom\u00e1cnosti alebo rozvode nem\u00e1 \u017eiadny vlastn\u00fd pr\u00edjem, ak nem\u00e1 n\u00e1rok na in\u00fd pr\u00edjem ne\u017e napr\u00edklad na d\u00e1vku v nezamestnanosti \u010di rodi\u010dovsk\u00fd pr\u00edspevok, alebo ak m\u00e1 n\u00edzky pr\u00edjem, m\u00f4\u017ee po\u017eiada\u0165 o d\u00e1vku v hmotnej n\u00fadzi (\u010falej len DHN) na odbore soci\u00e1lnych vec\u00ed a rodiny pr\u00edslu\u0161n\u00e9ho \u00daPSVaR.<\/p>\n<p>Pomoc v hmotnej n\u00fadzi m\u00e1 z\u00e1konom ur\u010den\u00fa \u00falohu formou finan\u010dnej a vecnej pomoci zabezpe\u010dova\u0165 z\u00e1kladn\u00e9 \u017eivotn\u00e9 podmienky pre \u013eud\u00ed, ktor\u00ed pomoc potrebuj\u00fa, ktor\u00ed nemaj\u00fa \u017eiadny alebo len minim\u00e1lny vlastn\u00fd pr\u00edjem, alebo ktor\u00ed \u2014 ako napr\u00edklad osamel\u00e9 matky \u2014 nie s\u00fa schopn\u00ed alebo sa nem\u00f4\u017eu u\u017eivi\u0165 sami vlastnou pr\u00e1cou.<\/p>\n<p>Poskytovanie d\u00e1vky a pr\u00edspevkov na pomoc v hmotnej n\u00fadzi je upraven\u00e9 v <strong><a href=\"http:\/\/www.zakonypreludi.sk\/zz\/2003-599\">z\u00e1kone o pomoci v hmotnej n\u00fadzi<\/a><\/strong>. Poskytuje sa vtedy, ak si ob\u010dan \u010di ob\u010dianka nem\u00f4\u017ee sama a ani s pomocou rodinn\u00fdch pr\u00edslu\u0161n\u00edkov zabezpe\u010di\u0165 z\u00e1kladn\u00e9 \u017eivotn\u00e9 podmienky (t. j. jedno tepl\u00e9 jedlo denne, nevyhnutn\u00e9 o\u0161atenie a pr\u00edstre\u0161ie). Hmotn\u00e1 n\u00fadza je stav, ke\u010f pr\u00edjem ob\u010dana \u010di ob\u010dianky a spolo\u010dne posudzovan\u00fdch fyzick\u00fdch os\u00f4b nedosahuje \u017eivotn\u00e9 minimum stanoven\u00e9 z\u00e1konom o \u017eivotnom minime a nem\u00f4\u017eu si pr\u00edjem zabezpe\u010di\u0165 alebo zv\u00fd\u0161i\u0165 vlastn\u00fdm pri\u010dinen\u00edm.<\/p>\n<p>O d\u00e1vku v hmotnej n\u00fadzi m\u00f4\u017ee po\u017eiada\u0165 aj cudzinka, in\u00e1 \u0161t\u00e1tna pr\u00edslu\u0161n\u00ed\u010dka, azylantka. Inform\u00e1cie o opr\u00e1vnenosti n\u00e1roku a o v\u00fd\u0161ke d\u00e1vky v hmotnej n\u00fadzi (DHN) poskytuje odbor soci\u00e1lnych vec\u00ed a rodiny pr\u00edslu\u0161n\u00e9ho \u00daPSVaR.<\/p>\n<p>Pri podan\u00ed \u017eiadosti mus\u00ed \u017eena <strong>preuk\u00e1za\u0165 svoje pr\u00edjmy<\/strong> (pr\u00edpadne objasni\u0165 finan\u010dn\u00fa situ\u00e1ciu) alebo dolo\u017ei\u0165, \u017ee nem\u00e1 \u017eiadny alebo len minim\u00e1lny pr\u00edjem a nevlastn\u00ed nijak\u00fd majetok. Za majetok sa pova\u017euj\u00fa napr\u00edklad vkladn\u00e9 kni\u017eky, klenoty, vlastn\u00e9 auto (nie v\u0161ak v pr\u00edpade, ke\u010f jeho hodnota nie je vy\u0161\u0161ia ako 35\u2013n\u00e1sobok sumy \u017eivotn\u00e9ho minima, alebo ke\u010f sa vyu\u017e\u00edva na individu\u00e1lnu prepravu z d\u00f4vodu \u0165a\u017ek\u00e9ho zdravotn\u00e9ho postihnutia), chata a po\u013enohospod\u00e1rska p\u00f4da, ktor\u00e1 nesl\u00fa\u017ei bezprostredne pre vlastn\u00fa potrebu, nehnute\u013enos\u0165, ak sa nevyu\u017e\u00edva na primeran\u00e9 trval\u00e9 b\u00fdvanie.<\/p>\n<p>Aj ke\u010f \u017eena m\u00e1 minim\u00e1lny pr\u00edjem (alebo n\u00edzky pr\u00edjem), mo\u017eno jej poskytn\u00fa\u0165 \u010diastku d\u00e1vky v hmotnej n\u00fadzi (t.j. doplnenie pr\u00edjmu do v\u00fd\u0161ky \u017eivotn\u00e9ho minima). <strong>D\u00e1vka a pr\u00edspevky k d\u00e1vke sa poskytuj\u00fa aj na ka\u017ed\u00e9 die\u0165a, o ktor\u00e9 sa \u017eena star\u00e1. Pr\u00edpadn\u00e9 v\u00fd\u017eivn\u00e9 sa z tejto sumy odpo\u010d\u00edtava<\/strong>. Ak \u017eena nem\u00e1 pr\u00e1cu, mus\u00ed sa zaevidova\u0165 na \u00farade pr\u00e1ce a po\u017eiada\u0165 o d\u00e1vku v nezamestnanosti. Ak na \u0148u nem\u00e1 n\u00e1rok, ak je d\u00e1vka n\u00edzka, alebo ak sa jej vypl\u00e1canie skon\u010d\u00ed, poskytne sa \u017eene d\u00e1vka v hmotnej n\u00fadzi. Okrem toho \u017eena mus\u00ed dosiahnu\u0165 s\u00fadne ur\u010denie v\u00fd\u017eivn\u00e9ho (na deti a pr\u00edpadne na seba), aby si man\u017eel plnil vy\u017eivovaciu povinnos\u0165. Na v\u00fdplatu d\u00e1vky v hmotnej n\u00fadzi vznik\u00e1 n\u00e1rok (iba) od prv\u00e9ho d\u0148a mesiaca, v ktorom o \u0148u \u017eena po\u017eiadala. D\u00e1vka v hmotnej n\u00fadzi a pr\u00edspevky k d\u00e1vke sa m\u00f4\u017eu vypl\u00e1ca\u0165 aj preddavkovo, napr. do pr\u00e1voplatn\u00e9ho rozhodnutia s\u00fadu o v\u00fd\u017eivnom. N\u00e1sledne, ke\u010f s\u00fad vo veci rozhodne, \u017eena mus\u00ed vr\u00e1ti\u0165 poskytnut\u00e9 finan\u010dn\u00e9 prostriedky odboru soci\u00e1lnych vec\u00ed a rodiny, v pr\u00edpade, \u017ee s\u00fad rozhodne o v\u00fd\u017eivnom odo d\u0148a, ke\u010f \u017eene bola priznan\u00e1 d\u00e1vka spolu s pr\u00edspevkami k d\u00e1vke. Ak si man\u017eel nepln\u00ed s\u00fadom ur\u010den\u00fa vy\u017eivovaciu povinnos\u0165, vypl\u00e1ca sa \u017eene d\u00e1vka nahr\u00e1dzaj\u00faca v\u00fd\u017eivn\u00e9 a pr\u00edslu\u0161n\u00e1 suma sa vym\u00e1ha od mu\u017ea.<\/p>\n<p><span style=\"color: #993300\"><strong>PR\u00cdSPEVKY K D\u00c1VKE V HMOTNEJ N\u00daDZI A JEDNORAZOV\u00c1 D\u00c1VKA\u00a0V HMOTNEJ N\u00daDZI<\/strong><\/span><\/p>\n<p>Mestsk\u00e9 a obecn\u00e9 \u00farady poskytuj\u00fa pr\u00edspevky k d\u00e1vke v hmotnej n\u00fadzi\u00a0a jednorazov\u00fa d\u00e1vku v hmotnej n\u00fadzi. Najbe\u017enej\u0161ie s\u00fa:<\/p>\n<ul>\n<li><span style=\"color: #993300\"><a title=\"D\u00e1vka v hmotnej n\u00fadzi\" href=\"http:\/\/www.gender.gov.sk\/davka-v-hmotnej-nudzi.html\"><span style=\"color: #993300\">D\u00e1vka v hmotnej n\u00fadzi<\/span><\/a><\/span><\/li>\n<li><span style=\"color: #993300\"><a title=\"Pr\u00edspevky k d\u00e1vke v hmotnej n\u00fadzi\" href=\"http:\/\/www.gender.gov.sk\/prispevky-k-davke-pomoci-v-hmotnej-nudzi.html\"><span style=\"color: #993300\">Pr\u00edspevky k d\u00e1vke v hmotnej n\u00fadzi<\/span><\/a><\/span><\/li>\n<li><span style=\"color: #993300\"><a title=\"Jednorazova d\u00e1vka v hmotnej n\u00fadzi\" href=\"http:\/\/www.gender.gov.sk\/jednorazova-davka-v-hmotnej-nudzi.html\"><span style=\"color: #993300\">Jednorazova d\u00e1vka v hmotnej n\u00fadzi<\/span><\/a><\/span><\/li>\n<\/ul>\n<p><span style=\"color: #993300\"><strong>Jednorazov\u00e1 d\u00e1vka v hmotnej n\u00fadzi<\/strong><\/span><\/p>\n<p>Sl\u00fa\u017ei na \u00fahradu mimoriadnych v\u00fddavkov na nevyhnutn\u00e9 o\u0161atenie, z\u00e1kladn\u00e9 vybavenie dom\u00e1cnosti, zak\u00fapenie \u0161kolsk\u00fdch potrieb a na mimoriadne lie\u010debn\u00e9 n\u00e1klady. Podmienkou jej poskytnutia je, \u017ee \u017eena alebo rodina je v hmotnej n\u00fadzi a vypl\u00e1ca sa jej DHN. Jednorazov\u00e1 DHN sa poskytuje do v\u00fd\u0161ky preuk\u00e1zan\u00fdch skuto\u010dn\u00fdch n\u00e1kladov, najviac v\u0161ak do v\u00fd\u0161ky trojn\u00e1sobku \u017eivotn\u00e9ho minima.<\/p>\n<p><span style=\"color: #993300\"><strong>Pr\u00edspevok na b\u00fdvanie<\/strong><\/span><\/p>\n<p>Touto d\u00e1vkou \u0161t\u00e1t pom\u00e1ha dom\u00e1cnostiam s n\u00edzkymi pr\u00edjmami pri \u00fahrade v\u00fddavkov spojen\u00fdch s u\u017e\u00edvan\u00edm bytu alebo rodinn\u00e9ho domu. N\u00e1rok na pr\u00edspevok na b\u00fdvanie si m\u00f4\u017ee uplatni\u0165 \u017eiadate\u013eka, ktorej je vypl\u00e1can\u00e1 DHN a ktor\u00e1 je n\u00e1jomn\u00ed\u010dkou bytu (obecn\u00e9ho, dru\u017estevn\u00e9ho), vlastn\u00ed\u010dkou bytu alebo rodinn\u00e9ho domu. V\u00fd\u0161ka pr\u00edspevku je stanoven\u00e1 z\u00e1konom a z\u00e1vis\u00ed od po\u010dtu posudzovan\u00fdch os\u00f4b. Po\u017eiada\u0165 o pr\u00edspevok m\u00f4\u017ee \u017eena na mestskom alebo obecnom \u00farade. Podmienky n\u00e1roku sa prehodnocuj\u00fa raz za 6 mesiacov.<\/p>\n<p>Inform\u00e1cie o d\u00e1vkach m\u00f4\u017ee \u017eena z\u00edska\u0165 na odbore soci\u00e1lnych vec\u00ed a rodiny alebo priamo na\u00a0<a href=\"http:\/\/www.gender.gov.sk\/podpora-rodinam-s-detmi.html\" target=\"_blank\">web str\u00e1nke MPSVR SR.<\/a><\/p>\n<h4><span style=\"color: #993300\"><strong><a title=\"Podpora rodin\u00e1m s de\u0165mi\" href=\"http:\/\/www.gender.gov.sk\/podpora-rodinam-s-detmi.html\"><span style=\"color: #993300\">PODPORA RODIN\u00c1M S DE\u0164MI <\/span><\/a>\u00a0<\/strong><\/span><\/h4>\n<p>N\u00e1rok na pr\u00eddavky na deti m\u00e1 osoba, s ktorou deti \u017eij\u00fa a ktor\u00e1 sa o ne star\u00e1. Pokia\u013e pr\u00eddavky doteraz dost\u00e1val mu\u017e, mus\u00ed \u017eena, ak deti \u017eij\u00fa s \u0148ou, po\u017eiada\u0165 odbor soci\u00e1lnych vec\u00ed a rodiny pr\u00edslu\u0161n\u00e9ho \u00daPSVaR, aby ich za\u010dali vypl\u00e1ca\u0165 jej. Rovnako m\u00e1 \u017eena postupova\u0165, ak otec tieto peniaze nevyu\u017e\u00edva pre potreby det\u00ed. Odbor soci\u00e1lnych vec\u00ed a rodiny si m\u00f4\u017ee otca aj predvola\u0165. Inform\u00e1cie o potrebn\u00fdch dokladoch m\u00f4\u017ee \u017eena z\u00edska\u0165 na odbore soci\u00e1lnych vec\u00ed a rodiny alebo priamo na <a href=\"http:\/\/www.gender.gov.sk\/podpora-rodinam-s-detmi.html\" target=\"_blank\">web str\u00e1nke MPSVR SR.<\/a><\/p>\n<ul>\n<li><span style=\"color: #993300\"><a title=\"Pr\u00eddavok na die\u0165a\" href=\"http:\/\/www.gender.gov.sk\/pridavok-na-dieta.html\"><span style=\"color: #993300\">Pr\u00eddavok na die\u0165a<\/span><\/a><\/span><\/li>\n<li><span style=\"color: #993300\"><a title=\"Pr\u00edplatok k pr\u00eddavku na die\u0165a\" href=\"http:\/\/www.gender.gov.sk\/priplatok-k-pridavku-na-dieta.html\"><span style=\"color: #993300\">Pr\u00edplatok k pr\u00eddavku na die\u0165a<\/span><\/a><\/span><\/li>\n<li><span style=\"color: #993300\"><a title=\"Rodi\u010dovsk\u00fd pr\u00edspevok\" href=\"http:\/\/www.gender.gov.sk\/rodicovsky-prispevok.html\"><span style=\"color: #993300\">Rodi\u010dovsk\u00fd pr\u00edspevok<\/span><\/a><\/span><\/li>\n<li><span style=\"color: #993300\"><a title=\"Pr\u00edspevok pri naroden\u00ed die\u0165a\u0165a\" href=\"http:\/\/www.gender.gov.sk\/prispevok-pri-narodeni-dietata.html\"><span style=\"color: #993300\">Pr\u00edspevok pri naroden\u00ed die\u0165a\u0165a<\/span><\/a><\/span><\/li>\n<li><span style=\"color: #993300\"><a title=\"Pr\u00edplatok k pr\u00edspevku pri naroden\u00ed\" href=\"http:\/\/www.gender.gov.sk\/priplatok-k-prispevku-pri-narodeni-dietata.html\"><span style=\"color: #993300\">Pr\u00edplatok k pr\u00edspevku pri naroden\u00ed<\/span><\/a><\/span><\/li>\n<li><span style=\"color: #993300\"><a title=\"Pr\u00edspevok rodi\u010dom, ktor\u00fdm ...\" href=\"http:\/\/www.gender.gov.sk\/prispevok-rodicom-ktorym-sa-sucasne-narodili-tri-deti.html\"><span style=\"color: #993300\">Pr\u00edspevok rodi\u010dom, ktor\u00fdm &#8230;<\/span><\/a><\/span><\/li>\n<li><span style=\"color: #993300\"><a title=\"Pr\u00edspevok na starostlivos\u0165 o die\u0165a\" href=\"http:\/\/www.gender.gov.sk\/prispevok-na-starostlivost-o-dieta.html\"><span style=\"color: #993300\">Pr\u00edspevok na starostlivos\u0165 o die\u0165a<\/span><\/a><\/span><\/li>\n<li><span style=\"color: #993300\"><a title=\"N\u00e1hradn\u00e9 v\u00fd\u017eivn\u00e9\" href=\"http:\/\/www.gender.gov.sk\/nahradne-vyzivne.html\"><span style=\"color: #993300\">N\u00e1hradn\u00e9 v\u00fd\u017eivn\u00e9<\/span><\/a><\/span><\/li>\n<li><span style=\"color: #993300\"><a title=\"Pr\u00edspevky na podporu n\u00e1hradnej starostlivosti o\u00a0die\u0165a\" href=\"http:\/\/www.gender.gov.sk\/prispevky-na-podporu-nahradnej-starostlivosti-odieta.html\"><span style=\"color: #993300\">Pr\u00edspevky na podporu n\u00e1hradnej starostlivosti o\u00a0die\u0165a<\/span><\/a><\/span><\/li>\n<li><span style=\"color: #993300\"><a title=\"\u017diadosti a potvrdenia\" href=\"http:\/\/www.gender.gov.sk\/ziadosti-a-potvrdenia-na-ucely-statnych-socialnych-davok.html\"><span style=\"color: #993300\">\u017diadosti a potvrdenia<\/span><\/a><\/span><\/li>\n<li><span style=\"color: #993300\"><a title=\"E-formul\u00e1re\" href=\"http:\/\/www.gender.gov.sk\/e-formulare.html\"><span style=\"color: #993300\">E-formul\u00e1re<\/span><\/a><\/span><\/li>\n<\/ul>\n","protected":false},"excerpt":{"rendered":"<p>Rozchod s n\u00e1siln\u00edckym partnerom prin\u00e1\u0161a so sebou \u010dasto existen\u010dn\u00e9 obavy a ot\u00e1zky: Z \u010doho a kde budem v bud\u00facnosti \u017ei\u0165? HUMANIT\u00c1RNA POMOC v kr\u00edzovej \u017eivotnej situ\u00e1cii O dot\u00e1ciu na podporu humanit\u00e1rnej pomoci m\u00f4\u017ee v s\u00falade s \u00a7 9\u00a0z\u00e1kona o dot\u00e1ci\u00e1ch\u00a0po\u017eiada\u0165\u00a0fyzick\u00e1 osoba\u00a0v kr\u00edzovej \u017eivotnej situ\u00e1cii\u00a0alebo v\u00a0mimoriadne nepriaznivej soci\u00e1lnej situ\u00e1cii. Dot\u00e1cia na podporu humanit\u00e1rnej pomoci\u00a0sl\u00fa\u017ei na rie\u0161enie &hellip; <\/p>\n<p><a class=\"more-link block-button\" href=\"https:\/\/www.gender.gov.sk\/zastavmenasilie\/pomoc\/rady-pre-zenu\/socialne-davky\/\">\u010c\u00edta\u0165 viac &raquo;<\/a><\/p>\n","protected":false},"author":2,"featured_media":0,"parent":284,"menu_order":1,"comment_status":"open","ping_status":"open","template":"","meta":[],"_links":{"self":[{"href":"https:\/\/www.gender.gov.sk\/zastavmenasilie\/wp-json\/wp\/v2\/pages\/452"}],"collection":[{"href":"https:\/\/www.gender.gov.sk\/zastavmenasilie\/wp-json\/wp\/v2\/pages"}],"about":[{"href":"https:\/\/www.gender.gov.sk\/zastavmenasilie\/wp-json\/wp\/v2\/types\/page"}],"author":[{"embeddable":true,"href":"https:\/\/www.gender.gov.sk\/zastavmenasilie\/wp-json\/wp\/v2\/users\/2"}],"replies":[{"embeddable":true,"href":"https:\/\/www.gender.gov.sk\/zastavmenasilie\/wp-json\/wp\/v2\/comments?post=452"}],"version-history":[{"count":5,"href":"https:\/\/www.gender.gov.sk\/zastavmenasilie\/wp-json\/wp\/v2\/pages\/452\/revisions"}],"predecessor-version":[{"id":1101,"href":"https:\/\/www.gender.gov.sk\/zastavmenasilie\/wp-json\/wp\/v2\/pages\/452\/revisions\/1101"}],"up":[{"embeddable":true,"href":"https:\/\/www.gender.gov.sk\/zastavmenasilie\/wp-json\/wp\/v2\/pages\/284"}],"wp:attachment":[{"href":"https:\/\/www.gender.gov.sk\/zastavmenasilie\/wp-json\/wp\/v2\/media?parent=452"}],"curies":[{"name":"wp","href":"https:\/\/api.w.org\/{rel}","templated":true}]}}