{"id":454,"date":"2013-06-01T15:47:50","date_gmt":"2013-06-01T15:47:50","guid":{"rendered":"http:\/\/www.gender.gov.sk\/zastavmenasilie\/?page_id=454"},"modified":"2016-10-21T16:12:29","modified_gmt":"2016-10-21T16:12:29","slug":"vyzivne","status":"publish","type":"page","link":"https:\/\/www.gender.gov.sk\/zastavmenasilie\/pomoc\/rozvod\/vyzivne\/","title":{"rendered":"V\u00fd\u017eivn\u00e9"},"content":{"rendered":"<p><span style=\"color: #993300\"><strong>N\u00c1ROK NA V\u00dd\u017dIVN\u00c9 ROZVEDENEJ MAN\u017dELKY<\/strong><\/span><\/p>\n<p>V\u00fd\u017eivn\u00e9 m\u00f4\u017ee by\u0165 ur\u010den\u00e9 tak do rozvodu man\u017eelstva, ako aj po rozvode (man\u017eelsk\u00e9 v\u00fd\u017eivn\u00e9, resp. pr\u00edspevok na v\u00fd\u017eivu rozvedenej man\u017eelky). Pod\u013ea z\u00e1kona o rodine \u017eivotn\u00e1 \u00farove\u0148 man\u017eelov m\u00e1 by\u0165 v z\u00e1sade rovnak\u00e1, preto ak man\u017eelia spolu ne\u017eij\u00fa v spolo\u010dnej dom\u00e1cnosti alebo aspo\u0148 spolu nehospod\u00e1ria, m\u00f4\u017ee ktor\u00fdko\u013evek z man\u017eelov po\u017eiada\u0165 s\u00fad o ur\u010denie man\u017eelsk\u00e9ho v\u00fd\u017eivn\u00e9ho. S\u00fad ho ur\u010duje v takej v\u00fd\u0161ke, aby zabezpe\u010dilo pribli\u017ene rovnak\u00e9 materi\u00e1lne podmienky obidvoch man\u017eelov a s\u00fad prihliada aj na starostlivos\u0165 o dom\u00e1cnos\u0165. Znamen\u00e1 to, \u017ee v pr\u00edpade, ke\u010f man\u017eel zar\u00e1ba v\u00fdrazne viac ako \u017eena a z tejto sumy neposkytuje man\u017eelke primeran\u00fa \u010das\u0165 pe\u0148az\u00ed, s\u00fad ho m\u00f4\u017ee zaviaza\u0165, aby platil primeran\u00fa sumu. Plat\u00ed to aj naopak, ale tak\u00e9to pr\u00edpady s\u00fa zriedkav\u00e9.<\/p>\n<p>N\u00e1rok na man\u017eelsk\u00e9 v\u00fd\u017eivn\u00e9 zanik\u00e1 pr\u00e1voplatnos\u0165ou rozsudku o rozvode man\u017eelstva. Potom m\u00f4\u017ee po\u017eiada\u0165 hociktor\u00fd z man\u017eelov o ur\u010denie pr\u00edspevku na v\u00fd\u017eivu rozveden\u00e9ho man\u017eela v pr\u00edpade, \u017ee nie je schopn\u00fd \u010di schopn\u00e1 sa sama \u017eivi\u0165. V takomto pr\u00edpade b\u00fdva v\u00fd\u017eivn\u00e9 ni\u017e\u0161ie ako po\u010das trvania man\u017eelstva a dokazuje sa, \u010di man\u017eel, ktor\u00fd o tento pr\u00edspevok \u017eiada, skuto\u010dne nie je schopn\u00fd s\u00e1m sa \u017eivi\u0165. S\u00fad prihliadne aj na pr\u00ed\u010diny, ktor\u00e9 viedli k rozvratu vz\u0165ahov medzi man\u017eelmi. Pr\u00edspevok m\u00e1 by\u0165 ur\u010den\u00fd vo v\u00fd\u0161ke zabezpe\u010duj\u00facej \u017eene primeran\u00fa v\u00fd\u017eivu.<\/p>\n<p>N\u00e1rok na pr\u00edspevok rozvedenej man\u017eelky je mo\u017en\u00e9 si uplatni\u0165 kedyko\u013evek po rozvode a zanik\u00e1, ak \u017eena uzavrie nov\u00e9 man\u017eelstvo. Pr\u00edspevok na v\u00fd\u017eivu rozveden\u00e9ho man\u017eela mo\u017eno prizna\u0165 najdlh\u0161ie na p\u00e4\u0165 rokov od pr\u00e1voplatnosti rozhodnutia o rozvode. S\u00fad m\u00f4\u017ee v\u00fdnimo\u010dne t\u00fato dobu pred\u013a\u017ei\u0165, ak rozveden\u00fd man\u017eel, ktor\u00e9mu s\u00fad pr\u00edspevok priznal, nie je z objekt\u00edvnych d\u00f4vodov schopn\u00fd s\u00e1m sa \u017eivi\u0165 ani po uplynut\u00ed tejto doby, najm\u00e4 ak ide o toho man\u017eela, ktor\u00e9mu bolo v konan\u00ed o rozvode man\u017eelstva zveren\u00e9 do osobnej starostlivosti die\u0165a s dlhodobo nepriazniv\u00fdm zdravotn\u00fdm stavom, alebo o man\u017eela, ktor\u00fd m\u00e1 s\u00e1m dlhodobo nepriazniv\u00fd zdravotn\u00fd stav vy\u017eaduj\u00faci s\u00fastavn\u00fa opateru.<\/p>\n","protected":false},"excerpt":{"rendered":"<p>N\u00c1ROK NA V\u00dd\u017dIVN\u00c9 ROZVEDENEJ MAN\u017dELKY V\u00fd\u017eivn\u00e9 m\u00f4\u017ee by\u0165 ur\u010den\u00e9 tak do rozvodu man\u017eelstva, ako aj po rozvode (man\u017eelsk\u00e9 v\u00fd\u017eivn\u00e9, resp. pr\u00edspevok na v\u00fd\u017eivu rozvedenej man\u017eelky). Pod\u013ea z\u00e1kona o rodine \u017eivotn\u00e1 \u00farove\u0148 man\u017eelov m\u00e1 by\u0165 v z\u00e1sade rovnak\u00e1, preto ak man\u017eelia spolu ne\u017eij\u00fa v spolo\u010dnej dom\u00e1cnosti alebo aspo\u0148 spolu nehospod\u00e1ria, m\u00f4\u017ee ktor\u00fdko\u013evek z man\u017eelov po\u017eiada\u0165 s\u00fad &hellip; <\/p>\n<p><a class=\"more-link block-button\" href=\"https:\/\/www.gender.gov.sk\/zastavmenasilie\/pomoc\/rozvod\/vyzivne\/\">\u010c\u00edta\u0165 viac &raquo;<\/a><\/p>\n","protected":false},"author":2,"featured_media":0,"parent":395,"menu_order":3,"comment_status":"open","ping_status":"open","template":"","meta":[],"_links":{"self":[{"href":"https:\/\/www.gender.gov.sk\/zastavmenasilie\/wp-json\/wp\/v2\/pages\/454"}],"collection":[{"href":"https:\/\/www.gender.gov.sk\/zastavmenasilie\/wp-json\/wp\/v2\/pages"}],"about":[{"href":"https:\/\/www.gender.gov.sk\/zastavmenasilie\/wp-json\/wp\/v2\/types\/page"}],"author":[{"embeddable":true,"href":"https:\/\/www.gender.gov.sk\/zastavmenasilie\/wp-json\/wp\/v2\/users\/2"}],"replies":[{"embeddable":true,"href":"https:\/\/www.gender.gov.sk\/zastavmenasilie\/wp-json\/wp\/v2\/comments?post=454"}],"version-history":[{"count":2,"href":"https:\/\/www.gender.gov.sk\/zastavmenasilie\/wp-json\/wp\/v2\/pages\/454\/revisions"}],"predecessor-version":[{"id":1468,"href":"https:\/\/www.gender.gov.sk\/zastavmenasilie\/wp-json\/wp\/v2\/pages\/454\/revisions\/1468"}],"up":[{"embeddable":true,"href":"https:\/\/www.gender.gov.sk\/zastavmenasilie\/wp-json\/wp\/v2\/pages\/395"}],"wp:attachment":[{"href":"https:\/\/www.gender.gov.sk\/zastavmenasilie\/wp-json\/wp\/v2\/media?parent=454"}],"curies":[{"name":"wp","href":"https:\/\/api.w.org\/{rel}","templated":true}]}}