{"id":456,"date":"2013-06-01T15:50:00","date_gmt":"2013-06-01T15:50:00","guid":{"rendered":"http:\/\/www.gender.gov.sk\/zastavmenasilie\/?page_id=456"},"modified":"2016-10-21T16:13:28","modified_gmt":"2016-10-21T16:13:28","slug":"byvanie","status":"publish","type":"page","link":"https:\/\/www.gender.gov.sk\/zastavmenasilie\/pomoc\/rozvod\/byvanie\/","title":{"rendered":"B\u00fdvanie"},"content":{"rendered":"<p><span style=\"color: #993300\"><strong>SPOLO\u010cN\u00dd BYT MAN\u017dELOV<\/strong><\/span><\/p>\n<p><span style=\"color: #993300\">Odpor\u00fa\u010danie: Nevzd\u00e1vajte sa un\u00e1hlene spolo\u010dn\u00e9ho bytu!<\/span> \u017dena atakovan\u00e1 n\u00e1siln\u00fdm spr\u00e1van\u00edm man\u017eela nem\u00e1 \u010dasto in\u00fa mo\u017enos\u0165, ako opusti\u0165 spolo\u010dn\u00fd byt. B\u00fdva ve\u013emi problematick\u00e9 sa do opusten\u00e9ho bytu vr\u00e1ti\u0165 alebo dosiahnu\u0165, aby z neho odi\u0161iel n\u00e1siln\u00fd partner.<\/p>\n<p>Existuje v\u0161ak mo\u017enos\u0165, aby s\u00fad do\u010dasne zak\u00e1zal n\u00e1siln\u00edkovi vstup do domu alebo bytu, v ktorom b\u00fdva osoba (bl\u00edzka alebo osoba, ktor\u00e1 je v jeho starostlivosti alebo vo v\u00fdchove), vo vz\u0165ahu ku ktorej je d\u00f4vodne podozriv\u00fd z n\u00e1silia. S\u00fad uklad\u00e1 tak\u00fdto z\u00e1kaz predbe\u017en\u00fdm opatren\u00edm na n\u00e1vrh po\u0161kodenej osoby. N\u00e1vrh mus\u00ed obsahova\u0165 tvrdenia o n\u00e1silnom spr\u00e1van\u00ed toho, komu m\u00e1 by\u0165 z\u00e1kaz ulo\u017een\u00fd, a maj\u00fa by\u0165 k nemu prilo\u017een\u00e9 listinn\u00e9 d\u00f4kazy, ktor\u00e9 tieto tvrdenia dokazuj\u00fa. Je d\u00f4le\u017eit\u00e9 tak\u00e9to d\u00f4kazy s\u00fadu predlo\u017ei\u0165 spolu s n\u00e1vrhom, preto\u017ee s\u00fad rozhoduje o n\u00e1vrhu bez pojedn\u00e1vania na z\u00e1klade t\u00fdchto d\u00f4kazov. Ten, komu je ulo\u017een\u00e9 nevstupova\u0165 do bytu, je t\u00fdmto predbe\u017en\u00fdm opatren\u00edm viazan\u00fd odo d\u0148a, ke\u010f mu bolo doru\u010den\u00e9, a to bez oh\u013eadu na to, \u010di podal proti tomuto rozhodnutiu odvolanie. S\u00fad z\u00e1rove\u0148 v rozhodnut\u00ed o predbe\u017enom opatren\u00ed ulo\u017e\u00ed navrhovate\u013eke, aby v stanovenej lehote podala na s\u00fad n\u00e1vrh na obmedzenie u\u017e\u00edvania bytu alebo domu alebo n\u00e1vrh na \u00fapln\u00e9 vyl\u00fa\u010denie n\u00e1siln\u00edka z u\u017e\u00edvania. Tak\u00fdto postup sa d\u00e1 uplatni\u0165 pri domoch aj bytoch bez oh\u013eadu na to, \u010di s\u00fa v n\u00e1jme alebo vo vlastn\u00edctve \u017eeny a jej n\u00e1siln\u00e9ho partnera. \u017dena v\u0161ak mus\u00ed ma\u0165 k tomuto domu alebo bytu vlastn\u00edcky alebo n\u00e1jomn\u00fd vz\u0165ah.<\/p>\n<p>Ak je byt v spolo\u010dnom n\u00e1jme man\u017eelov, mo\u017eno ot\u00e1zku, kto ho bude u\u017e\u00edva\u0165 ako v\u00fdlu\u010dn\u00fd n\u00e1jomca, rie\u0161i\u0165 a\u017e po rozvode. Dovtedy v\u0161ak mo\u017eno dosiahnu\u0165 z\u00e1kaz vstupu alebo vyl\u00fa\u010denie z u\u017e\u00edvania bytu alebo domu. V z\u00e1sade s\u00fady ur\u010duj\u00fa za v\u00fdlu\u010dn\u00e9ho n\u00e1jomcu toho, komu boli zveren\u00e9 do v\u00fdchovy malolet\u00e9 deti, a s\u00fa\u010dasne ur\u010duj\u00fa, ak\u00fd druh bytovej n\u00e1hrady pre druh\u00e9ho man\u017eela m\u00e1 zabezpe\u010di\u0165.<\/p>\n<p>V pr\u00edpade, ke\u010f man\u017eelia maj\u00fa byt alebo dom v spoluvlastn\u00edctve, sa o byte rozhoduje pri vysporiadan\u00ed ostatn\u00e9ho majetku. Rovnako plat\u00ed, \u017ee <strong>aj pred vysporiadan\u00edm bezpodielov\u00e9ho spoluvlastn\u00edctva man\u017eelov mo\u017eno dosiahnu\u0165 z\u00e1kaz vstupu, obmedzenie u\u017e\u00edvania alebo vyl\u00fa\u010denie z u\u017e\u00edvania bytu alebo domu.<\/strong><\/p>\n<p>&nbsp;<\/p>\n<p><em>Zdroj:\u00a0<\/em><\/p>\n<p><em><strong><a href=\"http:\/\/www.gender.gov.sk\/zastavmenasilie\/informacie\/publikacie\/\">Kona\u0165 proti n\u00e1siliu na \u017een\u00e1ch<\/a><\/strong>.\u00a0Vydalo Ministerstvo pr\u00e1ce, soci\u00e1lnych vec\u00ed a rodiny SR v spolupr\u00e1ci s Iniciat\u00edvou Piata \u017eena v roku 2008\u00a0v r\u00e1mci N\u00e1rodnej kampane SR Zastavme dom\u00e1ce n\u00e1silie na \u017een\u00e1ch,\u00a0ktor\u00fa iniciovala Rada Eur\u00f3py.\u00a0Na vydanie pripravili OZ Pro Familia a\u00a0<a href=\"http:\/\/www.aspekt.sk\/\" target=\"_blank\">ZZ\u017d ASPEKT.<\/a><\/em><\/p>\n","protected":false},"excerpt":{"rendered":"<p>SPOLO\u010cN\u00dd BYT MAN\u017dELOV Odpor\u00fa\u010danie: Nevzd\u00e1vajte sa un\u00e1hlene spolo\u010dn\u00e9ho bytu! \u017dena atakovan\u00e1 n\u00e1siln\u00fdm spr\u00e1van\u00edm man\u017eela nem\u00e1 \u010dasto in\u00fa mo\u017enos\u0165, ako opusti\u0165 spolo\u010dn\u00fd byt. B\u00fdva ve\u013emi problematick\u00e9 sa do opusten\u00e9ho bytu vr\u00e1ti\u0165 alebo dosiahnu\u0165, aby z neho odi\u0161iel n\u00e1siln\u00fd partner. Existuje v\u0161ak mo\u017enos\u0165, aby s\u00fad do\u010dasne zak\u00e1zal n\u00e1siln\u00edkovi vstup do domu alebo bytu, v ktorom b\u00fdva osoba &hellip; <\/p>\n<p><a class=\"more-link block-button\" href=\"https:\/\/www.gender.gov.sk\/zastavmenasilie\/pomoc\/rozvod\/byvanie\/\">\u010c\u00edta\u0165 viac &raquo;<\/a><\/p>\n","protected":false},"author":2,"featured_media":0,"parent":395,"menu_order":5,"comment_status":"open","ping_status":"open","template":"","meta":[],"_links":{"self":[{"href":"https:\/\/www.gender.gov.sk\/zastavmenasilie\/wp-json\/wp\/v2\/pages\/456"}],"collection":[{"href":"https:\/\/www.gender.gov.sk\/zastavmenasilie\/wp-json\/wp\/v2\/pages"}],"about":[{"href":"https:\/\/www.gender.gov.sk\/zastavmenasilie\/wp-json\/wp\/v2\/types\/page"}],"author":[{"embeddable":true,"href":"https:\/\/www.gender.gov.sk\/zastavmenasilie\/wp-json\/wp\/v2\/users\/2"}],"replies":[{"embeddable":true,"href":"https:\/\/www.gender.gov.sk\/zastavmenasilie\/wp-json\/wp\/v2\/comments?post=456"}],"version-history":[{"count":2,"href":"https:\/\/www.gender.gov.sk\/zastavmenasilie\/wp-json\/wp\/v2\/pages\/456\/revisions"}],"predecessor-version":[{"id":1469,"href":"https:\/\/www.gender.gov.sk\/zastavmenasilie\/wp-json\/wp\/v2\/pages\/456\/revisions\/1469"}],"up":[{"embeddable":true,"href":"https:\/\/www.gender.gov.sk\/zastavmenasilie\/wp-json\/wp\/v2\/pages\/395"}],"wp:attachment":[{"href":"https:\/\/www.gender.gov.sk\/zastavmenasilie\/wp-json\/wp\/v2\/media?parent=456"}],"curies":[{"name":"wp","href":"https:\/\/api.w.org\/{rel}","templated":true}]}}