{"id":463,"date":"2013-06-01T16:05:08","date_gmt":"2013-06-01T16:05:08","guid":{"rendered":"http:\/\/www.gender.gov.sk\/zastavmenasilie\/?page_id=463"},"modified":"2016-10-21T05:46:01","modified_gmt":"2016-10-21T05:46:01","slug":"pravo","status":"publish","type":"page","link":"https:\/\/www.gender.gov.sk\/zastavmenasilie\/informacie\/pravo\/","title":{"rendered":"Pr\u00e1vo"},"content":{"rendered":"<p>V\u00fdznamn\u00fdm krokom v ochrane obet\u00ed dom\u00e1ceho n\u00e1silia je noveliz\u00e1cia niektor\u00fdch z\u00e1konov, ktor\u00e9 s\u00fa v\u00fdsledkom spolupr\u00e1ce rezortu pr\u00e1ce s rezortom vn\u00fatra a spravodlivosti. Neoveliz\u00e1cie z\u00e1konov boli schv\u00e1len\u00e9 NR SR d\u0148a 13. novebra 2015 a s\u00fa \u00fa\u010dinn\u00e9 od 1. janu\u00e1ra 2016.<\/p>\n<p>V Trestnom z\u00e1kone v pr\u00edpade t\u00fdrania bl\u00edzkej a zverenej osoby bol zaveden\u00fd princ\u00edp trestnopr\u00e1vnej zodpovednosti priestupkovej recid\u00edvy. V praxi to znamen\u00e1, \u017ee ak bol akt dom\u00e1ceho n\u00e1silia kvalifikovan\u00fd ako priestupok, \u010fal\u0161\u00ed akt dom\u00e1ceho n\u00e1silia sp\u00e1chan\u00fd rovnak\u00fdm p\u00e1chate\u013eom v priebehu nasleduj\u00facich 12 mesiacov bude posudzovan\u00fd ako trestn\u00fd \u010din. V s\u00favislosti s t\u00fdm bol Priestupkov\u00fd z\u00e1kon doplnen\u00fd v pr\u00edpade priestupku proti ob\u010dianskemu spoluna\u017e\u00edvaniu o priestupok p\u00e1chan\u00fd na bl\u00edzkej alebo zverenej osobe. V s\u00fa\u010dasnej situ\u00e1cii nie je toti\u017e v\u00f4bec mo\u017en\u00e9 vyhodnoti\u0165 celkov\u00fd po\u010det pr\u00edpadov dom\u00e1ceho n\u00e1silia rie\u0161en\u00fdch v priestupkovom konan\u00ed.<\/p>\n<p>\u010eal\u0161ou v\u00fdznamnou zmenou je novela Z\u00e1kona o policajnom zbore, kde do\u0161lo k pred\u013a\u017eeniu lehoty vyk\u00e1zania n\u00e1silnej osoby zo spolo\u010dn\u00e9ho obydlia zo s\u00fa\u010dasn\u00fdch 48 hod na 10 dn\u00ed, pri\u010dom vyk\u00e1zanie n\u00e1silnej osoby automaticky obsahuje aj z\u00e1kaz pribl\u00ed\u017eenia k ohrozenej osobe na 10 m. Tak\u00e9to pred\u013a\u017eenie lehoty vyk\u00e1zania dok\u00e1\u017ee poskytn\u00fa\u0165 obeti dostato\u010dn\u00fd priestor na zabezpe\u010denie potrebn\u00fdch pr\u00e1vnych a praktick\u00fdch krokov na zaru\u010denie jej bezpe\u010dia. V Trestnom poriadku sa roz\u0161\u00edril princ\u00edp z\u00e1kazu konfront\u00e1cie obete s podozrivou osobou aj na pr\u00edpady dom\u00e1ceho n\u00e1silia.<\/p>\n<p><a href=\"http:\/\/www.gender.gov.sk\/zastavmenasilie\/files\/2016\/02\/Info_legislat\u00edvne-zmeny_012016.pdf\">Podrobnej\u0161\u00ed opis legislat\u00edvnych zmien tu<\/a>.<\/p>\n","protected":false},"excerpt":{"rendered":"<p>V\u00fdznamn\u00fdm krokom v ochrane obet\u00ed dom\u00e1ceho n\u00e1silia je noveliz\u00e1cia niektor\u00fdch z\u00e1konov, ktor\u00e9 s\u00fa v\u00fdsledkom spolupr\u00e1ce rezortu pr\u00e1ce s rezortom vn\u00fatra a spravodlivosti. Neoveliz\u00e1cie z\u00e1konov boli schv\u00e1len\u00e9 NR SR d\u0148a 13. novebra 2015 a s\u00fa \u00fa\u010dinn\u00e9 od 1. janu\u00e1ra 2016. V Trestnom z\u00e1kone v pr\u00edpade t\u00fdrania bl\u00edzkej a zverenej osoby bol zaveden\u00fd princ\u00edp trestnopr\u00e1vnej zodpovednosti priestupkovej &hellip; <\/p>\n<p><a class=\"more-link block-button\" href=\"https:\/\/www.gender.gov.sk\/zastavmenasilie\/informacie\/pravo\/\">\u010c\u00edta\u0165 viac &raquo;<\/a><\/p>\n","protected":false},"author":2,"featured_media":0,"parent":6,"menu_order":1,"comment_status":"open","ping_status":"open","template":"","meta":[],"_links":{"self":[{"href":"https:\/\/www.gender.gov.sk\/zastavmenasilie\/wp-json\/wp\/v2\/pages\/463"}],"collection":[{"href":"https:\/\/www.gender.gov.sk\/zastavmenasilie\/wp-json\/wp\/v2\/pages"}],"about":[{"href":"https:\/\/www.gender.gov.sk\/zastavmenasilie\/wp-json\/wp\/v2\/types\/page"}],"author":[{"embeddable":true,"href":"https:\/\/www.gender.gov.sk\/zastavmenasilie\/wp-json\/wp\/v2\/users\/2"}],"replies":[{"embeddable":true,"href":"https:\/\/www.gender.gov.sk\/zastavmenasilie\/wp-json\/wp\/v2\/comments?post=463"}],"version-history":[{"count":3,"href":"https:\/\/www.gender.gov.sk\/zastavmenasilie\/wp-json\/wp\/v2\/pages\/463\/revisions"}],"predecessor-version":[{"id":1450,"href":"https:\/\/www.gender.gov.sk\/zastavmenasilie\/wp-json\/wp\/v2\/pages\/463\/revisions\/1450"}],"up":[{"embeddable":true,"href":"https:\/\/www.gender.gov.sk\/zastavmenasilie\/wp-json\/wp\/v2\/pages\/6"}],"wp:attachment":[{"href":"https:\/\/www.gender.gov.sk\/zastavmenasilie\/wp-json\/wp\/v2\/media?parent=463"}],"curies":[{"name":"wp","href":"https:\/\/api.w.org\/{rel}","templated":true}]}}