{"id":469,"date":"2013-06-01T16:39:51","date_gmt":"2013-06-01T16:39:51","guid":{"rendered":"http:\/\/www.gender.gov.sk\/zastavmenasilie\/?page_id=469"},"modified":"2013-06-01T16:40:55","modified_gmt":"2013-06-01T16:40:55","slug":"pre-pracu-s-nasilnikmi","status":"publish","type":"page","link":"https:\/\/www.gender.gov.sk\/zastavmenasilie\/informacie-3\/pre-pracu-s-nasilnikmi\/","title":{"rendered":"pre pr\u00e1cu s n\u00e1siln\u00edkmi"},"content":{"rendered":"<p><strong>N\u00e1siln\u00edcki mu\u017ei vn\u00edmaj\u00fa moc a kontrolu ako z\u00e1klad svojich int\u00edmnych vz\u0165ahov<\/strong>. N\u00e1siln\u00edckym spr\u00e1van\u00edm uvo\u013e\u0148uj\u00fa vlastn\u00fa nespokojnos\u0165 a s\u00fa\u010dasne znemo\u017e\u0148uj\u00fa \u017een\u00e1m, aby samy vyjadrili svoje potreby. Takto sa vyh\u00fdbaj\u00fa konfront\u00e1cii, ktor\u00e1 im je nepr\u00edjemn\u00e1 a mohla by ohrozi\u0165 ich privil\u00e9gi\u00e1. N\u00e1silie teda nevedie k rie\u0161eniu konfliktov, ale k ich potl\u00e1\u010daniu.<\/p>\n<p><strong>N\u00e1siln\u00edcki mu\u017ei maj\u00fa \u010dasto extr\u00e9mne tradi\u010dn\u00e9 n\u00e1zory na rolu mu\u017ea a \u017eeny<\/strong>. Pod\u013ea tejto my\u0161lienkovej sch\u00e9my sa \u017eena m\u00e1 stara\u0165 o dom\u00e1cu pohodu, emocionalitu a dom\u00e1cnos\u0165, mu\u017e m\u00e1 rodinu zabezpe\u010di\u0165 a je to on, kto m\u00e1 aj rozhodova\u0165. Aj ke\u010f je konkr\u00e9tna \u017eivotn\u00e1 situ\u00e1cia \u00faplne in\u00e1, pridr\u017eiavaj\u00fa sa mnoh\u00ed mu\u017ei tejto predstavy. K tradi\u010dn\u00e9mu ch\u00e1paniu rol\u00ed patr\u00ed aj n\u00e1zor, \u017ee mu\u017e si m\u00e1 svoje probl\u00e9my rie\u0161i\u0165 s\u00e1m a nesmie po\u017eiada\u0165 in\u00fdch o pomoc.<\/p>\n<p>N\u00e1siln\u00edcki mu\u017ei vystupuj\u00fa navonok \u010dasto ako dobre prisp\u00f4soben\u00ed, verb\u00e1lne odmietaj\u00fa \u201ebezd\u00f4vodn\u00e9 n\u00e1silie\u201c a di\u0161tancuj\u00fa sa od p\u00e1chate\u013eov n\u00e1silia. Svoje vlastn\u00e9 n\u00e1siln\u00edcke spr\u00e1vanie ch\u00e1pu ako opr\u00e1vnen\u00fa reakciu na chybu \u017eeny alebo ako nie\u010do, \u010do je mimo ich kontroly. N\u00e1siln\u00edcki mu\u017ei s\u00fa \u201emajstri sveta\u201c v zapieran\u00ed a z\u013eah\u010dovan\u00ed situ\u00e1cie. Svoje vlastn\u00e9 spr\u00e1vanie nikdy neozna\u010duj\u00fa ako n\u00e1siln\u00edcke, ale hovoria o \u201eh\u00e1dke\u201c, \u201ekonflikte\u201c alebo o \u201epot\u00fd\u010dke\u201c. Jeden mu\u017e napr\u00edklad pichol no\u017eom do krku svoju \u017eenu a nazval to \u201emen\u0161\u00edm \u0161krabnut\u00edm\u201c (p\u00e1n F., citovan\u00e9 pod\u013ea Fr\u00f6schl \u2014 L\u00f6w 1992, zv. 1, s. 74). Mu\u017ei, ktor\u00ed t\u00fdraj\u00fa \u017eeny, pova\u017euj\u00fa pou\u017e\u00edvanie n\u00e1silia pri presadzovan\u00ed svojich z\u00e1ujmov za opr\u00e1vnen\u00e9, a preto v\u00e4\u010d\u0161inou nemaj\u00fa z\u00e1ujem o zmenu svojho spr\u00e1vania. Medzin\u00e1rodn\u00e9 \u0161t\u00fadie pri\u0161li k z\u00e1veru, \u017ee najm\u00e4 zverejnenie n\u00e1siln\u00edckych \u010dinov a zapojenie kompetentn\u00fdch policajn\u00fdch a s\u00fadnych in\u0161tit\u00faci\u00ed odr\u00e1dza mu\u017eov od op\u00e4tovn\u00e9ho pou\u017eitia n\u00e1silia. Osoby so spolo\u010denskou mocou a prest\u00ed\u017eou ako lek\u00e1rky a lek\u00e1ri, sudkyne a sudcovia, policajtky a policajti m\u00f4\u017eu zastavi\u0165 n\u00e1silie, ak vystupuj\u00fa kompetentne a ak vyu\u017eij\u00fa svoje pr\u00e1vomoci.<\/p>\n<p><span style=\"color: #ff0000\"><strong>PODNETY PRE PR\u00c1CU S N\u00c1SILN\u00cdCKYMI MU\u017dMI<\/strong><\/span><\/p>\n<p>Ke\u010f pracujete ako policajtka, policajt, sudky\u0148a, sudca, lek\u00e1rka, lek\u00e1r, soci\u00e1lna pracovn\u00ed\u010dka, soci\u00e1lny pracovn\u00edk alebo terapeut \u010di terapeutka, v\u0161ade sa stret\u00e1vate s n\u00e1siln\u00edckymi mu\u017emi. Vzh\u013eadom na to, \u017ee u n\u00e1s zatia\u013e neexistuj\u00fa \u0161pecializovan\u00e9 poradne ani program pre n\u00e1siln\u00edckych mu\u017eov, je nevyhnutn\u00e9, aby odborn\u00edci a odborn\u00ed\u010dky zo v\u0161etk\u00fdch profesi\u00ed p\u00f4sobili na mu\u017eov s cie\u013eom zastavi\u0165 ich n\u00e1siln\u00edcke spr\u00e1vanie. V ka\u017edom pr\u00edpade si najprv zistite, \u010di je <a title=\"Kr\u00edzov\u00fd pl\u00e1n\" href=\"http:\/\/www.gender.gov.sk\/zastavmenasilie\/pomoc\/krizovy-plan\/\">zabezpe\u010den\u00e1 podpora a bezpe\u010dnos\u0165 \u017eien a det\u00ed. <\/a><\/p>\n<p>S n\u00e1siln\u00edkmi m\u00f4\u017eeme \u00fa\u010dinne pracova\u0165 len vtedy, ke\u010f sami jasne odmietame n\u00e1silie. <strong>Mu\u017ei \u2014 poradcovia, lek\u00e1ri, policajti, sudcovia, soci\u00e1lni pracovn\u00edci a pod. \u2014 m\u00f4\u017eu predstavova\u0165 d\u00f4le\u017eit\u00e9 rolov\u00e9 vzory mu\u017en\u00e9ho spr\u00e1vania bez n\u00e1silia.<\/strong> V ka\u017edom pr\u00edpade je nevyhnutn\u00e9, aby sme pr\u00e1cu s n\u00e1siln\u00edkom reflektovali v t\u00edme, s kolegami a kolegy\u0148ami alebo v r\u00e1mci superv\u00edzie. Cie\u013eom pr\u00e1ce s n\u00e1siln\u00edkom je, aby n\u00e1siln\u00edk ukon\u010dil n\u00e1silie, prevzal zodpovednos\u0165 za svoje spr\u00e1vanie a vytvoril si empatick\u00fd pr\u00edstup k \u017eene.<\/p>\n<p>Pri rozhovore s mu\u017eom, ktor\u00fd bol n\u00e1siln\u00edcky vo\u010di svojej\u00a0partnerke, odpor\u00fa\u010dame dodr\u017eiava\u0165 tieto pravidl\u00e1:<\/p>\n<ul>\n<li>Nepou\u017e\u00edvajte z\u013eah\u010duj\u00face pomenovania ako h\u00e1dka \u010di konflikt, naopak, zd\u00f4raznite v\u00e1\u017enos\u0165 situ\u00e1cie, n\u00e1silie pomenujte ako n\u00e1silie.<\/li>\n<li>Odmietnite vysvet\u013eovanie, preto\u017ee n\u00e1siln\u00edci sa \u010dasto usiluj\u00fa odvies\u0165 pozornos\u0165 na \u00fadajn\u00e9 probl\u00e9my, napr. na \u017eiarlivos\u0165 \u010di nedostato\u010dn\u00fa poriadkumilovnos\u0165 \u017eeny. Zosta\u0148te pri probl\u00e9me n\u00e1siln\u00edckeho spr\u00e1vania.<\/li>\n<li>Upozornite mu\u017ea na pr\u00e1vne d\u00f4sledky jeho \u010dinov, pozhov\u00e1rajte sa s n\u00edm o n\u00e1sledkoch, ak\u00e9 m\u00e1 n\u00e1silie na psychickom a fyzickom zdrav\u00ed \u017eeny a det\u00ed. Ak mu\u017e s\u00e1m trpel v detstve n\u00e1sil\u00edm, pok\u00faste sa o\u017eivi\u0165 jeho spomienky na pocity, ktor\u00e9 vtedy za\u017e\u00edval.<\/li>\n<li>V\u017edy dbajte na bezpe\u010dnos\u0165 \u017eeny a det\u00ed. Ke\u010f \u017eena od mu\u017ea u\u017e odi\u0161la, akceptujte jej rozhodnutie, aj ke\u010f sa mu\u017e jav\u00ed ako dostato\u010dne \u201epolep\u0161en\u00fd\u201c a kaj\u00facny. Mo\u017eno je jej d\u00f4vera k nemu u\u017e nato\u013eko naru\u0161en\u00e1, \u017ee zmena jeho spr\u00e1vania pri\u0161la neskoro. Pok\u00faste sa pracova\u0165 spolu s mu\u017eom na tom, aby mu\u017e akceptoval rozhodnutie svojej \u017eeny.<\/li>\n<li>Nestavajte pr\u00e1vo mu\u017ea na d\u00f4vern\u00fd rozhovor nad bezpe\u010dnos\u0165 jeho obet\u00ed. Ak m\u00e1te inform\u00e1cie o tom, \u017ee sa mu\u017e pripravuje na sp\u00e1chanie trestn\u00e9ho \u010dinu, upozornite na to \u017eenu i pol\u00edciu.<\/li>\n<\/ul>\n<p>Ak ako poradca a poradky\u0148a \u010di terapeut a terapeutka\u00a0pracujete s n\u00e1siln\u00edckymi mu\u017emi dlh\u0161\u00ed \u010das, zoh\u013ead\u0148ujte<br \/>\nnasleduj\u00face momenty:<\/p>\n<ul>\n<li>Podporte mu\u017ea pri vytv\u00e1ran\u00ed \u201ebezpe\u010dnostn\u00e9ho pl\u00e1nu\u201c. Ka\u017ed\u00fd n\u00e1siln\u00edk c\u00edti nejak\u00e9 pr\u00edznaky bl\u00ed\u017eiaceho sa n\u00e1siln\u00edckeho spr\u00e1vania. V takej chv\u00edli by sa mal nau\u010di\u0165 od\u00eds\u0165 zo situ\u00e1cie, \u00eds\u0165 pre\u010d.<\/li>\n<li>Rekon\u0161trukcia n\u00e1siln\u00edckeho spr\u00e1vania. Prejdite s mu\u017eom hist\u00f3riu jeho n\u00e1siln\u00edckeho spr\u00e1vania, najm\u00e4 jeho druh a rozsah. Myslite na to, \u017ee v\u0161etky v\u00fdskumy o n\u00e1siln\u00edckych mu\u017eoch dokazuj\u00fa, \u017ee n\u00e1siln\u00edci \u010dasto ve\u013emi z\u013eah\u010duj\u00fa z\u00e1va\u017enos\u0165 aj frekvenciu n\u00e1silia. Ak mu\u017ei v\u00f4bec opisuj\u00fa svoje n\u00e1siln\u00edcke konanie, robia to \u010dasto len v\u00e1gne, ako napr. \u201evtedy sa to stalo\u201c, \u201evznikla h\u00e1dka\u201c. Tu sa \u010dasto zab\u00fada na to, \u017ee vhodn\u00fdmi ot\u00e1zkami mo\u017eno mu\u017ea konfrontova\u0165 s jeho konan\u00edm. D\u00f4vodom je skuto\u010dnos\u0165, \u017ee mu\u017e jasne signalizuje svoju nev\u00f4\u013eu hovori\u0165 o n\u00e1sil\u00ed. Preto ak sa sedenie pr\u00edli\u0161 orientuje \u201ena potreby klienta\u201d, nie je mo\u017en\u00e9\u00a0tematizova\u0165 nie\u010do, o \u010dom klient nechce hovori\u0165. Bez tematiz\u00e1cie n\u00e1silia sa v\u0161ak mu\u017e nenau\u010d\u00ed prevzia\u0165 zodpovednos\u0165. P\u00fdtajte sa ve\u013emi konkr\u00e9tne, napr.: \u201eAko \u010dasto ste bili svoju \u017eenu? Ak\u00fdm sp\u00f4sobom? Ako ste sa pritom c\u00edtili? Ako reagovala va\u0161a \u017eena? Ak\u00e9 boli zranenia a \u010fal\u0161ie n\u00e1sledky?\u201c Oscilovanie medzi empatick\u00fdm postojom k n\u00e1siln\u00edkovi a d\u00f4slednou konfront\u00e1ciou je v tejto pr\u00e1ci naj\u0165a\u017e\u0161ie. Mottom by mohlo by\u0165: Odsudzujte \u010din, nie \u010dloveka!<\/li>\n<li>| Mnoh\u00ed mu\u017ei ch\u00e1pu svoje n\u00e1siln\u00edcke spr\u00e1vanie ako nejak\u00fd \u201emimovo\u013en\u00fd pre\u0161\u013eap\u201c, teda ako nie\u010do, \u010do sa ned\u00e1 kontrolova\u0165. Uk\u00e1\u017ete im, \u017ee kontrola je mo\u017en\u00e1! Pracujte s nimi na rozpoznan\u00ed cie\u013eov n\u00e1siln\u00fdch \u010dinov. Zamerajte sa na ot\u00e1zku: \u201e\u010co tento mu\u017e z\u00edskal, ke\u010f p\u00e1chal n\u00e1silie?\u201c Pozhov\u00e1rajte sa o tom s klientom. | Zaoberajte sa aj formami psychick\u00e9ho n\u00e1silia, ako je poni\u017eovanie, izolovanie, kontrolovanie \u017eeny, vyvol\u00e1vanie strachu at\u010f. Informujte mu\u017ea o n\u00e1sledkoch t\u00fdchto foriem n\u00e1silia.<\/li>\n<li>Neakceptujte \u017eiadne un\u00e1hlen\u00e9 zlep\u0161enie. Ak v\u00e1m mu\u017e po dvoch rozhovoroch povie, \u017ee sa u\u017e nebude spr\u00e1va\u0165 n\u00e1siln\u00edcky, znamen\u00e1 to najsk\u00f4r, \u017ee poradenstvo akceptoval len form\u00e1lne a nechce pracova\u0165 na zmene svojho spr\u00e1vania. V takom pr\u00edpade nem\u00e1 v\u00fdznam\u00a0navrhova\u0165 \u017eene, aby sa k mu\u017eovi vr\u00e1tila.<\/li>\n<li>K\u00fdm mu\u017e p\u00e1cha n\u00e1silie, nezaoberajte sa in\u00fdmi t\u00e9mami, napr. sexualitou \u010di komunik\u00e1ciou. Povedzte mu, \u017ee poradenstvo v t\u00fdchto z\u00e1le\u017eitostiach je mo\u017en\u00e9 a\u017e potom, ke\u010f skon\u010d\u00ed s n\u00e1sil\u00edm.<\/li>\n<li>Zaoberajte sa aj ekonomick\u00fdmi formami n\u00e1silia a t\u00fdm, \u010di si mu\u017e pln\u00ed finan\u010dn\u00e9 povinnosti vo\u010di man\u017eelke a de\u0165om (dobrovo\u013ene alebo ur\u010den\u00e9 s\u00fadom).<\/li>\n<\/ul>\n<p><strong>Pod\u013ea \u010doho m\u00f4\u017eete zisti\u0165, \u017ee n\u00e1siln\u00edcky mu\u017e zmenil svoje spr\u00e1vanie?<\/strong><\/p>\n<ul>\n<li>Naz\u00fdva svoje predo\u0161l\u00e9 spr\u00e1vanie n\u00e1sil\u00edm.<\/li>\n<li>Nehovor\u00ed, \u017ee bol vyprovokovan\u00fd alebo \u017ee je nevinn\u00fd.<\/li>\n<\/ul>\n<ul>\n<li>Pochopil n\u00e1sledky svojich \u010dinov pre ich obe\u0165, resp. obete.<\/li>\n<li>Prip\u00fa\u0161\u0165a mo\u017enos\u0165, \u017ee sa k nemu \u017eena u\u017e nedok\u00e1\u017ee vr\u00e1ti\u0165 a bude sa ho nav\u017edy b\u00e1\u0165, aj ke\u010f zmenil svoje spr\u00e1vanie.<\/li>\n<li>Je schopn\u00fd vyh\u013eada\u0165 pomoc, aby sa vyhol n\u00e1siliu aj v bud\u00facnosti.<\/li>\n<li>Je ochotn\u00fd a pripraven\u00fd nies\u0165 n\u00e1sledky (pr\u00e1vne, finan\u010dn\u00e9) svojho n\u00e1siln\u00edckeho spr\u00e1vania.<\/li>\n<\/ul>\n<p>Ak ho \u017eena opustila:<\/p>\n<ul>\n<li>Akceptuje, \u017ee si s n\u00edm \u017eena ne\u017eel\u00e1 udr\u017eiava\u0165 kontakt alebo ho chce obmedzi\u0165, nenalieha na \u0148u a neprenasleduje ju.<\/li>\n<li>Pln\u00ed si svoje finan\u010dn\u00e9 z\u00e1v\u00e4zky, aj ke\u010f nes\u00fahlas\u00ed s rozchodom.<\/li>\n<li>V r\u00e1mci rodi\u010dovsk\u00fdch kontaktov neovplyv\u0148uje deti proti matke, resp. akceptuje obmedzenie alebo z\u00e1kaz styku aj bez s\u00fadneho rozhodnutia.<\/li>\n<li>Je ochotn\u00fd opusti\u0165 spolo\u010dn\u00fa dom\u00e1cnos\u0165\/byt a umo\u017eni\u0165 n\u00e1vrat do neho \u017eene a de\u0165om (ak si to \u017eena \u017eel\u00e1) aj bez s\u00fadneho rozhodnutia.<\/li>\n<\/ul>\n<p>Len ak s\u00fa pr\u00edtomn\u00e9 v\u0161etky tieto prejavy spr\u00e1vania, m\u00f4\u017eete predpoklada\u0165, \u017ee n\u00e1silie naozaj prestalo. Samotn\u00e9 s\u013euby nesta\u010dia.<\/p>\n<p>Pod\u013ea zahrani\u010dn\u00fdch \u0161t\u00fadi\u00ed len ve\u013emi m\u00e1lo (2 \u2013 10 %) n\u00e1siln\u00edckych mu\u017eov\u00a0skuto\u010dne zmen\u00ed svoje spr\u00e1vanie a nav\u017edy skon\u010d\u00ed s n\u00e1sil\u00edm.<\/p>\n<p>&nbsp;<\/p>\n<p><em>Zdroj:\u00a0<\/em><\/p>\n<p><em><strong><a href=\"http:\/\/www.gender.gov.sk\/zastavmenasilie\/informacie\/publikacie\/\">Kona\u0165 proti n\u00e1siliu na \u017een\u00e1ch<\/a><\/strong>.\u00a0Vydalo Ministerstvo pr\u00e1ce, soci\u00e1lnych vec\u00ed a rodiny SR v spolupr\u00e1ci s Iniciat\u00edvou Piata \u017eena v roku 2008\u00a0v r\u00e1mci N\u00e1rodnej kampane SR Zastavme dom\u00e1ce n\u00e1silie na \u017een\u00e1ch,\u00a0ktor\u00fa iniciovala Rada Eur\u00f3py.\u00a0Na vydanie pripravili OZ Pro Familia a\u00a0<a href=\"http:\/\/www.aspekt.sk\/\" target=\"_blank\">ZZ\u017d ASPEKT.<\/a><\/em><\/p>\n","protected":false},"excerpt":{"rendered":"<p>N\u00e1siln\u00edcki mu\u017ei vn\u00edmaj\u00fa moc a kontrolu ako z\u00e1klad svojich int\u00edmnych vz\u0165ahov. N\u00e1siln\u00edckym spr\u00e1van\u00edm uvo\u013e\u0148uj\u00fa vlastn\u00fa nespokojnos\u0165 a s\u00fa\u010dasne znemo\u017e\u0148uj\u00fa \u017een\u00e1m, aby samy vyjadrili svoje potreby. Takto sa vyh\u00fdbaj\u00fa konfront\u00e1cii, ktor\u00e1 im je nepr\u00edjemn\u00e1 a mohla by ohrozi\u0165 ich privil\u00e9gi\u00e1. N\u00e1silie teda nevedie k rie\u0161eniu konfliktov, ale k ich potl\u00e1\u010daniu. N\u00e1siln\u00edcki mu\u017ei maj\u00fa \u010dasto extr\u00e9mne tradi\u010dn\u00e9 &hellip; <\/p>\n<p><a class=\"more-link block-button\" href=\"https:\/\/www.gender.gov.sk\/zastavmenasilie\/informacie-3\/pre-pracu-s-nasilnikmi\/\">\u010c\u00edta\u0165 viac &raquo;<\/a><\/p>\n","protected":false},"author":2,"featured_media":0,"parent":311,"menu_order":10,"comment_status":"open","ping_status":"open","template":"","meta":[],"_links":{"self":[{"href":"https:\/\/www.gender.gov.sk\/zastavmenasilie\/wp-json\/wp\/v2\/pages\/469"}],"collection":[{"href":"https:\/\/www.gender.gov.sk\/zastavmenasilie\/wp-json\/wp\/v2\/pages"}],"about":[{"href":"https:\/\/www.gender.gov.sk\/zastavmenasilie\/wp-json\/wp\/v2\/types\/page"}],"author":[{"embeddable":true,"href":"https:\/\/www.gender.gov.sk\/zastavmenasilie\/wp-json\/wp\/v2\/users\/2"}],"replies":[{"embeddable":true,"href":"https:\/\/www.gender.gov.sk\/zastavmenasilie\/wp-json\/wp\/v2\/comments?post=469"}],"version-history":[{"count":3,"href":"https:\/\/www.gender.gov.sk\/zastavmenasilie\/wp-json\/wp\/v2\/pages\/469\/revisions"}],"predecessor-version":[{"id":474,"href":"https:\/\/www.gender.gov.sk\/zastavmenasilie\/wp-json\/wp\/v2\/pages\/469\/revisions\/474"}],"up":[{"embeddable":true,"href":"https:\/\/www.gender.gov.sk\/zastavmenasilie\/wp-json\/wp\/v2\/pages\/311"}],"wp:attachment":[{"href":"https:\/\/www.gender.gov.sk\/zastavmenasilie\/wp-json\/wp\/v2\/media?parent=469"}],"curies":[{"name":"wp","href":"https:\/\/api.w.org\/{rel}","templated":true}]}}