{"id":487,"date":"2013-06-01T17:31:27","date_gmt":"2013-06-01T17:31:27","guid":{"rendered":"http:\/\/www.gender.gov.sk\/zastavmenasilie\/?page_id=487"},"modified":"2013-06-02T06:47:42","modified_gmt":"2013-06-02T06:47:42","slug":"vydane-mvo","status":"publish","type":"page","link":"https:\/\/www.gender.gov.sk\/zastavmenasilie\/o-nasili-2\/kniznica\/vydane-mvo\/","title":{"rendered":"Publik\u00e1cie MVO"},"content":{"rendered":"<p>Z\u00e1kladn\u00e9 publik\u00e1cie vydan\u00e9 mimovl\u00e1dnymi organiz\u00e1ciami, ktor\u00e9 sa dlhodobo a systematicky venuj\u00fa ot\u00e1zke n\u00e1silia na \u017een\u00e1ch. Viac titulov n\u00e1jdete v <a href=\"http:\/\/genderdatabaza.wordpress.com\/\" target=\"_blank\">Datab\u00e1ze rodovej kompetencie<\/a> alebo v <a href=\"http:\/\/www.aspekt.sk\/content\/kniznica\/nasilie-nie\" target=\"_blank\">kni\u017enici Aspektu.<\/a><\/p>\n<h4><span style=\"color: #ff0000\"><strong><img loading=\"lazy\" class=\"alignleft\" src=\"http:\/\/www.fenestra.sk\/img\/brozura_2.png\" alt=\"\" width=\"100\" height=\"140\" \/>N\u00e1silie p\u00e1chan\u00e9 na \u017een\u00e1ch<\/strong><\/span><\/h4>\n<p>Autorsk\u00fd kolekt\u00edv. Fenestra, 2011<\/p>\n<p>Pr\u00edru\u010dka pre zamestnancov a zamestnankyne \u0161t\u00e1tnych a verejn\u00fdch in\u0161tit\u00faci\u00ed o mo\u017enostiach ochrany, pomoci a podpory \u017een\u00e1m za\u017e\u00edvaj\u00facim n\u00e1silie a ich de\u0165om.<\/p>\n<p>Bro\u017e\u00fara\u00a0<a href=\"http:\/\/www.fenestra.sk\/download\/prirucka_institucie_B5.pdf\" target=\"_blank\">na stiahnutie<\/a>\u00a0v pdf<\/p>\n<p>________________________________________________________________________________________<\/p>\n<h4><span style=\"color: #ff0000\"><strong><img loading=\"lazy\" class=\"alignleft\" src=\"http:\/\/www.fenestra.sk\/img\/brozura_1.png\" alt=\"\" width=\"100\" height=\"140\" \/>N\u00e1silie p\u00e1chan\u00e9 na \u017een\u00e1ch<\/strong><\/span><\/h4>\n<p>Autorsk\u00fd kolekt\u00edv. Fenestra, 2011<\/p>\n<p>Informa\u010dn\u00e1 bro\u017e\u00fara pre \u017eeny za\u017e\u00edvaj\u00face n\u00e1silie v int\u00edmnych vz\u0165ahoch.<\/p>\n<p>Bro\u017e\u00fara\u00a0<a href=\"http:\/\/www.fenestra.sk\/download\/brozura_zeny_A5.pdf\" target=\"_blank\">na stiahnutie<\/a>\u00a0v pdf<\/p>\n<p>_______________________________________________________________________________________<\/p>\n<div><\/div>\n<div>\n<p><img class=\"alignleft\" src=\"http:\/\/www.mynet.sk\/reset\/rst_images\/0040\/Xb6-f768-200219.jpg\" alt=\"Ako v m\u00e9di\u00e1ch citlivo informova\u0165 o n\u00e1sil\u00ed p\u00e1chanom na \u017een\u00e1ch\" width=\"100\" align=\"left\" \/><\/p>\n<div><span style=\"color: #ff0000;font-size: 13.63636302947998px;font-weight: bold;line-height: normal\">AKO V M\u00c9DI\u00c1CH CITLIVO INFORMOVA\u0164 O N\u00c1SIL\u00cd P\u00c1CHANOM NA \u017dEN\u00c1CH\u00a0<\/span><\/div>\n<div><\/div>\n<div><span style=\"font-size: 12px;line-height: 18px\">B. Burajov\u00e1,\u00a0<\/span>Nad\u00e1cia otvorenej spolo\u010dnosti, 2011<\/div>\n<div><\/div>\n<div>Cie\u013eom tejto publik\u00e1cie je pribl\u00ed\u017ei\u0165 novin\u00e1rkam a novin\u00e1rom n\u00e1silie p\u00e1chan\u00e9 na \u017een\u00e1ch z h\u013eadiska mo\u017enost\u00ed m\u00e9di\u00ed zapoji\u0165 sa do boja proti nemu. Pr\u00ed\u010dinou n\u00e1silia p\u00e1chan\u00e9ho na \u017een\u00e1ch je nerovn\u00e9 postavenie \u017eien a mu\u017eov v spolo\u010dnosti, a preto je nevyhnutn\u00fdm predpokladom jeho odstra\u0148ovania vyrovn\u00e1vanie sa so spolo\u010densk\u00fdmi postojmi a kon\u0161trukciou vz\u0165ahov, ktor\u00e9 podmie\u0148uj\u00fa a udr\u017eiavaj\u00fa mocensk\u00fa prevahu mu\u017eov nad \u017eenami.<\/div>\n<div>\n<p><a href=\"http:\/\/www.osf.sk\/kniznica_a_open_gallery\/publikacie\/2012\/ako_v_mediach_citlivo_informovat_o_nasili_pachanom_na_zenach\/?IDe=200218&amp;IDcheck=fa84ee9e7ad936bedbf34da2e6dc2e32\">Stiahnu\u0165 vo form\u00e1te.PDF<\/a>\u00a0<span style=\"color: #2c2b2b;font-size: 12px;font-weight: normal;line-height: 18px\">[1.98 MB]<\/span><\/p>\n<\/div>\n<\/div>\n<p>______________________________________________________________________________________<\/p>\n<div>\n<div>\n<p><strong><img loading=\"lazy\" class=\"alignleft\" src=\"http:\/\/www.fenestra.sk\/img\/p_mkp.png\" alt=\"\" width=\"120\" height=\"159\" \/><\/strong><\/p>\n<h4><span style=\"color: #ff0000\"><a title=\"Trval\u00fd odkaz na Mosty k pomoci \u2013 od dobr\u00e9ho \u00famyslu k dobrej\u00a0spolupr\u00e1ci.\" href=\"http:\/\/genderdatabaza.wordpress.com\/2009\/07\/04\/mosty-k-pomoci-od-dobreho-umyslu-k-dobrej-spolupraci\/\" rel=\"bookmark\"><span style=\"color: #ff0000\">Mosty k pomoci \u2013 od dobr\u00e9ho \u00famyslu k dobrej\u00a0spolupr\u00e1ci.<\/span><\/a><\/span><\/h4>\n<p><strong><\/strong><em>Rosa Logar a kol.<\/em><\/p>\n<p>Do sloven\u010diny prelo\u017eila a vydala Fenestra, 2009<\/p>\n<p><a href=\"http:\/\/www.fenestra.sk\/download\/Mosty_k_pomoci.pdf\" target=\"_blank\">Stiahnu\u0165 vo form\u00e1te pdf<\/a><\/p>\n<\/div>\n<div>\n<p>&nbsp;<\/p>\n<p>&nbsp;<\/p>\n<p>&nbsp;<\/p>\n<p>_______________________________________________________________________________________<\/p>\n<\/div>\n<\/div>\n<div>\n<p><strong><img loading=\"lazy\" class=\"alignleft\" src=\"http:\/\/www.fenestra.sk\/img\/p_bzd.png\" alt=\"\" width=\"120\" height=\"159\" \/><\/strong><\/p>\n<h4><span style=\"color: #ff0000\"><a title=\"Trval\u00fd odkaz na Bezpe\u010dn\u00fd \u017eensk\u00fd dom ako n\u00e1stroj uplat\u0148ovania \u013eudsk\u00fdch pr\u00e1v \u017eien a\u00a0det\u00ed\" href=\"http:\/\/genderdatabaza.wordpress.com\/2009\/07\/04\/bezpecny-zensky-dom-ako-nastroj-uplatnovania-ludskych-prav-zien-a-deti\/\" rel=\"bookmark\"><span style=\"color: #ff0000\">Bezpe\u010dn\u00fd \u017eensk\u00fd dom ako n\u00e1stroj uplat\u0148ovania \u013eudsk\u00fdch pr\u00e1v \u017eien a\u00a0det\u00ed<\/span><\/a><\/span><\/h4>\n<p><strong><\/strong>Du\u0161ana Karlovsk\u00e1, Nat\u00e1lia Krokavcov\u00e1, Sylvia Kr\u00e1lov\u00e1<\/p>\n<p>Fenestra, 2009<\/p>\n<p><a href=\"http:\/\/www.fenestra.sk\/download\/Bezpecny_zensky_dom.pdf\" target=\"_blank\">Publik\u00e1cia na stiahnutie v pdf<\/a><\/p>\n<p>&nbsp;<\/p>\n<p>&nbsp;<\/p>\n<p>&nbsp;<\/p>\n<p>________________________________________________________________________<\/p>\n<div>\n<p><img loading=\"lazy\" class=\"alignleft\" src=\"http:\/\/www.aspekt.sk\/sites\/default\/files\/imagecache\/product_list\/nabuduce_bude_mrtva.jpg\" alt=\"\" width=\"100\" height=\"140\" \/><\/p>\n<h4><span style=\"color: #ff0000\"><a title=\"Trval\u00fd odkaz na Nabud\u00face bude m\u0155tva. T\u00fdranie a ako ho\u00a0zastavi\u0165\" href=\"http:\/\/genderdatabaza.wordpress.com\/2003\/07\/04\/nabuduce-bude-mrtva-tyranie-a-ako-ho-zastavit\/\" rel=\"bookmark\"><span style=\"color: #ff0000\">Nabud\u00face bude m\u0155tva. T\u00fdranie a ako ho\u00a0zastavi\u0165<\/span><\/a><\/span><\/h4>\n<div>\n<div><a href=\"http:\/\/www.aspekt.sk\/category\/autory\/ann-jones\">Ann Jones<\/a><\/div>\n<div><\/div>\n<div>\n<div>Preklad: \u00a0Adriana Komorn\u00edkov\u00e1<\/div>\n<div>Odborn\u00e1 rev\u00edzia prekladu PhDr. Eva Sopkov\u00e1<\/div>\n<\/div>\n<div>\n<p>Aspekt a Profamilia, 2003<\/p>\n<p>&nbsp;<\/p>\n<p>&nbsp;<\/p>\n<p>_________________________________________________________________________<\/p>\n<p><img loading=\"lazy\" class=\"alignleft\" src=\"http:\/\/www.aspekt.sk\/sites\/default\/files\/imagecache\/product_list\/piata_zena_mala.jpg\" alt=\"\" width=\"99\" height=\"140\" \/><\/p>\n<h4><span style=\"color: #ff0000\"><strong>Piata \u017eena. Aspekty n\u00e1silia p\u00e1chan\u00e9ho na \u017een\u00e1ch<\/strong><\/span><\/h4>\n<div>\n<div>\u00a0Aspekt, 2002<\/div>\n<div><\/div>\n<div>Editorka: \u00a0Jana Cvikov\u00e1, Jana Jur\u00e1\u0148ov\u00e1<\/div>\n<div>\n<p>Publik\u00e1cia je k dispoz\u00edcii iba v tla\u010denej podobe<\/p>\n<\/div>\n<\/div>\n<\/div>\n<div><a href=\"http:\/\/www.aspekt.sk\/content\/knizna-edicia\/piata-zena\" target=\"_blank\"><br \/>\n<\/a><\/div>\n<div><a href=\"http:\/\/www.aspekt.sk\/content\/knizna-edicia\/piata-zena\" target=\"_blank\">Viac tu<\/a><\/div>\n<div><\/div>\n<div><\/div>\n<div>_________________________________________________________________________<\/div>\n<div><\/div>\n<div>\n<div>\n<p><img loading=\"lazy\" class=\"alignleft\" style=\"margin: 10px\" src=\"http:\/\/www.aspekt.sk\/sites\/default\/files\/imagecache\/product_list\/trauma_a_uzdravenie.jpg\" alt=\"\" width=\"100\" height=\"140\" \/><\/p>\n<h4><span style=\"color: #ff0000\"><strong><a href=\"http:\/\/www.aspekt.sk\/content\/autory\/trauma-uzdravenie\"><span style=\"color: #ff0000\">Trauma a uzdravenie<\/span><\/a>.\u00a0N\u00e1silie a jeho n\u00e1sledky. Od t\u00fdrania v s\u00fakrom\u00ed po politick\u00fd teror<\/strong><\/span><\/h4>\n<div>\n<div><\/div>\n<div>\n<div>\n<div>Judith Lewis Herman<\/div>\n<\/div>\n<\/div>\n<div>\n<p>Aspekt a Pro Familia, 2001<\/p>\n<p><a href=\"http:\/\/www.aspekt.sk\/content\/autory\/trauma-uzdravenie\" target=\"_blank\">Viac tu<\/a><\/p>\n<\/div>\n<\/div>\n<\/div>\n<\/div>\n<div><\/div>\n<div><\/div>\n<div><\/div>\n<div><\/div>\n<div><\/div>\n<div><\/div>\n<div><\/div>\n<\/div>\n<div><\/div>\n<div><\/div>\n<\/div>\n<\/div>\n","protected":false},"excerpt":{"rendered":"<p>Z\u00e1kladn\u00e9 publik\u00e1cie vydan\u00e9 mimovl\u00e1dnymi organiz\u00e1ciami, ktor\u00e9 sa dlhodobo a systematicky venuj\u00fa ot\u00e1zke n\u00e1silia na \u017een\u00e1ch. Viac titulov n\u00e1jdete v Datab\u00e1ze rodovej kompetencie alebo v kni\u017enici Aspektu. N\u00e1silie p\u00e1chan\u00e9 na \u017een\u00e1ch Autorsk\u00fd kolekt\u00edv. Fenestra, 2011 Pr\u00edru\u010dka pre zamestnancov a zamestnankyne \u0161t\u00e1tnych a verejn\u00fdch in\u0161tit\u00faci\u00ed o mo\u017enostiach ochrany, pomoci a podpory \u017een\u00e1m za\u017e\u00edvaj\u00facim n\u00e1silie a ich de\u0165om. &hellip; <\/p>\n<p><a class=\"more-link block-button\" href=\"https:\/\/www.gender.gov.sk\/zastavmenasilie\/o-nasili-2\/kniznica\/vydane-mvo\/\">\u010c\u00edta\u0165 viac &raquo;<\/a><\/p>\n","protected":false},"author":2,"featured_media":0,"parent":505,"menu_order":2,"comment_status":"open","ping_status":"closed","template":"","meta":[],"_links":{"self":[{"href":"https:\/\/www.gender.gov.sk\/zastavmenasilie\/wp-json\/wp\/v2\/pages\/487"}],"collection":[{"href":"https:\/\/www.gender.gov.sk\/zastavmenasilie\/wp-json\/wp\/v2\/pages"}],"about":[{"href":"https:\/\/www.gender.gov.sk\/zastavmenasilie\/wp-json\/wp\/v2\/types\/page"}],"author":[{"embeddable":true,"href":"https:\/\/www.gender.gov.sk\/zastavmenasilie\/wp-json\/wp\/v2\/users\/2"}],"replies":[{"embeddable":true,"href":"https:\/\/www.gender.gov.sk\/zastavmenasilie\/wp-json\/wp\/v2\/comments?post=487"}],"version-history":[{"count":5,"href":"https:\/\/www.gender.gov.sk\/zastavmenasilie\/wp-json\/wp\/v2\/pages\/487\/revisions"}],"predecessor-version":[{"id":510,"href":"https:\/\/www.gender.gov.sk\/zastavmenasilie\/wp-json\/wp\/v2\/pages\/487\/revisions\/510"}],"up":[{"embeddable":true,"href":"https:\/\/www.gender.gov.sk\/zastavmenasilie\/wp-json\/wp\/v2\/pages\/505"}],"wp:attachment":[{"href":"https:\/\/www.gender.gov.sk\/zastavmenasilie\/wp-json\/wp\/v2\/media?parent=487"}],"curies":[{"name":"wp","href":"https:\/\/api.w.org\/{rel}","templated":true}]}}