{"id":503,"date":"2013-06-02T06:36:25","date_gmt":"2013-06-02T06:36:25","guid":{"rendered":"http:\/\/www.gender.gov.sk\/zastavmenasilie\/?page_id=503"},"modified":"2013-06-02T06:47:52","modified_gmt":"2013-06-02T06:47:52","slug":"kniznica-aspektu","status":"publish","type":"page","link":"https:\/\/www.gender.gov.sk\/zastavmenasilie\/o-nasili-2\/kniznica\/kniznica-aspektu\/","title":{"rendered":"Kni\u017enica Aspektu"},"content":{"rendered":"<p>Je potrebn\u00e9\u00a0<a href=\"http:\/\/www.aspekt.sk\/content\/knizna-edicia\/konat-proti-nasiliu-na-zenach-2-vydanie\">Kona\u0165 proti n\u00e1siliu na \u017een\u00e1ch<\/a>. O\u00a0tom\u00a0<em>ako<\/em>\u00a0si m\u00f4\u017eete pre\u010d\u00edta\u0165 v\u00a0<a href=\"http:\/\/www.aspekt.sk\/content\/kniznica\/kniznica-0\">kni\u017enici ASPEKTU<\/a>, ktor\u00e1 je pre v\u00e1s pr\u00edstupn\u00e1 ka\u017ed\u00fd\u00a0<a href=\"http:\/\/www.aspekt.sk\/content\/kniznica\/kedy-kde\">utorok a\u00a0\u0161tvrtok.<\/a><\/p>\n<p>&nbsp;<\/p>\n<p>K\u00a0problematike n\u00e1silia p\u00e1chan\u00e9ho na \u017een\u00e1ch n\u00e1jdete v\u00a0kni\u017enici aj tieto tituly:<span style=\"font-size: 12px;line-height: 18px\">\u00a0<\/span><\/p>\n<p>Berry, Dawn Bradley:\u00a0<em>The Domestic Violence Sourcebook : Everything You Need to Know<\/em>. 3. vyd. Los Angeles : Lowell House, 1998. ISBN 1-566565-873-6<\/p>\n<p>Bodn\u00e1rov\u00e1, Bernard\u00edna &#8211; Filadelfiov\u00e1, Jarmila:\u00a0<em>Dom\u00e1ce n\u00e1silie na Slovensku : Priebe\u017en\u00e1 spr\u00e1va z v\u00fdskumu<\/em>. 1. vyd. Bratislava : Medzin\u00e1rodn\u00e9 stredisko pre \u0161t\u00fadium rodiny, 2002. ISBN 80-89048-06-4<\/p>\n<p>Bodn\u00e1rov\u00e1, Bernard\u00edna &#8211; Filadelfiov\u00e1, Jarmila<a href=\"http:\/\/proxy.ceit.sk\/cgi-webisnt\/sh.wis?h2=10&amp;dbn%5Et4000=kniznicaaspekt&amp;gizmo%5Et4001=aw-1250&amp;jump%5Et4501=generic&amp;db%5Et4700=gen&amp;lang%5Et4902=SK&amp;name%5Et4903=kniznicaaspekt&amp;ctl%5Et4921=GA&amp;thead1%5Et4922=class=tabulka1%20BORDER=1%20CELLSPACING=1%20CELLPADDING=6&amp;thead2%5Et4923=ALIGN=CENTER%20VALIGN=TOP&amp;battr%5Et4930=bgcolor=white&amp;tfattr%5Et4932=class=intro&amp;metaex%5Et4940=LINK%20href=\/webisnt\/custom\/aspekt\/styl.css%20type=text\/css%20rel=StyleSheet&amp;TYPE%5Et4901=G&amp;h1=1&amp;search=AU=FILADELFIOVA,%20JARMILA\">:<\/a>\u00a0<em>Dom\u00e1ce n\u00e1silie a n\u00e1silie p\u00e1chan\u00e9 na \u017een\u00e1ch v SR : Skr\u00e1ten\u00e1 verzia z\u00e1vere\u010dnej spr\u00e1vy z v\u00fdskumu<\/em>. 1. vyd. Bratislava : Stredisko pre \u0161t\u00fadium rodiny, 2003. ISBN 80-89048-11-0<\/p>\n<p>Bodn\u00e1rov\u00e1, Bernard\u00edna &#8211; Filadelfiov\u00e1, Jarmila:<a href=\"http:\/\/proxy.ceit.sk\/cgi-webisnt\/sh.wis?h2=10&amp;dbn%5Et4000=kniznicaaspekt&amp;gizmo%5Et4001=aw-1250&amp;jump%5Et4501=generic&amp;db%5Et4700=gen&amp;lang%5Et4902=SK&amp;name%5Et4903=kniznicaaspekt&amp;ctl%5Et4921=GA&amp;thead1%5Et4922=class=tabulka1%20BORDER=1%20CELLSPACING=1%20CELLPADDING=6&amp;thead2%5Et4923=ALIGN=CENTER%20VALIGN=TOP&amp;battr%5Et4930=bgcolor=white&amp;tfattr%5Et4932=class=intro&amp;metaex%5Et4940=LINK%20href=\/webisnt\/custom\/aspekt\/styl.css%20type=text\/css%20rel=StyleSheet&amp;TYPE%5Et4901=G&amp;h1=1&amp;search=AU=FILADELFIOVA,%20JARMILA\">\u00a0<\/a><em>Dom\u00e1ce n\u00e1silie a n\u00e1silie na \u017een\u00e1ch : Vybran\u00e9 \u00fadaje z v\u00fdskumu. 1. vyd.<\/em>\u00a0Bratislava : Medzin\u00e1rodn\u00e9 stredisko pre \u0161t\u00fadium rodiny, 2003.<\/p>\n<p>Bodn\u00e1rov\u00e1, Bernard\u00edna &#8211; Filadelfiov\u00e1, Jarmila &#8211; Holubov\u00e1, Barbora:\u00a0<em>Reprezentat\u00edvny v\u00fdskum v\u00fdskytu a sk\u00fasenost\u00ed \u017eien s n\u00e1sil\u00edm p\u00e1chan\u00fdm na \u017een\u00e1ch (VAW) na Slovensku : Z\u00e1vere\u010dn\u00e1 spr\u00e1va.<\/em>\u00a01. vyd. Bratislava : In\u0161tit\u00fat pre v\u00fdskum pr\u00e1ce a rodiny, 2008.<\/p>\n<p>Bor\u016fvka, Nicole a\u00a0kol.:\u00a0<em>Dom\u00e1c\u00ed n\u00e1sil\u00ed &#8211; star\u00e9 probl\u00e9my, nov\u00e1 \u0159e\u0161en\u00ed?<\/em>\u00a0:\u00a0<em>Sborn\u00edk z konference po\u0159\u00e1dan\u00e9 organizacemi Friedrich-Ebert-Stiftung<\/em>,\u00a0<em>Profem a Rosa 26. listopadu 2001 v Praze<\/em>. 1. vyd. Praha : Friedrich-Ebert-Stiftung, 2002.<\/p>\n<p>Bo\u017eac Dela\u017ean, Lorena:\u00a0<em>Violence Against Women : An Indepth Survey<\/em><em>.<\/em>\u00a01. vyd. Information Centre for Disabled People ,,LOTOS&#8221; Tuzla, 2000.<\/p>\n<p>B\u00fatorov\u00e1, Zora \u2013 Filadelfiov\u00e1, Jarmila (eds.):\u00a0<em>N\u00e1silie p\u00e1chan\u00e9 na \u017een\u00e1ch ako probl\u00e9m verejnej politiky<\/em><em>.<\/em>\u00a01. vyd. Bratislava : IVO, 2005. ISBN 80-88925-78-4<\/p>\n<p>Cvikov\u00e1, Jana \u2013 Jur\u00e1\u0148ov\u00e1, Jana:\u00a0<em>Piata \u017eena : Aspekty n\u00e1silia p\u00e1chan\u00e9ho na \u017een\u00e1ch<\/em><em>.<\/em>\u00a01. vyd. Bratislava : Aspekt, 2001. ISBN 80-85549-28-X<\/p>\n<p>\u010c\u00edrtkov\u00e1, Ludmila, &#8211; Mach\u00e1\u010dkov\u00e1, Radka, &#8211; Vitou\u0161ov\u00e1, Mark\u00e9ta:\u00a0<em>Dom\u00e1c\u00ed n\u00e1sil\u00ed : P\u0159\u00edstup k \u0159e\u0161en\u00ed probl\u00e9mu ve vybran\u00fdch evropsk\u00fdch zem\u00edch.<\/em>\u00a01. vyd. Praha : B\u00edl\u00fd kruh bezpe\u010d\u00ed a Nadace Open Society Fund Praha, 2002. ISBN 80-86284-19-0<\/p>\n<p>Filadelfiov\u00e1, Jarmila &#8211; Magurov\u00e1, Zuzana &#8211; Mesochoritisov\u00e1, Adriana<a href=\"http:\/\/proxy.ceit.sk\/cgi-webisnt\/fu.wis?dbn%5Et4000=kniznicaaspekt&amp;gizmo%5Et4001=aw-1250&amp;jump%5Et4501=generic&amp;db%5Et4700=gen&amp;lang%5Et4902=SK&amp;name%5Et4903=kniznicaaspekt&amp;ctl%5Et4921=GA&amp;thead1%5Et4922=class=tabulka1%20BORDER=1%20CELLSPACING=1%20CELLPADDING=6&amp;thead2%5Et4923=ALIGN=CENTER%20VALIGN=TOP&amp;battr%5Et4930=bgcolor=white&amp;tfattr%5Et4932=class=intro&amp;metaex%5Et4940=LINK%20href=\/webisnt\/custom\/aspekt\/styl.css%20type=text\/css%20rel=StyleSheet&amp;TYPE%5Et4901=G&amp;h1=1&amp;search=AU=MESOCHORITISOVA,%20ADRIANA\">:<\/a>\u00a0<em>N\u00e1silie p\u00e1chan\u00e9 na \u017een\u00e1ch : Vybran\u00e9 kapitoly<\/em>.1. vyd. Bratislava : Esfem, 2005.<\/p>\n<p>Heiliger, Anita:\u00a0<em>M\u00e4nnergewalt gegen Frauen beenden : Strategien und Handlungsans\u00e4tze am Beispiel der M\u00fcnchner Kampagne gegen M\u00e4nnergewalt an Frauen und M\u00e4dchen\/Jungen<\/em>. 1. vyd. Opladen : Leske+Budrich, 2000. ISBN 3-8100-2452-2<\/p>\n<p>Heise, Lori L. &#8211; Pitangui, Jacqueline &#8211; Germain, Adrienne<a href=\"http:\/\/proxy.ceit.sk\/cgi-webisnt\/fu.wis?dbn%5Et4000=kniznicaaspekt&amp;gizmo%5Et4001=aw-1250&amp;jump%5Et4501=generic&amp;db%5Et4700=gen&amp;lang%5Et4902=SK&amp;name%5Et4903=kniznicaaspekt&amp;ctl%5Et4921=GA&amp;thead1%5Et4922=class=tabulka1%20BORDER=1%20CELLSPACING=1%20CELLPADDING=6&amp;thead2%5Et4923=ALIGN=CENTER%20VALIGN=TOP&amp;battr%5Et4930=bgcolor=white&amp;tfattr%5Et4932=class=intro&amp;metaex%5Et4940=LINK%20href=\/webisnt\/custom\/aspekt\/styl.css%20type=text\/css%20rel=StyleSheet&amp;TYPE%5Et4901=G&amp;h1=1&amp;search=AU=GERMAIN,%20ADRIENNE\">:\u00a0<\/a><em>N\u00e1silie p\u00e1chan\u00e9 na \u017een\u00e1ch : Skryt\u00e1 ujma na zdrav\u00ed.<\/em>\u00a01. vyd. Humenn\u00e9\/Bratislava : Pro Familia\/Aspekt, 1998. ISBN 80-967964-0-2<\/p>\n<p>Heretik, Anton \u00a0a\u00a0kol.:\u00a0<em>Dom\u00e1ce n\u00e1silie III.<\/em>\u00a01. vyd. Bratislava : OZ Pomoc ohrozen\u00fdm de\u0165om, 2004. ISBN 80-968925-1-4<\/p>\n<p>Kalisk\u00e1, Lada (zost.):\u00a0<em>N\u00e1silie v rodine a v \u0161kole : Monografia \u0161t\u00fadi\u00ed a pr\u00edspevkov odborn\u00e9ho semin\u00e1ra<\/em>. 1. vyd. Nitra : Fakulta soci\u00e1lnych vied UKF v Nitre, 2003. ISBN 80-8050-611-6<\/p>\n<p><em>Ochrana obete v dom\u00e1com n\u00e1sil\u00ed : Zborn\u00edk pr\u00edspevkov n\u00e1rodnej konferencie konanej v d\u0148och 15. &#8211; 16. apr\u00edla 1999 v Bratislave<\/em>. 1. vyd. Bratislava : N\u00e1rodn\u00e9 centrum pre rovnopr\u00e1vnos\u0165 \u017eien a mu\u017eov, 1999.<\/p>\n<p>\u0160t\u00farov\u00e1, Jana a\u00a0kol.:\u00a0<em>Dom\u00e1ce n\u00e1silie<\/em>. 1. vyd. Bratislava : OZ Pomoc ohrozen\u00fdm de\u0165om, 2001. ISBN 80-968579-4-0<\/p>\n<p>\u0160t\u00farov\u00e1, Jana a\u00a0kol.:\u00a0<em>Dom\u00e1ce n\u00e1silie II<\/em>. 1. vyd. &#8211; Bratislava : OZ Pomoc ohrozen\u00fdm de\u0165om &#8211; Centrum N\u00e1dej, 2001. ISBN 80-968579-4-0<\/p>\n<p>Vavro\u0148, Ji\u0159\u00ed a\u00a0kol.:\u00a0<em>Dneska t\u011b je\u0161t\u011b nezabiju : Zpr\u00e1va o stavu dom\u00e1c\u00edh n\u00e1sil\u00ed<\/em><em>.<\/em>\u00a01. vyd. &#8211; Praha : Nadace Rosa, 1997.<\/p>\n<p>Vo\u0148kov\u00e1, Ji\u0159ina &#8211; Hu\u0148kov\u00e1, Mark\u00e9ta<a href=\"http:\/\/proxy.ceit.sk\/cgi-webisnt\/fu.wis?dbn%5Et4000=kniznicaaspekt&amp;gizmo%5Et4001=aw-1250&amp;jump%5Et4501=generic&amp;db%5Et4700=gen&amp;lang%5Et4902=SK&amp;name%5Et4903=kniznicaaspekt&amp;ctl%5Et4921=GA&amp;thead1%5Et4922=class=tabulka1%20BORDER=1%20CELLSPACING=1%20CELLPADDING=6&amp;thead2%5Et4923=ALIGN=CENTER%20VALIGN=TOP&amp;battr%5Et4930=bgcolor=white&amp;tfattr%5Et4932=class=intro&amp;metaex%5Et4940=LINK%20href=\/webisnt\/custom\/aspekt\/styl.css%20type=text\/css%20rel=StyleSheet&amp;TYPE%5Et4901=G&amp;h1=1&amp;search=AU=HUNKOVA,%20MARKETA\">:\u00a0<\/a><em>Dom\u00e1c\u00ed n\u00e1sil\u00ed v \u010desk\u00e9m pr\u00e1vu z pohledu \u017een<\/em>. 1. vyd. Praha : ProFem, 2004. ISBN 80-239-2106-1<\/p>\n","protected":false},"excerpt":{"rendered":"<p>Je potrebn\u00e9\u00a0Kona\u0165 proti n\u00e1siliu na \u017een\u00e1ch. O\u00a0tom\u00a0ako\u00a0si m\u00f4\u017eete pre\u010d\u00edta\u0165 v\u00a0kni\u017enici ASPEKTU, ktor\u00e1 je pre v\u00e1s pr\u00edstupn\u00e1 ka\u017ed\u00fd\u00a0utorok a\u00a0\u0161tvrtok. &nbsp; K\u00a0problematike n\u00e1silia p\u00e1chan\u00e9ho na \u017een\u00e1ch n\u00e1jdete v\u00a0kni\u017enici aj tieto tituly:\u00a0 Berry, Dawn Bradley:\u00a0The Domestic Violence Sourcebook : Everything You Need to Know. 3. vyd. Los Angeles : Lowell House, 1998. ISBN 1-566565-873-6 Bodn\u00e1rov\u00e1, Bernard\u00edna &#8211; Filadelfiov\u00e1, &hellip; <\/p>\n<p><a class=\"more-link block-button\" href=\"https:\/\/www.gender.gov.sk\/zastavmenasilie\/o-nasili-2\/kniznica\/kniznica-aspektu\/\">\u010c\u00edta\u0165 viac &raquo;<\/a><\/p>\n","protected":false},"author":2,"featured_media":0,"parent":505,"menu_order":4,"comment_status":"open","ping_status":"closed","template":"","meta":[],"_links":{"self":[{"href":"https:\/\/www.gender.gov.sk\/zastavmenasilie\/wp-json\/wp\/v2\/pages\/503"}],"collection":[{"href":"https:\/\/www.gender.gov.sk\/zastavmenasilie\/wp-json\/wp\/v2\/pages"}],"about":[{"href":"https:\/\/www.gender.gov.sk\/zastavmenasilie\/wp-json\/wp\/v2\/types\/page"}],"author":[{"embeddable":true,"href":"https:\/\/www.gender.gov.sk\/zastavmenasilie\/wp-json\/wp\/v2\/users\/2"}],"replies":[{"embeddable":true,"href":"https:\/\/www.gender.gov.sk\/zastavmenasilie\/wp-json\/wp\/v2\/comments?post=503"}],"version-history":[{"count":2,"href":"https:\/\/www.gender.gov.sk\/zastavmenasilie\/wp-json\/wp\/v2\/pages\/503\/revisions"}],"predecessor-version":[{"id":511,"href":"https:\/\/www.gender.gov.sk\/zastavmenasilie\/wp-json\/wp\/v2\/pages\/503\/revisions\/511"}],"up":[{"embeddable":true,"href":"https:\/\/www.gender.gov.sk\/zastavmenasilie\/wp-json\/wp\/v2\/pages\/505"}],"wp:attachment":[{"href":"https:\/\/www.gender.gov.sk\/zastavmenasilie\/wp-json\/wp\/v2\/media?parent=503"}],"curies":[{"name":"wp","href":"https:\/\/api.w.org\/{rel}","templated":true}]}}