{"id":550,"date":"2013-06-04T19:24:01","date_gmt":"2013-06-04T19:24:01","guid":{"rendered":"http:\/\/www.gender.gov.sk\/zastavmenasilie\/?page_id=550"},"modified":"2016-10-20T19:13:31","modified_gmt":"2016-10-20T19:13:31","slug":"upsvar","status":"publish","type":"page","link":"https:\/\/www.gender.gov.sk\/zastavmenasilie\/informacie\/zakony\/upsvar\/","title":{"rendered":"Soci\u00e1lno-pr\u00e1vna ochrana"},"content":{"rendered":"<p><a href=\"http:\/\/www.zakonypreludi.sk\/zz\/2005-305\" target=\"_blank\">Z\u00e1kon \u010d. 305\/2005 Z. z.Z\u00e1kon o soci\u00e1lnopr\u00e1vnej ochrane det\u00ed a o soci\u00e1lnej kuratele a o zmene a doplnen\u00ed niektor\u00fdch z\u00e1konov<\/a><\/p>\n<p><a href=\"http:\/\/www.upsvar.sk\/buxus\/docs\/\/SSVaR\/zakony\/vyhlaska-643_2008zz__1_.pdf\" target=\"_blank\">Vyhl\u00e1\u0161ka Ministerstva pr\u00e1ce, soci\u00e1lnych vec\u00ed a rodiny Slovenskej republiky \u010d. 643\/2008 Z. z., ktorou sa vykon\u00e1vaj\u00fa niektor\u00e9 ustanovenia z\u00e1kona \u010d. 305\/2005 Z. z. o soci\u00e1lnopr\u00e1vnej ochrane det\u00ed a o soci\u00e1lnej kuratele a o zmene a doplnen\u00ed\u00a0nieotr\u00fdch z\u00e1konov v znen\u00ed neskor\u0161\u00edch predpisov<\/a><\/p>\n<p><a href=\"http:\/\/www.upsvar.sk\/buxus\/docs\/\/SSVaR\/zakony\/dohovor-o-pravach-dietata.pdf\" target=\"_blank\">Dohovor o pr\u00e1vach die\u0165a\u0165a<\/a><\/p>\n<p><a title=\"Vykon\u00e1vanie funkcie kol\u00edzneho opatrovn\u00edka a s\u00favisiacich opatren\u00ed soci\u00e1lnopr\u00e1vnej ochrany det\u00ed a soci\u00e1lnej kurately \u00faradmi pr\u00e1ce, soci\u00e1lnych vec\u00ed a rodiny\" href=\"http:\/\/www.upsvar.sk\/buxus\/docs\/\/SSVaR\/zakony\/IN_014_-_2012_-__Vykonavanie_funkcie_kolizneho_opatrovnika_a_suvisiacich_opatreni_socialnopravnej_ochrany_deti_a_socialnej_kurately_uradmi_prace__socialnych_veci_a_rodiny__IN_014_2012.pdf\" target=\"_blank\">Vykon\u00e1vanie funkcie kol\u00edzneho opatrovn\u00edka a s\u00favisiacich opatren\u00ed soci\u00e1lnopr\u00e1vnej ochrany det\u00ed a soci\u00e1lnej kurately \u00faradmi pr\u00e1ce, soci\u00e1lnych vec\u00ed a rodiny<\/a><\/p>\n<p>&nbsp;<\/p>\n<p><strong>Org\u00e1ny p\u00f4sobiace v oblasti soci\u00e1lnopr\u00e1vnej ochrany det\u00ed a soci\u00e1lnej kurately<\/strong><\/p>\n<p><span style=\"font-size: 12px;line-height: 18px\">Opatrenia soci\u00e1lnopr\u00e1vnej ochrany det\u00ed a soci\u00e1lnej kurately sa vykon\u00e1vaj\u00fa pre die\u0165a, plnolet\u00fa fyzick\u00fa osobu, rodinu, skupinu a komunitu najm\u00e4 prostredn\u00edctvom soci\u00e1lnej pr\u00e1ce, met\u00f3dami, technikami a postupmi zodpovedaj\u00facimi poznatkom spolo\u010densk\u00fdch vied a poznatkom o stave a v\u00fdvoji soci\u00e1lnopatologick\u00fdch javov v spolo\u010dnosti.<\/span><\/p>\n<p><strong>\u00dastredie pr\u00e1ce, soci\u00e1lnych vec\u00ed a rodiny a \u00farady pr\u00e1ce, soci\u00e1lnych vec\u00ed a rodiny<\/strong> (\u010falej len org\u00e1n soci\u00e1lnopr\u00e1vnej ochrany det\u00ed a soci\u00e1lnej kurately), <strong>Centrum pre medzin\u00e1rodnopr\u00e1vnu ochranu det\u00ed a ml\u00e1de\u017ee<\/strong>, obec, vy\u0161\u0161\u00ed \u00fazemn\u00fd celok, pr\u00e1vnick\u00e1 osoba alebo fyzick\u00e1 osoba, ktorej bola udelen\u00e1 akredit\u00e1cia a subjekty, ktor\u00e9 vykon\u00e1vaj\u00fa opatrenia soci\u00e1lnopr\u00e1vnej ochrany det\u00ed a soci\u00e1lnej kurately pod\u013ea tohto z\u00e1kona, s\u00fa povinn\u00e9 dba\u0165 na to, aby nedoch\u00e1dzalo k ohrozovaniu alebo poru\u0161ovaniu pr\u00e1v die\u0165a\u0165a. V\u0161etky org\u00e1ny, pr\u00e1vnick\u00e9 osoby a fyzick\u00e9 osoby uveden\u00e9 v prvej vete vykon\u00e1van\u00edm opatren\u00ed pod\u013ea tohto z\u00e1kona zabezpe\u010duj\u00fa die\u0165a\u0165u ochranu a starostlivos\u0165, ktor\u00e1 je nevyhnutn\u00e1 pre jeho blaho a ochranu jeho pr\u00e1vom chr\u00e1nen\u00fdch z\u00e1ujmov, pri re\u0161pektovan\u00ed jeho pr\u00e1v priznan\u00fdch medzin\u00e1rodn\u00fdm dohovorom s oh\u013eadom na pr\u00e1va a povinnosti jeho rodi\u010dov, osvojite\u013eov, poru\u010dn\u00edka, opatrovn\u00edka a osoby, ktorej s\u00fad zveril die\u0165a do osobnej starostlivosti pod\u013ea osobitn\u00e9ho predpis alebo pest\u00fanskej starostlivosti.<\/p>\n<p>P\u00f4sobnos\u0165 org\u00e1nov soci\u00e1lnopr\u00e1vnej ochrany det\u00ed a soci\u00e1lnej kurately pod\u013ea \u00a7 73 z\u00e1kona \u010d. 305\/2005 Z. z. o soci\u00e1lnopr\u00e1vnej ochrane det\u00ed a o soci\u00e1lnej kuratele a o zmene a doplnen\u00ed niektor\u00fdch z\u00e1konov<\/p>\n<p><span style=\"color: #993300\"><strong>\u00dastredie pr\u00e1ce, soci\u00e1lnych vec\u00ed a rodiny<\/strong><\/span><strong><\/strong><\/p>\n<p><a href=\"http:\/\/www.upsvar.sk\" target=\"_blank\">\u00dastredie pr\u00e1ce, soci\u00e1lnych vec\u00ed a rodiny <\/a>ako org\u00e1n \u0161t\u00e1tnej spr\u00e1vy v oblasti soci\u00e1lnopr\u00e1vnej ochrany det\u00ed a soci\u00e1lnej kurately<\/p>\n<p>a) riadi, kontroluje a metodicky usmer\u0148uje v\u00fdkon \u0161t\u00e1tnej spr\u00e1vy v oblasti soci\u00e1lnopr\u00e1vnej ochrany det\u00ed a soci\u00e1lnej kurately a vykon\u00e1vanie poradensko-psychologick\u00fdch slu\u017eieb uskuto\u010d\u0148ovan\u00e9 \u00faradmi pr\u00e1ce, soci\u00e1lnych vec\u00ed a rodiny,<\/p>\n<p>&nbsp;<\/p>\n<p><strong>\u00darad pr\u00e1ce, soci\u00e1lnych vec\u00ed a rodiny<\/strong><strong><\/strong><\/p>\n<p>vykon\u00e1va<\/p>\n<ul>\n<li>pre die\u0165a opatrenia soci\u00e1lnej kurately,<\/li>\n<li>funkciu kol\u00edzneho opatrovn\u00edka (napr. pri rozvode),<\/li>\n<li>funkciu opatrovn\u00edka\u00a0alebo poru\u010dn\u00edka malolet\u00e9mu bez sprievodu,<\/li>\n<li>funkciu opatrovn\u00edka v trestnom konan\u00ed,<\/li>\n<li>potrebn\u00e9 opatrenia na n\u00e1vrat a premiestenie die\u0165a\u0165a z cudziny,<\/li>\n<li>poradensko-psychologick\u00e9 slu\u017eby pre die\u0165a, plnolet\u00fa fyzick\u00fa osobu a rodinu, poradensko-psychologick\u00fa pomoc<\/li>\n<\/ul>\n<p>pod\u00e1va n\u00e1vrhy na s\u00fad<\/p>\n<ul>\n<li>na vydanie predbe\u017en\u00e9ho opatrenia,<\/li>\n<li>na ur\u010denie alebo zapretie otcovstva,<\/li>\n<li>na za\u010datie konania o splnen\u00ed podmienok osvojite\u013enosti,<\/li>\n<li>na nariadenie \u00fastavnej starostlivosti alebo zru\u0161enie \u00fastavnej starostlivosti,<\/li>\n<li>na ulo\u017eenie v\u00fdchovn\u00e9ho opatrenia alebo zru\u0161enie v\u00fdchovn\u00e9ho opatrenia ulo\u017een\u00e9ho s\u00fadom,<\/li>\n<li>na vykonanie z\u00e1sahu do rodi\u010dovsk\u00fdch pr\u00e1v a povinnost\u00ed,<\/li>\n<\/ul>\n<p>\u010ealej \u00farad<\/p>\n<ul>\n<li>pln\u00ed \u00falohu koordin\u00e1tora, ak treba pri vykon\u00e1van\u00ed opatren\u00ed soci\u00e1lnej kurately pre deti alebo pomoci de\u0165om, ktor\u00e9 s\u00fa t\u00fdran\u00e9, pohlavne zneu\u017e\u00edvan\u00e9, zanedb\u00e1van\u00e9 alebo u ktor\u00fdch je d\u00f4vodn\u00e9 podozrenie z t\u00fdrania, pohlavn\u00e9ho zneu\u017e\u00edvania alebo zanedb\u00e1vania, spolup\u00f4sobenie in\u00fdch subjektov,<\/li>\n<li>vym\u00e1ha n\u00e1klady spojen\u00e9 so zabezpe\u010den\u00edm n\u00e1vratu alebo premiestnenia die\u0165a\u0165a pod\u013ea \u00a7 28 ods. 8,<\/li>\n<li>spisuje a pod\u00e1va s\u00fadu n\u00e1vrhy a podnety vo veciach v\u00fdchovy a v\u00fd\u017eivy die\u0165a\u0165a,<\/li>\n<li>vyprac\u00fava pl\u00e1n soci\u00e1lnej pr\u00e1ce s die\u0165a\u0165om, jeho rodi\u010dmi alebo osobou, ktor\u00e1 sa osobne star\u00e1 o die\u0165a, lebo\u00a0s plnoletou fyzickou osobou,<\/li>\n<\/ul>\n<p><span style=\"color: #993300\">Zoznam \u00faradov pr\u00e1ce, soci\u00e1lnych vec\u00ed a rodiny v SR\u00a0<a href=\"http:\/\/www.upsvar.sk\/urady-psvr\/zoznam-uradov-prace-socialnych-veci-a-rodiny.html?page_id=1570\" target=\"_blank\"><span style=\"color: #993300\">TU<\/span><\/a><\/span><\/p>\n<p>&nbsp;<\/p>\n<p><span style=\"color: #993300\"><strong>Centrum pre medzin\u00e1rodnopr\u00e1vnu ochranu det\u00ed a ml\u00e1de\u017ee<\/strong><\/span><strong><\/strong><\/p>\n<p>\u0160pit\u00e1lska 8, Bratislava<\/p>\n<p>Tel: +4212\/2046 3208,\u00a03248<\/p>\n<p>E &#8211; mail: cipc@cipc.gov.sk<\/p>\n<p>www.cipc.sk<\/p>\n<p>&nbsp;<\/p>\n<p><a href=\"http:\/\/www.cipc.sk\" target=\"_blank\">Centrum pre medzin\u00e1rodnopr\u00e1vnu ochranu det\u00ed a ml\u00e1de\u017ee <\/a>pln\u00ed \u00falohy org\u00e1nu ur\u010den\u00e9ho na vykon\u00e1vanie medzin\u00e1rodn\u00fdch dohovorov a pr\u00e1vnych aktov Eur\u00f3pskej \u00fanie, a to<\/p>\n<p>1. pln\u00ed \u00falohy prij\u00edmaj\u00faceho org\u00e1nu a odosielaj\u00faceho org\u00e1nu v oblasti vym\u00e1hania v\u00fd\u017eivn\u00e9ho pod\u013ea medzin\u00e1rodn\u00fdch dohovorov,<\/p>\n<p>2. pln\u00ed \u00falohy \u00fastredn\u00e9ho org\u00e1nu pod\u013ea medzin\u00e1rodn\u00fdch dohovorov a pr\u00e1vnych aktov Eur\u00f3pskej \u00fanie,<\/p>\n<p>3. vyd\u00e1va osved\u010denie pod\u013ea medzin\u00e1rodn\u00e9ho dohovoru,<\/p>\n<p>4. pln\u00ed \u010fal\u0161ie \u00falohy v oblasti soci\u00e1lnopr\u00e1vnej ochrany det\u00ed vo vz\u0165ahu k cudzine pod\u013ea osobitn\u00fdch predpisov,<\/p>\n<p>5. spolupracuje s prij\u00edmaj\u00facimi org\u00e1nmi a odosielaj\u00facimi org\u00e1nmi zmluvn\u00fdch \u0161t\u00e1tov v cudzine, s \u00fastredn\u00fdmi org\u00e1nmi zmluvn\u00fdch \u0161t\u00e1tov v cudzine, zastupite\u013esk\u00fdmi \u00faradmi, \u00fastredn\u00fdmi org\u00e1nmi \u0161t\u00e1tnej spr\u00e1vy, bankami, pobo\u010dkami zahrani\u010dn\u00fdch b\u00e1nk, org\u00e1nmi miestnej \u0161t\u00e1tnej spr\u00e1vy, org\u00e1nmi \u00fazemnej samospr\u00e1vy a s akreditovan\u00fdmi subjektmi.<\/p>\n<p>Za t\u00fdm \u00fa\u010delom Centrum najm\u00e4:<\/p>\n<p>a. pln\u00ed \u00falohy prij\u00edmaj\u00faceho org\u00e1nu a odosielaj\u00faceho org\u00e1nu v oblasti vym\u00e1hania v\u00fd\u017eivn\u00e9ho<\/p>\n<p>b. pln\u00ed \u00falohy \u00fastredn\u00e9ho org\u00e1nu v oblasti medzin\u00e1rodn\u00fdch \u00fanosov det\u00ed a \u00fapravy styku rodi\u010da s die\u0165a\u0165om pod\u013ea medzin\u00e1rodn\u00fdch dohovorov<\/p>\n<p>c. pln\u00ed \u00falohu \u00fastredn\u00e9ho org\u00e1nu v oblasti medzi\u0161t\u00e1tnych osvojen\u00ed pod\u013ea medzin\u00e1rodn\u00e9ho dohovoru<\/p>\n<p>d. vykon\u00e1va funkciu kol\u00edzneho opatrovn\u00edka na z\u00e1klade rozhodnutia s\u00fadu Slovenskej republiky v konaniach starostlivosti o deti s medzin\u00e1rodn\u00fdm prvkom<\/p>\n<p>e. poskytuje pr\u00e1vnu pomoc a poradenstvo najm\u00e4 pri vym\u00e1han\u00ed v\u00fd\u017eivn\u00e9ho vo vz\u0165ahu k cudzine, medzin\u00e1rodn\u00fdch \u00fanosoch det\u00ed, medzi\u0161t\u00e1tnych osvojeniach<\/p>\n<p>f. \u00a0pln\u00ed \u010fal\u0161ie \u00falohy v oblasti soci\u00e1lno-pr\u00e1vnej ochrany vo vz\u0165ahu k cudzine pod\u013ea osobitn\u00fdch predpisov<\/p>\n<p>g. pln\u00ed \u010fal\u0161ie \u00falohy vypl\u00fdvaj\u00face pre Slovensk\u00fa republiku z medzin\u00e1rodn\u00fdch dohovorov, t\u00fdkaj\u00facich sa soci\u00e1lno-pr\u00e1vnej ochrany<\/p>\n<p>&nbsp;<\/p>\n<p><span style=\"color: #993300\"><strong>P\u00f4sobnos\u0165 obce\u00a0<\/strong><\/span>pod\u013ea \u00a7 75 z\u00e1kona \u010d. 305\/2005 Z. z. o soci\u00e1lnopr\u00e1vnej ochrane det\u00ed a o soci\u00e1lnej kuratele a o zmene a doplnen\u00ed niektor\u00fdch z\u00e1konov<\/p>\n<p>Obec pri v\u00fdkone svojej samospr\u00e1vnej p\u00f4sobnosti poskytuje pomoc<\/p>\n<p>1. die\u0165a\u0165u v naliehav\u00fdch pr\u00edpadoch, najm\u00e4 ak je ohrozen\u00fd jeho \u017eivot, zdravie alebo priazniv\u00fd psychick\u00fd v\u00fdvin, fyzick\u00fd v\u00fdvin a soci\u00e1lny v\u00fdvin,<\/p>\n<p>2. die\u0165a\u0165u alebo plnoletej fyzickej osobe ohrozenej spr\u00e1van\u00edm \u010dlena rodiny, \u010dlenov rodiny alebo spr\u00e1van\u00edm in\u00fdch fyzick\u00fdch os\u00f4b,<\/p>\n<p>3. na zachovanie a \u00fapravu vz\u00e1jomn\u00fdch vz\u0165ahov medzi die\u0165a\u0165om a rodi\u010dom a \u00fapravu rodinn\u00fdch pomerov die\u0165a\u0165a, ak bolo die\u0165a umiesten\u00e9 v zariaden\u00ed na v\u00fdkon \u00fastavnej starostlivosti, predbe\u017en\u00e9ho opatrenia alebo v\u00fdchovn\u00e9ho opatrenia,<\/p>\n","protected":false},"excerpt":{"rendered":"<p>Z\u00e1kon \u010d. 305\/2005 Z. z.Z\u00e1kon o soci\u00e1lnopr\u00e1vnej ochrane det\u00ed a o soci\u00e1lnej kuratele a o zmene a doplnen\u00ed niektor\u00fdch z\u00e1konov Vyhl\u00e1\u0161ka Ministerstva pr\u00e1ce, soci\u00e1lnych vec\u00ed a rodiny Slovenskej republiky \u010d. 643\/2008 Z. z., ktorou sa vykon\u00e1vaj\u00fa niektor\u00e9 ustanovenia z\u00e1kona \u010d. 305\/2005 Z. z. o soci\u00e1lnopr\u00e1vnej ochrane det\u00ed a o soci\u00e1lnej kuratele a o zmene a &hellip; <\/p>\n<p><a class=\"more-link block-button\" href=\"https:\/\/www.gender.gov.sk\/zastavmenasilie\/informacie\/zakony\/upsvar\/\">\u010c\u00edta\u0165 viac &raquo;<\/a><\/p>\n","protected":false},"author":2,"featured_media":0,"parent":8,"menu_order":0,"comment_status":"open","ping_status":"open","template":"","meta":[],"_links":{"self":[{"href":"https:\/\/www.gender.gov.sk\/zastavmenasilie\/wp-json\/wp\/v2\/pages\/550"}],"collection":[{"href":"https:\/\/www.gender.gov.sk\/zastavmenasilie\/wp-json\/wp\/v2\/pages"}],"about":[{"href":"https:\/\/www.gender.gov.sk\/zastavmenasilie\/wp-json\/wp\/v2\/types\/page"}],"author":[{"embeddable":true,"href":"https:\/\/www.gender.gov.sk\/zastavmenasilie\/wp-json\/wp\/v2\/users\/2"}],"replies":[{"embeddable":true,"href":"https:\/\/www.gender.gov.sk\/zastavmenasilie\/wp-json\/wp\/v2\/comments?post=550"}],"version-history":[{"count":6,"href":"https:\/\/www.gender.gov.sk\/zastavmenasilie\/wp-json\/wp\/v2\/pages\/550\/revisions"}],"predecessor-version":[{"id":552,"href":"https:\/\/www.gender.gov.sk\/zastavmenasilie\/wp-json\/wp\/v2\/pages\/550\/revisions\/552"}],"up":[{"embeddable":true,"href":"https:\/\/www.gender.gov.sk\/zastavmenasilie\/wp-json\/wp\/v2\/pages\/8"}],"wp:attachment":[{"href":"https:\/\/www.gender.gov.sk\/zastavmenasilie\/wp-json\/wp\/v2\/media?parent=550"}],"curies":[{"name":"wp","href":"https:\/\/api.w.org\/{rel}","templated":true}]}}