{"id":6,"date":"2012-06-27T06:45:19","date_gmt":"2012-06-27T06:45:19","guid":{"rendered":"http:\/\/www.gender.gov.sk\/zastavmenasilie\/?page_id=6"},"modified":"2015-10-27T13:38:03","modified_gmt":"2015-10-27T13:38:03","slug":"informacie","status":"publish","type":"page","link":"https:\/\/www.gender.gov.sk\/zastavmenasilie\/informacie\/","title":{"rendered":"Dokumenty"},"content":{"rendered":"<p>N\u00e1silie p\u00e1chan\u00e9 na \u017een\u00e1ch je z\u00e1va\u017en\u00fdm a\u00a0\u010doraz vidite\u013enej\u0161\u00edm celospolo\u010densk\u00fdm probl\u00e9mom aj v\u00a0podmienkach SR, napriek tomu m\u00e1 vysok\u00fa latenciu. V\u00e4\u010d\u0161ina n\u00e1siln\u00fdch \u010dinov p\u00e1chan\u00fdch na \u017een\u00e1ch sa p\u00e1cha doma za zavret\u00fdmi dverami, kde okrem det\u00ed nie s\u00fa pr\u00edtomn\u00ed \u017eiadni svedkovia.<\/p>\n<p><strong>Defin\u00edcia pojmu n\u00e1silie p\u00e1chan\u00e9 na \u017een\u00e1ch<\/strong><br \/>\nNAP<sup>\u00a0[1]\u00a0<\/sup>ako aj NS<sup>\u00a0[2]\u00a0<\/sup>definuj\u00fa tento typ n\u00e1silia v s\u00falade s Deklar\u00e1ciou OSN o odstr\u00e1nen\u00ed n\u00e1silia p\u00e1chan\u00e9ho na \u017een\u00e1ch (1993). A s\u00edce ako \u201e<em>ak\u00fdko\u013evek \u010din n\u00e1silia zalo\u017een\u00fd na rodovej nerovnosti, ktor\u00e9ho d\u00f4sledkom je alebo ktor\u00fd smeruje k tomu, aby jeho d\u00f4sledkom bolo fyzick\u00e9, sexu\u00e1lne alebo psychick\u00e9 po\u0161kodenie trpiacej \u017eeny, vr\u00e1tane vyhr\u00e1\u017eania sa tak\u00fdmito \u010dinmi, n\u00e1tlaku alebo ak\u00e9hoko\u013evek potla\u010denia slobody, \u010di u\u017e vo verejnom, alebo v s\u00fakromnom \u017eivote<\/em>\u201c.<\/p>\n<p><strong>Verejn\u00e1 mienka<\/strong><strong><\/strong><\/p>\n<p>Pod\u013ea obyvate\u013eov Slovenska je n\u00e1silie p\u00e1chan\u00e9 na \u017een\u00e1ch z\u00e1va\u017en\u00fdm probl\u00e9mom. T\u00fdranie a bitie \u017eeny svoj\u00edm partnerom za v\u00e1\u017eny probl\u00e9m poklad\u00e1 87 % obyvate\u013eov SR, z toho 46 % ho pova\u017euje za ve\u013emi z\u00e1va\u017en\u00fd a 41 % za dos\u0165 z\u00e1va\u017en\u00fd. Ako ve\u013emi z\u00e1va\u017en\u00fd probl\u00e9m ho hodnotia o nie\u010do \u010dastej\u0161ie \u017eeny, naj\u010dastej\u0161ie vo vekovej skupine od 35 do 54 rokov, so stredo\u0161kolsk\u00fdm vzdelan\u00edm s maturitou. [6]<\/p>\n<p>Aj napriek zv\u00fd\u0161en\u00e9mu \u00fasiliu Slovenska informova\u0165 a vzdel\u00e1va\u0165, je informovanos\u0165 verejnosti, a najm\u00e4 potenci\u00e1lnej cie\u013eovej skupiny st\u00e1le nedostato\u010dn\u00e1 (obete vo veku 18 a\u017e 25 rokov, mlad\u0161ia vekov\u00fa skupinu, stredo\u0161kolsk\u00e1 ml\u00e1de\u017e, r\u00f3mske \u017eeny a diev\u010dat\u00e1 v \u00fastavnej starostlivosti).<\/p>\n<p><strong>V\u00fdskyt<\/strong><\/p>\n<p>Pod\u013ea reprezentat\u00edvneho prieskumu v\u00fdskytu a\u00a0sk\u00fasenosti \u017eien s\u00a0n\u00e1sil\u00edm p\u00e1chan\u00fdm na \u017een\u00e1ch na Slovensku realizovanom v\u00a0roku 2008<a title=\"\" href=\"\/VaW\/NPVAW\/analyza_uskutocnitelnosti_NP_VAW.docx#_ftn1\">[1]<\/a> je n\u00e1silie p\u00e1chan\u00e9 na \u017een\u00e1ch v\u00e1\u017enym spolo\u010densk\u00fdm probl\u00e9mom. Zasahuje ve\u013ek\u00fa skupinu \u017eien, dot\u00fdka sa r\u00f4znych oblast\u00ed od detstva po dospelos\u0165, int\u00edmne vz\u0165ahy nevyn\u00edmaj\u00fac. Na Slovensku je dom\u00e1cemu n\u00e1siliu vystaven\u00e1 ka\u017ed\u00e1 piata \u017eena napr. ka\u017ed\u00e1 piata dospel\u00e1 \u017eena, ktor\u00e1 m\u00e1 v\u00a0s\u00fa\u010dasnosti partnera za\u017eila z\u00a0jeho strany n\u00e1siln\u00e9 spr\u00e1vanie \u2013 presnej\u0161ie 21,2% dospel\u00fdch \u017eien SR vo veku 18 \u2013 64 rokov.\u00a0 V\u00fdskyt n\u00e1silia p\u00e1chan\u00e9ho na \u017een\u00e1ch od b\u00fdval\u00fdch partnerov je e\u0161te vy\u0161\u0161\u00ed: z\u00a0dospel\u00fdch \u017eien, ktor\u00e9 mali b\u00fdval\u00e9ho partnera, za\u017eilo z\u00a0jeho strany n\u00e1siln\u00e9 spr\u00e1vanie\u00a0 27,9% , z\u00a0toho 12.2% vyhranen\u00e9 n\u00e1silie.<\/p>\n<div>\n<hr align=\"left\" size=\"1\" width=\"33%\" \/>\n<div>\n<p><a title=\"\" href=\"\/VaW\/NPVAW\/analyza_uskutocnitelnosti_NP_VAW.docx#_ftnref1\">[1]<\/a> Filadelfiov\u00e1, Holubov\u00e1 et al., In\u0161tit\u00fat pre v\u00fdskum pr\u00e1ce a\u00a0rodiny, 2008<\/p>\n<\/div>\n<\/div>\n","protected":false},"excerpt":{"rendered":"<p>N\u00e1silie p\u00e1chan\u00e9 na \u017een\u00e1ch je z\u00e1va\u017en\u00fdm a\u00a0\u010doraz vidite\u013enej\u0161\u00edm celospolo\u010densk\u00fdm probl\u00e9mom aj v\u00a0podmienkach SR, napriek tomu m\u00e1 vysok\u00fa latenciu. V\u00e4\u010d\u0161ina n\u00e1siln\u00fdch \u010dinov p\u00e1chan\u00fdch na \u017een\u00e1ch sa p\u00e1cha doma za zavret\u00fdmi dverami, kde okrem det\u00ed nie s\u00fa pr\u00edtomn\u00ed \u017eiadni svedkovia. Defin\u00edcia pojmu n\u00e1silie p\u00e1chan\u00e9 na \u017een\u00e1ch NAP\u00a0[1]\u00a0ako aj NS\u00a0[2]\u00a0definuj\u00fa tento typ n\u00e1silia v s\u00falade s Deklar\u00e1ciou OSN &hellip; <\/p>\n<p><a class=\"more-link block-button\" href=\"https:\/\/www.gender.gov.sk\/zastavmenasilie\/informacie\/\">\u010c\u00edta\u0165 viac &raquo;<\/a><\/p>\n","protected":false},"author":2,"featured_media":0,"parent":0,"menu_order":2,"comment_status":"closed","ping_status":"closed","template":"","meta":[],"_links":{"self":[{"href":"https:\/\/www.gender.gov.sk\/zastavmenasilie\/wp-json\/wp\/v2\/pages\/6"}],"collection":[{"href":"https:\/\/www.gender.gov.sk\/zastavmenasilie\/wp-json\/wp\/v2\/pages"}],"about":[{"href":"https:\/\/www.gender.gov.sk\/zastavmenasilie\/wp-json\/wp\/v2\/types\/page"}],"author":[{"embeddable":true,"href":"https:\/\/www.gender.gov.sk\/zastavmenasilie\/wp-json\/wp\/v2\/users\/2"}],"replies":[{"embeddable":true,"href":"https:\/\/www.gender.gov.sk\/zastavmenasilie\/wp-json\/wp\/v2\/comments?post=6"}],"version-history":[{"count":6,"href":"https:\/\/www.gender.gov.sk\/zastavmenasilie\/wp-json\/wp\/v2\/pages\/6\/revisions"}],"predecessor-version":[{"id":1118,"href":"https:\/\/www.gender.gov.sk\/zastavmenasilie\/wp-json\/wp\/v2\/pages\/6\/revisions\/1118"}],"wp:attachment":[{"href":"https:\/\/www.gender.gov.sk\/zastavmenasilie\/wp-json\/wp\/v2\/media?parent=6"}],"curies":[{"name":"wp","href":"https:\/\/api.w.org\/{rel}","templated":true}]}}