{"id":743,"date":"2015-03-19T13:39:28","date_gmt":"2015-03-19T13:39:28","guid":{"rendered":"http:\/\/www.gender.gov.sk\/zastavmenasilie\/?page_id=743"},"modified":"2016-10-19T22:35:55","modified_gmt":"2016-10-19T22:35:55","slug":"non-stop-linka-0800-212-212","status":"publish","type":"page","link":"https:\/\/www.gender.gov.sk\/zastavmenasilie\/pomoc\/non-stop-linka-0800-212-212\/","title":{"rendered":"Non-stop linka 0800 212 212"},"content":{"rendered":"<h3><span style=\"color: #993300\">Bezplatn\u00e1 non-stop linka 0800 212 212 pre \u017eeny za\u017e\u00edvaj\u00face n\u00e1silie<\/span><\/h3>\n<p>N\u00e1rodn\u00e1 linka pre \u017eeny je d\u00f4vern\u00fdm a bezpe\u010dn\u00fdm priestorom pre \u017eeny, ktor\u00e9 s\u00fa ohrozen\u00e9 alebo za\u017e\u00edvaj\u00fa n\u00e1silie. V situ\u00e1cii ohrozenia \u017eeny a jej det\u00ed poskytn\u00fa poradkyne na linke kr\u00edzov\u00fa pomoc a v\u0161etky potrebn\u00e9 inform\u00e1cie. Slu\u017eby, ktor\u00e9 bud\u00fa na N\u00e1rodnej linke poskytovan\u00e9, vych\u00e1dzaj\u00fa z potrieb \u017eien, ktor\u00e9 maj\u00fa sk\u00fasenos\u0165 s n\u00e1sil\u00edm vo svojich \u017eivotoch. V situ\u00e1cii ohrozenia \u017eeny a jej det\u00ed poskytn\u00fa poradkyne na linke <strong>kr\u00edzov\u00fa pomoc a v\u0161etky potrebn\u00e9 inform\u00e1cie<\/strong>. Poradkyne s\u00fa pripraven\u00e9 hovori\u0165 o v\u0161etk\u00fdch druhoch n\u00e1silia, s ktor\u00fdmi sa \u017eeny vo svojich \u017eivotoch stret\u00e1vaj\u00fa. Spolu s volaj\u00facou \u017eenou sa bud\u00fa sna\u017ei\u0165 minimalizova\u0165 riziko, ktor\u00e9mu je v n\u00e1silnom vz\u0165ahu vystaven\u00e1.<\/p>\n<p>N\u00e1rodn\u00e1 linka je z\u00e1rove\u0148 miestom prv\u00e9ho kontaktu, kde s\u00fa \u017een\u00e1m poskytnut\u00e9 v\u0161etky d\u00f4le\u017eit\u00e9 inform\u00e1cie o n\u00e1sil\u00ed p\u00e1chanom na \u017een\u00e1ch, najm\u00e4 o n\u00e1sil\u00ed v bl\u00edzkych vz\u0165ahoch. Poradkyne bud\u00fa taktie\u017e odpoveda\u0165 na z\u00e1kladn\u00e9 ot\u00e1zky t\u00fdkaj\u00face <strong>sa pr\u00e1vnej pomoci a bud\u00fa \u017een\u00e1m asistova\u0165 pri h\u013eadan\u00ed \u010fal\u0161ej pomoci v jej regi\u00f3ne.<\/strong><\/p>\n<p>N\u00e1rodn\u00e1 linka pre \u017eeny je dostupn\u00e1 v\u0161etk\u00fdm \u017een\u00e1m, teda aj t\u00fdm, ktor\u00e9 maj\u00fa s\u0165a\u017een\u00fdch pr\u00edstup k potrebn\u00fdm k inform\u00e1ci\u00e1m, maj\u00fa zdravotn\u00fd alebo in\u00fd hendikep. S poradky\u0148ami je mo\u017en\u00e9 sa spoji\u0165 prostredn\u00edctvom bezplatnej telefonickej linky a v bl\u00edzkej bud\u00facnosti aj cez internetov\u00fa komunik\u00e1ciu alebo prostredn\u00edctvom e-mailu.<\/p>\n<p>V situ\u00e1cii ak\u00fatneho ohrozenia a so s\u00fahlasom \u017eeny, alebo v ist\u00fdch presne vymedzen\u00fdch situ\u00e1ci\u00e1ch bud\u00fa poradkyne na linke kontaktova\u0165 pol\u00edciu, z\u00e1chrann\u00fa zdravotn\u00fa slu\u017ebu alebo in\u00fa in\u0161tit\u00faciu, ktor\u00e1 m\u00f4\u017ee \u017eene pom\u00f4c\u0165.<\/p>\n<p>Linka je s\u00fa\u010das\u0165ou Koordina\u010dno-metodick\u00e9ho centra pre rodovo podmienen\u00e9 a dom\u00e1ce n\u00e1silie<\/p>\n","protected":false},"excerpt":{"rendered":"<p>Bezplatn\u00e1 non-stop linka 0800 212 212 pre \u017eeny za\u017e\u00edvaj\u00face n\u00e1silie N\u00e1rodn\u00e1 linka pre \u017eeny je d\u00f4vern\u00fdm a bezpe\u010dn\u00fdm priestorom pre \u017eeny, ktor\u00e9 s\u00fa ohrozen\u00e9 alebo za\u017e\u00edvaj\u00fa n\u00e1silie. V situ\u00e1cii ohrozenia \u017eeny a jej det\u00ed poskytn\u00fa poradkyne na linke kr\u00edzov\u00fa pomoc a v\u0161etky potrebn\u00e9 inform\u00e1cie. Slu\u017eby, ktor\u00e9 bud\u00fa na N\u00e1rodnej linke poskytovan\u00e9, vych\u00e1dzaj\u00fa z potrieb \u017eien, &hellip; <\/p>\n<p><a class=\"more-link block-button\" href=\"https:\/\/www.gender.gov.sk\/zastavmenasilie\/pomoc\/non-stop-linka-0800-212-212\/\">\u010c\u00edta\u0165 viac &raquo;<\/a><\/p>\n","protected":false},"author":2,"featured_media":0,"parent":16,"menu_order":0,"comment_status":"closed","ping_status":"open","template":"","meta":[],"_links":{"self":[{"href":"https:\/\/www.gender.gov.sk\/zastavmenasilie\/wp-json\/wp\/v2\/pages\/743"}],"collection":[{"href":"https:\/\/www.gender.gov.sk\/zastavmenasilie\/wp-json\/wp\/v2\/pages"}],"about":[{"href":"https:\/\/www.gender.gov.sk\/zastavmenasilie\/wp-json\/wp\/v2\/types\/page"}],"author":[{"embeddable":true,"href":"https:\/\/www.gender.gov.sk\/zastavmenasilie\/wp-json\/wp\/v2\/users\/2"}],"replies":[{"embeddable":true,"href":"https:\/\/www.gender.gov.sk\/zastavmenasilie\/wp-json\/wp\/v2\/comments?post=743"}],"version-history":[{"count":5,"href":"https:\/\/www.gender.gov.sk\/zastavmenasilie\/wp-json\/wp\/v2\/pages\/743\/revisions"}],"predecessor-version":[{"id":1354,"href":"https:\/\/www.gender.gov.sk\/zastavmenasilie\/wp-json\/wp\/v2\/pages\/743\/revisions\/1354"}],"up":[{"embeddable":true,"href":"https:\/\/www.gender.gov.sk\/zastavmenasilie\/wp-json\/wp\/v2\/pages\/16"}],"wp:attachment":[{"href":"https:\/\/www.gender.gov.sk\/zastavmenasilie\/wp-json\/wp\/v2\/media?parent=743"}],"curies":[{"name":"wp","href":"https:\/\/api.w.org\/{rel}","templated":true}]}}