{"id":768,"date":"2015-04-20T06:24:04","date_gmt":"2015-04-20T06:24:04","guid":{"rendered":"http:\/\/www.gender.gov.sk\/zastavmenasilie\/?page_id=768"},"modified":"2017-06-19T09:38:50","modified_gmt":"2017-06-19T09:38:50","slug":"o-projekte-kmc","status":"publish","type":"page","link":"https:\/\/www.gender.gov.sk\/zastavmenasilie\/kmc\/o-projekte-kmc\/","title":{"rendered":"Projekt KMC"},"content":{"rendered":"<div>\n<p>Napriek tomu, \u017ee t\u00e9ma n\u00e1silia p\u00e1chan\u00e9ho na \u017een\u00e1ch sa stala t\u00e9mou verejn\u00fdch polit\u00edk u\u017e takmer pred desiatimi rokmi, v SR doposia\u013e absentuje jednotn\u00fd odborn\u00fd postup pom\u00e1haj\u00facich profesi\u00ed pri rie\u0161en\u00ed problematiky. OSN a E\u00da v tejto oblasti prijala viacer\u00e9 z\u00e1very a odpor\u00fa\u010dania. Na \u00farovni Rady Eur\u00f3py existuje vypracovan\u00fd syst\u00e9m \u0161tandardov kvality poskytovania pomoci \u017een\u00e1m vystaven\u00fdm n\u00e1siliu, ktor\u00fd vych\u00e1dza z dlhoro\u010dnej sk\u00fasenosti v tejto oblasti.<\/p>\n<p>Z\u00e1merom projektu je vytvorenie Koordina\u010dno \u2013 metodick\u00e9ho centra (KMC) zriaden\u00e9ho v r\u00e1mci In\u0161tit\u00fatu pre v\u00fdskum pr\u00e1ce a rodiny. Svoje \u00falohy v\u0161ak pln\u00ed prierezovo cez v\u0161etky relevantn\u00e9 rezorty.<\/p>\n<p>Cie\u013eom KMC je vytvori\u0165, implementova\u0165 a koordinova\u0165 komplexn\u00fa celo\u0161t\u00e1tnu politiku pre oblas\u0165 prevencie a elimin\u00e1cie rodovo-podmienen\u00e9ho a dom\u00e1ceho n\u00e1silia. V r\u00e1mci KMC pracuje expertn\u00fd t\u00edm zodpovedn\u00fd za odborn\u00fa koordin\u00e1ciu a superv\u00edziu syst\u00e9movej prevencie a intervencie na podporu obet\u00ed a poskytovania slu\u017eieb v oblasti n\u00e1silia p\u00e1chan\u00e9ho na \u017een\u00e1ch a dom\u00e1ceho n\u00e1silia.<\/p>\n<p>KMC zabezpe\u010duje odborn\u00fa koordin\u00e1ciu aktiv\u00edt prostredn\u00edctvom metodick\u00fdch usmernen\u00ed pre poskytovanie slu\u017eieb v oblasti prim\u00e1rnej prevencie, ako aj elimin\u00e1cie n\u00e1silia p\u00e1chan\u00e9ho na \u017een\u00e1ch a de\u0165och, vytv\u00e1ra podmienky pre multiin\u0161titucion\u00e1lnu spolupr\u00e1cu pom\u00e1haj\u00facich profesi\u00ed, ako aj zabezpe\u010duje syst\u00e9m vzdel\u00e1vania t\u00fdchto profesi\u00ed. Realiz\u00e1cia v\u00fdskumov a monitoring taktie\u017e predstavuje d\u00f4le\u017eit\u00fa \u00falohu v r\u00e1mci KMC.<\/p>\n<p>KMC nap\u013a\u0148a po\u017eiadavku Dohovoru Rady Eur\u00f3py o predch\u00e1dzan\u00ed n\u00e1siliu na \u017een\u00e1ch a dom\u00e1cemu n\u00e1siliu a o boji proti nemu, \u010dl. 10: <em>\u201eZmluvn\u00e9 strany ustanovia alebo zriadia na n\u00e1rodnej \u00farovni, jeden alebo viac ofici\u00e1lnych org\u00e1nov zodpovedn\u00fdch za koordin\u00e1ciu, implement\u00e1ciu, doh\u013ead, vyhodnocovanie politiky a opatren\u00ed pre predch\u00e1dzanie v\u0161etk\u00fdm form\u00e1m n\u00e1silia a boj proti nemu, ktor\u00e9 pokr\u00fdva tento dohovor.\u201c<\/em><\/p>\n<p>Do realiz\u00e1cie projektu s\u00fa zapojen\u00e9 expertky zo \u017eensk\u00fdch mimovl\u00e1dnych organiz\u00e1ci\u00ed, ktor\u00e9 dlhodobo a systematicky rie\u0161ia problematiku dom\u00e1ceho a rodovo podmienen\u00e9ho n\u00e1silia v SR a disponuj\u00fa odborn\u00fdm potenci\u00e1lom.<\/p>\n<p><strong>Ciele projektu:<\/strong><\/p>\n<ul>\n<li>Vytvori\u0165 a implementova\u0165 legislat\u00edvne n\u00e1stroje pre zabezpe\u010denie efekt\u00edvneho syst\u00e9mu prevencie a elimin\u00e1cie n\u00e1silia p\u00e1chan\u00e9ho na \u017een\u00e1ch a dom\u00e1ceho n\u00e1silia, vr\u00e1tane \u0161pecifickej legislat\u00edvy na elimin\u00e1ciu a\u00a0prevenciu n\u00e1silia na \u017een\u00e1ch a\u00a0dom\u00e1ceho n\u00e1silia.<\/li>\n<li>Zabezpe\u010di\u0165 r\u00fdchlu a efekt\u00edvnu pomoc v\u0161etk\u00fdm \u017een\u00e1m, ktor\u00e9 s\u00fa vystaven\u00e9 n\u00e1siliu alebo hrozbe n\u00e1silia a to s oh\u013eadom na \u0161pecifick\u00e9 potreby, ktor\u00e9 z ich situ\u00e1cie vypl\u00fdvaj\u00fa.<\/li>\n<li>Predch\u00e1dza\u0165 vzniku n\u00e1silia a akejko\u013evek situ\u00e1cii, ktor\u00e1 prispieva k vzniku a tolerancii n\u00e1silia.<\/li>\n<li>Vytvori\u0165 dostato\u010dn\u00fa poznatkov\u00fa b\u00e1zu o n\u00e1sil\u00ed p\u00e1chanom na \u017een\u00e1ch, aby bolo mo\u017en\u00e9 prispieva\u0165 k roz\u0161\u00edreniu efekt\u00edvnych n\u00e1strojov intervencie a prevencie v pr\u00edpadoch n\u00e1silia.<\/li>\n<\/ul>\n<\/div>\n<p><strong>Aktivity v r\u00e1mci projektu:<\/strong><\/p>\n<ul>\n<li>vytvorenie KMC vr\u00e1tane expertn\u00e9ho t\u00edmu,<\/li>\n<li>koordin\u00e1cia celo\u0161t\u00e1tneho syst\u00e9mu prevencie a elimin\u00e1cie n\u00e1silia p\u00e1chan\u00e9ho na \u017een\u00e1ch a dom\u00e1ceho n\u00e1silia,<\/li>\n<li>zabezpe\u010denie anal\u00fdzy platnej legislat\u00edvy v oblasti n\u00e1silia p\u00e1chan\u00e9ho na \u017een\u00e1ch a dom\u00e1ceho n\u00e1silia a pr\u00edprava nov\u00fdch legislat\u00edvnych opatren\u00ed a strategick\u00fdch materi\u00e1lov,<\/li>\n<li>zabezpe\u010denie syst\u00e9mu vzdel\u00e1vania pom\u00e1haj\u00facich profesi\u00ed vr\u00e1tane vysoko\u0161kolsk\u00fdch kurzov a celo\u017eivotn\u00e9ho vzdel\u00e1vania na z\u00e1klade sk\u00fasenost\u00ed z N\u00f3rska,<\/li>\n<li>vypracovanie metodick\u00fdch usmernen\u00ed a \u0161tandardov pre poskytovanie slu\u017eieb v spolupr\u00e1ci s partnerom z N\u00f3rska a vytvorenie podmienok a syst\u00e9mu akredit\u00e1cie \u0161pecifick\u00fdch slu\u017eieb,<\/li>\n<li>zabezpe\u010denie syst\u00e9mov\u00e9ho vzdel\u00e1vania v r\u00e1mci existuj\u00facich vzdel\u00e1vac\u00edch in\u0161tit\u00faci\u00ed ako aj vytvoren\u00edm lektorsk\u00e9ho t\u00edmu pre celo\u017eivotn\u00e9 vzdel\u00e1vanie,<\/li>\n<li>zabezpe\u010denie syst\u00e9mu prim\u00e1rnej prevencie, vr\u00e1tane koordin\u00e1cie vzdel\u00e1vac\u00edch a osvetov\u00fdch aktiv\u00edt,<\/li>\n<li>vypracovanie strat\u00e9gie na podporu nulovej tolerancie vo\u010di n\u00e1siliu p\u00e1chanom na \u017een\u00e1ch a na podporu rodovej rovnosti v medi\u00e1lnej sf\u00e9re,<\/li>\n<li>koordin\u00e1cia celon\u00e1rodnej medi\u00e1lnej kampane k problematike n\u00e1silia na \u017een\u00e1ch,<\/li>\n<li>zabezpe\u010denie anal\u00fdzy a vyhodnotenie existuj\u00faceho syst\u00e9mu \u0161tatistick\u00e9ho v\u00fdkazn\u00edctva s cie\u013eom identifikova\u0165 medzery a nedostatky, zdokonali\u0165 a doplni\u0165 syst\u00e9m evidencie za v\u0161etky relevantn\u00e9 oblasti,<\/li>\n<li>vytvorenie syst\u00e9mu s\u00fahrnn\u00e9ho spracovania \u0161tatistick\u00fdch \u00fadajov a zabezpe\u010denie pravideln\u00e9ho publikovania \u0161tatistick\u00fdch \u00fadajov o n\u00e1sil\u00ed p\u00e1chanom na \u017een\u00e1ch,<\/li>\n<li>realiz\u00e1cia r\u00f4znych typov v\u00fdskumov v oblasti n\u00e1silia na \u017een\u00e1ch a dom\u00e1ceho n\u00e1silia, vr\u00e1tane v\u00fdskumov zameran\u00fdch na \u017eeny s kumul\u00e1ciou znev\u00fdhodnen\u00ed,<\/li>\n<li>adaptova\u0165 na podmienky SR s\u00fabor spolo\u010dn\u00fdch indik\u00e1torov E\u00da na monitorovanie zav\u00e1dzania a uskuto\u010d\u0148ovania polit\u00edk a aktiv\u00edt zameran\u00fdch na elimin\u00e1ciu n\u00e1silia p\u00e1chan\u00e9ho na \u017een\u00e1ch.<\/li>\n<\/ul>\n<p>V\u0161etky vypracovan\u00e9 metodiky a anal\u00fdzy bud\u00fa vych\u00e1dza\u0165 z aktualiz\u00e1cie existuj\u00facich inform\u00e1ci\u00ed a v\u00fdstupov z\u00edskan\u00fdch z verejn\u00fdch zdrojov a bud\u00fa realizovan\u00e9 v spolupr\u00e1ci s partnermi z N\u00f3rska a Rady Eur\u00f3py, ako aj zo sk\u00fasenost\u00ed ostatn\u00fdch kraj\u00edn E\u00da.<\/p>\n<p><strong>O\u010dak\u00e1van\u00fd dopad projektu:<\/strong><\/p>\n<ul>\n<li>zabezpe\u010den\u00e1 kvalita syst\u00e9movej pomoci obetiam n\u00e1silia p\u00e1chan\u00e9ho na \u017een\u00e1ch a dom\u00e1ceho n\u00e1silia,<\/li>\n<li>zv\u00fd\u0161enie \u00farovne citlivosti hlavn\u00fdch akt\u00e9rov, m\u00e9di\u00ed a verejnosti na t\u00e9mu rodovo podmienen\u00e9ho a\u00a0dom\u00e1ceho n\u00e1silia,<\/li>\n<li>zn\u00ed\u017eenie v\u00fdskytu n\u00e1silia na \u017een\u00e1ch a dom\u00e1ceho n\u00e1silia z\u00a0dlhodob\u00e9ho h\u013eadiska.<\/li>\n<\/ul>\n<p><a href=\"http:\/\/www.gender.gov.sk\/zastavmenasilie\/files\/2015\/04\/Inform\u00e1cia-o-v\u00fdsledkoch-projektu.pdf\">Inform\u00e1cia o v\u00fdsledkoch projektu<\/a><\/p>\n<p><strong>Prij\u00edmate\u013eom<\/strong> je <a href=\"http:\/\/www.gender.gov.sk\/\">Ministerstvo pr\u00e1ce, soci\u00e1lnych vec\u00ed a rodiny Slovenskej republiky<\/a><\/p>\n<p><strong>Partnermi<\/strong> projektu s\u00fa:<\/p>\n<ul>\n<li><a href=\"http:\/\/www.ivpr.gov.sk\" target=\"_blank\">In\u0161tit\u00fat pre v\u00fdskum pr\u00e1ce a rodiny<\/a><\/li>\n<li><a href=\"http:\/\/www.nkvts.no\" target=\"_blank\">N\u00f3rske centrum pre n\u00e1silie a traumatick\u00e9 stresov\u00e9 \u0161t\u00fadie<\/a><\/li>\n<li><a href=\"http:\/\/www.coe.int\" target=\"_blank\">Rada Eur\u00f3py<\/a><\/li>\n<\/ul>\n<p><strong>V\u00fd\u0161ka grantu:<\/strong> 2 000 000 EUR<\/p>\n<p><strong>Zmluvy k projektu v Centr\u00e1lnom registri zml\u00fav:<\/strong><\/p>\n<ul>\n<li><a href=\"http:\/\/www.crz.gov.sk\/index.php?ID=1709142&amp;l=sk\" target=\"_blank\">Projektov\u00e1 zmluva MPSVR SR a \u00daV SR v\u00a0Centr\u00e1lnom registri zml\u00fav<\/a><\/li>\n<li><a href=\"http:\/\/www.crz.gov.sk\/index.php?ID=1722834&amp;l=sk\" target=\"_blank\">Partnersk\u00e1 zmluva s IVPR<\/a><\/li>\n<li><a href=\"http:\/\/www.crz.gov.sk\/index.php?ID=1731639&amp;l=sk\" target=\"_blank\">Partnersk\u00e1 zmluva s NKVTS<\/a><\/li>\n<li><a href=\"http:\/\/www.crz.gov.sk\/index.php?ID=1815810&amp;l=sk\" target=\"_blank\">Partnersk\u00e1 zmluva s Radou Eur\u00f3py<\/a><\/li>\n<\/ul>\n<div><span style=\"color: #8ca5c4\">_________________________________________________________________________<\/span><\/div>\n<p>&nbsp;<\/p>\n<div>\n<p style=\"margin-top: 10px\"><a href=\"http:\/\/www.gender.gov.sk\/zastavmenasilie\/files\/2015\/04\/nfm_sz_sm.jpg\"><img loading=\"lazy\" class=\"wp-image-1498 aligncenter\" style=\"border: 0px\" src=\"http:\/\/www.gender.gov.sk\/zastavmenasilie\/files\/2015\/04\/nfm_sz_sm.jpg\" alt=\"\" width=\"422\" height=\"171\" srcset=\"https:\/\/www.gender.gov.sk\/zastavmenasilie\/files\/2015\/04\/nfm_sz_sm.jpg 704w, https:\/\/www.gender.gov.sk\/zastavmenasilie\/files\/2015\/04\/nfm_sz_sm-300x121.jpg 300w\" sizes=\"(max-width: 422px) 100vw, 422px\" \/><\/a><\/p>\n<div>\n<p style=\"margin-top: 10px\" align=\"center\"><em>Projekt je financovan\u00fd z grantu N\u00f3rskeho kr\u00e1\u013eovstva prostredn\u00edctvom N\u00f3rskeho finan\u010dn\u00e9ho mechanizmu a spolufinancovan\u00fd zo \u0161t\u00e1tneho rozpo\u010dtu Slovenskej republiky.<\/em><\/p>\n<\/div>\n<p align=\"center\"><em>Projekt je realizovan\u00fd v r\u00e1mci programu SK09: Dom\u00e1ce a rodovo podmienen\u00e9 n\u00e1silie.<\/em><\/p>\n<p align=\"center\"><em>www.norwaygrants.org<\/em><\/p>\n<p align=\"center\"><em>\u201cDomov mus\u00ed by\u0165 bezpe\u010dn\u00e9 miesto pre v\u0161etk\u00fdch\u201d<\/em><\/p>\n<\/div>\n<div><\/div>\n<p style=\"margin-top: 10px\">\n","protected":false},"excerpt":{"rendered":"<p>Napriek tomu, \u017ee t\u00e9ma n\u00e1silia p\u00e1chan\u00e9ho na \u017een\u00e1ch sa stala t\u00e9mou verejn\u00fdch polit\u00edk u\u017e takmer pred desiatimi rokmi, v SR doposia\u013e absentuje jednotn\u00fd odborn\u00fd postup pom\u00e1haj\u00facich profesi\u00ed pri rie\u0161en\u00ed problematiky. OSN a E\u00da v tejto oblasti prijala viacer\u00e9 z\u00e1very a odpor\u00fa\u010dania. Na \u00farovni Rady Eur\u00f3py existuje vypracovan\u00fd syst\u00e9m \u0161tandardov kvality poskytovania pomoci \u017een\u00e1m vystaven\u00fdm n\u00e1siliu, &hellip; <\/p>\n<p><a class=\"more-link block-button\" href=\"https:\/\/www.gender.gov.sk\/zastavmenasilie\/kmc\/o-projekte-kmc\/\">\u010c\u00edta\u0165 viac &raquo;<\/a><\/p>\n","protected":false},"author":2,"featured_media":0,"parent":765,"menu_order":0,"comment_status":"closed","ping_status":"closed","template":"","meta":[],"_links":{"self":[{"href":"https:\/\/www.gender.gov.sk\/zastavmenasilie\/wp-json\/wp\/v2\/pages\/768"}],"collection":[{"href":"https:\/\/www.gender.gov.sk\/zastavmenasilie\/wp-json\/wp\/v2\/pages"}],"about":[{"href":"https:\/\/www.gender.gov.sk\/zastavmenasilie\/wp-json\/wp\/v2\/types\/page"}],"author":[{"embeddable":true,"href":"https:\/\/www.gender.gov.sk\/zastavmenasilie\/wp-json\/wp\/v2\/users\/2"}],"replies":[{"embeddable":true,"href":"https:\/\/www.gender.gov.sk\/zastavmenasilie\/wp-json\/wp\/v2\/comments?post=768"}],"version-history":[{"count":19,"href":"https:\/\/www.gender.gov.sk\/zastavmenasilie\/wp-json\/wp\/v2\/pages\/768\/revisions"}],"predecessor-version":[{"id":1777,"href":"https:\/\/www.gender.gov.sk\/zastavmenasilie\/wp-json\/wp\/v2\/pages\/768\/revisions\/1777"}],"up":[{"embeddable":true,"href":"https:\/\/www.gender.gov.sk\/zastavmenasilie\/wp-json\/wp\/v2\/pages\/765"}],"wp:attachment":[{"href":"https:\/\/www.gender.gov.sk\/zastavmenasilie\/wp-json\/wp\/v2\/media?parent=768"}],"curies":[{"name":"wp","href":"https:\/\/api.w.org\/{rel}","templated":true}]}}