{"id":77,"date":"2013-05-29T19:23:29","date_gmt":"2013-05-29T19:23:29","guid":{"rendered":"http:\/\/www.gender.gov.sk\/zastavmenasilie\/?page_id=77"},"modified":"2017-03-22T14:52:15","modified_gmt":"2017-03-22T14:52:15","slug":"bratislavsky-vuc","status":"publish","type":"page","link":"https:\/\/www.gender.gov.sk\/zastavmenasilie\/organizacie\/bratislavsky-vuc\/","title":{"rendered":"Bratislavsk\u00fd V\u00daC"},"content":{"rendered":"<p><em>Odpor\u00fa\u010dan\u00e9 zariadenia:<\/em><\/p>\n<p><strong>Aliancia \u017eien Slovenska, o.z<\/strong><br \/>\nAdresa: Bratislava<br \/>\nWeb: <a href=\"http:\/\/www.alianciazien.sk\">www.alianciazien.sk<\/a><br \/>\nFacebook: <a href=\"https:\/\/www.facebook.com\/AlianciaZienSlovenska\">https:\/\/www.facebook.com\/AlianciaZienSlovenska<\/a><br \/>\nTelef\u00f3n: 0903 519 550<br \/>\nMail: <a href=\"mailto:alianciazien@alianciazien.sk\">alianciazien@alianciazien.sk<\/a><br \/>\nSlu\u017eby: SOS poradenstvo, \u0161pecializovan\u00e1 kr\u00edzov\u00e1 porad\u0148a, soci\u00e1lnopr\u00e1vne a\u00a0psychologick\u00e9 poradenstvo, kr\u00edzov\u00e1 linka, kr\u00edzov\u00e1 intervencia, odhad rizika n\u00e1silia, advok\u00e1tske zastupovanie, vypracovanie spr\u00e1v a\u00a0posudkov, sprostredkovane aj ubytovanie, zdravotn\u00e9 o\u0161etrenie, psychologick\u00e9 poradenstvo, psychoterapia, sprev\u00e1dzanie na in\u0161tit\u00facie, pr\u00e1ca s n\u00e1siln\u00edkom<\/p>\n<p><strong>Br\u00e1na do \u017eivota, o.z<\/strong><br \/>\nAdresa: Medve\u010fovej 2-4, 851 04 Bratislava<br \/>\nWeb:\u00a0<a href=\"http:\/\/www.branadozivota.sk\">www.branadozivota.sk\u00a0\u00a0\u00a0\u00a0\u00a0\u00a0\u00a0\u00a0\u00a0\u00a0\u00a0\u00a0\u00a0\u00a0\u00a0\u00a0\u00a0\u00a0\u00a0\u00a0\u00a0\u00a0\u00a0\u00a0\u00a0\u00a0\u00a0\u00a0\u00a0\u00a0\u00a0\u00a0\u00a0\u00a0\u00a0\u00a0\u00a0\u00a0\u00a0\u00a0\u00a0\u00a0\u00a0\u00a0\u00a0\u00a0\u00a0\u00a0\u00a0\u00a0\u00a0\u00a0\u00a0\u00a0\u00a0\u00a0\u00a0\u00a0\u00a0\u00a0\u00a0\u00a0\u00a0\u00a0\u00a0\u00a0\u00a0\u00a0\u00a0\u00a0\u00a0\u00a0\u00a0\u00a0\u00a0\u00a0\u00a0\u00a0\u00a0\u00a0\u00a0\u00a0\u00a0\u00a0\u00a0\u00a0\u00a0\u00a0\u00a0\u00a0\u00a0\u00a0\u00a0\u00a0\u00a0\u00a0\u00a0\u00a0\u00a0\u00a0\u00a0\u00a0\u00a0\u00a0\u00a0\u00a0\u00a0\u00a0\u00a0\u00a0\u00a0\u00a0\u00a0\u00a0\u00a0\u00a0\u00a0\u00a0\u00a0\u00a0\u00a0\u00a0\u00a0\u00a0\u00a0\u00a0\u00a0\u00a0\u00a0\u00a0\u00a0\u00a0\u00a0\u00a0\u00a0\u00a0\u00a0\u00a0\u00a0\u00a0\u00a0\u00a0\u00a0\u00a0\u00a0\u00a0\u00a0\u00a0\u00a0\u00a0\u00a0\u00a0\u00a0\u00a0\u00a0\u00a0\u00a0\u00a0\u00a0\u00a0\u00a0\u00a0\u00a0\u00a0\u00a0\u00a0\u00a0\u00a0\u00a0\u00a0\u00a0\u00a0\u00a0\u00a0\u00a0\u00a0\u00a0\u00a0\u00a0\u00a0\u00a0\u00a0\u00a0\u00a0\u00a0\u00a0\u00a0\u00a0\u00a0\u00a0\u00a0\u00a0\u00a0\u00a0\u00a0\u00a0\u00a0\u00a0\u00a0\u00a0\u00a0\u00a0\u00a0\u00a0\u00a0\u00a0\u00a0\u00a0\u00a0\u00a0\u00a0\u00a0\u00a0\u00a0\u00a0\u00a0\u00a0\u00a0\u00a0\u00a0\u00a0\u00a0\u00a0\u00a0\u00a0\u00a0\u00a0\u00a0\u00a0\u00a0\u00a0\u00a0\u00a0\u00a0\u00a0\u00a0\u00a0\u00a0\u00a0\u00a0\u00a0\u00a0\u00a0\u00a0\u00a0\u00a0\u00a0\u00a0\u00a0\u00a0\u00a0\u00a0\u00a0\u00a0\u00a0\u00a0\u00a0\u00a0\u00a0\u00a0\u00a0\u00a0\u00a0\u00a0\u00a0\u00a0\u00a0\u00a0\u00a0\u00a0\u00a0\u00a0\u00a0\u00a0\u00a0\u00a0\u00a0\u00a0\u00a0\u00a0\u00a0\u00a0\u00a0\u00a0\u00a0\u00a0\u00a0\u00a0\u00a0\u00a0\u00a0\u00a0\u00a0\u00a0\u00a0\u00a0\u00a0\u00a0\u00a0\u00a0\u00a0\u00a0\u00a0\u00a0\u00a0\u00a0\u00a0\u00a0\u00a0\u00a0\u00a0\u00a0\u00a0\u00a0\u00a0\u00a0\u00a0\u00a0\u00a0\u00a0\u00a0\u00a0\u00a0\u00a0\u00a0\u00a0\u00a0\u00a0\u00a0\u00a0\u00a0\u00a0\u00a0\u00a0\u00a0\u00a0\u00a0\u00a0\u00a0\u00a0\u00a0\u00a0\u00a0\u00a0\u00a0\u00a0\u00a0\u00a0\u00a0\u00a0\u00a0\u00a0\u00a0\u00a0\u00a0\u00a0\u00a0\u00a0\u00a0\u00a0\u00a0\u00a0\u00a0\u00a0\u00a0\u00a0\u00a0\u00a0\u00a0\u00a0\u00a0\u00a0\u00a0\u00a0\u00a0\u00a0\u00a0\u00a0\u00a0\u00a0\u00a0\u00a0\u00a0\u00a0\u00a0\u00a0\u00a0\u00a0\u00a0\u00a0\u00a0\u00a0\u00a0\u00a0\u00a0\u00a0\u00a0\u00a0\u00a0\u00a0\u00a0\u00a0\u00a0\u00a0\u00a0\u00a0\u00a0\u00a0\u00a0\u00a0\u00a0\u00a0\u00a0\u00a0\u00a0\u00a0\u00a0\u00a0\u00a0\u00a0 <\/a>Facebook: <a href=\"https:\/\/goo.gl\/jwleSA\">https:\/\/goo.gl\/jwleSA<\/a><br \/>\nTelef\u00f3n: 0915 439\u00a0245<br \/>\nMail: <a href=\"mailto:pomoc@branadozivota.sk\">pomoc@branadozivota.sk<\/a><br \/>\nSlu\u017eby: zariadenie n\u00fadzov\u00e9ho b\u00fdvania, kr\u00edzov\u00e9 centrum, kr\u00edzov\u00e9 stredisko, \u00fatulok, domov na pol ceste, detsk\u00fd domov, zariadenie do\u010dasnej starostlivosti o\u00a0deti, kr\u00edzov\u00e1 linka, kr\u00edzov\u00e1 intervencia, odhad rizika n\u00e1silia, soci\u00e1lnopr\u00e1vne, psychologick\u00e9 a\u00a0pr\u00e1vne poradenstvo, rodinn\u00e1 terapia \u2013 asistovan\u00e9 stretnutia, posil\u0148ovanie vz\u0165ahu rodi\u010d \u2013 die\u0165a, sprev\u00e1dzanie na in\u0161tit\u00facie, prepravn\u00e1 \u010dinnos\u0165, vyprac\u00favanie spr\u00e1v a posudkov<strong>\u00a0<\/strong><\/p>\n<p><strong>Pomoc ohrozen\u00fdm de\u0165om, o.z. (Centrum N\u00e1dej)<\/strong><br \/>\nAdresa: \u0160vabinsk\u00e9ho 7, 851 01 Bratislava<br \/>\nWeb: <a href=\"http:\/\/www.centrumnadej.sk\">www.centrumnadej.sk<\/a><br \/>\nFacebook: <a href=\"https:\/\/goo.gl\/U5TQyw\">https:\/\/goo.gl\/U5TQyw<\/a><br \/>\nTelef\u00f3n: 02\/6224 7877,\u00a00905 463 425<br \/>\nMail: <a href=\"mailto:office@centrumnadej.sk\">office@centrumnadej.sk<\/a><br \/>\nSlu\u017eby: kr\u00edzov\u00e9 stredisko, kr\u00edzov\u00e9 b\u00fdvanie s\u00a0utajenou adresou, kr\u00edzov\u00e1 linka, kr\u00edzov\u00e1 intervencia, odhad rizika n\u00e1silia, soci\u00e1lnopr\u00e1vne poradenstvo, podporn\u00e9 skupiny, rodinn\u00e1 terapia, vyprac\u00favanie spr\u00e1v a\u00a0posudkov, vykon\u00e1vanie v\u00fdchovn\u00fdch opatren\u00ed vo\u010di de\u0165om, sprostredkovane aj advok\u00e1tske zastupovanie<\/p>\n<p><strong>Domov D\u00faha, o. z.<\/strong><br \/>\nAdresa:\u00a0Stavb\u00e1rska 6, Vraku\u0148a, 821 07 Bratislava\u00a0\u00a0\u00a0\u00a0\u00a0\u00a0\u00a0\u00a0\u00a0\u00a0\u00a0\u00a0\u00a0\u00a0\u00a0\u00a0\u00a0\u00a0\u00a0\u00a0\u00a0\u00a0\u00a0\u00a0\u00a0\u00a0\u00a0\u00a0\u00a0\u00a0\u00a0\u00a0\u00a0\u00a0\u00a0\u00a0\u00a0\u00a0\u00a0\u00a0\u00a0\u00a0\u00a0\u00a0\u00a0\u00a0\u00a0\u00a0\u00a0\u00a0\u00a0\u00a0\u00a0\u00a0\u00a0\u00a0\u00a0\u00a0\u00a0\u00a0\u00a0\u00a0\u00a0\u00a0\u00a0\u00a0\u00a0\u00a0\u00a0\u00a0\u00a0\u00a0\u00a0\u00a0\u00a0\u00a0\u00a0\u00a0\u00a0\u00a0\u00a0\u00a0\u00a0\u00a0\u00a0\u00a0\u00a0\u00a0\u00a0\u00a0\u00a0\u00a0\u00a0\u00a0\u00a0\u00a0\u00a0\u00a0\u00a0\u00a0\u00a0\u00a0\u00a0\u00a0\u00a0\u00a0\u00a0\u00a0\u00a0\u00a0\u00a0\u00a0\u00a0\u00a0\u00a0\u00a0\u00a0\u00a0\u00a0\u00a0\u00a0\u00a0\u00a0\u00a0\u00a0\u00a0\u00a0\u00a0\u00a0\u00a0\u00a0\u00a0\u00a0\u00a0\u00a0\u00a0\u00a0\u00a0\u00a0\u00a0\u00a0\u00a0\u00a0\u00a0\u00a0\u00a0\u00a0\u00a0\u00a0\u00a0\u00a0\u00a0\u00a0\u00a0\u00a0\u00a0\u00a0\u00a0\u00a0\u00a0\u00a0\u00a0\u00a0\u00a0\u00a0\u00a0\u00a0\u00a0\u00a0\u00a0\u00a0\u00a0\u00a0\u00a0\u00a0\u00a0\u00a0\u00a0\u00a0\u00a0\u00a0\u00a0\u00a0\u00a0\u00a0\u00a0\u00a0\u00a0\u00a0\u00a0\u00a0\u00a0\u00a0\u00a0\u00a0\u00a0\u00a0\u00a0\u00a0\u00a0\u00a0\u00a0\u00a0\u00a0\u00a0\u00a0\u00a0\u00a0\u00a0\u00a0\u00a0\u00a0\u00a0\u00a0\u00a0\u00a0\u00a0\u00a0\u00a0\u00a0\u00a0\u00a0\u00a0\u00a0\u00a0\u00a0\u00a0\u00a0\u00a0\u00a0\u00a0\u00a0\u00a0\u00a0\u00a0\u00a0\u00a0\u00a0\u00a0\u00a0\u00a0\u00a0\u00a0\u00a0\u00a0\u00a0\u00a0\u00a0\u00a0\u00a0\u00a0\u00a0\u00a0\u00a0\u00a0\u00a0\u00a0\u00a0\u00a0\u00a0\u00a0\u00a0\u00a0\u00a0\u00a0\u00a0\u00a0\u00a0\u00a0\u00a0\u00a0\u00a0\u00a0\u00a0\u00a0\u00a0\u00a0\u00a0\u00a0\u00a0\u00a0\u00a0\u00a0\u00a0\u00a0\u00a0\u00a0\u00a0\u00a0\u00a0\u00a0\u00a0\u00a0\u00a0\u00a0\u00a0\u00a0\u00a0\u00a0\u00a0\u00a0\u00a0\u00a0\u00a0\u00a0\u00a0\u00a0\u00a0\u00a0\u00a0\u00a0\u00a0\u00a0\u00a0\u00a0\u00a0\u00a0\u00a0\u00a0\u00a0\u00a0\u00a0\u00a0\u00a0\u00a0\u00a0\u00a0\u00a0\u00a0\u00a0\u00a0\u00a0\u00a0\u00a0\u00a0\u00a0\u00a0\u00a0\u00a0\u00a0\u00a0\u00a0\u00a0\u00a0\u00a0\u00a0\u00a0\u00a0\u00a0\u00a0\u00a0\u00a0\u00a0\u00a0\u00a0\u00a0\u00a0\u00a0\u00a0\u00a0\u00a0\u00a0\u00a0\u00a0\u00a0\u00a0\u00a0\u00a0\u00a0\u00a0\u00a0\u00a0\u00a0\u00a0\u00a0\u00a0\u00a0\u00a0\u00a0\u00a0\u00a0\u00a0\u00a0 Web: <a href=\"http:\/\/www.domovduha.sk\">www.domovduha.sk\u00a0\u00a0\u00a0\u00a0\u00a0\u00a0\u00a0\u00a0\u00a0\u00a0\u00a0\u00a0\u00a0\u00a0\u00a0\u00a0\u00a0\u00a0\u00a0\u00a0\u00a0\u00a0\u00a0\u00a0\u00a0\u00a0\u00a0\u00a0\u00a0\u00a0\u00a0\u00a0\u00a0\u00a0\u00a0\u00a0\u00a0\u00a0\u00a0\u00a0\u00a0\u00a0\u00a0\u00a0\u00a0\u00a0\u00a0\u00a0\u00a0\u00a0\u00a0\u00a0\u00a0\u00a0\u00a0\u00a0\u00a0\u00a0\u00a0\u00a0\u00a0\u00a0\u00a0\u00a0\u00a0\u00a0\u00a0\u00a0\u00a0\u00a0\u00a0\u00a0\u00a0\u00a0\u00a0\u00a0\u00a0\u00a0\u00a0\u00a0\u00a0\u00a0\u00a0\u00a0\u00a0\u00a0\u00a0\u00a0\u00a0\u00a0\u00a0\u00a0\u00a0\u00a0\u00a0\u00a0\u00a0\u00a0\u00a0\u00a0\u00a0\u00a0\u00a0\u00a0\u00a0\u00a0\u00a0\u00a0\u00a0\u00a0\u00a0\u00a0\u00a0\u00a0\u00a0\u00a0\u00a0\u00a0\u00a0\u00a0\u00a0\u00a0\u00a0\u00a0\u00a0\u00a0\u00a0\u00a0\u00a0\u00a0\u00a0\u00a0\u00a0\u00a0\u00a0\u00a0\u00a0\u00a0\u00a0\u00a0\u00a0\u00a0\u00a0\u00a0\u00a0\u00a0\u00a0\u00a0\u00a0\u00a0\u00a0\u00a0\u00a0\u00a0\u00a0\u00a0\u00a0\u00a0\u00a0\u00a0\u00a0\u00a0\u00a0\u00a0\u00a0\u00a0\u00a0\u00a0\u00a0\u00a0\u00a0\u00a0\u00a0\u00a0\u00a0\u00a0\u00a0\u00a0\u00a0\u00a0\u00a0\u00a0\u00a0\u00a0\u00a0\u00a0\u00a0\u00a0\u00a0\u00a0\u00a0\u00a0\u00a0\u00a0\u00a0\u00a0\u00a0\u00a0\u00a0\u00a0\u00a0\u00a0\u00a0\u00a0\u00a0\u00a0\u00a0\u00a0\u00a0\u00a0\u00a0\u00a0\u00a0\u00a0\u00a0\u00a0\u00a0\u00a0\u00a0\u00a0\u00a0\u00a0\u00a0\u00a0\u00a0\u00a0\u00a0\u00a0\u00a0\u00a0\u00a0\u00a0\u00a0\u00a0\u00a0\u00a0\u00a0\u00a0\u00a0\u00a0\u00a0\u00a0\u00a0\u00a0\u00a0\u00a0\u00a0\u00a0\u00a0\u00a0\u00a0\u00a0\u00a0\u00a0\u00a0\u00a0\u00a0\u00a0\u00a0\u00a0\u00a0\u00a0\u00a0\u00a0\u00a0\u00a0\u00a0\u00a0\u00a0\u00a0\u00a0\u00a0\u00a0\u00a0\u00a0\u00a0\u00a0\u00a0\u00a0\u00a0\u00a0\u00a0\u00a0\u00a0\u00a0\u00a0\u00a0\u00a0\u00a0\u00a0\u00a0\u00a0\u00a0\u00a0\u00a0\u00a0\u00a0\u00a0\u00a0\u00a0\u00a0\u00a0\u00a0\u00a0\u00a0\u00a0\u00a0\u00a0\u00a0\u00a0\u00a0\u00a0\u00a0\u00a0\u00a0\u00a0\u00a0\u00a0\u00a0\u00a0\u00a0\u00a0\u00a0\u00a0\u00a0\u00a0\u00a0\u00a0\u00a0\u00a0\u00a0\u00a0\u00a0\u00a0\u00a0\u00a0\u00a0\u00a0\u00a0\u00a0\u00a0\u00a0\u00a0\u00a0\u00a0\u00a0\u00a0\u00a0\u00a0\u00a0\u00a0\u00a0\u00a0\u00a0\u00a0\u00a0\u00a0\u00a0\u00a0\u00a0\u00a0\u00a0\u00a0\u00a0\u00a0\u00a0\u00a0\u00a0\u00a0\u00a0\u00a0\u00a0\u00a0\u00a0\u00a0\u00a0\u00a0\u00a0\u00a0\u00a0\u00a0\u00a0\u00a0\u00a0\u00a0\u00a0\u00a0\u00a0\u00a0\u00a0\u00a0\u00a0\u00a0\u00a0\u00a0\u00a0\u00a0\u00a0\u00a0\u00a0\u00a0\u00a0\u00a0\u00a0\u00a0\u00a0\u00a0\u00a0\u00a0\u00a0\u00a0\u00a0\u00a0\u00a0\u00a0\u00a0\u00a0 <\/a>Facebook: <a href=\"https:\/\/goo.gl\/Y74UJE\">https:\/\/goo.gl\/Y74UJE\u00a0\u00a0\u00a0\u00a0\u00a0\u00a0\u00a0\u00a0\u00a0\u00a0\u00a0\u00a0\u00a0\u00a0\u00a0\u00a0\u00a0\u00a0\u00a0\u00a0\u00a0\u00a0\u00a0\u00a0\u00a0\u00a0\u00a0\u00a0\u00a0\u00a0\u00a0\u00a0\u00a0\u00a0\u00a0\u00a0\u00a0\u00a0\u00a0\u00a0\u00a0\u00a0\u00a0\u00a0\u00a0\u00a0\u00a0\u00a0\u00a0\u00a0\u00a0\u00a0\u00a0\u00a0\u00a0\u00a0\u00a0\u00a0\u00a0\u00a0\u00a0\u00a0\u00a0\u00a0\u00a0\u00a0\u00a0\u00a0\u00a0\u00a0\u00a0\u00a0\u00a0\u00a0\u00a0\u00a0\u00a0\u00a0\u00a0\u00a0\u00a0\u00a0\u00a0\u00a0\u00a0\u00a0\u00a0\u00a0\u00a0\u00a0\u00a0\u00a0\u00a0\u00a0\u00a0\u00a0\u00a0\u00a0\u00a0\u00a0\u00a0\u00a0\u00a0\u00a0\u00a0\u00a0\u00a0\u00a0\u00a0\u00a0\u00a0\u00a0\u00a0\u00a0\u00a0\u00a0\u00a0\u00a0\u00a0\u00a0\u00a0\u00a0\u00a0\u00a0\u00a0\u00a0\u00a0\u00a0\u00a0\u00a0\u00a0\u00a0\u00a0\u00a0\u00a0\u00a0\u00a0\u00a0\u00a0\u00a0\u00a0\u00a0\u00a0\u00a0\u00a0\u00a0\u00a0\u00a0\u00a0\u00a0\u00a0\u00a0\u00a0\u00a0\u00a0\u00a0\u00a0\u00a0\u00a0\u00a0\u00a0\u00a0\u00a0\u00a0\u00a0\u00a0\u00a0\u00a0\u00a0\u00a0\u00a0\u00a0\u00a0\u00a0\u00a0\u00a0\u00a0\u00a0\u00a0\u00a0\u00a0\u00a0\u00a0\u00a0\u00a0\u00a0\u00a0\u00a0\u00a0\u00a0\u00a0\u00a0\u00a0\u00a0\u00a0\u00a0\u00a0\u00a0\u00a0\u00a0\u00a0\u00a0\u00a0\u00a0\u00a0\u00a0\u00a0\u00a0\u00a0\u00a0\u00a0\u00a0\u00a0\u00a0\u00a0\u00a0\u00a0\u00a0\u00a0\u00a0\u00a0\u00a0\u00a0\u00a0\u00a0\u00a0\u00a0\u00a0\u00a0\u00a0\u00a0\u00a0\u00a0\u00a0\u00a0\u00a0\u00a0\u00a0\u00a0\u00a0\u00a0\u00a0\u00a0\u00a0\u00a0\u00a0\u00a0\u00a0\u00a0\u00a0\u00a0\u00a0\u00a0\u00a0\u00a0\u00a0\u00a0\u00a0\u00a0\u00a0\u00a0\u00a0\u00a0\u00a0\u00a0\u00a0\u00a0\u00a0\u00a0\u00a0\u00a0\u00a0\u00a0\u00a0\u00a0\u00a0\u00a0\u00a0\u00a0\u00a0\u00a0\u00a0\u00a0\u00a0\u00a0\u00a0\u00a0\u00a0\u00a0\u00a0\u00a0\u00a0\u00a0\u00a0\u00a0\u00a0\u00a0\u00a0\u00a0\u00a0\u00a0\u00a0\u00a0\u00a0\u00a0\u00a0\u00a0\u00a0\u00a0\u00a0\u00a0\u00a0\u00a0\u00a0\u00a0\u00a0\u00a0\u00a0\u00a0\u00a0\u00a0\u00a0\u00a0\u00a0\u00a0\u00a0\u00a0\u00a0\u00a0\u00a0\u00a0\u00a0\u00a0\u00a0\u00a0\u00a0\u00a0\u00a0\u00a0\u00a0\u00a0\u00a0\u00a0\u00a0\u00a0\u00a0\u00a0\u00a0\u00a0\u00a0\u00a0\u00a0\u00a0\u00a0\u00a0\u00a0\u00a0\u00a0\u00a0\u00a0\u00a0\u00a0\u00a0\u00a0\u00a0\u00a0\u00a0\u00a0\u00a0\u00a0\u00a0\u00a0\u00a0\u00a0\u00a0\u00a0\u00a0\u00a0\u00a0\u00a0\u00a0\u00a0\u00a0\u00a0\u00a0\u00a0\u00a0\u00a0\u00a0\u00a0\u00a0\u00a0\u00a0\u00a0\u00a0\u00a0\u00a0\u00a0\u00a0\u00a0\u00a0\u00a0\u00a0\u00a0\u00a0\u00a0\u00a0\u00a0\u00a0\u00a0 <\/a>Telef\u00f3n: 02\/4552 3077, 0918 824\u00a0247<br \/>\nMail: <a href=\"mailto:domovduha@domovduha.sk\">domovduha@domovduha.sk<\/a><br \/>\nSlu\u017eby: kr\u00edzov\u00e9 stredisko, z\u00e1kladn\u00e9 a\u00a0\u0161pecializovan\u00e9 soci\u00e1lne poradenstvo, kr\u00edzov\u00e1 intervencia, zdravotn\u00e9 o\u0161etrenie, soci\u00e1lnopr\u00e1vne poradenstvo, psychologick\u00e9 poradenstvo, advok\u00e1tske zastupovanie, psychoterapia \u2013 individu\u00e1lna, skupinov\u00e1 terapia \u2013 podporn\u00e9 skupiny, rodinn\u00e1 terapia (partnersk\u00e1 terapia), medi\u00e1cia, sprev\u00e1dzanie na in\u0161tit\u00facie, prepravn\u00e1 \u010dinnos\u0165, vyh\u013ead\u00e1vacia \u010dinnos\u0165, pr\u00e1ca s\u00a0n\u00e1siln\u00edkom, vypracovanie spr\u00e1v, posudkov, zabezpe\u010denie vzdel\u00e1vania, katamnestick\u00e9 sledovanie klienta a\u00a0rodiny, vyh\u013ead\u00e1vanie ubytovania, \u017eiadosti o\u00a0soci\u00e1lne byty, slu\u017eby pre deti<\/p>\n<p><strong>Slovensk\u00fd v\u00fdbor pre UNICEF, o. z.<\/strong><br \/>\nAdresa: N\u00e1mestie SNP 13, P.O. BOX 52,\u00a0810 00 Bratislava<br \/>\nWeb: <a href=\"http:\/\/www.unicef.sk\">www.unicef.sk<\/a><br \/>\nFacebook: <a href=\"https:\/\/www.facebook.com\/UnicefSlovensko\">https:\/\/www.facebook.com\/UnicefSlovensko<\/a><br \/>\nTelef\u00f3n: \u00a002\/5296 5082<br \/>\nMail: <a href=\"mailto:sekretariat@unicef.sk\">sekretariat@unicef.sk<\/a><br \/>\nSlu\u017eby: kr\u00edzov\u00e1 linka, kr\u00edzov\u00e1 intervencia, soci\u00e1lnopr\u00e1vne poradenstvo, psychologick\u00e9 poradenstvo, psychoterapia \u2013 individu\u00e1lna, skupinov\u00e1 terapia \u2013 podporn\u00e9 skupiny, rodinn\u00e1 terapia (partnersk\u00e1 terapia), medi\u00e1cia, sprev\u00e1dzanie na in\u0161tit\u00facie, prepravn\u00e1 \u010dinnos\u0165, vyh\u013ead\u00e1vacia \u010dinnos\u0165, pr\u00e1ca s\u00a0n\u00e1siln\u00edkom, vypracovanie spr\u00e1v, posudkov, asistencia pri styku rodi\u010d \u2013 die\u0165a, sprostredkovane aj ubytovanie, zdravotn\u00e9 o\u0161etrenie, advok\u00e1tske zastupovanie<\/p>\n<p>&nbsp;<\/p>\n<p><em>Ostatn\u00e9 zariadenia, ktor\u00e9 pon\u00fakaj\u00fa pomoc aj \u017een\u00e1m za\u017e\u00edvaj\u00facim n\u00e1silie a ich de\u0165om:<\/em><\/p>\n<p><strong>K\u013e\u00fa\u010d, n.o. \u00a0 \u00a0 \u00a0 \u00a0 \u00a0 \u00a0 \u00a0 \u00a0 \u00a0 \u00a0\u00a0 \u00a0\u00a0\u00a0\u00a0\u00a0\u00a0\u00a0\u00a0\u00a0\u00a0\u00a0\u00a0\u00a0\u00a0\u00a0\u00a0\u00a0\u00a0\u00a0\u00a0\u00a0\u00a0\u00a0\u00a0\u00a0\u00a0\u00a0\u00a0\u00a0\u00a0\u00a0\u00a0\u00a0\u00a0\u00a0\u00a0\u00a0\u00a0\u00a0\u00a0\u00a0\u00a0\u00a0\u00a0\u00a0\u00a0\u00a0\u00a0\u00a0\u00a0\u00a0\u00a0\u00a0\u00a0\u00a0\u00a0\u00a0\u00a0\u00a0\u00a0\u00a0\u00a0\u00a0\u00a0\u00a0\u00a0\u00a0\u00a0\u00a0\u00a0\u00a0\u00a0\u00a0\u00a0\u00a0\u00a0\u00a0\u00a0\u00a0\u00a0\u00a0\u00a0\u00a0\u00a0\u00a0\u00a0\u00a0\u00a0\u00a0\u00a0\u00a0\u00a0\u00a0\u00a0\u00a0\u00a0\u00a0\u00a0\u00a0\u00a0\u00a0\u00a0\u00a0\u00a0\u00a0\u00a0\u00a0\u00a0\u00a0\u00a0\u00a0\u00a0\u00a0\u00a0\u00a0\u00a0\u00a0\u00a0\u00a0\u00a0\u00a0\u00a0\u00a0\u00a0\u00a0\u00a0\u00a0\u00a0\u00a0\u00a0\u00a0\u00a0\u00a0\u00a0\u00a0\u00a0\u00a0\u00a0\u00a0\u00a0\u00a0\u00a0\u00a0\u00a0\u00a0\u00a0\u00a0\u00a0\u00a0\u00a0\u00a0\u00a0\u00a0\u00a0\u00a0\u00a0\u00a0\u00a0\u00a0\u00a0\u00a0\u00a0\u00a0\u00a0\u00a0\u00a0\u00a0\u00a0\u00a0\u00a0\u00a0\u00a0\u00a0\u00a0\u00a0\u00a0\u00a0\u00a0\u00a0\u00a0\u00a0\u00a0\u00a0\u00a0\u00a0\u00a0\u00a0\u00a0\u00a0\u00a0\u00a0\u00a0\u00a0\u00a0\u00a0\u00a0\u00a0\u00a0\u00a0\u00a0\u00a0\u00a0\u00a0\u00a0\u00a0\u00a0\u00a0\u00a0\u00a0\u00a0\u00a0\u00a0\u00a0\u00a0\u00a0\u00a0\u00a0\u00a0\u00a0\u00a0\u00a0\u00a0\u00a0\u00a0\u00a0\u00a0\u00a0\u00a0\u00a0\u00a0\u00a0\u00a0\u00a0\u00a0\u00a0\u00a0\u00a0\u00a0\u00a0\u00a0\u00a0\u00a0\u00a0\u00a0\u00a0\u00a0\u00a0\u00a0\u00a0\u00a0\u00a0\u00a0\u00a0\u00a0\u00a0\u00a0\u00a0\u00a0\u00a0\u00a0\u00a0\u00a0\u00a0\u00a0\u00a0\u00a0\u00a0\u00a0\u00a0\u00a0\u00a0\u00a0\u00a0\u00a0\u00a0\u00a0\u00a0\u00a0\u00a0\u00a0\u00a0\u00a0\u00a0\u00a0\u00a0\u00a0\u00a0\u00a0\u00a0\u00a0\u00a0\u00a0\u00a0\u00a0\u00a0\u00a0\u00a0\u00a0\u00a0\u00a0\u00a0\u00a0\u00a0\u00a0\u00a0\u00a0\u00a0\u00a0\u00a0\u00a0\u00a0\u00a0\u00a0\u00a0\u00a0\u00a0\u00a0\u00a0\u00a0\u00a0\u00a0\u00a0\u00a0\u00a0\u00a0\u00a0\u00a0\u00a0\u00a0\u00a0\u00a0\u00a0\u00a0\u00a0\u00a0\u00a0\u00a0\u00a0\u00a0\u00a0\u00a0\u00a0\u00a0\u00a0\u00a0\u00a0\u00a0\u00a0\u00a0\u00a0\u00a0\u00a0\u00a0\u00a0\u00a0\u00a0\u00a0\u00a0\u00a0\u00a0\u00a0\u00a0\u00a0\u00a0\u00a0\u00a0\u00a0\u00a0\u00a0\u00a0\u00a0\u00a0\u00a0\u00a0\u00a0\u00a0\u00a0\u00a0\u00a0\u00a0\u00a0\u00a0\u00a0\u00a0\u00a0\u00a0\u00a0\u00a0\u00a0\u00a0\u00a0\u00a0\u00a0\u00a0\u00a0\u00a0\u00a0\u00a0\u00a0 <\/strong><\/p>\n<p>Adresa: P\u00edniov\u00e1 14, 821 06 Bratislava<br \/>\nWeb: <a href=\"http:\/\/www.kluc.szm.com\">www.kluc.szm.com<\/a><br \/>\nTelef\u00f3n: 0910 949\u00a0016, 0907 999\u00a0220, 0905 223 220<br \/>\nMail: <a href=\"mailto:klucba@gmail.com\">klucba@gmail.com<\/a><br \/>\nSlu\u017eby: \u0161pecializovan\u00e9 soci\u00e1lne poradenstvo, kr\u00edzov\u00e1 intervencia, soci\u00e1lnopr\u00e1vne a\u00a0psychologick\u00e9 poradenstvo, advok\u00e1tske zastupovanie, sprev\u00e1dzanie na in\u0161tit\u00facie, prepravn\u00e1 \u010dinnos\u0165, sprostredkovane aj zdravotn\u00e9 o\u0161etrenie, psychoterapia a\u00a0skupinov\u00e1 terapia, medi\u00e1cia, podporn\u00e9 skupiny, rodinn\u00e1 terapia, vypracovanie spr\u00e1v a posudkov<\/p>\n<p><strong>Kri\u017eovatky, n.o., Azylov\u00fd dom Bet\u00e1nia<\/strong><br \/>\nAdresa: \u013d. Fullu 6, 901 01 Malacky<br \/>\nWeb:\u00a0<a href=\"http:\/\/www.krizovatky.eu\/azylove-centrum-betania\">www.krizovatky.eu\/azylove-centrum-betania<\/a><br \/>\nTelef\u00f3n: 034\/772 2457, 0917 778 979<br \/>\nMail: <a href=\"mailto:centrumbetania@gmail.com\">centrumbetania@gmail.com<\/a><br \/>\nSlu\u017eby: zariadenie n\u00fadzov\u00e9ho b\u00fdvania, \u00fatulok, z\u00e1kladn\u00e9 soci\u00e1lne poradenstvo, soci\u00e1lnopr\u00e1vne poradenstvo, sprev\u00e1dzanie na in\u0161tit\u00facie, vypracovanie spr\u00e1v, posudkov<\/p>\n<p><strong>Stredisko soci\u00e1lnych slu\u017eieb Petr\u017ealka<\/strong><br \/>\nAdresa:\u00a0 Mlynarovi\u010dova 23, 851 03 Bratislava<br \/>\nWeb: <a href=\"http:\/\/www.ssspetrzalka.sk\">www.ssspetrzalka.sk<\/a><br \/>\nTelef\u00f3n: 02\/6231 0566, 0915 179 361, 0910 176 405<br \/>\nMail: <a href=\"mailto:alena.medlenova@ssspetrzalka.sk\">alena.medlenova@ssspetrzalka.sk<\/a><br \/>\nSlu\u017eby: zariadenie n\u00fadzov\u00e9ho b\u00fdvania, kr\u00edzov\u00e1 intervencia, sprev\u00e1dzanie na in\u0161tit\u00facie<\/p>\n<p><em>\u00a0<\/em><\/p>\n<p>&nbsp;<\/p>\n","protected":false},"excerpt":{"rendered":"<p>Odpor\u00fa\u010dan\u00e9 zariadenia: Aliancia \u017eien Slovenska, o.z Adresa: Bratislava Web: www.alianciazien.sk Facebook: https:\/\/www.facebook.com\/AlianciaZienSlovenska Telef\u00f3n: 0903 519 550 Mail: alianciazien@alianciazien.sk Slu\u017eby: SOS poradenstvo, \u0161pecializovan\u00e1 kr\u00edzov\u00e1 porad\u0148a, soci\u00e1lnopr\u00e1vne a\u00a0psychologick\u00e9 poradenstvo, kr\u00edzov\u00e1 linka, kr\u00edzov\u00e1 intervencia, odhad rizika n\u00e1silia, advok\u00e1tske zastupovanie, vypracovanie spr\u00e1v a\u00a0posudkov, sprostredkovane aj ubytovanie, zdravotn\u00e9 o\u0161etrenie, psychologick\u00e9 poradenstvo, psychoterapia, sprev\u00e1dzanie na in\u0161tit\u00facie, pr\u00e1ca s n\u00e1siln\u00edkom Br\u00e1na do &hellip; <\/p>\n<p><a class=\"more-link block-button\" href=\"https:\/\/www.gender.gov.sk\/zastavmenasilie\/organizacie\/bratislavsky-vuc\/\">\u010c\u00edta\u0165 viac &raquo;<\/a><\/p>\n","protected":false},"author":2,"featured_media":0,"parent":273,"menu_order":1,"comment_status":"closed","ping_status":"closed","template":"","meta":[],"_links":{"self":[{"href":"https:\/\/www.gender.gov.sk\/zastavmenasilie\/wp-json\/wp\/v2\/pages\/77"}],"collection":[{"href":"https:\/\/www.gender.gov.sk\/zastavmenasilie\/wp-json\/wp\/v2\/pages"}],"about":[{"href":"https:\/\/www.gender.gov.sk\/zastavmenasilie\/wp-json\/wp\/v2\/types\/page"}],"author":[{"embeddable":true,"href":"https:\/\/www.gender.gov.sk\/zastavmenasilie\/wp-json\/wp\/v2\/users\/2"}],"replies":[{"embeddable":true,"href":"https:\/\/www.gender.gov.sk\/zastavmenasilie\/wp-json\/wp\/v2\/comments?post=77"}],"version-history":[{"count":26,"href":"https:\/\/www.gender.gov.sk\/zastavmenasilie\/wp-json\/wp\/v2\/pages\/77\/revisions"}],"predecessor-version":[{"id":1668,"href":"https:\/\/www.gender.gov.sk\/zastavmenasilie\/wp-json\/wp\/v2\/pages\/77\/revisions\/1668"}],"up":[{"embeddable":true,"href":"https:\/\/www.gender.gov.sk\/zastavmenasilie\/wp-json\/wp\/v2\/pages\/273"}],"wp:attachment":[{"href":"https:\/\/www.gender.gov.sk\/zastavmenasilie\/wp-json\/wp\/v2\/media?parent=77"}],"curies":[{"name":"wp","href":"https:\/\/api.w.org\/{rel}","templated":true}]}}