{"id":770,"date":"2015-04-20T06:26:13","date_gmt":"2015-04-20T06:26:13","guid":{"rendered":"http:\/\/www.gender.gov.sk\/zastavmenasilie\/?page_id=770"},"modified":"2016-02-10T11:57:39","modified_gmt":"2016-02-10T11:57:39","slug":"podujatia-kmc","status":"publish","type":"page","link":"https:\/\/www.gender.gov.sk\/zastavmenasilie\/kmc\/podujatia-kmc\/","title":{"rendered":"Podujatia KMC"},"content":{"rendered":"<p>Podujatia a konferencie v r\u00e1mci projektu:<\/p>\n<ul>\n<li><a href=\"http:\/\/www.gender.gov.sk\/wp-content\/uploads\/2015\/04\/Pozvanka_ORRRP_MPSVR.pdf\">Otv\u00e1racia konferencia projektu &#8211; pozv\u00e1nka<\/a><\/li>\n<\/ul>\n","protected":false},"excerpt":{"rendered":"<p>Podujatia a konferencie v r\u00e1mci projektu: Otv\u00e1racia konferencia projektu &#8211; pozv\u00e1nka<\/p>\n","protected":false},"author":2,"featured_media":0,"parent":765,"menu_order":8,"comment_status":"closed","ping_status":"closed","template":"","meta":[],"_links":{"self":[{"href":"https:\/\/www.gender.gov.sk\/zastavmenasilie\/wp-json\/wp\/v2\/pages\/770"}],"collection":[{"href":"https:\/\/www.gender.gov.sk\/zastavmenasilie\/wp-json\/wp\/v2\/pages"}],"about":[{"href":"https:\/\/www.gender.gov.sk\/zastavmenasilie\/wp-json\/wp\/v2\/types\/page"}],"author":[{"embeddable":true,"href":"https:\/\/www.gender.gov.sk\/zastavmenasilie\/wp-json\/wp\/v2\/users\/2"}],"replies":[{"embeddable":true,"href":"https:\/\/www.gender.gov.sk\/zastavmenasilie\/wp-json\/wp\/v2\/comments?post=770"}],"version-history":[{"count":3,"href":"https:\/\/www.gender.gov.sk\/zastavmenasilie\/wp-json\/wp\/v2\/pages\/770\/revisions"}],"predecessor-version":[{"id":1226,"href":"https:\/\/www.gender.gov.sk\/zastavmenasilie\/wp-json\/wp\/v2\/pages\/770\/revisions\/1226"}],"up":[{"embeddable":true,"href":"https:\/\/www.gender.gov.sk\/zastavmenasilie\/wp-json\/wp\/v2\/pages\/765"}],"wp:attachment":[{"href":"https:\/\/www.gender.gov.sk\/zastavmenasilie\/wp-json\/wp\/v2\/media?parent=770"}],"curies":[{"name":"wp","href":"https:\/\/api.w.org\/{rel}","templated":true}]}}